{"id":96,"date":"2014-12-01T10:29:49","date_gmt":"2014-12-01T10:29:49","guid":{"rendered":"https:\/\/result.uit.no\/udig\/?page_id=96"},"modified":"2021-03-01T10:27:48","modified_gmt":"2021-03-01T10:27:48","slug":"modul-4","status":"publish","type":"page","link":"https:\/\/result.uit.no\/udig\/kursmodulene\/modul-4\/","title":{"rendered":"Modul 4:Flipped classroom og responssystemer"},"content":{"rendered":"<p>[et_pb_section fb_built=&raquo;1&#8243; fullwidth=&raquo;on&raquo; admin_label=&raquo;section&raquo; _builder_version=&raquo;4.1&#8243; background_color=&raquo;rgba(255,255,255,0)&raquo; parallax=&raquo;on&raquo; parallax_method=&raquo;off&raquo; background_video_width=&raquo;700&#8243; background_video_height=&raquo;350&#8243; hover_enabled=&raquo;0&#8243; transparent_background=&raquo;on&raquo;][et_pb_fullwidth_slider show_arrows=&raquo;off&raquo; admin_label=&raquo;Modul 4: Flipped classroom og responssystemer&raquo; module_id=&raquo;mod4&#8243; _builder_version=&raquo;4.1&#8243; custom_padding=&raquo;|||&raquo; custom_padding_tablet=&raquo;|||&raquo; custom_padding_phone=&raquo;|||&raquo; hover_enabled=&raquo;0&#8243; box_shadow_style=&raquo;preset6&#8243; box_shadow_blur=&raquo;10px&raquo; box_shadow_color=&raquo;rgba(0,0,0,0.1)&raquo; remove_inner_shadow=&raquo;off&raquo; hide_content_on_mobile=&raquo;off&raquo; hide_cta_on_mobile=&raquo;off&raquo; show_inner_shadow=&raquo;on&raquo; button_letter_spacing_hover=&raquo;0&#8243; button_text_size__hover_enabled=&raquo;off&raquo; button_one_text_size__hover_enabled=&raquo;off&raquo; button_two_text_size__hover_enabled=&raquo;off&raquo; button_text_color__hover_enabled=&raquo;off&raquo; button_one_text_color__hover_enabled=&raquo;off&raquo; button_two_text_color__hover_enabled=&raquo;off&raquo; button_border_width__hover_enabled=&raquo;off&raquo; button_one_border_width__hover_enabled=&raquo;off&raquo; button_two_border_width__hover_enabled=&raquo;off&raquo; button_border_color__hover_enabled=&raquo;off&raquo; button_one_border_color__hover_enabled=&raquo;off&raquo; button_two_border_color__hover_enabled=&raquo;off&raquo; button_border_radius__hover_enabled=&raquo;off&raquo; button_one_border_radius__hover_enabled=&raquo;off&raquo; button_two_border_radius__hover_enabled=&raquo;off&raquo; button_letter_spacing__hover_enabled=&raquo;on&raquo; button_letter_spacing__hover=&raquo;0&#8243; button_one_letter_spacing__hover_enabled=&raquo;off&raquo; button_two_letter_spacing__hover_enabled=&raquo;off&raquo; button_bg_color__hover_enabled=&raquo;off&raquo; button_one_bg_color__hover_enabled=&raquo;off&raquo; button_two_bg_color__hover_enabled=&raquo;off&raquo;][et_pb_slide heading=&raquo;Modul 4: Flipped classroom og responssystemer&raquo; button_text=&raquo;Start modul 4&#8243; button_link=&raquo;https:\/\/result.uit.no\/udig\/kursmodulene\/modul-4\/innledning-modul-4\/&raquo; _builder_version=&raquo;4.1&#8243; background_color=&raquo;#3b89af&raquo; background_image=&raquo;https:\/\/result.uit.no\/udig\/wp-content\/uploads\/sites\/7\/2015\/03\/mod-4-front-poster1.jpg&raquo; background_video_width=&raquo;500&#8243; button_icon_placement=&raquo;right&raquo; button_on_hover=&raquo;on&raquo; hover_enabled=&raquo;0&#8243; video_bg_width=&raquo;500&#8243; button_text_size__hover_enabled=&raquo;off&raquo; button_one_text_size__hover_enabled=&raquo;off&raquo; button_two_text_size__hover_enabled=&raquo;off&raquo; button_text_color__hover_enabled=&raquo;off&raquo; button_one_text_color__hover_enabled=&raquo;off&raquo; button_two_text_color__hover_enabled=&raquo;off&raquo; button_border_width__hover_enabled=&raquo;off&raquo; button_one_border_width__hover_enabled=&raquo;off&raquo; button_two_border_width__hover_enabled=&raquo;off&raquo; button_border_color__hover_enabled=&raquo;off&raquo; button_one_border_color__hover_enabled=&raquo;off&raquo; button_two_border_color__hover_enabled=&raquo;off&raquo; button_border_radius__hover_enabled=&raquo;off&raquo; button_one_border_radius__hover_enabled=&raquo;off&raquo; button_two_border_radius__hover_enabled=&raquo;off&raquo; button_letter_spacing__hover_enabled=&raquo;off&raquo; button_one_letter_spacing__hover_enabled=&raquo;off&raquo; button_two_letter_spacing__hover_enabled=&raquo;off&raquo; button_bg_color__hover_enabled=&raquo;off&raquo; button_one_bg_color__hover_enabled=&raquo;off&raquo; button_two_bg_color__hover_enabled=&raquo;off&raquo; video_url=&raquo;http:\/\/youtu.be\/nUKtcnQS29U&raquo;][\/et_pb_slide][\/et_pb_fullwidth_slider][\/et_pb_section][et_pb_section fb_built=&raquo;1&#8243; admin_label=&raquo;section&raquo; module_class=&raquo;module-front-list-block&raquo; _builder_version=&raquo;4.1&#8243; background_color=&raquo;#ffffff&raquo; custom_padding=&raquo;40px|||||&raquo; transparent_background=&raquo;on&raquo;][et_pb_row column_structure=&raquo;1_2,1_2&#8243; admin_label=&raquo;row&raquo; _builder_version=&raquo;3.25&#8243; background_size=&raquo;initial&raquo; background_position=&raquo;top_left&raquo; background_repeat=&raquo;repeat&raquo;][et_pb_column type=&raquo;1_2&#8243; _builder_version=&raquo;3.25&#8243; custom_padding=&raquo;|||&raquo; custom_padding__hover=&raquo;|||&raquo;][et_pb_blurb title=&raquo;Innhold&raquo; use_icon=&raquo;on&raquo; font_icon=&raquo;d&raquo; icon_color=&raquo;#f2f2f2&#8243; use_circle=&raquo;on&raquo; circle_color=&raquo;#3b89af&raquo; use_circle_border=&raquo;on&raquo; circle_border_color=&raquo;#3b89af&raquo; icon_placement=&raquo;left&raquo; admin_label=&raquo;Innhold&raquo; _builder_version=&raquo;3.0.74&#8243; background_size=&raquo;initial&raquo; background_position=&raquo;top_left&raquo; background_repeat=&raquo;repeat&raquo;]<\/p>\n<ul>\n<li><a href=\"https:\/\/result.uit.no\/udig\/kursmodulene\/modul-4\/innledning-modul-4\/\">Innledning til kurset<\/a><\/li>\n<li><a title=\"Flipping: Hva det er og hva sier forskningen?\" href=\"https:\/\/result.uit.no\/udig\/kursmodulene\/modul-4\/flipping-hva-det-er-og-hva-sier-forskningen\/\">Flipping: Hva det er og hva sier forskningen?<\/a><\/li>\n<li><a title=\"Responssystemer: Hva det er og hva forskningen sier\" href=\"https:\/\/result.uit.no\/udig\/kursmodulene\/modul-4\/responssystemer-hva-det-er-og-hva-forskningen-sier\/\">Responssystemer: Hva det er og hva forskningen sier<\/a><\/li>\n<li><a title=\"Egenskaper ved ulike studentresponssystemer\" href=\"https:\/\/result.uit.no\/udig\/kursmodulene\/modul-4\/egenskaper-ved-ulike-studentresponssystemer\/\">Egenskaper ved ulike studentresponssystemer<\/a><\/li>\n<li><a title=\"Utforming og anvendelse av klikkersp\u00f8rsm\u00e5l\" href=\"https:\/\/result.uit.no\/udig\/kursmodulene\/modul-4\/utforming-og-anvendelse-av-klikkersporsmal\/\">Utforming og anvendelse av klikkersp\u00f8rsm\u00e5l<\/a><\/li>\n<li><a href=\"https:\/\/result.uit.no\/udig\/kursmodulene\/modul-4\/hvordan-planlegge-og-gjennomfore-flippet-undervisning\/\">Hvordan planlegge og utf\u00f8re en flippet undervisnings\u00f8kt<\/a><\/li>\n<\/ul>\n<p>[\/et_pb_blurb][\/et_pb_column][et_pb_column type=&raquo;1_2&#8243; _builder_version=&raquo;3.25&#8243; custom_padding=&raquo;|||&raquo; custom_padding__hover=&raquo;|||&raquo;][et_pb_blurb title=&raquo;L\u00e6ringsm\u00e5l&raquo; use_icon=&raquo;on&raquo; font_icon=&raquo;Z&raquo; icon_color=&raquo;#f2f2f2&#8243; use_circle=&raquo;on&raquo; circle_color=&raquo;#3b89af&raquo; use_circle_border=&raquo;on&raquo; circle_border_color=&raquo;#3b89af&raquo; icon_placement=&raquo;left&raquo; admin_label=&raquo;L\u00e6ringsm\u00e5l&raquo; _builder_version=&raquo;3.0.74&#8243; background_size=&raquo;initial&raquo; background_position=&raquo;top_left&raquo; background_repeat=&raquo;repeat&raquo;]<\/p>\n<ul>\n<li>Redegj\u00f8re for forskning med relevans for bruken av flipped classrooms og klikkere<\/li>\n<li>Gj\u00f8re begrunnede valg om bruk av flipped classroom eller klikkere i undervisning<\/li>\n<li>Planlegge og gjennomf\u00f8re et undervisningsopplegg med flipping<\/li>\n<li>Vurdere egenskaper ved ulike klikkersystem<\/li>\n<li>H\u00e5ndtere et klikkersystem, lage gode klikkeroppgaver og implementere dem fornufig i undervisningen<\/li>\n<\/ul>\n<p>[\/et_pb_blurb][\/et_pb_column][\/et_pb_row][\/et_pb_section]<\/p>\n","protected":false},"excerpt":{"rendered":"<p>Innledning til kursetFlipping: Hva det er og hva sier forskningen?Responssystemer: Hva det er og hva forskningen sierEgenskaper ved ulike studentresponssystemerUtforming og anvendelse av klikkersp\u00f8rsm\u00e5lHvordan planlegge og utf\u00f8re en flippet undervisnings\u00f8ktRedegj\u00f8re for forskning med relevans for bruken av flipped classrooms og klikkereGj\u00f8re begrunnede valg om bruk av flipped classroom eller klikkere i undervisningPlanlegge og gjennomf\u00f8re et [&hellip;]<\/p>\n","protected":false},"author":3,"featured_media":0,"parent":110,"menu_order":4,"comment_status":"closed","ping_status":"closed","template":"","meta":{"_et_pb_use_builder":"on","_et_pb_old_content":"<p>Studentaktive l\u00e6ringsformer<\/p>","_et_gb_content_width":"","inline_featured_image":false,"iawp_total_views":40,"footnotes":""},"class_list":["post-96","page","type-page","status-publish","hentry"],"_links":{"self":[{"href":"https:\/\/result.uit.no\/udig\/wp-json\/wp\/v2\/pages\/96","targetHints":{"allow":["GET"]}}],"collection":[{"href":"https:\/\/result.uit.no\/udig\/wp-json\/wp\/v2\/pages"}],"about":[{"href":"https:\/\/result.uit.no\/udig\/wp-json\/wp\/v2\/types\/page"}],"author":[{"embeddable":true,"href":"https:\/\/result.uit.no\/udig\/wp-json\/wp\/v2\/users\/3"}],"replies":[{"embeddable":true,"href":"https:\/\/result.uit.no\/udig\/wp-json\/wp\/v2\/comments?post=96"}],"version-history":[{"count":0,"href":"https:\/\/result.uit.no\/udig\/wp-json\/wp\/v2\/pages\/96\/revisions"}],"up":[{"embeddable":true,"href":"https:\/\/result.uit.no\/udig\/wp-json\/wp\/v2\/pages\/110"}],"wp:attachment":[{"href":"https:\/\/result.uit.no\/udig\/wp-json\/wp\/v2\/media?parent=96"}],"curies":[{"name":"wp","href":"https:\/\/api.w.org\/{rel}","templated":true}]}}