{"id":94,"date":"2014-12-01T10:28:37","date_gmt":"2014-12-01T10:28:37","guid":{"rendered":"https:\/\/result.uit.no\/udig\/?page_id=94"},"modified":"2023-03-09T12:15:20","modified_gmt":"2023-03-09T12:15:20","slug":"modul-3","status":"publish","type":"page","link":"https:\/\/result.uit.no\/udig\/kursmodulene\/modul-3\/","title":{"rendered":"Modul 3:Nettbaserte diskusjoner og webm\u00f8ter i undervisning"},"content":{"rendered":"<p>[et_pb_section fb_built=&raquo;1&#8243; fullwidth=&raquo;on&raquo; admin_label=&raquo;section&raquo; module_id=&raquo;mod3&#8243; _builder_version=&raquo;3.22&#8243; background_color=&raquo;#64d1c9&#8243; hover_enabled=&raquo;0&#8243; transparent_background=&raquo;off&raquo;][et_pb_fullwidth_slider show_arrows=&raquo;off&raquo; admin_label=&raquo;Modul 3: Nettbaserte diskusjoner og webm\u00f8ter i undervisning&raquo; _builder_version=&raquo;4.1&#8243; custom_padding=&raquo;|||&raquo; custom_padding_tablet=&raquo;|||&raquo; custom_padding_phone=&raquo;|||&raquo; hover_enabled=&raquo;0&#8243; box_shadow_style=&raquo;preset6&#8243; box_shadow_blur=&raquo;10px&raquo; box_shadow_color=&raquo;rgba(0,0,0,0.1)&raquo; show_inner_shadow=&raquo;on&raquo; button_text_size__hover_enabled=&raquo;off&raquo; button_one_text_size__hover_enabled=&raquo;off&raquo; button_two_text_size__hover_enabled=&raquo;off&raquo; button_text_color__hover_enabled=&raquo;off&raquo; button_one_text_color__hover_enabled=&raquo;off&raquo; button_two_text_color__hover_enabled=&raquo;off&raquo; button_border_width__hover_enabled=&raquo;off&raquo; button_one_border_width__hover_enabled=&raquo;off&raquo; button_two_border_width__hover_enabled=&raquo;off&raquo; button_border_color__hover_enabled=&raquo;off&raquo; button_one_border_color__hover_enabled=&raquo;off&raquo; button_two_border_color__hover_enabled=&raquo;off&raquo; button_border_radius__hover_enabled=&raquo;off&raquo; button_one_border_radius__hover_enabled=&raquo;off&raquo; button_two_border_radius__hover_enabled=&raquo;off&raquo; button_letter_spacing__hover_enabled=&raquo;off&raquo; button_one_letter_spacing__hover_enabled=&raquo;off&raquo; button_two_letter_spacing__hover_enabled=&raquo;off&raquo; button_bg_color__hover_enabled=&raquo;off&raquo; button_one_bg_color__hover_enabled=&raquo;off&raquo; button_two_bg_color__hover_enabled=&raquo;off&raquo;][et_pb_slide heading=&raquo;Modul 3: Nettbaserte diskusjoner og webm\u00f8ter i undervisning&raquo; button_text=&raquo;Start modul 3&#8243; button_link=&raquo;https:\/\/result.uit.no\/udig\/kursmodulene\/modul-3\/introduksjon-til-modulen-nettbaserte-diskusjoner-og-samhandling-pa-nett\/&raquo; _builder_version=&raquo;4.1&#8243; background_color=&raquo;#cca22e&raquo; background_image=&raquo;https:\/\/result.uit.no\/udig\/wp-content\/uploads\/sites\/7\/2015\/02\/uDig-mod3-main-poster.jpg&raquo; background_video_width=&raquo;720&#8243; hover_enabled=&raquo;0&#8243; video_bg_width=&raquo;720&#8243; button_text_size__hover_enabled=&raquo;off&raquo; button_one_text_size__hover_enabled=&raquo;off&raquo; button_two_text_size__hover_enabled=&raquo;off&raquo; button_text_color__hover_enabled=&raquo;off&raquo; button_one_text_color__hover_enabled=&raquo;off&raquo; button_two_text_color__hover_enabled=&raquo;off&raquo; button_border_width__hover_enabled=&raquo;off&raquo; button_one_border_width__hover_enabled=&raquo;off&raquo; button_two_border_width__hover_enabled=&raquo;off&raquo; button_border_color__hover_enabled=&raquo;off&raquo; button_one_border_color__hover_enabled=&raquo;off&raquo; button_two_border_color__hover_enabled=&raquo;off&raquo; button_border_radius__hover_enabled=&raquo;off&raquo; button_one_border_radius__hover_enabled=&raquo;off&raquo; button_two_border_radius__hover_enabled=&raquo;off&raquo; button_letter_spacing__hover_enabled=&raquo;off&raquo; button_one_letter_spacing__hover_enabled=&raquo;off&raquo; button_two_letter_spacing__hover_enabled=&raquo;off&raquo; button_bg_color__hover_enabled=&raquo;off&raquo; button_one_bg_color__hover_enabled=&raquo;off&raquo; button_two_bg_color__hover_enabled=&raquo;off&raquo; use_bg_overlay=&raquo;on&raquo; custom_button=&raquo;on&raquo; button_bg_color=&raquo;#ffffff&raquo; button_bg_enable_color=&raquo;on&raquo; button_text_color=&raquo;#0c71c3&#8243; header_level=&raquo;h1&#8243; header_font_size=&raquo;3em&raquo;][\/et_pb_slide][\/et_pb_fullwidth_slider][\/et_pb_section][et_pb_section fb_built=&raquo;1&#8243; admin_label=&raquo;section&raquo; module_class=&raquo;module-front-list-block&raquo; _builder_version=&raquo;3.22&#8243; background_color=&raquo;rgba(255,255,255,0)&raquo; transparent_background=&raquo;on&raquo;][et_pb_row admin_label=&raquo;row&raquo; _builder_version=&raquo;3.25&#8243; background_size=&raquo;initial&raquo; background_position=&raquo;top_left&raquo; background_repeat=&raquo;repeat&raquo; column_structure=&raquo;1_2,1_2&#8243;][et_pb_column type=&raquo;1_2&#8243; _builder_version=&raquo;3.25&#8243; custom_padding=&raquo;|||&raquo; custom_padding__hover=&raquo;|||&raquo;][et_pb_blurb title=&raquo;Innhold&raquo; use_icon=&raquo;on&raquo; font_icon=&raquo;d&raquo; icon_color=&raquo;#f2f2f2&#8243; use_circle=&raquo;on&raquo; circle_color=&raquo;#cca22e&raquo; use_circle_border=&raquo;on&raquo; circle_border_color=&raquo;#cca22e&raquo; icon_placement=&raquo;left&raquo; admin_label=&raquo;Kapittel&raquo; _builder_version=&raquo;3.0.74&#8243; background_size=&raquo;initial&raquo; background_position=&raquo;top_left&raquo; background_repeat=&raquo;repeat&raquo;]<\/p>\n<ul>\n<li><a title=\"Presentasjon av modul 3\" href=\"https:\/\/result.uit.no\/udig\/kursmodulene\/modul-3\/introduksjon-til-modulen-nettbaserte-diskusjoner-og-samhandling-pa-nett\/\">Introduksjon til modulen nettbaserte diskusjoner og samhandling p\u00e5 nett<\/a><\/li>\n<li><a title=\"Nettbaserte, tekstbaserte diskusjoner\" href=\"https:\/\/result.uit.no\/udig\/kursmodulene\/modul-3\/nettbaserte-tekstbaserte-diskusjoner\/\">Nettbaserte, tekstbaserte diskusjoner<\/a><\/li>\n<li><a title=\"Bruk av webm\u00f8ter i undervisning og veiledning\" href=\"https:\/\/result.uit.no\/udig\/kursmodulene\/modul-3\/bruk-av-webmoter-i-undervisning-og-veiledning\/\">Bruk av webm\u00f8ter i undervisning og veiledning<\/a><\/li>\n<li><a title=\"Etikk og personvern i nettbasert samhandling og undervisning\" href=\"https:\/\/result.uit.no\/udig\/kursmodulene\/modul-3\/etikk-og-personvern-i-nettbasert-samhandling-og-undervisning\/\">Etikk og personvern i nettbasert samhandling og undervisning<\/a><\/li>\n<li><a title=\"Anbefalt litteratur og relevante l\u00e6ringsressurser\" href=\"https:\/\/result.uit.no\/udig\/kursmodulene\/modul-3\/anbefalt-litteratur-og-relevante-laeringsressurser\/\">Anbefalt litteratur og relevante l\u00e6ringsressurser<\/a><\/li>\n<\/ul>\n<p>[\/et_pb_blurb][\/et_pb_column][et_pb_column type=&raquo;1_2&#8243; _builder_version=&raquo;3.25&#8243; custom_padding=&raquo;|||&raquo; custom_padding__hover=&raquo;|||&raquo;][et_pb_blurb title=&raquo;L\u00e6ringsm\u00e5l&raquo; use_icon=&raquo;on&raquo; font_icon=&raquo;Z&raquo; icon_color=&raquo;#f2f2f2&#8243; use_circle=&raquo;on&raquo; circle_color=&raquo;#cca22e&raquo; use_circle_border=&raquo;on&raquo; circle_border_color=&raquo;#cca22e&raquo; icon_placement=&raquo;left&raquo; admin_label=&raquo;L\u00e6ringsm\u00e5l&raquo; _builder_version=&raquo;3.0.74&#8243; background_size=&raquo;initial&raquo; background_position=&raquo;top_left&raquo; background_repeat=&raquo;repeat&raquo;]<\/p>\n<ul>\n<li>Kunne gj\u00f8re rede for hvorfor diskusjoner kan v\u00e6re en velegnet l\u00e6ringsaktivitet i h\u00f8yere utdanning<\/li>\n<li>Kjenne til ulike typer nettdiskusjoner<\/li>\n<li>Opprette diskusjonsforum i Fronter og lukkede grupper i Facebook<\/li>\n<li>Kjenne til Gilly Salmons modell for ulike stadier i nettdiskusjoner<\/li>\n<li>H\u00e5ndtere ulike utfordringer knyttet til \u00e5 starte og moderere nettdiskusjoner<\/li>\n<li>Kunne gj\u00f8re rede for hvorfor nettm\u00f8ter kan v\u00e6re en velegnet l\u00e6ringsaktivitet<\/li>\n<li>Kunne bruke Lync og Adobe Connect for nettm\u00f8ter i undervisningssammenheng<\/li>\n<li>Kunne bruke ulike funksjoner for deltakeraktivet i nettdiskusjoner og nett m\u00f8ter<\/li>\n<\/ul>\n<p>[\/et_pb_blurb][\/et_pb_column][\/et_pb_row][\/et_pb_section]<\/p>\n","protected":false},"excerpt":{"rendered":"<p>Introduksjon til modulen nettbaserte diskusjoner og samhandling p\u00e5 nettNettbaserte, tekstbaserte diskusjonerBruk av webm\u00f8ter i undervisning og veiledningEtikk og personvern i nettbasert samhandling og undervisningAnbefalt litteratur og relevante l\u00e6ringsressurserKunne gj\u00f8re rede for hvorfor diskusjoner kan v\u00e6re en velegnet l\u00e6ringsaktivitet i h\u00f8yere utdanningKjenne til ulike typer nettdiskusjonerOpprette diskusjonsforum i Fronter og lukkede grupper i FacebookKjenne til Gilly [&hellip;]<\/p>\n","protected":false},"author":3,"featured_media":0,"parent":110,"menu_order":3,"comment_status":"closed","ping_status":"closed","template":"","meta":{"_et_pb_use_builder":"on","_et_pb_old_content":"<p>Nettbaserte diskusjoner og samarbeid p\u00e5 nett<\/p>","_et_gb_content_width":"","inline_featured_image":false,"iawp_total_views":23,"footnotes":""},"class_list":["post-94","page","type-page","status-publish","hentry"],"_links":{"self":[{"href":"https:\/\/result.uit.no\/udig\/wp-json\/wp\/v2\/pages\/94","targetHints":{"allow":["GET"]}}],"collection":[{"href":"https:\/\/result.uit.no\/udig\/wp-json\/wp\/v2\/pages"}],"about":[{"href":"https:\/\/result.uit.no\/udig\/wp-json\/wp\/v2\/types\/page"}],"author":[{"embeddable":true,"href":"https:\/\/result.uit.no\/udig\/wp-json\/wp\/v2\/users\/3"}],"replies":[{"embeddable":true,"href":"https:\/\/result.uit.no\/udig\/wp-json\/wp\/v2\/comments?post=94"}],"version-history":[{"count":0,"href":"https:\/\/result.uit.no\/udig\/wp-json\/wp\/v2\/pages\/94\/revisions"}],"up":[{"embeddable":true,"href":"https:\/\/result.uit.no\/udig\/wp-json\/wp\/v2\/pages\/110"}],"wp:attachment":[{"href":"https:\/\/result.uit.no\/udig\/wp-json\/wp\/v2\/media?parent=94"}],"curies":[{"name":"wp","href":"https:\/\/api.w.org\/{rel}","templated":true}]}}