{"id":92,"date":"2014-12-01T10:27:59","date_gmt":"2014-12-01T10:27:59","guid":{"rendered":"https:\/\/result.uit.no\/udig\/?page_id=92"},"modified":"2023-03-09T12:12:17","modified_gmt":"2023-03-09T12:12:17","slug":"modul-2","status":"publish","type":"page","link":"https:\/\/result.uit.no\/udig\/kursmodulene\/modul-2\/","title":{"rendered":"Modul 2: Bruk av video i undervisning"},"content":{"rendered":"<p>[et_pb_section fb_built=&raquo;1&#8243; fullwidth=&raquo;on&raquo; custom_padding_last_edited=&raquo;on|tablet&raquo; admin_label=&raquo;section&raquo; module_id=&raquo;mod2&#8243; _builder_version=&raquo;4.1&#8243; background_image=&raquo;https:\/\/result.uit.no\/udig\/wp-content\/uploads\/sites\/7\/2014\/12\/udig-mod-2-bg-all.jpg&raquo; custom_padding_tablet=&raquo;|||0px|false|false&raquo; custom_padding_phone=&raquo;&raquo; transparent_background=&raquo;off&raquo;][et_pb_fullwidth_slider show_arrows=&raquo;off&raquo; admin_label=&raquo;Modul 2: Bruk av video&raquo; _builder_version=&raquo;4.1&#8243; header_level=&raquo;h1&#8243; header_text_align=&raquo;center&raquo; header_font_size=&raquo;3em&raquo; body_font_size=&raquo;1em&raquo; body_line_height=&raquo;1.5em&raquo; custom_padding=&raquo;|||&raquo; custom_padding_tablet=&raquo;|||&raquo; custom_padding_phone=&raquo;|||&raquo; hover_enabled=&raquo;0&#8243; header_font_size_tablet=&raquo;2em&raquo; header_font_size_phone=&raquo;&raquo; header_font_size_last_edited=&raquo;on|phone&raquo; body_font_size_tablet=&raquo;&raquo; body_font_size_phone=&raquo;&raquo; body_font_size_last_edited=&raquo;on|desktop&raquo; border_width_all=&raquo;0px&raquo; box_shadow_style=&raquo;preset6&#8243; box_shadow_blur=&raquo;10px&raquo; box_shadow_color=&raquo;rgba(0,0,0,0.1)&raquo; show_inner_shadow=&raquo;on&raquo; button_text_size__hover_enabled=&raquo;off&raquo; button_one_text_size__hover_enabled=&raquo;off&raquo; button_two_text_size__hover_enabled=&raquo;off&raquo; button_text_color__hover_enabled=&raquo;off&raquo; button_one_text_color__hover_enabled=&raquo;off&raquo; button_two_text_color__hover_enabled=&raquo;off&raquo; button_border_width__hover_enabled=&raquo;off&raquo; button_one_border_width__hover_enabled=&raquo;off&raquo; button_two_border_width__hover_enabled=&raquo;off&raquo; button_border_color__hover_enabled=&raquo;off&raquo; button_one_border_color__hover_enabled=&raquo;off&raquo; button_two_border_color__hover_enabled=&raquo;off&raquo; button_border_radius__hover_enabled=&raquo;off&raquo; button_one_border_radius__hover_enabled=&raquo;off&raquo; button_two_border_radius__hover_enabled=&raquo;off&raquo; button_letter_spacing__hover_enabled=&raquo;off&raquo; button_one_letter_spacing__hover_enabled=&raquo;off&raquo; button_two_letter_spacing__hover_enabled=&raquo;off&raquo; button_bg_color__hover_enabled=&raquo;off&raquo; button_one_bg_color__hover_enabled=&raquo;off&raquo; button_two_bg_color__hover_enabled=&raquo;off&raquo;][et_pb_slide heading=&raquo;Modul 2: Bruk av video i undervisning&raquo; button_text=&raquo;Start modul 2&#8243; button_link=&raquo;https:\/\/result.uit.no\/udig\/kursmodulene\/modul-2\/innledning-modul-2\/&raquo; use_bg_overlay=&raquo;on&raquo; _builder_version=&raquo;4.1&#8243; header_text_align=&raquo;center&raquo; body_text_align=&raquo;center&raquo; body_font_size=&raquo;1.2em&raquo; background_color=&raquo;#48c0c4&#8243; background_image=&raquo;https:\/\/result.uit.no\/udig\/wp-content\/uploads\/sites\/7\/2014\/12\/udig-mod-2-bg-all.jpg&raquo; background_video_width=&raquo;720&#8243; custom_button=&raquo;on&raquo; button_text_color=&raquo;#0c71c3&#8243; button_bg_color=&raquo;#ffffff&raquo; width=&raquo;85%&raquo; width_tablet=&raquo;100%&raquo; width_phone=&raquo;&raquo; width_last_edited=&raquo;on|tablet&raquo; max_width_last_edited=&raquo;off|desktop&raquo; custom_padding=&raquo;|0px||0px|false|false&raquo; custom_padding_tablet=&raquo;&raquo; custom_padding_phone=&raquo;&raquo; custom_padding_last_edited=&raquo;on|tablet&raquo; body_font_size_tablet=&raquo;&raquo; body_font_size_phone=&raquo;&raquo; body_font_size_last_edited=&raquo;on|tablet&raquo; border_style_all_image=&raquo;none&raquo; video_bg_width=&raquo;720&#8243; button_text_size__hover_enabled=&raquo;off&raquo; button_one_text_size__hover_enabled=&raquo;off&raquo; button_two_text_size__hover_enabled=&raquo;off&raquo; button_text_color__hover_enabled=&raquo;off&raquo; button_one_text_color__hover_enabled=&raquo;off&raquo; button_two_text_color__hover_enabled=&raquo;off&raquo; button_border_width__hover_enabled=&raquo;off&raquo; button_one_border_width__hover_enabled=&raquo;off&raquo; button_two_border_width__hover_enabled=&raquo;off&raquo; button_border_color__hover_enabled=&raquo;off&raquo; button_one_border_color__hover_enabled=&raquo;off&raquo; button_two_border_color__hover_enabled=&raquo;off&raquo; button_border_radius__hover_enabled=&raquo;off&raquo; button_one_border_radius__hover_enabled=&raquo;off&raquo; button_two_border_radius__hover_enabled=&raquo;off&raquo; button_letter_spacing__hover_enabled=&raquo;off&raquo; button_one_letter_spacing__hover_enabled=&raquo;off&raquo; button_two_letter_spacing__hover_enabled=&raquo;off&raquo; button_bg_color__hover_enabled=&raquo;off&raquo; button_one_bg_color__hover_enabled=&raquo;off&raquo; button_two_bg_color__hover_enabled=&raquo;off&raquo;]<\/p>\n<p>L\u00e6r deg \u00e5 lage og bruke video effektivt som en del av undervisningen din. Modulen fokuserer p\u00e5 f\u00f8lgende tema: <em>Ulike perspektiver p\u00e5 bruk av video i undervisning<\/em> <em>Undervisningsmetoder med bruk av video<\/em> <em>Format, teknikker og publisering,<\/em> <em>deling og rettigheter<\/em><\/p>\n<p>[\/et_pb_slide][\/et_pb_fullwidth_slider][\/et_pb_section][et_pb_section fb_built=&raquo;1&#8243; admin_label=&raquo;section&raquo; module_class=&raquo;module-front-list-block&raquo; _builder_version=&raquo;3.22&#8243; background_color=&raquo;rgba(255,255,255,0)&raquo; transparent_background=&raquo;on&raquo;][et_pb_row column_structure=&raquo;1_2,1_2&#8243; admin_label=&raquo;row&raquo; _builder_version=&raquo;3.25&#8243; background_size=&raquo;initial&raquo; background_position=&raquo;top_left&raquo; background_repeat=&raquo;repeat&raquo;][et_pb_column type=&raquo;1_2&#8243; _builder_version=&raquo;3.25&#8243; custom_padding=&raquo;|||&raquo; custom_padding__hover=&raquo;|||&raquo;][et_pb_blurb title=&raquo;Innhold&raquo; use_icon=&raquo;on&raquo; font_icon=&raquo;d&raquo; icon_color=&raquo;#ffffff&raquo; use_circle=&raquo;on&raquo; circle_color=&raquo;#54bec3&#8243; use_circle_border=&raquo;on&raquo; circle_border_color=&raquo;#54bec3&#8243; icon_placement=&raquo;left&raquo; admin_label=&raquo;Kapitler&raquo; _builder_version=&raquo;3.0.87&#8243; background_size=&raquo;initial&raquo; background_position=&raquo;top_left&raquo; background_repeat=&raquo;repeat&raquo; use_border_color=&raquo;off&raquo; border_color=&raquo;#ffffff&raquo; border_style=&raquo;solid&raquo;]<\/p>\n<ul>\n<li><a title=\"Innledning modul 2\" href=\"https:\/\/result.uit.no\/udig\/kursmodulene\/modul-2\/innledning-modul-2\/\">Innledning til modul 2<\/a><\/li>\n<li><a title=\"Ulike perspektiver p\u00e5 bruke av video i undervisning\" href=\"https:\/\/result.uit.no\/udig\/kursmodulene\/modul-2\/ulike-perspektiver-pa-bruke-av-video-i-undervisning\/\">Ulike perspektiver p\u00e5 bruke av video i undervisning<\/a><\/li>\n<li><a title=\"En innf\u00f8ring i ulike undervisningsmetoder med bruk av video\" href=\"https:\/\/result.uit.no\/udig\/kursmodulene\/modul-2\/en-innforing-i-ulike-undervisningsmetoder-med-bruk-av-video\/\">En innf\u00f8ring i ulike undervisningsmetoder med bruk av video<\/a><\/li>\n<li><a title=\"Format og teknikker\" href=\"https:\/\/result.uit.no\/udig\/kursmodulene\/modul-2\/format-og-teknikker\/\">Format, teknikker og publisering<\/a><\/li>\n<li><a title=\"Publisering og deling\/rettigheter\" href=\"https:\/\/result.uit.no\/udig\/kursmodulene\/modul-2\/publisering-og-delingrettigheter\/\">Deling og rettigheter<\/a><\/li>\n<li><a href=\"https:\/\/result.uit.no\/udig\/kursmodulene\/modul-2\/ressurser-og-lenker\/\">Litteratur og ressurser<\/a><\/li>\n<\/ul>\n<p>[\/et_pb_blurb][\/et_pb_column][et_pb_column type=&raquo;1_2&#8243; _builder_version=&raquo;3.25&#8243; custom_padding=&raquo;|||&raquo; custom_padding__hover=&raquo;|||&raquo;][et_pb_blurb title=&raquo;L\u00e6ringsm\u00e5l&raquo; use_icon=&raquo;on&raquo; font_icon=&raquo;Z&raquo; icon_color=&raquo;#f2f2f2&#8243; use_circle=&raquo;on&raquo; circle_color=&raquo;#54bec3&#8243; use_circle_border=&raquo;on&raquo; circle_border_color=&raquo;#54bec3&#8243; icon_placement=&raquo;left&raquo; admin_label=&raquo;L\u00e6ringsm\u00e5l&raquo; _builder_version=&raquo;4.1&#8243; body_font_size=&raquo;1em&raquo; background_size=&raquo;initial&raquo; background_position=&raquo;top_left&raquo; background_repeat=&raquo;repeat&raquo; body_font_size_tablet=&raquo;&raquo; body_font_size_phone=&raquo;&raquo; body_font_size_last_edited=&raquo;on|desktop&raquo;]<\/p>\n<ul>\n<li>gj\u00f8re begrunnede valg av undervisningsmetode med bruk av video<\/li>\n<li>planlegge og gjennomf\u00f8re et undervisningsopplegg med bruk av video<\/li>\n<li>vurdere egenskaper og egnethet ved ulike format<\/li>\n<li>h\u00e5ndtere et utvalg av videobaserte teknikker i undervisning<\/li>\n<li>ha kjennskap til et utvalg av litteratur\/forskning med relevans for bruken av video i undervisning<\/li>\n<\/ul>\n<p>[\/et_pb_blurb][\/et_pb_column][\/et_pb_row][\/et_pb_section]<\/p>\n","protected":false},"excerpt":{"rendered":"<p>L\u00e6r deg \u00e5 lage og bruke video effektivt som en del av undervisningen din. Modulen fokuserer p\u00e5 f\u00f8lgende tema: Ulike perspektiver p\u00e5 bruk av video i undervisning Undervisningsmetoder med bruk av video Format, teknikker og publisering, deling og rettigheterInnledning til modul 2Ulike perspektiver p\u00e5 bruke av video i undervisningEn innf\u00f8ring i ulike undervisningsmetoder med bruk [&hellip;]<\/p>\n","protected":false},"author":3,"featured_media":0,"parent":110,"menu_order":2,"comment_status":"closed","ping_status":"closed","template":"","meta":{"_et_pb_use_builder":"on","_et_pb_old_content":"","_et_gb_content_width":"","inline_featured_image":false,"iawp_total_views":59,"footnotes":""},"class_list":["post-92","page","type-page","status-publish","hentry"],"_links":{"self":[{"href":"https:\/\/result.uit.no\/udig\/wp-json\/wp\/v2\/pages\/92","targetHints":{"allow":["GET"]}}],"collection":[{"href":"https:\/\/result.uit.no\/udig\/wp-json\/wp\/v2\/pages"}],"about":[{"href":"https:\/\/result.uit.no\/udig\/wp-json\/wp\/v2\/types\/page"}],"author":[{"embeddable":true,"href":"https:\/\/result.uit.no\/udig\/wp-json\/wp\/v2\/users\/3"}],"replies":[{"embeddable":true,"href":"https:\/\/result.uit.no\/udig\/wp-json\/wp\/v2\/comments?post=92"}],"version-history":[{"count":0,"href":"https:\/\/result.uit.no\/udig\/wp-json\/wp\/v2\/pages\/92\/revisions"}],"up":[{"embeddable":true,"href":"https:\/\/result.uit.no\/udig\/wp-json\/wp\/v2\/pages\/110"}],"wp:attachment":[{"href":"https:\/\/result.uit.no\/udig\/wp-json\/wp\/v2\/media?parent=92"}],"curies":[{"name":"wp","href":"https:\/\/api.w.org\/{rel}","templated":true}]}}