{"id":48604,"date":"2023-03-08T12:37:22","date_gmt":"2023-03-08T12:37:22","guid":{"rendered":"https:\/\/result.uit.no\/udig\/?page_id=48604"},"modified":"2023-03-08T12:48:45","modified_gmt":"2023-03-08T12:48:45","slug":"utforming-og-anvendelse-av-klikkersporsmal","status":"publish","type":"page","link":"https:\/\/result.uit.no\/udig\/kursmodulene\/modul-4\/innledning-modul-4\/utforming-og-anvendelse-av-klikkersporsmal\/","title":{"rendered":"Utforming og anvendelse av klikkersp\u00f8rsm\u00e5l"},"content":{"rendered":"<p>[et_pb_section fb_built=&raquo;1&#8243; _builder_version=&raquo;4.1&#8243;][et_pb_row column_structure=&raquo;3_4,1_4&#8243; _builder_version=&raquo;4.1&#8243;][et_pb_column type=&raquo;3_4&#8243; _builder_version=&raquo;4.1&#8243;][et_pb_text admin_label=&raquo;H1&#8243; _builder_version=&raquo;4.1&#8243;]<\/p>\n<h1 class=\"main_title\">Utforming og anvendelse av klikkersp\u00f8rsm\u00e5l<\/h1>\n<p>[\/et_pb_text][et_pb_text _builder_version=&raquo;4.1&#8243; hover_enabled=&raquo;0&#8243;]<\/p>\n<h2>\u00c5 berede grunnen<\/h2>\n<p>F\u00f8r man utsetter studenter for klikkere og klikkersp\u00f8rsm\u00e5l kan det v\u00e6re lurt \u00e5 berede grunnen litt. <strong>\u00c5 forberede studentene<\/strong>. Selv om de fleste studenter opplever klikkersp\u00f8rsm\u00e5l som et positivt innslag i undervisnings\u00f8kten, kan innf\u00f8ringen lettes ved \u00e5 vie litt tid til \u00e5 begrunne bruken av dem. Ikke alle studenter vil v\u00e6re like overbevist om nytten av klikkere i utgangspunktet. S\u00e6rlig hvis de er godt vant til \u00e5 v\u00e6re passive tilh\u00f8rere i undervisnings\u00f8kter. Derfor b\u00f8r man som l\u00e6rer kunne begrunne bruken overfor seg selv og studentene, og bruke litt tid p\u00e5 \u00e5 forklare hva som skal foreg\u00e5, og ikke minst, hvordan studentene m\u00e5 forholde seg for \u00e5 f\u00e5 best mulig utbytte. \u00c5 legge litt ekstra vekt p\u00e5 n\u00f8dvendigheten av \u00e5 behandle hverandre med h\u00f8flighet og respekt kan ogs\u00e5 kaste av seg. <strong>Forankring i kollegium og ledelse<\/strong>. \u00c5 kaste seg ut i fors\u00f8k med nye undervisningsformer kan kreve et visst mot, s\u00e6rlig hvis man opplever \u00e5 skille seg ut i eget kollegium med sin interesse og eventyrlyst. Det kan v\u00e6re en god id\u00e9 \u00e5 legge frem og dr\u00f8fte sine planer for utpr\u00f8ving av studentresponssystemer\u00a0med studieleder\/programstyre, for \u00e5 unng\u00e5 misforst\u00e5elser og v\u00e6re sikker p\u00e5 st\u00f8tte. I tillegg b\u00f8r det vurderes om\u00a0omfanget p\u00e5 de endringene man \u00f8nsker \u00e5 gj\u00f8re er s\u00e5 stort at det krever revisjon av emneplanen. <strong>L\u00e6ringsutbyttebeskrivelser<\/strong>. Bruken av studentresponssystem kan (b\u00f8r?)\u00a0ogs\u00e5 forankres i gjeldende l\u00e6ringsutbyttebeskrivelser p\u00e5 b\u00e5de studieplan- og emneniv\u00e5. Gode l\u00e6ringsutbyttebeskrivelser vil ofte omfatte et spenn av ulike kompetanser, og kan i seg selv v\u00e6re en fin\u00a0inspirasjon til \u00e5 utforme gode klikkersp\u00f8rsm\u00e5l. Dette kommer vi inn p\u00e5 i videoforelesningen og oversikten over sp\u00f8rsm\u00e5lstyper p\u00e5 neste side.<\/p>\n<h3>Ulike form\u00e5l med klikkersp\u00f8rsm\u00e5l<\/h3>\n<p>Gode klikkersp\u00f8rsm\u00e5l <em>kan<\/em> utrette mye godt. \u00c5 opprettholde fokusert oppmerksomhet n\u00e5r man selv er passiv er utfordrende\u00a0over lengre tid. Avbrudd med klikkersp\u00f8rsm\u00e5l kan bidra til \u00e5 &laquo;tilbakestille&raquo; konsentrasjonen i en krevende forelesnings\u00f8kt. I tillegg vil bare det \u00e5 m\u00e5tte ta stilling til et sp\u00f8rsm\u00e5l kunne tvinge frem en interaksjon med l\u00e6restoffet som det g\u00e5r an, bevisst eller ubevisst, \u00e5 lure seg unna i en mer passiv tilh\u00f8rerrolle. Men kanskje kommer studentresponssystemene til sin fulleste rett n\u00e5r de utnyttes som verkt\u00f8y til \u00e5 skape diskusjon og muligheter for tilbakemelding. \u00c5 m\u00e5tte begrunne eller argumentere for sitt standpunkt (sitt valg av klikkerrespons) stimulerer til dypere kognitiv bearbeiding av begrepet eller problemet sp\u00f8rsm\u00e5let omhandler. I all hovedsak er det to m\u00e5ter \u00e5 gjennomf\u00f8re SRS-relaterte diskusjoner p\u00e5. <strong>Plenumsdiskusjoner<\/strong>. I plenumsdiskusjoner er det vanlig at l\u00e6reren ber studentene om \u00e5 begrunne sine valg av klikkerrespons. Merk at slike diskusjoner kan fungere b\u00e5de som forberedelse til \u00e5 avgi svar med klikkeren og som oppf\u00f8lging av en kjent svardistribusjon. For hvert svaralternativ kan man be om \u00e5 f\u00e5 h\u00f8re fra noen som mener at det er det rette alternativet. Alternativt (heh&#8230;) kan man be studentene foresl\u00e5 rimelige grunner til hvert av alternativene uavhengig av hva de har svart eller har tenkt \u00e5 svare. Dette kan gj\u00f8re det litt lettere for flere \u00e5 bidra, siden de da slipper \u00e5 avsl\u00f8re sitt eget svar. Dersom diskusjonen gj\u00f8res som en oppf\u00f8lging til allerede avgitte svar, s\u00e5 kan man be studentene avgi svar p\u00e5 nytt til det samme sp\u00f8rsm\u00e5let. Ofte vil man da se at svardistribusjonen har endret seg som f\u00f8lge av diskusjonen. Dette forutsetter selvsagt at fasiten til sp\u00f8rsm\u00e5let ikke er kjent for studentene enda. <strong>Gruppediskusjoner<\/strong>. Strukturen p\u00e5 sekvenser med sp\u00f8rms\u00e5l og diskusjon i gruppediskusjoner kan v\u00e6re ganske lik den i plenumsdiskusjoner. Den opplagte forskjellen er at studentene diskuterer i par eller mindre grupper. Dette kan bidra til \u00e5 sikre at flere studenter faktisk t\u00f8r \u00e5 ta ordet. Samtidig gir det anledning for l\u00e6reren til \u00e5 &laquo;luske&raquo; litt rundt og kasnkje blande seg litt inn i noen av diskusjonene. Men fordi l\u00e6rer da ikke direkte styrer diskusjonen selv, s\u00e5 er det spesielt viktig \u00e5 gi tydelige instrukser til studentene om hvordan diskusjonen skal foreg\u00e5. En vanlig variant av SRS-relatert gruppediskusjon er \u00e5 sette sammen par eller grupper som har svart forskjellig p\u00e5 et klikkersp\u00f8rsm\u00e5l. Oppdraget for diskusjonen kan da v\u00e6re \u00e5 overbevise hverandre om at man har svart rett. Igjen forutsetter dette selvsagt at fasiten er ukjent, og igjen kan slik diskusjon f\u00f8lges opp med nye klikkerrespons p\u00e5 det samme sp\u00f8rsm\u00e5let. <strong>Formativ vurdering<\/strong>. Det er ogs\u00e5 mulig \u00e5 anvende klikkersp\u00f8rsm\u00e5l til f\u00e5 et inntrykk av\u00a0om studentene oppn\u00e5r formulerte l\u00e6ringsm\u00e5l. Setter man sammen en rekke klikkersp\u00f8rsm\u00e5l til lengre quizer eller pr\u00f8ver, \u00f8ker p\u00e5liteligheten i slike vurderinger. Slike pr\u00f8ver kan administreres noen ganger i semesteret. Resultatene av dem kan gi l\u00e6rer verdifull informasjon om hva studentene mestrer bra og mindre bra, og kan dermed gi grunnlag for \u00e5 justere planlagt undervisning for bedre \u00e5 m\u00f8te studentenes behov.\u00a0En del responssystemer tillater ogs\u00e5 at man identifiserer den enkelte students responser. I mindre grupper, og der kapasiteten tillater det, kan dette gi grunnlag for m\u00e5lrettet individuell veiledning.<\/p>\n<h3>Hvordan lage gode \u00abklikker-sp\u00f8rsm\u00e5l\u00bb<\/h3>\n<p>Denne videoen handler f\u00f8rst og fremst om hva flervalgsoppgaver (multiple-choice-oppgaver) er, og hvordan man lager relevante og gode oppgaver av denne type til et emne. Videoen er relevant for utvikling av klikker-sp\u00f8rsm\u00e5l og for andre typer oppgaver som inneb\u00e6rer \u00e5 velge mellom oppgitte svaralternativer. Vi ser eksempler p\u00e5 hvordan man lager oppgaver som krever resonnement og anvendelse av kunnskap, og ikke bare gjenkalling av kunnskap. Videre ser vi p\u00e5 utforming av sp\u00f8rsm\u00e5l og svaralternativer slik at de blir best mulig egnet til \u00e5 m\u00e5le kunnskap og forst\u00e5else. \u00d8ystein Lund, F\u00f8rsteamanuensis ved Result, UiT gir gode tips om hvordan utforme gode sp\u00f8rsm\u00e5l til studentaktive undervisnings\u00f8kter.<\/p>\n<p><iframe title=\"Hvordan utforme gode klikkersp\u00f8rsma\u030al\" width=\"1080\" height=\"608\" src=\"https:\/\/www.youtube.com\/embed\/pBy-KWZbjgk?feature=oembed\" frameborder=\"0\" allow=\"accelerometer; autoplay; clipboard-write; encrypted-media; gyroscope; picture-in-picture; web-share\" allowfullscreen><\/iframe><\/p>\n<p>Her kan du laste ned en enkel <a title=\"Sjekkliste for kvalitet p\u00e5 klikkersp\u00f8rsm\u00e5l\" href=\"https:\/\/result.uit.no\/udig\/wp-content\/uploads\/sites\/7\/2015\/03\/Sjekkliste-for-kvalitet-p\u00e5-klikkersp\u00f8rsm\u00e5l.pdf\" target=\"_blank\" rel=\"noopener\">sjekkliste for kvalitet p\u00e5 klikkersp\u00f8rsm\u00e5l<\/a> (PDF &lt;1mb)<\/p>\n<h3>Oversikt over sp\u00f8rsm\u00e5lstyper<\/h3>\n<p>Her f\u00f8lger en kort oversikt over ulike sp\u00f8rsm\u00e5lstyper. De ulike\u00a0kategoriene kan gi litt kreativ stimulans n\u00e5r man skal tenke ut gode sp\u00f8rsm\u00e5l selv. Se ogs\u00e5 videoforelesningen over. For utfyllende beskrivelser av ulike sp\u00f8rsm\u00e5l og mange gode eksempler, anbefaler vi boka til Derek Bruff om <em>Teaching with Classroom Response Systems<\/em>. <strong>Faktasp\u00f8rsm\u00e5l<\/strong>. \u00c5 huske grunnleggende faktakunnskap blir ofte sett p\u00e5 som litt mindreverdig. I noen sammenhenger kan det allikevel v\u00e6re mening i \u00e5 sjekke hvordan det st\u00e5r til med faktakunnskapen i en studentgruppe &#8211; s\u00e6rlig dersom mulighetene til \u00e5 henge med i og nyttiggj\u00f8re seg p\u00e5f\u00f8lgende undervisning avhenger av et\u00a0bestemt sett av godt etablerte faktakunnskaper. Faktasp\u00f8rsm\u00e5l formuleres gjerne som enkle sp\u00f8rsm\u00e5l om Hva, Hvem eller N\u00e5r. Eksempel: &laquo;Hva er reliabilitet?&raquo; [i metodel\u00e6re]. <strong>Begrepsforst\u00e5else<\/strong>. God forst\u00e5else for viktige begreper er en forsutsetning for \u00e5\u00a0etablere dem som personlig og tilgjengelig kunnskap &#8211; som godt integrerte komponenter i v\u00e5re kognitive skjemaer. Vi har sv\u00e6rt vanskelig for \u00e5 huske noe vi ikke forst\u00e5r. Derfor er det \u00e5 fremme forst\u00e5else for vanskelig materiale en viktig jobb for en l\u00e6rer. Sp\u00f8rsm\u00e5l som tester begrepsforst\u00e5else er ofte godt egnet som utgangspunkt for diskusjoner. Et stikkord for \u00e5 utforme gode begrepsforst\u00e5elsessp\u00f8rsm\u00e5l er \u00e5 jobbe fram uriktige svaralternativer som matcher <em>vanlige feiloppfatninger<\/em> av det aktuelle begrepet. Det finnes en rekke varianter av sp\u00f8rsm\u00e5l som tester begrepsforst\u00e5else: <strong>Kategoriseringssp\u00f8rsm\u00e5l<\/strong>. Et typisk kategoriseringssp\u00f8rsm\u00e5l kan be studentene ta stilling til hvilke av en rekke tilfeller som er et eksempel p\u00e5 det aktuelle begrepet. Eventuelt kan sp\u00f8rsm\u00e5let stilles andre veien; ved at man beskriver ett tilfelle og sp\u00f8r om hvilket av en rekke begreper som dekker det. Slike sp\u00f8rsm\u00e5l vil vanligvis kreve forst\u00e5else for begrepet det sp\u00f8rres etter. Eksempel: &laquo;Hvilken av de f\u00f8lgende situasjonene er et eksempel p\u00e5 negativ forsterkning?&raquo; [i psykologi]. <strong>Begrepsrelasjoner<\/strong>. P\u00e5 omr\u00e5der hvor ulike begreper eller st\u00f8rrelser st\u00e5r i bestemte, definerte forhold til hverandre, kan det v\u00e6re en god id\u00e9 \u00e5 stille sp\u00f8rsm\u00e5l som tester studentenes forst\u00e5else for de prinsippene som definerer forholdet. Eksempel: &laquo;I en variansanalyse vil, alt ellers likt, F-statistikken bli st\u00f8rre n\u00e5r ____ vokser.&raquo; [i statistikk].<\/p>\n<h3>Oppf\u00f8lging av klikkersp\u00f8rsm\u00e5l<\/h3>\n<p>I flere av videoene i denne modulen er vi inne p\u00e5 at oppf\u00f8lgingen av klikkersp\u00f8rsm\u00e5l og -svar er en viktig betingelse for vellykket bruk av responssystemer. Oppf\u00f8lgingen kan gjerne komme i form av en gruppediskusjon eller en l\u00e6rerledet plenumsdiskusjon. Uansett om man bruker diskusjon eller ikke, s\u00e5\u00a0b\u00f8r det som et minimum avklares hva som er rett respons (dersom sp\u00f8rsm\u00e5let har en fasit), hvorfor rett alternativ er rett og, ikke minst, hvorfor gale alternativ ikke er rett. Distribusjonen av svar kan hjelpe oss til \u00e5 avgj\u00f8re hvilke alternativ som trenger grundigst behandling, men selv om f\u00e5 studenter har svart galt, s\u00e5 fortjener de f\u00e5 litt hjelp til \u00e5 forst\u00e5 hvorfor de har valgt feil. Oppf\u00f8lging av sp\u00f8rsm\u00e5l og responser i undervisnings\u00f8kta gir oss ogs\u00e5 innsikt i hvilke sp\u00f8rsm\u00e5l og svaralternativer som fungerer og ikke. Det kan p\u00e5 sikt gi oss mulighet til \u00e5 utvikle bedre og bedre sp\u00f8rsm\u00e5l.[\/et_pb_text][\/et_pb_column][et_pb_column type=&raquo;1_4&#8243; _builder_version=&raquo;4.1&#8243;][et_pb_menu menu_id=&raquo;10&#8243; menu_style=&raquo;centered&raquo; submenu_direction=&raquo;downwards&raquo; admin_label=&raquo;Module 4 &#8211; menu&raquo; _builder_version=&raquo;4.1&#8243; menu_font_size=&raquo;1.1em&raquo; menu_line_height=&raquo;1.2em&raquo; custom_padding=&raquo;109px||||false|false&raquo;][\/et_pb_menu][\/et_pb_column][\/et_pb_row][\/et_pb_section]<\/p>\n","protected":false},"excerpt":{"rendered":"<p>Utforming og anvendelse av klikkersp\u00f8rsm\u00e5l\u00c5 berede grunnen F\u00f8r man utsetter studenter for klikkere og klikkersp\u00f8rsm\u00e5l kan det v\u00e6re lurt \u00e5 berede grunnen litt. \u00c5 forberede studentene. Selv om de fleste studenter opplever klikkersp\u00f8rsm\u00e5l som et positivt innslag i undervisnings\u00f8kten, kan innf\u00f8ringen lettes ved \u00e5 vie litt tid til \u00e5 begrunne bruken av dem. Ikke alle [&hellip;]<\/p>\n","protected":false},"author":3,"featured_media":0,"parent":48455,"menu_order":5,"comment_status":"closed","ping_status":"closed","template":"","meta":{"_et_pb_use_builder":"on","_et_pb_old_content":"","_et_gb_content_width":"","inline_featured_image":false,"iawp_total_views":15,"footnotes":""},"class_list":["post-48604","page","type-page","status-publish","hentry"],"_links":{"self":[{"href":"https:\/\/result.uit.no\/udig\/wp-json\/wp\/v2\/pages\/48604","targetHints":{"allow":["GET"]}}],"collection":[{"href":"https:\/\/result.uit.no\/udig\/wp-json\/wp\/v2\/pages"}],"about":[{"href":"https:\/\/result.uit.no\/udig\/wp-json\/wp\/v2\/types\/page"}],"author":[{"embeddable":true,"href":"https:\/\/result.uit.no\/udig\/wp-json\/wp\/v2\/users\/3"}],"replies":[{"embeddable":true,"href":"https:\/\/result.uit.no\/udig\/wp-json\/wp\/v2\/comments?post=48604"}],"version-history":[{"count":0,"href":"https:\/\/result.uit.no\/udig\/wp-json\/wp\/v2\/pages\/48604\/revisions"}],"up":[{"embeddable":true,"href":"https:\/\/result.uit.no\/udig\/wp-json\/wp\/v2\/pages\/48455"}],"wp:attachment":[{"href":"https:\/\/result.uit.no\/udig\/wp-json\/wp\/v2\/media?parent=48604"}],"curies":[{"name":"wp","href":"https:\/\/api.w.org\/{rel}","templated":true}]}}