{"id":363,"date":"2015-01-15T08:50:34","date_gmt":"2015-01-15T08:50:34","guid":{"rendered":"https:\/\/result.uit.no\/udig\/?page_id=363"},"modified":"2023-03-08T11:22:24","modified_gmt":"2023-03-08T11:22:24","slug":"etikk-og-personvern-i-nettbasert-samhandling-og-undervisning","status":"publish","type":"page","link":"https:\/\/result.uit.no\/udig\/kursmodulene\/modul-3\/etikk-og-personvern-i-nettbasert-samhandling-og-undervisning\/","title":{"rendered":"Etikk og personvern i nettbasert samhandling og undervisning"},"content":{"rendered":"<p>[et_pb_section fb_built=&raquo;1&#8243; admin_label=&raquo;section&raquo; _builder_version=&raquo;3.22&#8243;][et_pb_row column_structure=&raquo;3_4,1_4&#8243; admin_label=&raquo;row&raquo; _builder_version=&raquo;3.25&#8243; background_size=&raquo;initial&raquo; background_position=&raquo;top_left&raquo; background_repeat=&raquo;repeat&raquo;][et_pb_column type=&raquo;3_4&#8243; _builder_version=&raquo;3.25&#8243; custom_padding=&raquo;|||&raquo; custom_padding__hover=&raquo;|||&raquo;][et_pb_text _builder_version=&raquo;4.1&#8243;]<\/p>\n<h1 class=\"main_title\">Etikk og personvern i nettbasert samhandling og undervisning<\/h1>\n<p>[\/et_pb_text][et_pb_text admin_label=&raquo;Text&raquo; _builder_version=&raquo;4.1&#8243; text_font_size=&raquo;1em&raquo; text_line_height=&raquo;1.5em&raquo; background_size=&raquo;initial&raquo; background_position=&raquo;top_left&raquo; background_repeat=&raquo;repeat&raquo;]<\/p>\n<p>I denne videoen gjennomg\u00e5s etiske perspektiver ved nettbasert samhandling. Vi g\u00e5r her\u00a0b\u00e5de inn p\u00e5 sp\u00f8rsm\u00e5l som har betydning for tekstbasert samhandling og for lyd-bildebasert samhandling.<\/p>\n<p>[\/et_pb_text][et_pb_code _builder_version=&raquo;4.1&#8243;]<iframe src=\"https:\/\/uit.cloud.panopto.eu\/Panopto\/Pages\/Embed.aspx?id=2ca73649-fd96-4258-a13e-aee500c5b429&#038;autoplay=false&#038;offerviewer=true&#038;showtitle=true&#038;showbrand=true&#038;captions=false&#038;interactivity=all\" height=\"405\" width=\"720\" style=\"border: 1px solid #464646;\" allowfullscreen allow=\"autoplay\"><\/iframe>[\/et_pb_code][\/et_pb_column][et_pb_column type=&raquo;1_4&#8243; _builder_version=&raquo;3.25&#8243; custom_padding=&raquo;|||&raquo; custom_padding__hover=&raquo;|||&raquo;][et_pb_menu menu_id=&raquo;9&#8243; menu_style=&raquo;centered&raquo; submenu_direction=&raquo;downwards&raquo; admin_label=&raquo;Module 2 &#8211; menu&raquo; _builder_version=&raquo;4.1&#8243; menu_font_size=&raquo;1.1em&raquo; menu_line_height=&raquo;1.2em&raquo; custom_padding=&raquo;64px||||false|false&raquo; hover_enabled=&raquo;0&#8243;][\/et_pb_menu][\/et_pb_column][\/et_pb_row][\/et_pb_section]<\/p>\n","protected":false},"excerpt":{"rendered":"<p>Etikk og personvern i nettbasert samhandling og undervisningI denne videoen gjennomg\u00e5s etiske perspektiver ved nettbasert samhandling. Vi g\u00e5r her\u00a0b\u00e5de inn p\u00e5 sp\u00f8rsm\u00e5l som har betydning for tekstbasert samhandling og for lyd-bildebasert samhandling.<\/p>\n","protected":false},"author":124,"featured_media":0,"parent":94,"menu_order":3,"comment_status":"open","ping_status":"closed","template":"","meta":{"_et_pb_use_builder":"on","_et_pb_old_content":"I denne videoen gjennomg\u00e5s etiske perspektiver ved nettbasert samhandling. Vi g\u00e5r her\u00a0b\u00e5de inn p\u00e5 sp\u00f8rsm\u00e5l som har betydning for tekstbasert samhandling og for lyd-bildebasert samhandling.\r\n\r\n[iframe src=\"https:\/\/mediasite.uit.no\/Mediasite\/Play\/0ed3fb03b69b4aa0a32cc7912735e1771d\" width=\"795\" height=\"480\" ]","_et_gb_content_width":"","inline_featured_image":false,"iawp_total_views":1,"footnotes":""},"class_list":["post-363","page","type-page","status-publish","hentry"],"_links":{"self":[{"href":"https:\/\/result.uit.no\/udig\/wp-json\/wp\/v2\/pages\/363","targetHints":{"allow":["GET"]}}],"collection":[{"href":"https:\/\/result.uit.no\/udig\/wp-json\/wp\/v2\/pages"}],"about":[{"href":"https:\/\/result.uit.no\/udig\/wp-json\/wp\/v2\/types\/page"}],"author":[{"embeddable":true,"href":"https:\/\/result.uit.no\/udig\/wp-json\/wp\/v2\/users\/124"}],"replies":[{"embeddable":true,"href":"https:\/\/result.uit.no\/udig\/wp-json\/wp\/v2\/comments?post=363"}],"version-history":[{"count":0,"href":"https:\/\/result.uit.no\/udig\/wp-json\/wp\/v2\/pages\/363\/revisions"}],"up":[{"embeddable":true,"href":"https:\/\/result.uit.no\/udig\/wp-json\/wp\/v2\/pages\/94"}],"wp:attachment":[{"href":"https:\/\/result.uit.no\/udig\/wp-json\/wp\/v2\/media?parent=363"}],"curies":[{"name":"wp","href":"https:\/\/api.w.org\/{rel}","templated":true}]}}