{"id":359,"date":"2015-01-15T08:46:19","date_gmt":"2015-01-15T08:46:19","guid":{"rendered":"https:\/\/result.uit.no\/udig\/?page_id=359"},"modified":"2023-03-08T11:20:42","modified_gmt":"2023-03-08T11:20:42","slug":"bruk-av-webmoter-i-undervisning-og-veiledning","status":"publish","type":"page","link":"https:\/\/result.uit.no\/udig\/kursmodulene\/modul-3\/bruk-av-webmoter-i-undervisning-og-veiledning\/","title":{"rendered":"Bruk av webm\u00f8ter i undervisning og veiledning"},"content":{"rendered":"<p>[et_pb_section fb_built=&raquo;1&#8243; admin_label=&raquo;section&raquo; _builder_version=&raquo;3.22&#8243;][et_pb_row admin_label=&raquo;row&raquo; _builder_version=&raquo;3.25&#8243; background_size=&raquo;initial&raquo; background_position=&raquo;top_left&raquo; background_repeat=&raquo;repeat&raquo; column_structure=&raquo;3_4,1_4&#8243;][et_pb_column type=&raquo;3_4&#8243; _builder_version=&raquo;3.25&#8243; custom_padding=&raquo;|||&raquo; custom_padding__hover=&raquo;|||&raquo;][et_pb_text _builder_version=&raquo;4.1&#8243; hover_enabled=&raquo;0&#8243;]<\/p>\n<h1>Bruk av webm\u00f8ter i undervisning og veiledning<\/h1>\n<p>[\/et_pb_text][et_pb_text admin_label=&raquo;Text&raquo; _builder_version=&raquo;3.27.4&#8243; background_size=&raquo;initial&raquo; background_position=&raquo;top_left&raquo; background_repeat=&raquo;repeat&raquo;]<\/p>\n<p><span style=\"font-size: 16px;\">Her f\u00e5r du en innf\u00f8ring i de pedagogiske\u00a0aspektene ved \u00e5 bruke\u00a0lyd-og-bilde-m\u00f8ter i undervisningen, samt noen tips\u00a0om hvordan et s\u00e5kalt web-m\u00f8te\u00a0kan gjennomf\u00f8res p\u00e5 en god m\u00e5te. Videre finner du her videoer som gir en praktisk innf\u00f8ring i hvordan du bruker web-m\u00f8teverkt\u00f8yene Adobe Connect og Lync.<\/span><\/p>\n\n<!-- iframe plugin v.6.0 wordpress.org\/plugins\/iframe\/ -->\n<iframe src=\"https:\/\/mediasite.uit.no\/Mediasite\/Play\/42a0c9680f1a4005b68a575c9f089b321d\" width=\"795\" height=\"480\" scrolling=\"yes\" class=\"iframe-class\" frameborder=\"0\"><\/iframe>\n\n<p>&nbsp;<\/p>\n<ul>\n<li><a title=\"Bruk av web-m\u00f8te-verkt\u00f8yet Adobe Connect - 1\" href=\"http:\/\/screencast.hiof.no\/ac\/intro.html\" target=\"_blank\" rel=\"noopener\">Bruk av web-m\u00f8te-verkt\u00f8yet Adobe Connect, praktisk innf\u00f8ring 1<\/a> (v\/Magnus Nohr, H\u00f8gskolen i \u00d8stfold)<\/li>\n<li><a title=\"Bruk av web-m\u00f8te-verkt\u00f8yet Adobe Connect 2\" href=\"http:\/\/screencast.hiof.no\/ac\/aceier\/aceier.html\" target=\"_blank\" rel=\"noopener\">Bruk av web-m\u00f8te-verkt\u00f8yet Adobe Connect, praktisk innf\u00f8ring 2<\/a>\u00a0(v\/Magnus Nohr, H\u00f8gskolen i \u00d8stfold)<\/li>\n<li><a title=\"Bruk av web-m\u00f8te-verkt\u00f8yet Lync, praktisk innf\u00f8ring\" href=\"https:\/\/mediasite.uit.no\/Mediasite\/Play\/e2e605ed68844ad9b921afdb68c48f3f1d\" target=\"_blank\" rel=\"noopener\">Bruk av web-m\u00f8te-verkt\u00f8yet Lync, praktisk innf\u00f8ring<\/a><\/li>\n<li><a title=\"Eksempler p\u00e5 synkrone nettdiskusjoner\" href=\"https:\/\/mediasite.uit.no\/Mediasite\/Play\/0c4ea3ccbed441f8a1dae1917790e9781d\" target=\"_blank\" rel=\"noopener\">Eksempler p\u00e5 synkrone nettdiskusjoner<\/a><\/li>\n<\/ul>\n<p>[\/et_pb_text][\/et_pb_column][et_pb_column type=&raquo;1_4&#8243; _builder_version=&raquo;3.25&#8243; custom_padding=&raquo;|||&raquo; custom_padding__hover=&raquo;|||&raquo;][et_pb_menu menu_id=&raquo;9&#8243; menu_style=&raquo;centered&raquo; submenu_direction=&raquo;downwards&raquo; admin_label=&raquo;Module 2 &#8211; menu&raquo; _builder_version=&raquo;4.1&#8243; menu_font_size=&raquo;1.1em&raquo; menu_line_height=&raquo;1.2em&raquo; custom_padding=&raquo;64px||||false|false&raquo; hover_enabled=&raquo;0&#8243;][\/et_pb_menu][\/et_pb_column][\/et_pb_row][\/et_pb_section]<\/p>\n","protected":false},"excerpt":{"rendered":"<p>Bruk av webm\u00f8ter i undervisning og veiledning Her f\u00e5r du en innf\u00f8ring i de pedagogiske\u00a0aspektene ved \u00e5 bruke\u00a0lyd-og-bilde-m\u00f8ter i undervisningen, samt noen tips\u00a0om hvordan et s\u00e5kalt web-m\u00f8te\u00a0kan gjennomf\u00f8res p\u00e5 en god m\u00e5te. Videre finner du her videoer som gir en praktisk innf\u00f8ring i hvordan du bruker web-m\u00f8teverkt\u00f8yene Adobe Connect og Lync. \n<!-- iframe plugin v.6.0 wordpress.org\/plugins\/iframe\/ -->\n<iframe src=\"https:\/\/mediasite.uit.no\/Mediasite\/Play\/42a0c9680f1a4005b68a575c9f089b321d\" width=\"795\" height=\"480\" scrolling=\"yes\" class=\"iframe-class\" frameborder=\"0\"><\/iframe>\n [&hellip;]<\/p>\n","protected":false},"author":124,"featured_media":0,"parent":94,"menu_order":2,"comment_status":"open","ping_status":"closed","template":"","meta":{"_et_pb_use_builder":"on","_et_pb_old_content":"&nbsp;\r\n\r\n&nbsp;\r\n\r\nHer f\u00e5r du en innf\u00f8ring i de pedagogiske\u00a0aspektene ved \u00e5 bruke\u00a0lyd-og-bilde-m\u00f8ter i undervisningen, samt noen tips\u00a0om hvordan et s\u00e5kalt web-m\u00f8te\u00a0kan gjennomf\u00f8res p\u00e5 en god m\u00e5te. Videre finner du her videoer som gir en praktisk innf\u00f8ring i hvordan du bruker web-m\u00f8teverkt\u00f8yene Adobe Connect og Lync.\r\n\r\n[iframe src=\"https:\/\/mediasite.uit.no\/Mediasite\/Play\/42a0c9680f1a4005b68a575c9f089b321d\" width=\"795\" height=\"480\"]\r\n<ul>\r\n\t<li><a title=\"Bruk av web-m\u00f8te-verkt\u00f8yet Adobe Connect - 1\" href=\"http:\/\/screencast.hiof.no\/ac\/intro.html\" target=\"_blank\">Bruk av web-m\u00f8te-verkt\u00f8yet Adobe Connect, praktisk innf\u00f8ring 1<\/a> (v\/Magnus Nohr, H\u00f8gskolen i \u00d8stfold)<\/li>\r\n\t<li><a title=\"Bruk av web-m\u00f8te-verkt\u00f8yet Adobe Connect 2\" href=\"http:\/\/screencast.hiof.no\/ac\/aceier\/aceier.html\" target=\"_blank\">Bruk av web-m\u00f8te-verkt\u00f8yet Adobe Connect, praktisk innf\u00f8ring 2<\/a>\u00a0(v\/Magnus Nohr, H\u00f8gskolen i \u00d8stfold)<\/li>\r\n\t<li><a title=\"Bruk av web-m\u00f8te-verkt\u00f8yet Lync, praktisk innf\u00f8ring\" href=\"https:\/\/mediasite.uit.no\/Mediasite\/Play\/e2e605ed68844ad9b921afdb68c48f3f1d\" target=\"_blank\">Bruk av web-m\u00f8te-verkt\u00f8yet Lync, praktisk innf\u00f8ring<\/a><\/li>\r\n\t<li><a title=\"Eksempler p\u00e5 synkrone nettdiskusjoner\" href=\"https:\/\/mediasite.uit.no\/Mediasite\/Play\/0c4ea3ccbed441f8a1dae1917790e9781d\" target=\"_blank\">Eksempler p\u00e5 synkrone nettdiskusjoner<\/a><\/li>\r\n<\/ul>","_et_gb_content_width":"","inline_featured_image":false,"iawp_total_views":6,"footnotes":""},"class_list":["post-359","page","type-page","status-publish","hentry"],"_links":{"self":[{"href":"https:\/\/result.uit.no\/udig\/wp-json\/wp\/v2\/pages\/359","targetHints":{"allow":["GET"]}}],"collection":[{"href":"https:\/\/result.uit.no\/udig\/wp-json\/wp\/v2\/pages"}],"about":[{"href":"https:\/\/result.uit.no\/udig\/wp-json\/wp\/v2\/types\/page"}],"author":[{"embeddable":true,"href":"https:\/\/result.uit.no\/udig\/wp-json\/wp\/v2\/users\/124"}],"replies":[{"embeddable":true,"href":"https:\/\/result.uit.no\/udig\/wp-json\/wp\/v2\/comments?post=359"}],"version-history":[{"count":0,"href":"https:\/\/result.uit.no\/udig\/wp-json\/wp\/v2\/pages\/359\/revisions"}],"up":[{"embeddable":true,"href":"https:\/\/result.uit.no\/udig\/wp-json\/wp\/v2\/pages\/94"}],"wp:attachment":[{"href":"https:\/\/result.uit.no\/udig\/wp-json\/wp\/v2\/media?parent=359"}],"curies":[{"name":"wp","href":"https:\/\/api.w.org\/{rel}","templated":true}]}}