{"id":350,"date":"2015-01-15T08:21:56","date_gmt":"2015-01-15T08:21:56","guid":{"rendered":"https:\/\/result.uit.no\/udig\/?page_id=350"},"modified":"2023-03-08T11:17:44","modified_gmt":"2023-03-08T11:17:44","slug":"nettbaserte-tekstbaserte-diskusjoner","status":"publish","type":"page","link":"https:\/\/result.uit.no\/udig\/kursmodulene\/modul-3\/nettbaserte-tekstbaserte-diskusjoner\/","title":{"rendered":"Nettbaserte, tekstbaserte diskusjoner"},"content":{"rendered":"<p>[et_pb_section fb_built=&raquo;1&#8243; admin_label=&raquo;section&raquo; _builder_version=&raquo;3.22&#8243;][et_pb_row column_structure=&raquo;3_4,1_4&#8243; admin_label=&raquo;row&raquo; _builder_version=&raquo;3.25&#8243; background_size=&raquo;initial&raquo; background_position=&raquo;top_left&raquo; background_repeat=&raquo;repeat&raquo;][et_pb_column type=&raquo;3_4&#8243; _builder_version=&raquo;3.25&#8243; custom_padding=&raquo;|||&raquo; custom_padding__hover=&raquo;|||&raquo;][et_pb_text _builder_version=&raquo;4.1&#8243;]<\/p>\n<h1 class=\"main_title\">Nettbaserte, tekstbaserte diskusjoner<\/h1>\n<p>[\/et_pb_text][et_pb_code _builder_version=&raquo;4.1&#8243;]<iframe src=\"https:\/\/uit.cloud.panopto.eu\/Panopto\/Pages\/Embed.aspx?id=90dc2799-7a86-42fc-af81-aee500c51b68&#038;autoplay=false&#038;offerviewer=true&#038;showtitle=true&#038;showbrand=true&#038;captions=false&#038;interactivity=all\" height=\"405\" width=\"720\" style=\"border: 1px solid #464646;\" allowfullscreen allow=\"autoplay\"><\/iframe>[\/et_pb_code][et_pb_text admin_label=&raquo;Text&raquo; _builder_version=&raquo;4.1&#8243; text_font_size=&raquo;1em&raquo; text_line_height=&raquo;1.5em&raquo; background_size=&raquo;initial&raquo; background_position=&raquo;top_left&raquo; background_repeat=&raquo;repeat&raquo;]<\/p>\n<p>Her f\u00e5r du en grunnleggende innf\u00f8ring i bruk av nettbaserte diskusjoner. Videoene g\u00e5r inn p\u00e5 den faglige begrunnelsen for bruk av nettbaserte diskusjoner i undervisningen, og de gir innspill til hvordan slike diskusjoner kan settes i gang og f\u00f8lges opp. Videre finner du her praktisk innf\u00f8ring i hvordan du oppretter diskusjoner, b\u00e5de i Fronter og p\u00e5 Facebook.<\/p>\n<ul>\n<li><a title=\"Opprette en diskusjon i Fronter, praktisk innf\u00f8ring.\" href=\"https:\/\/screencast.uninett.no\/relay\/ansatt\/jbr003uit.no\/2015\/01.03\/542733\/Opprette_forum_i_Fronter_-_uDIG_mars_2015_-_20150302_104045_36.html\" target=\"_blank\" rel=\"noopener\">Opprette en diskusjon i Fronter, praktisk innf\u00f8ring<\/a><\/li>\n<li><a title=\"Oppretting av diskusjon i Facebook, praktisk innf\u00f8ring.\" href=\"https:\/\/screencast.uninett.no\/relay\/ansatt\/jbr003uit.no\/2015\/01.03\/1008667\/Facebook_for_uDig_mars_2015_-_20150302_104057_36.html\" target=\"_blank\" rel=\"noopener\">Oppretting av diskusjon i Facebook, praktisk innf\u00f8ring<\/a><\/li>\n<li><a title=\"Om \u00e5 starte og \u00e5 moderere nettbaserte diskusjoner\" href=\"https:\/\/mediasite.uit.no\/Mediasite\/Play\/34958b066c8e4011beebd898d62dcbc91d\" target=\"_blank\" rel=\"noopener\">Om \u00e5 starte og \u00e5 moderere nettbaserte diskusjoner<\/a><\/li>\n<li><a title=\"Nettdiskusjoner - modeller og perspektiver\" href=\"https:\/\/mediasite.uit.no\/Mediasite\/Play\/03199369ca344ec5b22b0eaf1398f5b81d\">Nettdiskusjoner &#8211; modeller og perspektiver<\/a><\/li>\n<li><a title=\"Eksempler p\u00e5 a-synkrone-diskusjoner\" href=\"https:\/\/mediasite.uit.no\/Mediasite\/Play\/07fd480ec3544ea78677f5de9f4ce6551d\" target=\"_blank\" rel=\"noopener\">Eksempler p\u00e5 a-synkrone nettbaserte diskusjoner<\/a><\/li>\n<\/ul>\n<p>&nbsp;<\/p>\n<p>&nbsp;<\/p>\n<p>&nbsp;<\/p>\n<p>&nbsp;<\/p>\n<p>Del 1: Nettbaserte, tekstbaserte diskusjoner. Klikk p\u00e5 tittel for \u00e5 se video:<\/p>\n<p>[\/et_pb_text][\/et_pb_column][et_pb_column type=&raquo;1_4&#8243; _builder_version=&raquo;3.25&#8243; custom_padding=&raquo;|||&raquo; custom_padding__hover=&raquo;|||&raquo;][et_pb_menu menu_id=&raquo;9&#8243; menu_style=&raquo;centered&raquo; submenu_direction=&raquo;downwards&raquo; admin_label=&raquo;Module 2 &#8211; menu&raquo; _builder_version=&raquo;4.1&#8243; menu_font_size=&raquo;1.1em&raquo; menu_line_height=&raquo;1.2em&raquo; custom_padding=&raquo;64px||||false|false&raquo; hover_enabled=&raquo;0&#8243;][\/et_pb_menu][\/et_pb_column][\/et_pb_row][\/et_pb_section]<\/p>\n","protected":false},"excerpt":{"rendered":"<p>Nettbaserte, tekstbaserte diskusjonerHer f\u00e5r du en grunnleggende innf\u00f8ring i bruk av nettbaserte diskusjoner. Videoene g\u00e5r inn p\u00e5 den faglige begrunnelsen for bruk av nettbaserte diskusjoner i undervisningen, og de gir innspill til hvordan slike diskusjoner kan settes i gang og f\u00f8lges opp. Videre finner du her praktisk innf\u00f8ring i hvordan du oppretter diskusjoner, b\u00e5de i [&hellip;]<\/p>\n","protected":false},"author":124,"featured_media":0,"parent":94,"menu_order":1,"comment_status":"open","ping_status":"closed","template":"","meta":{"_et_pb_use_builder":"on","_et_pb_old_content":"Her f\u00e5r du en grunnleggende innf\u00f8ring i bruk av nettbaserte diskusjoner. Videoene g\u00e5r inn p\u00e5 den faglige begrunnelsen for bruk av nettbaserte diskusjoner i undervisningen, og de gir innspill til hvordan slike diskusjoner kan settes i gang og f\u00f8lges opp. Videre finner du her praktisk innf\u00f8ring i hvordan du oppretter diskusjoner, b\u00e5de i Fronter og p\u00e5 Facebook.\r\n\r\n[iframe src=\"https:\/\/mediasite.uit.no\/Mediasite\/Play\/2f19e42b4e4c4a578a28a299400b7f611d\" width=\"100%\" height=\"500\"]\r\n\r\n&nbsp;\r\n<ul>\r\n\t<li><a title=\"Opprette en diskusjon i Fronter, praktisk innf\u00f8ring.\" href=\"https:\/\/screencast.uninett.no\/relay\/ansatt\/jbr003uit.no\/2015\/01.03\/542733\/Opprette_forum_i_Fronter_-_uDIG_mars_2015_-_20150302_104045_36.html\" target=\"_blank\">Opprette en diskusjon i Fronter, praktisk innf\u00f8ring<\/a><\/li>\r\n\t<li><a title=\"Oppretting av diskusjon i Facebook, praktisk innf\u00f8ring.\" href=\"https:\/\/screencast.uninett.no\/relay\/ansatt\/jbr003uit.no\/2015\/01.03\/1008667\/Facebook_for_uDig_mars_2015_-_20150302_104057_36.html\" target=\"_blank\">Oppretting av diskusjon i Facebook, praktisk innf\u00f8ring<\/a><\/li>\r\n\t<li><a title=\"Om \u00e5 starte og \u00e5 moderere nettbaserte diskusjoner\" href=\"https:\/\/mediasite.uit.no\/Mediasite\/Play\/34958b066c8e4011beebd898d62dcbc91d\" target=\"_blank\">Om \u00e5 starte og \u00e5 moderere nettbaserte diskusjoner<\/a><\/li>\r\n\t<li><a title=\"Nettdiskusjoner - modeller og perspektiver\" href=\"https:\/\/mediasite.uit.no\/Mediasite\/Play\/03199369ca344ec5b22b0eaf1398f5b81d\">Nettdiskusjoner - modeller og perspektiver<\/a><\/li>\r\n\t<li><a title=\"Eksempler p\u00e5 a-synkrone-diskusjoner\" href=\"https:\/\/mediasite.uit.no\/Mediasite\/Play\/07fd480ec3544ea78677f5de9f4ce6551d\" target=\"_blank\">Eksempler p\u00e5 a-synkrone nettbaserte diskusjoner<\/a><\/li>\r\n<\/ul>\r\n&nbsp;\r\n\r\n&nbsp;\r\n\r\n&nbsp;\r\n\r\n&nbsp;\r\n\r\nDel 1: Nettbaserte, tekstbaserte diskusjoner. Klikk p\u00e5 tittel for \u00e5 se video:","_et_gb_content_width":"","inline_featured_image":false,"iawp_total_views":6,"footnotes":""},"class_list":["post-350","page","type-page","status-publish","hentry"],"_links":{"self":[{"href":"https:\/\/result.uit.no\/udig\/wp-json\/wp\/v2\/pages\/350","targetHints":{"allow":["GET"]}}],"collection":[{"href":"https:\/\/result.uit.no\/udig\/wp-json\/wp\/v2\/pages"}],"about":[{"href":"https:\/\/result.uit.no\/udig\/wp-json\/wp\/v2\/types\/page"}],"author":[{"embeddable":true,"href":"https:\/\/result.uit.no\/udig\/wp-json\/wp\/v2\/users\/124"}],"replies":[{"embeddable":true,"href":"https:\/\/result.uit.no\/udig\/wp-json\/wp\/v2\/comments?post=350"}],"version-history":[{"count":0,"href":"https:\/\/result.uit.no\/udig\/wp-json\/wp\/v2\/pages\/350\/revisions"}],"up":[{"embeddable":true,"href":"https:\/\/result.uit.no\/udig\/wp-json\/wp\/v2\/pages\/94"}],"wp:attachment":[{"href":"https:\/\/result.uit.no\/udig\/wp-json\/wp\/v2\/media?parent=350"}],"curies":[{"name":"wp","href":"https:\/\/api.w.org\/{rel}","templated":true}]}}