{"id":305,"date":"2015-01-13T08:10:57","date_gmt":"2015-01-13T08:10:57","guid":{"rendered":"https:\/\/result.uit.no\/udig\/?page_id=305"},"modified":"2023-03-06T12:43:17","modified_gmt":"2023-03-06T12:43:17","slug":"publisering-og-delingrettigheter","status":"publish","type":"page","link":"https:\/\/result.uit.no\/udig\/kursmodulene\/modul-2\/publisering-og-delingrettigheter\/","title":{"rendered":"Deling og rettigheter"},"content":{"rendered":"<p>[et_pb_section fb_built=&raquo;1&#8243; admin_label=&raquo;section&raquo; _builder_version=&raquo;3.22&#8243;][et_pb_row admin_label=&raquo;row&raquo; _builder_version=&raquo;3.25&#8243; background_size=&raquo;initial&raquo; background_position=&raquo;top_left&raquo; background_repeat=&raquo;repeat&raquo; column_structure=&raquo;3_4,1_4&#8243;][et_pb_column type=&raquo;3_4&#8243; _builder_version=&raquo;3.25&#8243; custom_padding=&raquo;|||&raquo; custom_padding__hover=&raquo;|||&raquo;][et_pb_text _builder_version=&raquo;4.1&#8243; hover_enabled=&raquo;0&#8243; custom_margin=&raquo;||2px|||&raquo;]<\/p>\n<h1 class=\"main_title\">Deling og rettigheter<\/h1>\n<p>[\/et_pb_text][et_pb_text admin_label=&raquo;Text&raquo; _builder_version=&raquo;4.1&#8243; background_size=&raquo;initial&raquo; background_position=&raquo;top_left&raquo; background_repeat=&raquo;repeat&raquo; hover_enabled=&raquo;0&#8243; text_font_size=&raquo;1em&raquo; text_line_height=&raquo;1.5em&raquo; header_2_font_size=&raquo;2em&raquo; header_2_line_height=&raquo;1.45em&raquo; custom_padding=&raquo;0px|||||&raquo;]<\/p>\n<h2>Hvem eier de digitale l\u00e6remidlene vi lager?<\/h2>\n<p><strong>Hva har vi lov til \u00e5 publisere\/dele?<\/strong><\/p>\n<p>Dette er to vanlige sp\u00f8rsm\u00e5l vi ofte blir stilt n\u00e5r sp\u00f8rsm\u00e5l om opphavsrett kommer p\u00e5 banen. Selv om sp\u00f8rsm\u00e5let om opphavsrett er komplisert, kan vi likevel gi noen r\u00e5d som er verdt \u00e5 ta med seg.<\/p>\n<ul>\n<li>UiT har utarbeidet et reglement om arbeidsgivers rett til arbeidsresultater. Last ned dokumentet her:\u00a0<a href=\"https:\/\/uit.no\/Content\/656953\/Reglement_om_sikring_og_forvaltning_av_arbeidsresultater_ved_UiT.pdf\" target=\"_blank\" rel=\"noopener\">Reglement om sikring og forvaltning av arbeidsresultater ved UiT<\/a><\/li>\n<li><span>UiT har ogs\u00e5 utarbeidet en mal som kan anvendes som utgangspunkt for en skriftlig avtale mellom fagpersonen som utvikler l\u00e6ringsressurser og oppdragsgiver\/institutt\/fakultet. Last ned malen her<\/span>:\u00a0<a href=\"https:\/\/result.uit.no\/udig\/wp-content\/uploads\/sites\/7\/2015\/01\/Avtale-digitalt-materiale.pdf\" target=\"_blank\" rel=\"noopener noreferrer\">Avtale om produksjon og bruk av digitalt undervisningsmateriale<\/a><\/li>\n<li><strong>Del Rett<\/strong> er en ressurs utviklet av Norgesuniversitetet (NUV)<span>\u00a0<\/span><span>og<\/span><span>\u00a0<\/span>Senter for IKT i utdanningen. Her finner du\u00a0<span>svar p\u00e5 en del sp\u00f8rsm\u00e5l rundt opphavsrett og undervisning. Bes\u00f8k nettsiden:\u00a0<\/span><a title=\"DelRett.no\" href=\"http:\/\/delrett.no\" target=\"_blank\" rel=\"noopener noreferrer\">DelRett.no<\/a><\/li>\n<\/ul>\n<p>[\/et_pb_text][\/et_pb_column][et_pb_column type=&raquo;1_4&#8243; _builder_version=&raquo;3.25&#8243; custom_padding=&raquo;|||&raquo; custom_padding__hover=&raquo;|||&raquo;][et_pb_menu menu_id=&raquo;8&#8243; menu_style=&raquo;centered&raquo; submenu_direction=&raquo;downwards&raquo; admin_label=&raquo;Module 2 &#8211; menu&raquo; _builder_version=&raquo;4.1&#8243; menu_font_size=&raquo;1.1em&raquo; menu_line_height=&raquo;1.2em&raquo; custom_padding=&raquo;64px||||false|false&raquo;][\/et_pb_menu][\/et_pb_column][\/et_pb_row][\/et_pb_section]<\/p>\n","protected":false},"excerpt":{"rendered":"<p>Deling og rettigheter Hvem eier de digitale l\u00e6remidlene vi lager? Hva har vi lov til \u00e5 publisere\/dele? Dette er to vanlige sp\u00f8rsm\u00e5l vi ofte blir stilt n\u00e5r sp\u00f8rsm\u00e5l om opphavsrett kommer p\u00e5 banen. Selv om sp\u00f8rsm\u00e5let om opphavsrett er komplisert, kan vi likevel gi noen r\u00e5d som er verdt \u00e5 ta med seg. UiT har [&hellip;]<\/p>\n","protected":false},"author":3,"featured_media":0,"parent":92,"menu_order":6,"comment_status":"open","ping_status":"closed","template":"","meta":{"_et_pb_use_builder":"on","_et_pb_old_content":"<table>\n<tbody>\n<tr>\n<td><a href=\"https:\/\/result.uit.no\/udig\/wp-content\/uploads\/sites\/7\/2015\/01\/preview_COLOURBOX11263381.jpg\"><img class=\"size-medium wp-image-898 aligncenter\" src=\"https:\/\/result.uit.no\/udig\/wp-content\/uploads\/sites\/7\/2015\/01\/preview_COLOURBOX11263381-270x300.jpg\" alt=\"Copyright, Intellectual Property\" width=\"270\" height=\"300\" \/><\/a><\/td>\n<td style=\"text-align: left;\" valign=\"top\">\n<h4>Hvem eier de digitale l\u00e6remidlene vi lager?<\/h4>\n<h4>Hva har vi lov til \u00e5 publisere\/dele?<\/h4>\nDette er to vanlige sp\u00f8rsm\u00e5l vi ofte blir stilt n\u00e5r sp\u00f8rsm\u00e5l om opphavsrett kommer p\u00e5 banen. Selv om sp\u00f8rsm\u00e5let om opphavsrett er komplisert, kan vi likevel gi noen r\u00e5d som er verdt \u00e5 ta med seg.<\/td>\n<\/tr>\n<tr>\n<td colspan=\"2\">\n<ul>\n \t<li>UiT har utarbeidet et reglement om arbeidsgivers rett til arbeidsresultater. Last ned dokumentet her:\u00a0<a href=\"https:\/\/uit.no\/Content\/656953\/Reglement_om_sikring_og_forvaltning_av_arbeidsresultater_ved_UiT.pdf\" target=\"_blank\" rel=\"noopener\">Reglement om sikring og forvaltning av arbeidsresultater ved UiT<\/a><\/li>\n \t<li><span style=\"line-height: 1.5em;\">UiT har ogs\u00e5 utarbeidet en mal som kan anvendes som utgangspunkt for en skriftlig avtale mellom fagpersonen som utvikler l\u00e6ringsressurser og oppdragsgiver\/institutt\/fakultet. Last ned malen her<\/span>:\u00a0<a href=\"https:\/\/result.uit.no\/udig\/wp-content\/uploads\/sites\/7\/2015\/01\/Avtale-digitalt-materiale.pdf\" target=\"_blank\" rel=\"noopener noreferrer\">Avtale om produksjon og bruk av digitalt undervisningsmateriale<\/a><\/li>\n \t<li><strong>Del Rett<\/strong> er en ressurs utviklet av Norgesuniversitetet (NUV)<span style=\"line-height: 1.5em;\">\u00a0<\/span><span style=\"line-height: 1.5em;\">og<\/span><span style=\"line-height: 1.5em;\">\u00a0<\/span>Senter for IKT i utdanningen. Her finner du\u00a0<span style=\"line-height: 1.5em;\">svar p\u00e5 en del sp\u00f8rsm\u00e5l rundt opphavsrett og undervisning. Bes\u00f8k nettsiden:\u00a0<\/span><a title=\"DelRett.no\" href=\"http:\/\/delrett.no\" target=\"_blank\" rel=\"noopener noreferrer\">DelRett.no<\/a><\/li>\n<\/ul>\n<\/td>\n<\/tr>\n<\/tbody>\n<\/table>","_et_gb_content_width":"","inline_featured_image":false,"iawp_total_views":30,"footnotes":""},"class_list":["post-305","page","type-page","status-publish","hentry"],"_links":{"self":[{"href":"https:\/\/result.uit.no\/udig\/wp-json\/wp\/v2\/pages\/305","targetHints":{"allow":["GET"]}}],"collection":[{"href":"https:\/\/result.uit.no\/udig\/wp-json\/wp\/v2\/pages"}],"about":[{"href":"https:\/\/result.uit.no\/udig\/wp-json\/wp\/v2\/types\/page"}],"author":[{"embeddable":true,"href":"https:\/\/result.uit.no\/udig\/wp-json\/wp\/v2\/users\/3"}],"replies":[{"embeddable":true,"href":"https:\/\/result.uit.no\/udig\/wp-json\/wp\/v2\/comments?post=305"}],"version-history":[{"count":0,"href":"https:\/\/result.uit.no\/udig\/wp-json\/wp\/v2\/pages\/305\/revisions"}],"up":[{"embeddable":true,"href":"https:\/\/result.uit.no\/udig\/wp-json\/wp\/v2\/pages\/92"}],"wp:attachment":[{"href":"https:\/\/result.uit.no\/udig\/wp-json\/wp\/v2\/media?parent=305"}],"curies":[{"name":"wp","href":"https:\/\/api.w.org\/{rel}","templated":true}]}}