{"id":299,"date":"2015-01-13T08:09:29","date_gmt":"2015-01-13T08:09:29","guid":{"rendered":"https:\/\/result.uit.no\/udig\/?page_id=299"},"modified":"2023-03-07T16:54:22","modified_gmt":"2023-03-07T16:54:22","slug":"en-innforing-i-ulike-undervisningsmetoder-med-bruk-av-video","status":"publish","type":"page","link":"https:\/\/result.uit.no\/udig\/kursmodulene\/modul-2\/en-innforing-i-ulike-undervisningsmetoder-med-bruk-av-video\/","title":{"rendered":"Undervisningsmetoder med bruk av video"},"content":{"rendered":"<p>[et_pb_section fb_built=&raquo;1&#8243; admin_label=&raquo;section&raquo; _builder_version=&raquo;3.22&#8243;][et_pb_row column_structure=&raquo;3_4,1_4&#8243; admin_label=&raquo;row&raquo; _builder_version=&raquo;3.25&#8243; background_size=&raquo;initial&raquo; background_position=&raquo;top_left&raquo; background_repeat=&raquo;repeat&raquo;][et_pb_column type=&raquo;3_4&#8243; _builder_version=&raquo;3.25&#8243; custom_padding=&raquo;|||&raquo; custom_padding__hover=&raquo;|||&raquo;][et_pb_text _builder_version=&raquo;4.1&#8243;]<\/p>\n<h1 class=\"main_title\">Undervisningsmetoder med bruk av video<\/h1>\n<p>[\/et_pb_text][et_pb_text admin_label=&raquo;Text&raquo; _builder_version=&raquo;4.1&#8243; background_size=&raquo;initial&raquo; background_position=&raquo;top_left&raquo; background_repeat=&raquo;repeat&raquo;]<\/p>\n<p>I dette kapittelet vil du f\u00e5 se noen eksempler p\u00e5 ulike m\u00e5ter \u00e5 bruke video i undervisningen. Vi vil ogs\u00e5 si litt om hvordan man kan tilrettelegge for aktiviteter knyttet til en video.<\/p>\n<h3>Video anvendt til forskjellige form\u00e5l<\/h3>\n<p>I denne videoen f\u00e5r du se en rekke eksempler p\u00e5 hvordan video kan brukes i forskjellige former for undervisning. Underveis diskuterer vi ogs\u00e5 hvordan du best kan bruke disse teknikkene.<\/p>\n<p>[\/et_pb_text][et_pb_video src=&raquo;https:\/\/vimeo.com\/805082140&#8243; _builder_version=&raquo;4.1&#8243;][\/et_pb_video][et_pb_text _builder_version=&raquo;4.1&#8243; hover_enabled=&raquo;0&#8243;]<\/p>\n<p>Se ogs\u00e5 Result\u00b4s hjemmeside for ulike eksempler p\u00e5 videoopptak i studio:\u00a0<a href=\"https:\/\/result.uit.no\/studio-og-filming\/results-studio\/se-noen-gode-eksempler\/\" target=\"_blank\" rel=\"noopener noreferrer\" title=\"Opptak fra Result sitt studio\">Opptak fra Result sitt studio<\/a> Mer om ulike typer aktiviteter knyttet til video p\u00e5 neste side.<\/p>\n<p>[\/et_pb_text][\/et_pb_column][et_pb_column type=&raquo;1_4&#8243; _builder_version=&raquo;3.25&#8243; custom_padding=&raquo;|||&raquo; custom_padding__hover=&raquo;|||&raquo;][et_pb_menu menu_id=&raquo;8&#8243; menu_style=&raquo;centered&raquo; submenu_direction=&raquo;downwards&raquo; admin_label=&raquo;Module 2 &#8211; menu&raquo; _builder_version=&raquo;4.1&#8243; menu_font_size=&raquo;1.1em&raquo; menu_line_height=&raquo;1.2em&raquo; custom_padding=&raquo;64px||||false|false&raquo;][\/et_pb_menu][\/et_pb_column][\/et_pb_row][\/et_pb_section]<\/p>\n","protected":false},"excerpt":{"rendered":"<p>Undervisningsmetoder med bruk av videoI dette kapittelet vil du f\u00e5 se noen eksempler p\u00e5 ulike m\u00e5ter \u00e5 bruke video i undervisningen. Vi vil ogs\u00e5 si litt om hvordan man kan tilrettelegge for aktiviteter knyttet til en video. Video anvendt til forskjellige form\u00e5l I denne videoen f\u00e5r du se en rekke eksempler p\u00e5 hvordan video kan [&hellip;]<\/p>\n","protected":false},"author":3,"featured_media":0,"parent":92,"menu_order":3,"comment_status":"open","ping_status":"closed","template":"","meta":{"_et_pb_use_builder":"on","_et_pb_old_content":"<p>I dette kapittelet vil du f\u00e5 se noen eksempler p\u00e5 ulike m\u00e5ter \u00e5 bruke video i undervisningen. Vi vil ogs\u00e5 si litt om hvordan man kan tilrettelegge for aktiviteter knyttet til en video.<\/p><h3>Video anvendt til forskjellige form\u00e5l<\/h3><p>I denne videoen f\u00e5r du se en rekke eksempler p\u00e5 hvordan video kan brukes i forskjellige former for undervisning. Underveis diskuterer vi ogs\u00e5 hvordan du best kan bruke disse teknikkene.<\/p><p>[iframe src=\"https:\/\/mediasite.uit.no\/Mediasite\/Play\/ad62ebe8f39b4132aa7154013f951cbb1d\" height=516 width=794] \u00a0<\/p><p>Se ogs\u00e5 Result\u00b4s hjemmeside for ulike eksempler p\u00e5 videoopptak i studio:\u00a0<a href=\"https:\/\/result.uit.no\/tjenester\/verktoy-og-learing\/alternative-videoproduksjoner-i-studio\/\" target=\"_blank\">Studio Result<\/a> Mer om ulike typer aktiviteter knyttet til video p\u00e5 neste side. \u00a0<\/p>","_et_gb_content_width":"","inline_featured_image":false,"iawp_total_views":30,"footnotes":""},"class_list":["post-299","page","type-page","status-publish","hentry"],"_links":{"self":[{"href":"https:\/\/result.uit.no\/udig\/wp-json\/wp\/v2\/pages\/299","targetHints":{"allow":["GET"]}}],"collection":[{"href":"https:\/\/result.uit.no\/udig\/wp-json\/wp\/v2\/pages"}],"about":[{"href":"https:\/\/result.uit.no\/udig\/wp-json\/wp\/v2\/types\/page"}],"author":[{"embeddable":true,"href":"https:\/\/result.uit.no\/udig\/wp-json\/wp\/v2\/users\/3"}],"replies":[{"embeddable":true,"href":"https:\/\/result.uit.no\/udig\/wp-json\/wp\/v2\/comments?post=299"}],"version-history":[{"count":0,"href":"https:\/\/result.uit.no\/udig\/wp-json\/wp\/v2\/pages\/299\/revisions"}],"up":[{"embeddable":true,"href":"https:\/\/result.uit.no\/udig\/wp-json\/wp\/v2\/pages\/92"}],"wp:attachment":[{"href":"https:\/\/result.uit.no\/udig\/wp-json\/wp\/v2\/media?parent=299"}],"curies":[{"name":"wp","href":"https:\/\/api.w.org\/{rel}","templated":true}]}}