{"id":297,"date":"2015-01-13T08:08:34","date_gmt":"2015-01-13T08:08:34","guid":{"rendered":"https:\/\/result.uit.no\/udig\/?page_id=297"},"modified":"2023-03-07T16:47:20","modified_gmt":"2023-03-07T16:47:20","slug":"ulike-perspektiver-pa-bruke-av-video-i-undervisning","status":"publish","type":"page","link":"https:\/\/result.uit.no\/udig\/kursmodulene\/modul-2\/ulike-perspektiver-pa-bruke-av-video-i-undervisning\/","title":{"rendered":"Ulike perspektiver p\u00e5 bruk av video i undervisning"},"content":{"rendered":"<p>[et_pb_section fb_built=&raquo;1&#8243; admin_label=&raquo;section&raquo; _builder_version=&raquo;3.22&#8243;][et_pb_row column_structure=&raquo;3_4,1_4&#8243; admin_label=&raquo;row&raquo; _builder_version=&raquo;3.25&#8243; background_size=&raquo;initial&raquo; background_position=&raquo;top_left&raquo; background_repeat=&raquo;repeat&raquo;][et_pb_column type=&raquo;3_4&#8243; _builder_version=&raquo;3.25&#8243; custom_padding=&raquo;|||&raquo; custom_padding__hover=&raquo;|||&raquo;][et_pb_text _builder_version=&raquo;4.1&#8243;]<\/p>\n<h1>Ulike perspektiver p\u00e5 bruk av video i undervisning<\/h1>\n<p>[\/et_pb_text][et_pb_text admin_label=&raquo;Text&raquo; _builder_version=&raquo;3.27.4&#8243; background_size=&raquo;initial&raquo; background_position=&raquo;top_left&raquo; background_repeat=&raquo;repeat&raquo;]<\/p>\n<p>Video er et format som blir stadig mer utbredt. Det finnes mange grunner til det, men f\u00f8rst og fremst har det \u00e5 gj\u00f8re med den teknologiske utviklingen som har gjort prosessen med \u00e5 produsere, distribuere og konsumere media raskere og billigere enn tidligere. P\u00e5 YouTube legges det for eksempel i skrivende stund ut omtrent 100 timer video per minutt, og viktige kunnskaps- og informasjonsakt\u00f8rer som Wikipedia er i god gang med \u00e5 inkludere brukergenerert video i sitt bibliotek. Det ansl\u00e5s at om f\u00e5 \u00e5r vil nesten 70% av den totale globale internettrafikken v\u00e6re knyttet til video (<a href=\"http:\/\/www.cisco.com\/c\/en\/us\/solutions\/service-provider\/visual-networking-index-vni\/index.html\" target=\"_blank\" rel=\"noopener noreferrer\">Visual Networking Index Forecast, Cisco<\/a>).<\/p>\n<p>Mange undervisere liker \u00e5 bruke videoklipp (f.eks. fra YouTube) i forelesningene sine, og ikke minst brukes video ofte i forbindelse med nettbasert undervisning. Video har en stadig viktigere rolle i h\u00f8yere utdanning, og i undervisning og l\u00e6ring generelt. Derfor er det viktig at vi danner oss en forst\u00e5else for hvordan man bruker video p\u00e5 en effektiv m\u00e5te. Denne videoen ser p\u00e5 hva forskningen forteller oss om hvordan video kan brukes i l\u00e6ring og undervisning.<\/p>\n<p>[\/et_pb_text][et_pb_video src=&raquo;https:\/\/vimeo.com\/805069864&#8243; _builder_version=&raquo;4.1&#8243;][\/et_pb_video][et_pb_text _builder_version=&raquo;4.1&#8243; hover_enabled=&raquo;0&#8243;]<\/p>\n<p><span>P\u00e5 neste side f\u00e5r du mulighet til fordype deg i temaet \u00ab<a href=\"https:\/\/result.uit.no\/udig\/kursmodulene\/modul-2\/ulike-perspektiver-pa-bruke-av-video-i-undervisning\/sosial-tilstedevaerelse\/\" title=\"Om sosial tilstedev\u00e6relse\">Om sosial tilstedev\u00e6relse<\/a>\u00bb.<\/span><\/p>\n<p>[\/et_pb_text][\/et_pb_column][et_pb_column type=&raquo;1_4&#8243; _builder_version=&raquo;3.25&#8243; custom_padding=&raquo;|||&raquo; custom_padding__hover=&raquo;|||&raquo;][et_pb_menu menu_id=&raquo;8&#8243; menu_style=&raquo;centered&raquo; submenu_direction=&raquo;downwards&raquo; admin_label=&raquo;Module 2 &#8211; menu&raquo; _builder_version=&raquo;4.1&#8243; menu_font_size=&raquo;1.1em&raquo; menu_line_height=&raquo;1.2em&raquo; custom_padding=&raquo;64px||||false|false&raquo;][\/et_pb_menu][\/et_pb_column][\/et_pb_row][\/et_pb_section]<\/p>\n","protected":false},"excerpt":{"rendered":"<p>Ulike perspektiver p\u00e5 bruk av video i undervisningVideo er et format som blir stadig mer utbredt. Det finnes mange grunner til det, men f\u00f8rst og fremst har det \u00e5 gj\u00f8re med den teknologiske utviklingen som har gjort prosessen med \u00e5 produsere, distribuere og konsumere media raskere og billigere enn tidligere. P\u00e5 YouTube legges det for [&hellip;]<\/p>\n","protected":false},"author":3,"featured_media":0,"parent":92,"menu_order":2,"comment_status":"open","ping_status":"closed","template":"","meta":{"_et_pb_use_builder":"on","_et_pb_old_content":"<p>Video er et format som blir stadig mer utbredt. Det finnes mange grunner til det, men f\u00f8rst og fremst har det \u00e5 gj\u00f8re med den teknologiske utviklingen som har gjort prosessen med \u00e5 produsere, distribuere og konsumere media raskere og billigere enn tidligere. P\u00e5 YouTube legges det for eksempel i skrivende stund ut omtrent 100 timer video per minutt, og viktige kunnskaps- og informasjonsakt\u00f8rer som Wikipedia er i god gang med \u00e5 inkludere brukergenerert video i sitt bibliotek. Det ansl\u00e5s at innen 2017 vil nesten 70% av den totale globale internettrafikken v\u00e6re knyttet til video (<a href=\"http:\/\/www.cisco.com\/c\/en\/us\/solutions\/service-provider\/visual-networking-index-vni\/index.html\" target=\"_blank\">Visual Networking Index Forecast, Cisco<\/a>). Mange undervisere liker \u00e5 bruke videoklipp (f.eks. fra YouTube) i forelesningene sine, og ikke minst brukes video ofte i forbindelse med nettbasert undervisning. Video har en stadig viktigere rolle i h\u00f8yere utdanning, og i undervisning og l\u00e6ring generelt. Derfor er det viktig at vi danner oss en forst\u00e5else for hvordan man bruker video p\u00e5 en effektiv m\u00e5te. Denne videoen ser p\u00e5 hva forskningen forteller oss om hvordan video kan brukes i l\u00e6ring og undervisning.<\/p><p>[iframe src=\"https:\/\/mediasite.uit.no\/Mediasite\/Play\/36f97ac3e40546ec991c302fce1076ca1d\" height=503 width=794] \u00a0<\/p><p>P\u00e5 neste side f\u00e5r du mulighet til fordype deg i temaet \"sosial tilstedev\u00e6relse\".<\/p><h2>\u00a0<\/h2>","_et_gb_content_width":"","inline_featured_image":false,"iawp_total_views":30,"footnotes":""},"class_list":["post-297","page","type-page","status-publish","hentry"],"_links":{"self":[{"href":"https:\/\/result.uit.no\/udig\/wp-json\/wp\/v2\/pages\/297","targetHints":{"allow":["GET"]}}],"collection":[{"href":"https:\/\/result.uit.no\/udig\/wp-json\/wp\/v2\/pages"}],"about":[{"href":"https:\/\/result.uit.no\/udig\/wp-json\/wp\/v2\/types\/page"}],"author":[{"embeddable":true,"href":"https:\/\/result.uit.no\/udig\/wp-json\/wp\/v2\/users\/3"}],"replies":[{"embeddable":true,"href":"https:\/\/result.uit.no\/udig\/wp-json\/wp\/v2\/comments?post=297"}],"version-history":[{"count":0,"href":"https:\/\/result.uit.no\/udig\/wp-json\/wp\/v2\/pages\/297\/revisions"}],"up":[{"embeddable":true,"href":"https:\/\/result.uit.no\/udig\/wp-json\/wp\/v2\/pages\/92"}],"wp:attachment":[{"href":"https:\/\/result.uit.no\/udig\/wp-json\/wp\/v2\/media?parent=297"}],"curies":[{"name":"wp","href":"https:\/\/api.w.org\/{rel}","templated":true}]}}