{"id":289,"date":"2015-01-07T11:07:19","date_gmt":"2015-01-07T11:07:19","guid":{"rendered":"https:\/\/result.uit.no\/udig\/?page_id=289"},"modified":"2023-03-06T10:32:07","modified_gmt":"2023-03-06T10:32:07","slug":"innledning-modul-2","status":"publish","type":"page","link":"https:\/\/result.uit.no\/udig\/kursmodulene\/modul-2\/innledning-modul-2\/","title":{"rendered":"Innledning modul 2"},"content":{"rendered":"<p>[et_pb_section fb_built=&raquo;1&#8243; _builder_version=&raquo;4.1&#8243;][et_pb_row column_structure=&raquo;3_4,1_4&#8243; _builder_version=&raquo;4.1&#8243;][et_pb_column type=&raquo;3_4&#8243; _builder_version=&raquo;4.1&#8243;][et_pb_text _builder_version=&raquo;4.1&#8243; hover_enabled=&raquo;0&#8243;]<\/p>\n<h1>Innledning modul 2<\/h1>\n<p>[\/et_pb_text][et_pb_text _builder_version=&raquo;4.1&#8243;]<\/p>\n<h2>Velkommen til denne modulen om bruk av video i undervisning!<\/h2>\n<p>[\/et_pb_text][et_pb_video src=&raquo;https:\/\/vimeo.com\/804290798&#8243; _builder_version=&raquo;4.1&#8243; hover_enabled=&raquo;0&#8243;][\/et_pb_video][et_pb_code _builder_version=&raquo;4.1&#8243;][\/et_pb_code][et_pb_text _builder_version=&raquo;4.1&#8243;]<\/p>\n<h3>Hvordan er kurset organisert?<\/h3>\n<p>Alle l\u00e6ringsressurser som finnes i dette kursrommet er fritt tilgjengelige for alle interesserte. uDig er organisert slik at det i tillegg til de \u00e5pne l\u00e6ringsressurser er mulig \u00e5 bestille skreddersydde workshops hos Result tilpasset behovene i de ulike fagmilj\u00f8ene. For deltakere i workshops vil det ogs\u00e5 v\u00e6re mulighet for \u00e5 f\u00e5 tildelt et kursbevis knyttet til innlevering av et refleksjonsnotat.<\/p>\n<p>[\/et_pb_text][\/et_pb_column][et_pb_column type=&raquo;1_4&#8243; _builder_version=&raquo;4.1&#8243;][et_pb_menu menu_id=&raquo;8&#8243; menu_style=&raquo;centered&raquo; submenu_direction=&raquo;downwards&raquo; admin_label=&raquo;Module 2 &#8211; menu&raquo; _builder_version=&raquo;4.1&#8243; menu_font_size=&raquo;1.1em&raquo; menu_line_height=&raquo;1.2em&raquo; custom_padding=&raquo;143px||||false|false&raquo; hover_enabled=&raquo;0&#8243;][\/et_pb_menu][\/et_pb_column][\/et_pb_row][\/et_pb_section]<\/p>\n","protected":false},"excerpt":{"rendered":"<p>Innledning modul 2Velkommen til denne modulen om bruk av video i undervisning!Hvordan er kurset organisert? Alle l\u00e6ringsressurser som finnes i dette kursrommet er fritt tilgjengelige for alle interesserte. uDig er organisert slik at det i tillegg til de \u00e5pne l\u00e6ringsressurser er mulig \u00e5 bestille skreddersydde workshops hos Result tilpasset behovene i de ulike fagmilj\u00f8ene. For [&hellip;]<\/p>\n","protected":false},"author":3,"featured_media":0,"parent":92,"menu_order":0,"comment_status":"open","ping_status":"closed","template":"","meta":{"_et_pb_use_builder":"on","_et_pb_old_content":"<h2>Velkommen til denne modulen om bruk av video i undervisning!<\/h2><h3>\u00a0<\/h3><p>[iframe src=\"https:\/\/mediasite.uit.no\/Mediasite\/Play\/a02bd7720a39415fbeeb5c43a45d4a4a1d\" height=503 width=794]<\/p><h3><strong>Hvordan er kurset organisert?<\/strong><\/h3><p>Alle l\u00e6ringsressurser som finnes i dette kursrommet er fritt tilgjengelige for alle interesserte. uDig er organisert slik at det i tillegg til de \u00e5pne l\u00e6ringsressurser er mulig \u00e5 bestille skreddersydde workshops hos Result tilpasset behovene i de ulike fagmilj\u00f8ene. For deltakere i workshops vil det ogs\u00e5 v\u00e6re mulighet for \u00e5 f\u00e5 tildelt et kursbevis knyttet til innlevering av et refleksjonsnotat. \u00a0<\/p>","_et_gb_content_width":"","inline_featured_image":false,"iawp_total_views":24,"footnotes":""},"class_list":["post-289","page","type-page","status-publish","hentry"],"_links":{"self":[{"href":"https:\/\/result.uit.no\/udig\/wp-json\/wp\/v2\/pages\/289","targetHints":{"allow":["GET"]}}],"collection":[{"href":"https:\/\/result.uit.no\/udig\/wp-json\/wp\/v2\/pages"}],"about":[{"href":"https:\/\/result.uit.no\/udig\/wp-json\/wp\/v2\/types\/page"}],"author":[{"embeddable":true,"href":"https:\/\/result.uit.no\/udig\/wp-json\/wp\/v2\/users\/3"}],"replies":[{"embeddable":true,"href":"https:\/\/result.uit.no\/udig\/wp-json\/wp\/v2\/comments?post=289"}],"version-history":[{"count":0,"href":"https:\/\/result.uit.no\/udig\/wp-json\/wp\/v2\/pages\/289\/revisions"}],"up":[{"embeddable":true,"href":"https:\/\/result.uit.no\/udig\/wp-json\/wp\/v2\/pages\/92"}],"wp:attachment":[{"href":"https:\/\/result.uit.no\/udig\/wp-json\/wp\/v2\/media?parent=289"}],"curies":[{"name":"wp","href":"https:\/\/api.w.org\/{rel}","templated":true}]}}