{"id":2876,"date":"2019-03-20T13:01:58","date_gmt":"2019-03-20T13:01:58","guid":{"rendered":"https:\/\/result.uit.no\/udig\/?page_id=2876"},"modified":"2023-03-09T11:04:53","modified_gmt":"2023-03-09T11:04:53","slug":"modul1-design-for-laering","status":"publish","type":"page","link":"https:\/\/result.uit.no\/udig\/kursmodulene\/modul1-design-for-laering\/","title":{"rendered":"Modul1: Design for l\u00e6ring"},"content":{"rendered":"<p>[et_pb_section fb_built=&raquo;1&#8243; fullwidth=&raquo;on&raquo; admin_label=&raquo;section&raquo; module_id=&raquo;mod1&#8243; _builder_version=&raquo;3.22&#8243; background_color=&raquo;#64d1c9&#8243; background_video_width=&raquo;1024&#8243; transparent_background=&raquo;off&raquo;][et_pb_fullwidth_slider show_arrows=&raquo;off&raquo; disabled_on=&raquo;off|off|off&raquo; admin_label=&raquo;Modul 1: &raquo; module_id=&raquo;mod1&#8243; _builder_version=&raquo;4.1&#8243; header_font=&raquo;||||||||&raquo; custom_button=&raquo;on&raquo; button_text_color=&raquo;#0c71c3&#8243; button_bg_color=&raquo;#ffffff&raquo; button_border_color=&raquo;#0c71c3&#8243; button_icon=&raquo;%%182%%&raquo; button_icon_color=&raquo;#0c71c3&#8243; button_on_hover=&raquo;off&raquo; button_rel=&raquo;off|on|off|off|off&raquo; button_custom_padding=&raquo;|47px|||false|false&raquo; custom_padding=&raquo;|||&raquo; custom_padding_tablet=&raquo;|||&raquo; custom_padding_phone=&raquo;|||&raquo; hover_enabled=&raquo;0&#8243; box_shadow_style=&raquo;preset6&#8243; box_shadow_blur=&raquo;10px&raquo; box_shadow_color=&raquo;rgba(0,0,0,0.1)&raquo; show_inner_shadow=&raquo;on&raquo; button_text_size__hover_enabled=&raquo;off&raquo; button_one_text_size__hover_enabled=&raquo;off&raquo; button_two_text_size__hover_enabled=&raquo;off&raquo; button_text_color__hover_enabled=&raquo;off&raquo; button_one_text_color__hover_enabled=&raquo;off&raquo; button_two_text_color__hover_enabled=&raquo;off&raquo; button_border_width__hover_enabled=&raquo;off&raquo; button_one_border_width__hover_enabled=&raquo;off&raquo; button_two_border_width__hover_enabled=&raquo;off&raquo; button_border_color__hover_enabled=&raquo;off&raquo; button_one_border_color__hover_enabled=&raquo;off&raquo; button_two_border_color__hover_enabled=&raquo;off&raquo; button_border_radius__hover_enabled=&raquo;off&raquo; button_one_border_radius__hover_enabled=&raquo;off&raquo; button_two_border_radius__hover_enabled=&raquo;off&raquo; button_letter_spacing__hover_enabled=&raquo;off&raquo; button_one_letter_spacing__hover_enabled=&raquo;off&raquo; button_two_letter_spacing__hover_enabled=&raquo;off&raquo; button_bg_color__hover_enabled=&raquo;off&raquo; button_one_bg_color__hover_enabled=&raquo;off&raquo; button_two_bg_color__hover_enabled=&raquo;off&raquo;][et_pb_slide heading=&raquo;Modul 1:&raquo; button_text=&raquo;Start modul 1 (\u00c5pner nytt vindu)&raquo; button_link=&raquo;https:\/\/result.uit.no\/mop\/2020\/09\/02\/laeringsdesign-assure\/&raquo; use_text_overlay=&raquo;off&raquo; _builder_version=&raquo;4.1&#8243; header_level=&raquo;h2&#8243; header_font=&raquo;||||||||&raquo; header_font_size=&raquo;46&#8243; background_color=&raquo;#599acc&raquo; background_image=&raquo;https:\/\/result.uit.no\/udig\/wp-content\/uploads\/sites\/7\/2019\/03\/ASSURE-Circle.png&raquo; background_layout=&raquo;light&raquo; link_option_url_new_window=&raquo;on&raquo; hover_enabled=&raquo;0&#8243; button_text_size__hover_enabled=&raquo;off&raquo; button_one_text_size__hover_enabled=&raquo;off&raquo; button_two_text_size__hover_enabled=&raquo;off&raquo; button_text_color__hover_enabled=&raquo;off&raquo; button_one_text_color__hover_enabled=&raquo;off&raquo; button_two_text_color__hover_enabled=&raquo;off&raquo; button_border_width__hover_enabled=&raquo;off&raquo; button_one_border_width__hover_enabled=&raquo;off&raquo; button_two_border_width__hover_enabled=&raquo;off&raquo; button_border_color__hover_enabled=&raquo;off&raquo; button_one_border_color__hover_enabled=&raquo;off&raquo; button_two_border_color__hover_enabled=&raquo;off&raquo; button_border_radius__hover_enabled=&raquo;off&raquo; button_one_border_radius__hover_enabled=&raquo;off&raquo; button_two_border_radius__hover_enabled=&raquo;off&raquo; button_letter_spacing__hover_enabled=&raquo;off&raquo; button_one_letter_spacing__hover_enabled=&raquo;off&raquo; button_two_letter_spacing__hover_enabled=&raquo;off&raquo; button_bg_color__hover_enabled=&raquo;off&raquo; button_one_bg_color__hover_enabled=&raquo;off&raquo; button_two_bg_color__hover_enabled=&raquo;off&raquo; url_new_window=&raquo;on&raquo; link_option_url=&raquo;https:\/\/result.uit.no\/mop\/2020\/09\/02\/laeringsdesign-assure\/&raquo;]<\/p>\n<h1>Design for l\u00e6ring<\/h1>\n<p>[\/et_pb_slide][\/et_pb_fullwidth_slider][\/et_pb_section][et_pb_section fb_built=&raquo;1&#8243; admin_label=&raquo;section&raquo; module_class=&raquo;module-front-list-block&raquo; _builder_version=&raquo;3.22&#8243; background_color=&raquo;rgba(255,255,255,0)&raquo; transparent_background=&raquo;on&raquo;][et_pb_row column_structure=&raquo;1_2,1_2&#8243; admin_label=&raquo;row&raquo; _builder_version=&raquo;3.25&#8243; background_size=&raquo;initial&raquo; background_position=&raquo;top_left&raquo; background_repeat=&raquo;repeat&raquo;][et_pb_column type=&raquo;1_2&#8243; _builder_version=&raquo;3.25&#8243; custom_padding=&raquo;|||&raquo; custom_padding__hover=&raquo;|||&raquo;][et_pb_blurb title=&raquo;Innhold&raquo; use_icon=&raquo;on&raquo; font_icon=&raquo;d&raquo; icon_color=&raquo;#f2f2f2&#8243; use_circle=&raquo;on&raquo; use_circle_border=&raquo;on&raquo; icon_placement=&raquo;left&raquo; admin_label=&raquo;Kapittel&raquo; _builder_version=&raquo;4.1&#8243; background_size=&raquo;initial&raquo; background_position=&raquo;top_left&raquo; background_repeat=&raquo;repeat&raquo; max_width_tablet=&raquo;50px&raquo;]<\/p>\n<ul>\n<li><a href=\"https:\/\/result.uit.no\/mop\/2020\/09\/02\/laeringsdesign-assure\/\" target=\"_blank\" rel=\"noopener noreferrer\">Introduksjon til ASSURE modellen<\/a><br \/><em>Denne lenken \u00e5pner opp et nytt vindu til v\u00e5r Teaching Oracle-side<\/em><\/li>\n<\/ul>\n<p>[\/et_pb_blurb][\/et_pb_column][et_pb_column type=&raquo;1_2&#8243; _builder_version=&raquo;3.25&#8243; custom_padding=&raquo;|||&raquo; custom_padding__hover=&raquo;|||&raquo;][et_pb_blurb title=&raquo;L\u00e6ringsm\u00e5l&raquo; use_icon=&raquo;on&raquo; font_icon=&raquo;Z&raquo; icon_color=&raquo;#f2f2f2&#8243; use_circle=&raquo;on&raquo; use_circle_border=&raquo;on&raquo; icon_placement=&raquo;left&raquo; admin_label=&raquo;L\u00e6ringsm\u00e5l&raquo; _builder_version=&raquo;3.19.18&#8243; background_size=&raquo;initial&raquo; background_position=&raquo;top_left&raquo; background_repeat=&raquo;repeat&raquo;]<\/p>\n<ul>\n<li>Bli kjent med ASSURE-modellen for l\u00e6ringsdesign<\/li>\n<li>Forst\u00e5 hvordan l\u00e6ringsdesign kan hjelpe deg \u00e5 lage gode strukturer for undervisning<\/li>\n<li>Kunne bruke l\u00e6ringsdesign for \u00e5 utvikle dine undervisningsstrategier, -materiale og -\u00f8kter<\/li>\n<li>Kunne bruke l\u00e6ringsdesign for \u00e5 bestemme bl.a. hvilke studentaktiviteter, ressurser og teknologi som skal brukes i din undervisning<\/li>\n<\/ul>\n<p>[\/et_pb_blurb][\/et_pb_column][\/et_pb_row][\/et_pb_section]<\/p>\n","protected":false},"excerpt":{"rendered":"<p>Design for l\u00e6ring Introduksjon til ASSURE modellenDenne lenken \u00e5pner opp et nytt vindu til v\u00e5r Teaching Oracle-side Bli kjent med ASSURE-modellen for l\u00e6ringsdesign Forst\u00e5 hvordan l\u00e6ringsdesign kan hjelpe deg \u00e5 lage gode strukturer for undervisning Kunne bruke l\u00e6ringsdesign for \u00e5 utvikle dine undervisningsstrategier, -materiale og -\u00f8kter Kunne bruke l\u00e6ringsdesign for \u00e5 bestemme bl.a. hvilke studentaktiviteter, [&hellip;]<\/p>\n","protected":false},"author":35,"featured_media":0,"parent":110,"menu_order":0,"comment_status":"closed","ping_status":"closed","template":"","meta":{"_et_pb_use_builder":"on","_et_pb_old_content":"","_et_gb_content_width":"","inline_featured_image":false,"iawp_total_views":55,"footnotes":""},"class_list":["post-2876","page","type-page","status-publish","hentry"],"_links":{"self":[{"href":"https:\/\/result.uit.no\/udig\/wp-json\/wp\/v2\/pages\/2876","targetHints":{"allow":["GET"]}}],"collection":[{"href":"https:\/\/result.uit.no\/udig\/wp-json\/wp\/v2\/pages"}],"about":[{"href":"https:\/\/result.uit.no\/udig\/wp-json\/wp\/v2\/types\/page"}],"author":[{"embeddable":true,"href":"https:\/\/result.uit.no\/udig\/wp-json\/wp\/v2\/users\/35"}],"replies":[{"embeddable":true,"href":"https:\/\/result.uit.no\/udig\/wp-json\/wp\/v2\/comments?post=2876"}],"version-history":[{"count":0,"href":"https:\/\/result.uit.no\/udig\/wp-json\/wp\/v2\/pages\/2876\/revisions"}],"up":[{"embeddable":true,"href":"https:\/\/result.uit.no\/udig\/wp-json\/wp\/v2\/pages\/110"}],"wp:attachment":[{"href":"https:\/\/result.uit.no\/udig\/wp-json\/wp\/v2\/media?parent=2876"}],"curies":[{"name":"wp","href":"https:\/\/api.w.org\/{rel}","templated":true}]}}