{"id":2753,"date":"2016-08-24T08:26:04","date_gmt":"2016-08-24T08:26:04","guid":{"rendered":"https:\/\/result.uit.no\/udig\/?page_id=2753"},"modified":"2023-03-06T12:07:28","modified_gmt":"2023-03-06T12:07:28","slug":"mobile-enheter","status":"publish","type":"page","link":"https:\/\/result.uit.no\/udig\/kursmodulene\/modul-2\/format-og-teknikker\/mobile-enheter\/","title":{"rendered":"Video med mobile enheter"},"content":{"rendered":"<p>[et_pb_section fb_built=&raquo;1&#8243; admin_label=&raquo;section&raquo; _builder_version=&raquo;3.22&#8243;][et_pb_row column_structure=&raquo;3_4,1_4&#8243; admin_label=&raquo;row&raquo; _builder_version=&raquo;3.25&#8243; background_size=&raquo;initial&raquo; background_position=&raquo;top_left&raquo; background_repeat=&raquo;repeat&raquo;][et_pb_column type=&raquo;3_4&#8243; _builder_version=&raquo;3.25&#8243; custom_padding=&raquo;|||&raquo; custom_padding__hover=&raquo;|||&raquo;][et_pb_text _builder_version=&raquo;4.1&#8243;]<\/p>\n<h1 class=\"main_title\">Video med mobile enheter<\/h1>\n<p>[\/et_pb_text][et_pb_text _builder_version=&raquo;4.1&#8243; text_font_size=&raquo;2em&raquo; text_line_height=&raquo;1.45em&raquo; header_2_font_size=&raquo;1em&raquo; header_2_line_height=&raquo;1.3em&raquo; hover_enabled=&raquo;0&#8243; custom_padding=&raquo;||60px|||&raquo;]<\/p>\n<h2><strong>Denne siden <\/strong>er under revisjon da UiT har g\u00e5tt over til Panopto for distribusjon og opptak av video<\/h2>\n<p>[\/et_pb_text][et_pb_text admin_label=&raquo;Text&raquo; _builder_version=&raquo;4.1&#8243; text_font_size=&raquo;1em&raquo; text_line_height=&raquo;1.5em&raquo; background_size=&raquo;initial&raquo; background_position=&raquo;top_left&raquo; background_repeat=&raquo;repeat&raquo;]<\/p>\n<p>For ansatte ved UiT tilbyr Result generelle workshops, og skreddersydde workshops p\u00e5 institutt- og fakultetsniv\u00e5, til alle uDig-kursene. I tillegg til dette er alt kursmateriellet fritt tilgjengelig p\u00e5 disse sidene.<\/p>\n<h2>Hvordan lage undervisningsmateriell med mobiltelefonen<\/h2>\n<p>Med de verkt\u00f8yene vi presenterer her kan du blant annet gi studentene en mer variert tiln\u00e6rming til fagstoffet, og du f\u00e5r en mulighet til \u00e5 integrere undervisning og fagformidling i ditt faglige arbeid. Det blir mulig \u00e5 skape l\u00e6restoff som er n\u00e6rt, umiddelbart og til og med spontant. For \u00e5 f\u00e5 dette til trenger du \u00e5 f\u00e5 kontroll p\u00e5 noen formidlingstekniske grep og litt praktisk videoteknikk. Det er dette vi skal hjelpe deg i gang med i denne delen av uDig.<\/p>\n<p><strong>(Denne videoen finnes ikke lenger og skal erstattes)<\/strong><\/p>\n<p>Alle videoene til kurset er laget med mobiltelefon, og publisert ved hjelp av Techsmith Fuse og &#8211; Relay..<\/p>\n<p>Med smarttelefoner og nettbrett har video- og lydopptak blitt veldig lett tilgjengelig og enkelt \u00e5 bruke. Dette \u00e5pner for en helt ny m\u00e5te \u00e5 kommunisere med studentene dine, og omverdenen, p\u00e5. Ved hjelp av nye publiseringsl\u00f8sninger har det ogs\u00e5 blitt mye enklere \u00e5 bruke egne opptak i undervisningen. Det g\u00e5r an \u00e5 bare sette i gang, men for at du og studentene skal f\u00e5 det meste ut av den tiden du investerer i produksjonen, er det viktig at du har en god plan for hvordan dette skal fungere i din undervisning.<\/p>\n<h3>Planlegging<\/h3>\n<p>Aller f\u00f8rst b\u00f8r du ta deg tid til \u00e5 g\u00e5 igjennom\u00a0v\u00e5re\u00a0generelle r\u00e5d for <a href=\"https:\/\/result.uit.no\/udig\/kursmodulene\/modul-2\/en-innforing-i-ulike-undervisningsmetoder-med-bruk-av-video\/3\/\">planlegging og gjennomf\u00f8ring av undervisning hvor man tar i bruk video<\/a>.<\/p>\n<h3>Introduksjon til bruk av Techsmith Fuse<\/h3>\n<p>I dette kurset tar vi utgangspunkt i opptaks- og publiseringsl\u00f8sningen <a href=\"https:\/\/www.techsmith.com\/fuse.html\">Techsmith Fuse<\/a>. Den hjelper deg med opptak, enkel redigering og publisering fra hvilket som helst sted hvor du har internettilgang.<\/p>\n<p>For \u00e5 komme i gang m\u00e5 du <a href=\"https:\/\/support.ecampus.no\/techsmithrelay\/konto\/\">sette opp din egen bruker p\u00e5 Relay-serveren til Uninett<\/a>, og laste ned appen &laquo;TechSmith Fuse&raquo; til din mobile enhet.<\/p>\n<p>Ta en titt p\u00e5 denne korte videoen som viser deg <a href=\"https:\/\/screencast.uninett.no\/relay\/ansatt\/yna000uit.no\/2016\/09.08\/212204\/Intro_Fuse_-_9._aug._2016_13.30_-_20160809_133754_39.html\">det viktigste du m\u00e5 passe p\u00e5 n\u00e5r du bruker Fuse-appen<\/a>.<\/p>\n<p>N\u00e5r du har kontroll p\u00e5 disse tekniske finurlighetene er du klar for \u00e5 sette i gang og jobbe med opptakene dine.<\/p>\n<h3>Lyd<\/h3>\n<p>I de aller aller fleste tilfellene vil lyden v\u00e6re det viktigste av alt n\u00e5r du gj\u00f8r opptak til undervisning. Det er sv\u00e6rt viktig at stemmen din kommer klart og tydelig igjennom, og ikke forstyrres av st\u00f8y, for at lytteren skal kunne konsentrere seg om det du sier. Hvis du ikke passer p\u00e5 vil studenten bruke mer energi p\u00e5 \u00e5 forst\u00e5 hva du sier enn de gj\u00f8r p\u00e5 \u00e5 l\u00e6re.<\/p>\n<p>Det st\u00f8rste problemet med de mobile enhetene er at du vanligvis ikke har mulighet til \u00e5 lytte til lyden samtidig som du tar den opp. Derfor m\u00e5 du vite hva du skal passe p\u00e5 i de forskjellige situasjonene. Det er veldig nyttig \u00e5 gj\u00f8re pr\u00f8veopptak for \u00e5 sjekke at det ikke er st\u00f8ykilder i n\u00e6rheten som blir forstyrrende.<\/p>\n<h4>Opptak i et kontrollert milj\u00f8<\/h4>\n<p>Lydniv\u00e5et justeres automatisk, s\u00e5 det skal mye til for at du f\u00e5r for h\u00f8y lyd. Lyden kan imidlertid bli for lav. Du f\u00e5r litt hjelp av den intelligente st\u00f8yreduksjonen innebygd i mikrofonen, men denne har sine begrensninger. Du kan overd\u00f8ves av st\u00f8y og f\u00e5 mye romklang, begge gj\u00f8r at det blir vanskelig \u00e5 h\u00f8re hva du sier.<\/p>\n<p>I videoene nedenfor vil du kunne se praktiske eksempler p\u00e5 hva som skal til for \u00e5 f\u00e5 god lyd p\u00e5 opptakene dine, samtidig som vi diskuterer noen praktiske utfordringene i forhold til dette.<\/p>\n<h5>Avstand, akustikk og god lyd<\/h5>\n<p>Det du trenger \u00e5 huske er rett og slett at du skal v\u00e6re s\u00e5 n\u00e6rt mikrofonen som mulig til enhver tid, og holde opptakeren s\u00e5 langt unna st\u00f8ykilder som mulig. I videoen under utfordrer jeg opptakeren ved \u00e5 ha den n\u00e6rt en vifte til en datamaskin, noe som gj\u00f8r lyden flat p\u00e5 min telefon. P\u00e5 andre opptakere kan det gi andre utslag.<\/p>\n<p><strong>(Denne videoen finnes ikke lenger og skal erstattes)<\/strong><\/p>\n<p>&nbsp;<\/p>\n<h4>Opptak i felt<\/h4>\n<p>De utfordrende milj\u00f8ene er ofte de mest spennende milj\u00f8ene: Ute i naturen, i trafikken, p\u00e5 en kaf\u00e9 og s\u00e5 videre. Disse milj\u00f8ene er imidlertid utfordrende \u00e5 jobbe i, spesielt i forhold til lyd. Du vil m\u00e5tte v\u00e6re ekstra n\u00e6rt og snakke litt h\u00f8yere enn ellers. Dette begrenser litt hvilke bilder du kan f\u00e5 siden du hele tiden vil m\u00e5tte v\u00e6re n\u00e6rt den innebygde mikrofonen.<\/p>\n<p><strong>(Denne videoen finnes ikke lenger og skal erstattes)<\/strong><\/p>\n<h3>Bilde<\/h3>\n<p>Her er en huskeliste du kan bruke for \u00e5 sikre deg gode bilder p\u00e5 opptaket ditt. I listen er det videoer som viser hvordan dette arter seg i praksis.<\/p>\n<ul>\n<li>Opps\u00f8k naturlig lys \u2013 du f\u00e5r mye lys, lyset er naturlig og pent, alle kamera handterer dette lyset godt.<\/li>\n<li>Pass deg for motlys \u2013 n\u00e5r forgrunnen blir m\u00f8rkere enn bakgrunnen blir det vanskelig \u00e5 se det du vil vise frem. De fleste mobilkamera klarer \u00e5 kompensere litt for dette, men ikke helt.<\/li>\n<li>Lyssett med det du har \u2013 lyset innend\u00f8rs kan v\u00e6re stygt og svakt, men du kan kompensere litt for dette med vanlige lamper.<\/li>\n<li>Pass deg for blandingslys \u2013blandingslys gir gjerne et lysebl\u00e5tt skj\u00e6r p\u00e5 ene siden og ett oransje skj\u00e6r p\u00e5 den andre. Det er ikke en katastrofe, men det drar det generelle inntrykket ned.<\/li>\n<\/ul>\n<p><strong>(Denne videoen finnes ikke lenger og skal erstattes)<\/strong><\/p>\n<ul>\n<li>Skaff deg ett stativ \u2013 Videoen under er filmet handholdt, p\u00e5 strak arm. Alle de andre videoene er filmet med stativ. Med stativ blir bildet mye mer stabilt og du f\u00e5r mulighet til \u00e5 komponere p\u00e5 flere m\u00e5ter, ikke minst slik at kameraet blir st\u00e5ende h\u00f8yt nok ( i \u00f8yeh\u00f8yde ). Du slipper ogs\u00e5 at alt f\u00e5r et selfie-preg.<\/li>\n<\/ul>\n<p><strong>(Denne videoen finnes ikke lenger og skal erstattes)<\/strong><\/p>\n<h3>Publisering<\/h3>\n<p>Ved UiT Norges arktiske universitet har vi tilgang til TechSmith Relay og Mediasite for publisering. I dene delen fokuserer vi p\u00e5 TechSmith Relay fordi det gjennom Fuse-appen gj\u00f8r det sv\u00e6rt enkelt \u00e5 publisere umiddelbart.<\/p>\n<p>I denne modulen fins det en introduksjon til de <a href=\"https:\/\/result.uit.no\/udig\/kursmodulene\/modul-2\/format-og-teknikker\/camtasiatechsmith\/\">opptaks- og publiseringstjenestene universitetet tilbyr fra TechSmith<\/a>Hvis du \u00f8nsker \u00e5 laste ned opptakene dine fra Relay-serveren for \u00e5 redigere eller ta vare p\u00e5 dem p\u00e5 din maskin eller p\u00e5 en annen publiseringstjeneste, kan du se p\u00e5 denne <a href=\"https:\/\/screencast.uninett.no\/relay\/ansatt\/yna000uit.no\/2016\/26.01\/135000\/Last_ned_og_lagre_video_fra_Uninetts_Techsmith_Rel_-_20160126_152359_39.html\">oppskriften for nedlasting av opptak fra Camtasia Relay<\/a>.<\/p>\n<p>De gangene du lager noe som du og andre skal ha tilgjengelig, og bruke over lang tid, kan det v\u00e6re nyttig \u00e5 laste dette stoffet opp til Mediasite. I Mediasite f\u00e5r du nemlig mulighet til \u00e5 merke stoffet for forskjellige typer s\u00f8k, og begrense tilgangen til stoffet p\u00e5 gruppe- og individniv\u00e5. <a href=\"https:\/\/result.uit.no\/blogg\/mop\/mediasite-en-introduksjon\/\">Her kan du se en introduksjon til bruk av Mediasite.<\/a><\/p>\n<h3>Til slutt<\/h3>\n<p>Bruk tid p\u00e5 planleggingen og jobb med lyden. Det er de omr\u00e5dene det er vanligst \u00e5 undervurder og lettest \u00e5 feile p\u00e5. Vi h\u00e5per at dette har v\u00e6rt en nyttig gjennomgang av de mer tekniske sidene av produksjonen av fagstoff. Hvis du ser mangler eller feil <a href=\"mailto:postmottak@result.uit.no\">h\u00f8rer vi sv\u00e6rt gj\u00e6rne fra deg<\/a>. Husk at for ansatte ved UiT tilbyr Result generelle workshops, og skreddersydde workshops p\u00e5 institutt- og fakultetsniv\u00e5, til alle uDig-kursene.<\/p>\n<p>&nbsp;<\/p>\n<p>[\/et_pb_text][\/et_pb_column][et_pb_column type=&raquo;1_4&#8243; _builder_version=&raquo;3.25&#8243; custom_padding=&raquo;|||&raquo; custom_padding__hover=&raquo;|||&raquo;][et_pb_menu menu_id=&raquo;8&#8243; menu_style=&raquo;centered&raquo; submenu_direction=&raquo;downwards&raquo; admin_label=&raquo;Module 2 &#8211; menu&raquo; _builder_version=&raquo;4.1&#8243; menu_font_size=&raquo;1.1em&raquo; menu_line_height=&raquo;1.2em&raquo; custom_padding=&raquo;64px||||false|false&raquo;][\/et_pb_menu][\/et_pb_column][\/et_pb_row][\/et_pb_section]<\/p>\n","protected":false},"excerpt":{"rendered":"<p>Video med mobile enheterDenne siden er under revisjon da UiT har g\u00e5tt over til Panopto for distribusjon og opptak av video For ansatte ved UiT tilbyr Result generelle workshops, og skreddersydde workshops p\u00e5 institutt- og fakultetsniv\u00e5, til alle uDig-kursene. I tillegg til dette er alt kursmateriellet fritt tilgjengelig p\u00e5 disse sidene. Hvordan lage undervisningsmateriell med [&hellip;]<\/p>\n","protected":false},"author":191,"featured_media":0,"parent":301,"menu_order":0,"comment_status":"closed","ping_status":"closed","template":"","meta":{"_et_pb_use_builder":"on","_et_pb_old_content":"<p>For ansatte ved UiT tilbyr Result generelle workshops, og skreddersydde workshops p\u00e5 institutt- og fakultetsniv\u00e5, til alle uDig-kursene. I tillegg til dette er alt kursmateriellet fritt tilgjengelig p\u00e5 disse sidene.<\/p>\r\n\r\n<h2>Hvordan lage undervisningsmateriell med mobiltelefonen<\/h2>\r\n\r\n<p>Med de verkt\u00f8yene vi presenterer her kan du blant annet gi studentene en mer variert tiln\u00e6rming til fagstoffet, og du f\u00e5r en mulighet til \u00e5 integrere undervisning og fagformidling i ditt faglige arbeid. Det blir mulig \u00e5 skape l\u00e6restoff som er n\u00e6rt, umiddelbart og til og med spontant. For \u00e5 f\u00e5 dette til trenger du \u00e5 f\u00e5 kontroll p\u00e5 noen formidlingstekniske grep og litt praktisk videoteknikk. Det er dette vi skal hjelpe deg i gang med i denne delen av uDig.<\/p>\r\n<p>[iframe src=\"https:\/\/screencast.uninett.no\/relay\/ansatt\/yna000uit.no\/2016\/25.10\/32704\/Introduksjon__-_20161025_124931_39.html\" height=420 width=746 \"]<\/p>\r\n<p>Alle videoene til kurset er laget med mobiltelefon, og publisert ved hjelp av Techsmith Fuse og - Relay..<\/p>\r\n<p>Med smarttelefoner og nettbrett har video- og lydopptak blitt veldig lett tilgjengelig og enkelt \u00e5 bruke. Dette \u00e5pner for en helt ny m\u00e5te \u00e5 kommunisere med studentene dine, og omverdenen, p\u00e5. Ved hjelp av nye publiseringsl\u00f8sninger har det ogs\u00e5 blitt mye enklere \u00e5 bruke egne opptak i undervisningen. Det g\u00e5r an \u00e5 bare sette i gang, men for at du og studentene skal f\u00e5 det meste ut av den tiden du investerer i produksjonen, er det viktig at du har en god plan for hvordan dette skal fungere i din undervisning.<\/p>\r\n<h3>Planlegging<\/h3>\r\n<p>Aller f\u00f8rst b\u00f8r du ta deg tid til \u00e5 g\u00e5 igjennom\u00a0v\u00e5re\u00a0generelle r\u00e5d for <a href=\"https:\/\/result.uit.no\/udig\/kursmodulene\/modul-2\/en-innforing-i-ulike-undervisningsmetoder-med-bruk-av-video\/3\/\">planlegging og gjennomf\u00f8ring av undervisning hvor man tar i bruk video<\/a>.<\/p>\r\n<h3>Introduksjon til bruk av Techsmith Fuse<\/h3>\r\n<p>I dette kurset tar vi utgangspunkt i opptaks- og publiseringsl\u00f8sningen <a href=\"https:\/\/www.techsmith.com\/fuse.html\">Techsmith Fuse<\/a>. Den hjelper deg med opptak, enkel redigering og publisering fra hvilket som helst sted hvor du har internettilgang.<\/p>\r\n<p>For \u00e5 komme i gang m\u00e5 du <a href=\"https:\/\/support.ecampus.no\/techsmithrelay\/konto\/\">sette opp din egen bruker p\u00e5 Relay-serveren til Uninett<\/a>, og laste ned appen \"TechSmith Fuse\" til din mobile enhet.<\/p>\r\n<p>Ta en titt p\u00e5 denne korte videoen som viser deg <a href=\"https:\/\/screencast.uninett.no\/relay\/ansatt\/yna000uit.no\/2016\/09.08\/212204\/Intro_Fuse_-_9._aug._2016_13.30_-_20160809_133754_39.html\">det viktigste du m\u00e5 passe p\u00e5 n\u00e5r du bruker Fuse-appen<\/a>.<\/p>\r\n<p>N\u00e5r du har kontroll p\u00e5 disse tekniske finurlighetene er du klar for \u00e5 sette i gang og jobbe med opptakene dine.<\/p>\r\n<h3>Lyd<\/h3>\r\n<p>I de aller aller fleste tilfellene vil lyden v\u00e6re det viktigste av alt n\u00e5r du gj\u00f8r opptak til undervisning. Det er sv\u00e6rt viktig at stemmen din kommer klart og tydelig igjennom, og ikke forstyrres av st\u00f8y, for at lytteren skal kunne konsentrere seg om det du sier. Hvis du ikke passer p\u00e5 vil studenten bruke mer energi p\u00e5 \u00e5 forst\u00e5 hva du sier enn de gj\u00f8r p\u00e5 \u00e5 l\u00e6re.<\/p>\r\n<p>Det st\u00f8rste problemet med de mobile enhetene er at du vanligvis ikke har mulighet til \u00e5 lytte til lyden samtidig som du tar den opp. Derfor m\u00e5 du vite hva du skal passe p\u00e5 i de forskjellige situasjonene. Det er veldig nyttig \u00e5 gj\u00f8re pr\u00f8veopptak for \u00e5 sjekke at det ikke er st\u00f8ykilder i n\u00e6rheten som blir forstyrrende.<\/p>\r\n<h4>Opptak i et kontrollert milj\u00f8<\/h4>\r\n<p>Lydniv\u00e5et justeres automatisk, s\u00e5 det skal mye til for at du f\u00e5r for h\u00f8y lyd. Lyden kan imidlertid bli for lav. Du f\u00e5r litt hjelp av den intelligente st\u00f8yreduksjonen innebygd i mikrofonen, men denne har sine begrensninger. Du kan overd\u00f8ves av st\u00f8y og f\u00e5 mye romklang, begge gj\u00f8r at det blir vanskelig \u00e5 h\u00f8re hva du sier.<\/p>\r\n<p>I videoene nedenfor vil du kunne se praktiske eksempler p\u00e5 hva som skal til for \u00e5 f\u00e5 god lyd p\u00e5 opptakene dine, samtidig som vi diskuterer noen praktiske utfordringene i forhold til dette.<\/p>\r\n<h5>Avstand, akustikk og god lyd<\/h5>\r\n<p>Det du trenger \u00e5 huske er rett og slett at du skal v\u00e6re s\u00e5 n\u00e6rt mikrofonen som mulig til enhver tid, og holde opptakeren s\u00e5 langt unna st\u00f8ykilder som mulig. I videoen under utfordrer jeg opptakeren ved \u00e5 ha den n\u00e6rt en vifte til en datamaskin, noe som gj\u00f8r lyden flat p\u00e5 min telefon. P\u00e5 andre opptakere kan det gi andre utslag.<\/p>\r\n<p>[iframe src=\"https:\/\/screencast.uninett.no\/relay\/ansatt\/yna000uit.no\/2016\/23.08\/156868\/Lydkvalitet_endelig_-_20160823_122409_36.html\" height=420 width=746 \"]<\/p>\r\n<\/br>\r\n<h4>Opptak i felt<\/h4>\r\n<p>De utfordrende milj\u00f8ene er ofte de mest spennende milj\u00f8ene: Ute i naturen, i trafikken, p\u00e5 en kaf\u00e9 og s\u00e5 videre. Disse milj\u00f8ene er imidlertid utfordrende \u00e5 jobbe i, spesielt i forhold til lyd. Du vil m\u00e5tte v\u00e6re ekstra n\u00e6rt og snakke litt h\u00f8yere enn ellers. Dette begrenser litt hvilke bilder du kan f\u00e5 siden du hele tiden vil m\u00e5tte v\u00e6re n\u00e6rt den innebygde mikrofonen.<\/p>\r\n\r\n<p>[iframe src=\"https:\/\/screencast.uninett.no\/relay\/ansatt\/yna000uit.no\/2016\/05.02\/87229\/Opptak_i_felt_-_20160205_134922_36.html\" height=420 width=746 \"]<\/p>\r\n\r\n<h3>Bilde<\/h3>\r\n<p>Her er en huskeliste du kan bruke for \u00e5 sikre deg gode bilder p\u00e5 opptaket ditt. I listen er det videoer som viser hvordan dette arter seg i praksis.<\/p>\r\n<ul>\r\n\t<li>Opps\u00f8k naturlig lys \u2013 du f\u00e5r mye lys, lyset er naturlig og pent, alle kamera handterer dette lyset godt.<\/li>\r\n\t<li>Pass deg for motlys \u2013 n\u00e5r forgrunnen blir m\u00f8rkere enn bakgrunnen blir det vanskelig \u00e5 se det du vil vise frem. De fleste mobilkamera klarer \u00e5 kompensere litt for dette, men ikke helt.<\/li>\r\n\t<li>Lyssett med det du har \u2013 lyset innend\u00f8rs kan v\u00e6re stygt og svakt, men du kan kompensere litt for dette med vanlige lamper.<\/li>\r\n\t<li>Pass deg for blandingslys \u2013blandingslys gir gjerne et lysebl\u00e5tt skj\u00e6r p\u00e5 ene siden og ett oransje skj\u00e6r p\u00e5 den andre. Det er ikke en katastrofe, men det drar det generelle inntrykket ned.<\/li>\r\n<\/ul>\r\n<p>[iframe src=\"https:\/\/screencast.uninett.no\/relay\/ansatt\/yna000uit.no\/2016\/10.02\/167073\/Bildekvalitet__-_20160210_160112_36.html\" height=420 width=746 \"]<\/p><\/br>\r\n<ul>\r\n\t<li>Skaff deg ett stativ \u2013 Videoen under er filmet handholdt, p\u00e5 strak arm. Alle de andre videoene er filmet med stativ. Med stativ blir bildet mye mer stabilt og du f\u00e5r mulighet til \u00e5 komponere p\u00e5 flere m\u00e5ter, ikke minst slik at kameraet blir st\u00e5ende h\u00f8yt nok ( i \u00f8yeh\u00f8yde ). Du slipper ogs\u00e5 at alt f\u00e5r et selfie-preg.<\/li>\r\n\r\n\r\n<\/ul>\r\n<p>[iframe src=\"https:\/\/screencast.uninett.no\/relay\/ansatt\/yna000uit.no\/2016\/05.02\/50707\/Stativ_-_20160205_134902_39.html\" height=420 width=746 \"]<\/p>\r\n\r\n\r\n<h3>Publisering<\/h3>\r\n<p>Ved UiT Norges arktiske universitet har vi tilgang til TechSmith Relay og Mediasite for publisering. I dene delen fokuserer vi p\u00e5 TechSmith Relay fordi det gjennom Fuse-appen gj\u00f8r det sv\u00e6rt enkelt \u00e5 publisere umiddelbart. <\/p>\r\n<p>I denne modulen fins det en introduksjon til de <a href=\"https:\/\/result.uit.no\/udig\/kursmodulene\/modul-2\/format-og-teknikker\/camtasiatechsmith\/\">opptaks- og publiseringstjenestene universitetet tilbyr fra TechSmith<\/a>Hvis du \u00f8nsker \u00e5 laste ned opptakene dine fra Relay-serveren for \u00e5 redigere eller ta vare p\u00e5 dem p\u00e5 din maskin eller p\u00e5 en annen publiseringstjeneste, kan du se p\u00e5 denne <a href=\"https:\/\/screencast.uninett.no\/relay\/ansatt\/yna000uit.no\/2016\/26.01\/135000\/Last_ned_og_lagre_video_fra_Uninetts_Techsmith_Rel_-_20160126_152359_39.html\">oppskriften for nedlasting av opptak fra Camtasia Relay<\/a>. <\/p>\r\n<p>De gangene du lager noe som du og andre skal ha tilgjengelig, og bruke over lang tid, kan det v\u00e6re nyttig \u00e5 laste dette stoffet opp til Mediasite. I Mediasite f\u00e5r du nemlig mulighet til \u00e5 merke stoffet for forskjellige typer s\u00f8k, og begrense tilgangen til stoffet p\u00e5 gruppe- og individniv\u00e5. <a href=\"https:\/\/result.uit.no\/blogg\/mop\/mediasite-en-introduksjon\/\">Her kan du se en introduksjon til bruk av Mediasite.<\/a><\/p>\r\n\r\n<h3>Til slutt<\/h3>\r\n<p>Bruk tid p\u00e5 planleggingen og jobb med lyden. Det er de omr\u00e5dene det er vanligst \u00e5 undervurder og lettest \u00e5 feile p\u00e5. Vi h\u00e5per at dette har v\u00e6rt en nyttig gjennomgang av de mer tekniske sidene av produksjonen av fagstoff. Hvis du ser mangler eller feil <a href=\"mailto:postmottak@result.uit.no\">h\u00f8rer vi sv\u00e6rt gj\u00e6rne fra deg<\/a>. Husk at for ansatte ved UiT tilbyr Result generelle workshops, og skreddersydde workshops p\u00e5 institutt- og fakultetsniv\u00e5, til alle uDig-kursene.<\/p>\r\n<p>&nbsp;<\/p>","_et_gb_content_width":"","inline_featured_image":false,"iawp_total_views":5,"footnotes":""},"class_list":["post-2753","page","type-page","status-publish","hentry"],"_links":{"self":[{"href":"https:\/\/result.uit.no\/udig\/wp-json\/wp\/v2\/pages\/2753","targetHints":{"allow":["GET"]}}],"collection":[{"href":"https:\/\/result.uit.no\/udig\/wp-json\/wp\/v2\/pages"}],"about":[{"href":"https:\/\/result.uit.no\/udig\/wp-json\/wp\/v2\/types\/page"}],"author":[{"embeddable":true,"href":"https:\/\/result.uit.no\/udig\/wp-json\/wp\/v2\/users\/191"}],"replies":[{"embeddable":true,"href":"https:\/\/result.uit.no\/udig\/wp-json\/wp\/v2\/comments?post=2753"}],"version-history":[{"count":0,"href":"https:\/\/result.uit.no\/udig\/wp-json\/wp\/v2\/pages\/2753\/revisions"}],"up":[{"embeddable":true,"href":"https:\/\/result.uit.no\/udig\/wp-json\/wp\/v2\/pages\/301"}],"wp:attachment":[{"href":"https:\/\/result.uit.no\/udig\/wp-json\/wp\/v2\/media?parent=2753"}],"curies":[{"name":"wp","href":"https:\/\/api.w.org\/{rel}","templated":true}]}}