{"id":2486,"date":"2016-03-17T12:11:26","date_gmt":"2016-03-17T12:11:26","guid":{"rendered":"https:\/\/result.uit.no\/udig\/?page_id=2486"},"modified":"2023-03-08T13:56:17","modified_gmt":"2023-03-08T13:56:17","slug":"avansert-bruk-av-interaktive-tavler","status":"publish","type":"page","link":"https:\/\/result.uit.no\/udig\/kursmodulene\/modul-6-interaktive-tavler\/avansert-bruk-av-interaktive-tavler\/","title":{"rendered":"Avansert bruk av interaktive tavler"},"content":{"rendered":"<p>[et_pb_section fb_built=&raquo;1&#8243; specialty=&raquo;on&raquo; admin_label=&raquo;Seksjon&raquo; _builder_version=&raquo;3.22&#8243;][et_pb_column type=&raquo;3_4&#8243; specialty_columns=&raquo;3&#8243; _builder_version=&raquo;3.25&#8243; custom_padding=&raquo;|||&raquo; custom_padding__hover=&raquo;|||&raquo;][et_pb_row_inner admin_label=&raquo;Rad&raquo; _builder_version=&raquo;3.25&#8243;][et_pb_column_inner saved_specialty_column_type=&raquo;3_4&#8243; _builder_version=&raquo;3.25&#8243; custom_padding=&raquo;|||&raquo; custom_padding__hover=&raquo;|||&raquo;][et_pb_text admin_label=&raquo;H1&#8243; _builder_version=&raquo;4.1&#8243;]<\/p>\n<h1>Avansert bruk av interaktive tavler<\/h1>\n<p>[\/et_pb_text][et_pb_text admin_label=&raquo;Tekst&raquo; _builder_version=&raquo;4.1&#8243; background_size=&raquo;initial&raquo; background_position=&raquo;top_left&raquo; background_repeat=&raquo;repeat&raquo; use_border_color=&raquo;off&raquo; border_color=&raquo;#ffffff&raquo; border_style=&raquo;solid&raquo;]<\/p>\n<h2><strong>Denne siden<span>\u00a0<\/span><\/strong>er under revisjon da UiT har g\u00e5tt over til Panopto for distribusjon og opptak av video<\/h2>\n<p><span style=\"font-size: 16px;\"><\/span><\/p>\n<p><span style=\"font-size: 16px;\">Det fins en rekke mer avanserte applikasjoner til interaktive tavler. Noen fungerer bare p\u00e5 SMART Board, andre kun p\u00e5 EBeam. Derfor skal vi ikke g\u00e5 s\u00e5 dypt inn i disse her, men henvise til eksterne resurser.<\/span><\/p>\n<p>[\/et_pb_text][\/et_pb_column_inner][\/et_pb_row_inner][et_pb_row_inner column_structure=&raquo;1_2,1_2&#8243; admin_label=&raquo;Rad&raquo; _builder_version=&raquo;3.25&#8243;][et_pb_column_inner type=&raquo;1_2&#8243; saved_specialty_column_type=&raquo;3_4&#8243; _builder_version=&raquo;3.25&#8243; custom_padding=&raquo;|||&raquo; custom_padding__hover=&raquo;|||&raquo;][et_pb_text admin_label=&raquo;Tekst&raquo; _builder_version=&raquo;3.27.4&#8243; background_size=&raquo;initial&raquo; background_position=&raquo;top_left&raquo; background_repeat=&raquo;repeat&raquo; use_border_color=&raquo;off&raquo; border_color=&raquo;#ffffff&raquo; border_style=&raquo;solid&raquo;]https:\/\/youtu.be\/bbfLFS2K2rA<\/p>\n<h4>\u00a0<\/h4>\n<h4>\u201dSmart Response\u201d til SMART Board.<\/h4>\n<p>Dette er ett relativt enkelt studentrespons-verkt\u00f8y (en variasjon over \u201dklikkere\u201d) som gir deg mulighet til \u00e5 sette opp forskjellige typer oppgaver og sp\u00f8rreunders\u00f8kelser. Disse kan s\u00e5 benyttes direkte i auditoriet eller klasserommet, ved hjelp av studentenes egne b\u00e6rbare enheter.<\/p>\n<p>[\/et_pb_text][\/et_pb_column_inner][et_pb_column_inner type=&raquo;1_2&#8243; saved_specialty_column_type=&raquo;3_4&#8243; _builder_version=&raquo;3.25&#8243; custom_padding=&raquo;|||&raquo; custom_padding__hover=&raquo;|||&raquo;][et_pb_text admin_label=&raquo;Tekst&raquo; _builder_version=&raquo;3.27.4&#8243; background_size=&raquo;initial&raquo; background_position=&raquo;top_left&raquo; background_repeat=&raquo;repeat&raquo; use_border_color=&raquo;off&raquo; border_color=&raquo;#ffffff&raquo; border_style=&raquo;solid&raquo;]https:\/\/youtu.be\/bbfLFS2K2rA<\/p>\n<h4>\u00a0<\/h4>\n<h4>Kollaborative verkt\u00f8y<\/h4>\n<p>Det fins ogs\u00e5 kollaborative verkt\u00f8y som &laquo;Del budskapet!&raquo; (Shout it out!)<br \/>Hvis denne m\u00e5ten \u00e5 undervise p\u00e5 ser interessant ut, kan du finne ut mer i en annen uDig-modul, ett \u00e5pent nettbaserte kurs i <a href=\"https:\/\/result.uit.no\/udig\/kursmodulene\/modul-4\/\">bruk av klikkere (responssystemer) i undervisning<\/a>. \u00a0<\/p>\n<p>[\/et_pb_text][\/et_pb_column_inner][\/et_pb_row_inner][et_pb_row_inner admin_label=&raquo;Rad&raquo; _builder_version=&raquo;3.25&#8243;][et_pb_column_inner saved_specialty_column_type=&raquo;3_4&#8243; _builder_version=&raquo;3.25&#8243; custom_padding=&raquo;|||&raquo; custom_padding__hover=&raquo;|||&raquo;][et_pb_text admin_label=&raquo;Tekst&raquo; _builder_version=&raquo;3.27.4&#8243; background_size=&raquo;initial&raquo; background_position=&raquo;top_left&raquo; background_repeat=&raquo;repeat&raquo; use_border_color=&raquo;off&raquo; border_color=&raquo;#ffffff&raquo; border_style=&raquo;solid&raquo;]<\/p>\n<h2>Andre eksempler<\/h2>\n<p>Eksemplene nedenfor\u00a0viser hva som er mulig med spesiell programvare\u00a0kombinert med interaktive tavler. Her er de benyttet i sammenheng med fysikk-\/ og helseundervisning.<\/p>\n<p>[\/et_pb_text][\/et_pb_column_inner][\/et_pb_row_inner][et_pb_row_inner column_structure=&raquo;1_2,1_2&#8243; admin_label=&raquo;Rad&raquo; _builder_version=&raquo;3.25&#8243;][et_pb_column_inner type=&raquo;1_2&#8243; saved_specialty_column_type=&raquo;3_4&#8243; _builder_version=&raquo;3.25&#8243; custom_padding=&raquo;|||&raquo; custom_padding__hover=&raquo;|||&raquo;][et_pb_video src=&raquo;https:\/\/www.youtube.com\/watch?v=1l2tDiyRWvw&#038;spfreload=1&#8243; admin_label=&raquo;Video&raquo; _builder_version=&raquo;3.0.47&#8243;] [\/et_pb_video][\/et_pb_column_inner][et_pb_column_inner type=&raquo;1_2&#8243; saved_specialty_column_type=&raquo;3_4&#8243; _builder_version=&raquo;3.25&#8243; custom_padding=&raquo;|||&raquo; custom_padding__hover=&raquo;|||&raquo;][et_pb_video src=&raquo;https:\/\/www.ted.com\/talks\/jack_choi_on_the_virtual_dissection_table#t-83974&#8243; admin_label=&raquo;Video&raquo; _builder_version=&raquo;3.0.47&#8243;] [\/et_pb_video][\/et_pb_column_inner][\/et_pb_row_inner][\/et_pb_column][et_pb_column type=&raquo;1_4&#8243; _builder_version=&raquo;3.25&#8243; custom_padding=&raquo;|||&raquo; custom_padding__hover=&raquo;|||&raquo;][et_pb_menu menu_id=&raquo;12&#8243; menu_style=&raquo;centered&raquo; submenu_direction=&raquo;downwards&raquo; admin_label=&raquo;Module 6 &#8211; menu&raquo; _builder_version=&raquo;4.1&#8243; menu_font_size=&raquo;1.1em&raquo; menu_line_height=&raquo;1.2em&raquo; custom_padding=&raquo;81px||||false|false&raquo;][\/et_pb_menu][\/et_pb_column][\/et_pb_section]<\/p>\n","protected":false},"excerpt":{"rendered":"<p>Avansert bruk av interaktive tavlerDenne siden\u00a0er under revisjon da UiT har g\u00e5tt over til Panopto for distribusjon og opptak av video Det fins en rekke mer avanserte applikasjoner til interaktive tavler. Noen fungerer bare p\u00e5 SMART Board, andre kun p\u00e5 EBeam. Derfor skal vi ikke g\u00e5 s\u00e5 dypt inn i disse her, men henvise til [&hellip;]<\/p>\n","protected":false},"author":7,"featured_media":0,"parent":1892,"menu_order":4,"comment_status":"closed","ping_status":"closed","template":"","meta":{"_et_pb_use_builder":"on","_et_pb_old_content":"<p>Teksten her kommer etterhvert.<\/p><p>Ref. Per Frank Hansen<\/p><p>Her er noen eksempler avansert bruk av interaktive tavler:<\/p><p>https:\/\/www.youtube.com\/watch?v=1l2tDiyRWvw&spfreload=1<\/p><p>https:\/\/www.ted.com\/talks\/jack_choi_on_the_virtual_dissection_table#t-83974<\/p><p>\u00a0<\/p>","_et_gb_content_width":"","inline_featured_image":false,"iawp_total_views":7,"footnotes":""},"class_list":["post-2486","page","type-page","status-publish","hentry"],"_links":{"self":[{"href":"https:\/\/result.uit.no\/udig\/wp-json\/wp\/v2\/pages\/2486","targetHints":{"allow":["GET"]}}],"collection":[{"href":"https:\/\/result.uit.no\/udig\/wp-json\/wp\/v2\/pages"}],"about":[{"href":"https:\/\/result.uit.no\/udig\/wp-json\/wp\/v2\/types\/page"}],"author":[{"embeddable":true,"href":"https:\/\/result.uit.no\/udig\/wp-json\/wp\/v2\/users\/7"}],"replies":[{"embeddable":true,"href":"https:\/\/result.uit.no\/udig\/wp-json\/wp\/v2\/comments?post=2486"}],"version-history":[{"count":0,"href":"https:\/\/result.uit.no\/udig\/wp-json\/wp\/v2\/pages\/2486\/revisions"}],"up":[{"embeddable":true,"href":"https:\/\/result.uit.no\/udig\/wp-json\/wp\/v2\/pages\/1892"}],"wp:attachment":[{"href":"https:\/\/result.uit.no\/udig\/wp-json\/wp\/v2\/media?parent=2486"}],"curies":[{"name":"wp","href":"https:\/\/api.w.org\/{rel}","templated":true}]}}