{"id":2331,"date":"2016-03-07T13:52:43","date_gmt":"2016-03-07T13:52:43","guid":{"rendered":"https:\/\/result.uit.no\/udig\/?page_id=2331"},"modified":"2023-03-08T13:45:45","modified_gmt":"2023-03-08T13:45:45","slug":"laer-a-bruke-interaktive-tavler","status":"publish","type":"page","link":"https:\/\/result.uit.no\/udig\/kursmodulene\/modul-6-interaktive-tavler\/laer-a-bruke-interaktive-tavler\/","title":{"rendered":"L\u00e6r \u00e5 bruke interaktive tavler"},"content":{"rendered":"<p>[et_pb_section fb_built=&raquo;1&#8243; admin_label=&raquo;section&raquo; _builder_version=&raquo;3.22&#8243;][et_pb_row admin_label=&raquo;row&raquo; _builder_version=&raquo;3.25&#8243; background_size=&raquo;initial&raquo; background_position=&raquo;top_left&raquo; background_repeat=&raquo;repeat&raquo; column_structure=&raquo;3_4,1_4&#8243;][et_pb_column type=&raquo;3_4&#8243; _builder_version=&raquo;3.25&#8243; custom_padding=&raquo;|||&raquo; custom_padding__hover=&raquo;|||&raquo;][et_pb_text _builder_version=&raquo;4.1&#8243; admin_label=&raquo;H1&#8243; hover_enabled=&raquo;0&#8243;]<\/p>\n<h1 class=\"main_title\">L\u00e6r \u00e5 bruke interaktive tavler<\/h1>\n<p>[\/et_pb_text][et_pb_text admin_label=&raquo;Text&raquo; _builder_version=&raquo;3.27.4&#8243; background_size=&raquo;initial&raquo; background_position=&raquo;top_left&raquo; background_repeat=&raquo;repeat&raquo;]<\/p>\n<p>I instruksjonsvideoene under bruker vi musikkvideo som eksempel for estetiske fag, men alle teknikkene som tas i bruk vil kunne v\u00e6re nyttige for andre fagfelt. Alle videoene er selvstendige og kan sees for seg selv eller i den rekkef\u00f8lgen du m\u00e5tte \u00f8nske. Du kan klikke \u00f8verst til h\u00f8yre i videoene for \u00e5 f\u00e5 en videospiller som kan skaleres.<\/p>\n<h2>Enkel bruk av den interaktive tavlens egne verkt\u00f8y<\/h2>\n<p>I sin enkleste form kan den interaktive tavlen sees p\u00e5 som et uendelig whiteboard. Videre st\u00f8tter den bruk av multimedia og har mange forskjellige typer <a href=\"https:\/\/result.uit.no\/udig\/kursmodulene\/modul-6-interaktive-tavler\/avansert-bruk-av-interaktive-tavler\/\">avanserte og spennende verkt\u00f8y<\/a>. P\u00e5 det mest avanserte kan tavlen st\u00f8tte studentaktive undervisningsformer. I denne introduksjonsvideoen fokuserer vi p\u00e5 enkel bruk av multimedia og tavlens egne verkt\u00f8y.<\/p>\n\n<!-- iframe plugin v.6.0 wordpress.org\/plugins\/iframe\/ -->\n<iframe src=\"https:\/\/mediasite.uit.no\/Mediasite\/Play\/b26f37e7ba594824b536ae9b0fe054bb1d\" height=\"447\" width=\"794\" scrolling=\"yes\" class=\"iframe-class\" frameborder=\"0\"><\/iframe>\n\n<h2>Interaktive tavler og Powerpoint<\/h2>\n<p>\u00c5 bruke interaktive tavler sammen med Powerpoint er den enkleste m\u00e5ten \u00e5 komme i gang p\u00e5. Ulempen er at mulighetene, og verkt\u00f8yene du har tilgjengelig, blir noe begrensede.<\/p>\n\n<!-- iframe plugin v.6.0 wordpress.org\/plugins\/iframe\/ -->\n<iframe src=\"https:\/\/mediasite.uit.no\/Mediasite\/Play\/e26ab2d343084c1e9a526deb2fed34101d\" height=\"447\" width=\"794\" scrolling=\"yes\" class=\"iframe-class\" frameborder=\"0\"><\/iframe>\n\n<h2>Interaktive tavler med andre applikasjoner<\/h2>\n<p>Du kan i prinsippet ta i bruk hvilket som helst dataprogram og kombinere det med mulighetene en interaktiv tavle gir. Det er litt begrenset hva du kan f\u00e5 til, men her viser vi deg hvordan du kan ta vare p\u00e5 og dele en hvilken som helst prosess. Du kan ogs\u00e5 <a href=\"http:\/\/www.uvett.uit.no\/udig\/mod6\/blikk.pdf\">se p\u00e5 PDF-filen som ble laget i instruksjonsvideoen<\/a>.<\/p>\n\n<!-- iframe plugin v.6.0 wordpress.org\/plugins\/iframe\/ -->\n<iframe src=\"https:\/\/mediasite.uit.no\/Mediasite\/Play\/d30b4ffc65ce4a4caaa9bbbb671735541d\" height=\"447\" width=\"794\" scrolling=\"yes\" class=\"iframe-class\" frameborder=\"0\"><\/iframe>\n\n<p>[\/et_pb_text][\/et_pb_column][et_pb_column type=&raquo;1_4&#8243; _builder_version=&raquo;3.25&#8243; custom_padding=&raquo;|||&raquo; custom_padding__hover=&raquo;|||&raquo;][et_pb_menu menu_id=&raquo;12&#8243; menu_style=&raquo;centered&raquo; submenu_direction=&raquo;downwards&raquo; admin_label=&raquo;Module 6 &#8211; menu&raquo; _builder_version=&raquo;4.1&#8243; menu_font_size=&raquo;1.1em&raquo; menu_line_height=&raquo;1.2em&raquo; custom_padding=&raquo;64px||||false|false&raquo; hover_enabled=&raquo;0&#8243;][\/et_pb_menu][\/et_pb_column][\/et_pb_row][\/et_pb_section]<\/p>\n","protected":false},"excerpt":{"rendered":"<p>L\u00e6r \u00e5 bruke interaktive tavler I instruksjonsvideoene under bruker vi musikkvideo som eksempel for estetiske fag, men alle teknikkene som tas i bruk vil kunne v\u00e6re nyttige for andre fagfelt. Alle videoene er selvstendige og kan sees for seg selv eller i den rekkef\u00f8lgen du m\u00e5tte \u00f8nske. Du kan klikke \u00f8verst til h\u00f8yre i videoene [&hellip;]<\/p>\n","protected":false},"author":191,"featured_media":0,"parent":1892,"menu_order":3,"comment_status":"closed","ping_status":"closed","template":"","meta":{"_et_pb_use_builder":"on","_et_pb_old_content":"<p>I instruksjonsvideoene under bruker vi musikkvideo som eksempel for estetiske fag, men alle teknikkene som tas i bruk vil kunne v\u00e6re nyttige for andre fagfelt. Alle videoene er selvstendige og kan sees for seg selv eller i den rekkef\u00f8lgen du m\u00e5tte \u00f8nske. Du kan klikke \u00f8verst til h\u00f8yre i videoene for \u00e5 f\u00e5 en videospiller som kan skaleres.<\/p><h2>Enkel bruk av den interaktive tavlens egne verkt\u00f8y<\/h2><p>I sin enkleste form kan den interaktive tavlen sees p\u00e5 som et uendelig whiteboard. Videre st\u00f8tter den bruk av multimedia og har mange forskjellige typer <a href=\"https:\/\/result.uit.no\/udig\/kursmodulene\/modul-6-interaktive-tavler\/avansert-bruk-av-interaktive-tavler\/\">avanserte og spennende verkt\u00f8y<\/a>. P\u00e5 det mest avanserte kan tavlen st\u00f8tte studentaktive undervisningsformer. I denne introduksjonsvideoen fokuserer vi p\u00e5 enkel bruk av multimedia og tavlens egne verkt\u00f8y.<\/p><p>[iframe src=\"https:\/\/mediasite.uit.no\/Mediasite\/Play\/b26f37e7ba594824b536ae9b0fe054bb1d\" height=447 width=794]<\/p><h2>Interaktive tavler og Powerpoint<\/h2><p>\u00c5 bruke interaktive tavler sammen med Powerpoint er den enkleste m\u00e5ten \u00e5 komme i gang p\u00e5. Ulempen er at mulighetene, og verkt\u00f8yene du har tilgjengelig, blir noe begrensede.<\/p><p>[iframe src=\"https:\/\/mediasite.uit.no\/Mediasite\/Play\/e26ab2d343084c1e9a526deb2fed34101d\" height=447 width=794]<\/p><h2>Interaktive tavler med andre applikasjoner<\/h2><p>Du kan i prinsippet ta i bruk hvilket som helst dataprogram og kombinere det med mulighetene en interaktiv tavle gir. Det er litt begrenset hva du kan f\u00e5 til, men her viser vi deg hvordan du kan ta vare p\u00e5 og dele en hvilken som helst prosess. Du kan ogs\u00e5 <a href=\"http:\/\/www.uvett.uit.no\/udig\/mod6\/blikk.pdf\">se p\u00e5 PDF-filen som ble laget i instruksjonsvideoen<\/a>.<\/p><p>[iframe src=\"https:\/\/mediasite.uit.no\/Mediasite\/Play\/d30b4ffc65ce4a4caaa9bbbb671735541d\" height=447 width=794]<\/p>","_et_gb_content_width":"","inline_featured_image":false,"iawp_total_views":19,"footnotes":""},"class_list":["post-2331","page","type-page","status-publish","hentry"],"_links":{"self":[{"href":"https:\/\/result.uit.no\/udig\/wp-json\/wp\/v2\/pages\/2331","targetHints":{"allow":["GET"]}}],"collection":[{"href":"https:\/\/result.uit.no\/udig\/wp-json\/wp\/v2\/pages"}],"about":[{"href":"https:\/\/result.uit.no\/udig\/wp-json\/wp\/v2\/types\/page"}],"author":[{"embeddable":true,"href":"https:\/\/result.uit.no\/udig\/wp-json\/wp\/v2\/users\/191"}],"replies":[{"embeddable":true,"href":"https:\/\/result.uit.no\/udig\/wp-json\/wp\/v2\/comments?post=2331"}],"version-history":[{"count":0,"href":"https:\/\/result.uit.no\/udig\/wp-json\/wp\/v2\/pages\/2331\/revisions"}],"up":[{"embeddable":true,"href":"https:\/\/result.uit.no\/udig\/wp-json\/wp\/v2\/pages\/1892"}],"wp:attachment":[{"href":"https:\/\/result.uit.no\/udig\/wp-json\/wp\/v2\/media?parent=2331"}],"curies":[{"name":"wp","href":"https:\/\/api.w.org\/{rel}","templated":true}]}}