{"id":2232,"date":"2016-03-07T11:49:22","date_gmt":"2016-03-07T11:49:22","guid":{"rendered":"https:\/\/result.uit.no\/udig\/?page_id=2232"},"modified":"2024-09-18T09:16:27","modified_gmt":"2024-09-18T09:16:27","slug":"newfront","status":"publish","type":"page","link":"https:\/\/result.uit.no\/udig\/","title":{"rendered":"uDig"},"content":{"rendered":"<p>[et_pb_section fb_built=&raquo;1&#8243; custom_padding_last_edited=&raquo;on|desktop&raquo; admin_label=&raquo;Seksjon&raquo; _builder_version=&raquo;4.16&#8243; background_color=&raquo;#ffffff&raquo; background_image=&raquo;https:\/\/result.uit.no\/udig\/wp-content\/uploads\/sites\/7\/2016\/03\/uDigFrontPosters.png&raquo; custom_padding=&raquo;125px||125px|&raquo; custom_padding_tablet=&raquo;50px|0|50px|0&#8243; custom_padding_phone=&raquo;&raquo; custom_css_main_element=&raquo;background-position: 0px -20px;&raquo; transparent_background=&raquo;off&raquo; padding_mobile=&raquo;off&raquo; global_colors_info=&raquo;{}&raquo;][et_pb_row admin_label=&raquo;Rekke&raquo; _builder_version=&raquo;4.16&#8243; background_size=&raquo;initial&raquo; background_position=&raquo;top_left&raquo; background_repeat=&raquo;repeat&raquo; global_colors_info=&raquo;{}&raquo;][et_pb_column type=&raquo;4_4&#8243; _builder_version=&raquo;4.16&#8243; custom_padding=&raquo;|||&raquo; global_colors_info=&raquo;{}&raquo; custom_padding__hover=&raquo;|||&raquo;][et_pb_blurb title=&raquo;uDig&raquo; url=&raquo;#&raquo; admin_label=&raquo;uDig Front top&raquo; _builder_version=&raquo;4.16&#8243; header_level=&raquo;h1&#8243; header_font=&raquo;PT Sans||||&raquo; header_font_size=&raquo;85&#8243; body_font=&raquo;Lato Light||||&raquo; body_font_size=&raquo;23&#8243; background_size=&raquo;initial&raquo; background_position=&raquo;top_left&raquo; background_repeat=&raquo;repeat&raquo; text_orientation=&raquo;center&raquo; background_layout=&raquo;dark&raquo; custom_css_blurb_content=&raquo;max-width: 650px;||line-height: 1.25em!important;&raquo; use_border_color=&raquo;off&raquo; border_color=&raquo;#ffffff&raquo; border_style=&raquo;solid&raquo; global_colors_info=&raquo;{}&raquo;]<\/p>\n<p>M\u00e5lsettingen med uDig er \u00e5 gi ansatte grunnleggende kunnskap om og praktisk erfaring med bruk av digitale verkt\u00f8y og l\u00e6remidler i sin egen undervisning.<\/p>\n<p>[\/et_pb_blurb][\/et_pb_column][\/et_pb_row][\/et_pb_section][et_pb_section fb_built=&raquo;1&#8243; custom_padding_last_edited=&raquo;on|desktop&raquo; admin_label=&raquo;section&raquo; _builder_version=&raquo;4.16&#8243; background_color=&raquo;#e2d5b3&#8243; custom_padding_tablet=&raquo;50px|0|50px|0&#8243; custom_padding_phone=&raquo;&raquo; transparent_background=&raquo;off&raquo; padding_mobile=&raquo;off&raquo; global_colors_info=&raquo;{}&raquo;][et_pb_row admin_label=&raquo;Rekke&raquo; _builder_version=&raquo;4.16&#8243; background_size=&raquo;initial&raquo; background_position=&raquo;top_left&raquo; background_repeat=&raquo;repeat&raquo; global_colors_info=&raquo;{}&raquo;][et_pb_column type=&raquo;4_4&#8243; _builder_version=&raquo;4.16&#8243; custom_padding=&raquo;|||&raquo; global_colors_info=&raquo;{}&raquo; custom_padding__hover=&raquo;|||&raquo;][et_pb_text admin_label=&raquo;uDig Kursmoduler&raquo; _builder_version=&raquo;4.16&#8243; background_size=&raquo;initial&raquo; background_position=&raquo;top_left&raquo; background_repeat=&raquo;repeat&raquo; use_border_color=&raquo;off&raquo; border_color=&raquo;#ffffff&raquo; border_style=&raquo;solid&raquo; global_colors_info=&raquo;{}&raquo;]<\/p>\n<h2 style=\"text-align: center; font-size: 3em;\">Kursmodulene i uDig<\/h2>\n<h2 style=\"text-align: center;\">\u25bc<\/h2>\n<p>[\/et_pb_text][\/et_pb_column][\/et_pb_row][et_pb_row column_structure=&raquo;1_3,1_3,1_3&#8243; admin_label=&raquo;row&raquo; _builder_version=&raquo;4.16&#8243; background_size=&raquo;initial&raquo; background_position=&raquo;top_left&raquo; background_repeat=&raquo;repeat&raquo; global_colors_info=&raquo;{}&raquo;][et_pb_column type=&raquo;1_3&#8243; _builder_version=&raquo;4.16&#8243; custom_padding=&raquo;|||&raquo; global_colors_info=&raquo;{}&raquo; custom_padding__hover=&raquo;|||&raquo;][et_pb_blurb title=&raquo;1: Design for l\u00e6ring&raquo; url=&raquo;https:\/\/result.uit.no\/mop\/2020\/09\/02\/laeringsdesign-assure\/&raquo; use_icon=&raquo;on&raquo; font_icon=&raquo;&#xe08c;||divi||400&#8243; icon_color=&raquo;#ffffff&raquo; image_icon_background_color=&raquo;#c1b799&#8243; image_icon_width=&raquo;48px&raquo; admin_label=&raquo;Modul 1: Design for l\u00e6ring&raquo; _builder_version=&raquo;4.27.0&#8243; header_level=&raquo;h3&#8243; body_font_size=&raquo;1em&raquo; body_line_height=&raquo;1.5em&raquo; background_size=&raquo;initial&raquo; background_position=&raquo;top_left&raquo; background_repeat=&raquo;repeat&raquo; image_icon_custom_padding=&raquo;25px|25px|25px|25px|false|false&raquo; text_orientation=&raquo;center&raquo; link_option_url=&raquo;https:\/\/result.uit.no\/mop\/2020\/09\/02\/laeringsdesign-assure\/&raquo; hover_enabled=&raquo;0&#8243; border_radii_image=&raquo;on|100%|100%|100%|100%&raquo; use_border_color=&raquo;off&raquo; border_color=&raquo;#ffffff&raquo; border_style=&raquo;solid&raquo; use_circle=&raquo;on&raquo; circle_color=&raquo;#c1b799&#8243; global_colors_info=&raquo;{}&raquo; image_icon_background_color__sticky_enabled=&raquo;#2EA3F2&#8243; image_icon_background_color__sticky=&raquo;#2EA3F2&#8243; url_new_window=&raquo;on&raquo; link_option_url_new_window=&raquo;on&raquo; sticky_enabled=&raquo;0&#8243;]<\/p>\n<p>Bli kjent med ASSURE-modellen for l\u00e6ringsdesign.<\/p>\n<p>[\/et_pb_blurb][et_pb_blurb title=&raquo;4: Flipped classroom og responssystemer&raquo; url=&raquo;https:\/\/result.uit.no\/udig\/kursmodulene\/modul-4\/&raquo; use_icon=&raquo;on&raquo; font_icon=&raquo;&#xe0f2;||divi||400&#8243; icon_color=&raquo;#ffffff&raquo; image_icon_background_color=&raquo;#c1b799&#8243; image_icon_width=&raquo;48px&raquo; admin_label=&raquo;Modul 4: Flipped classroom og responssystemer&raquo; _builder_version=&raquo;4.16&#8243; header_level=&raquo;h3&#8243; header_font_size=&raquo;20&#8243; body_font_size=&raquo;1em&raquo; body_line_height=&raquo;1.5em&raquo; background_size=&raquo;initial&raquo; background_position=&raquo;top_left&raquo; background_repeat=&raquo;repeat&raquo; image_icon_custom_padding=&raquo;25px|25px|25px|25px|false|false&raquo; text_orientation=&raquo;center&raquo; link_option_url=&raquo;https:\/\/result.uit.no\/udig\/kursmodulene\/modul-4\/&raquo; border_radii_image=&raquo;on|100%|100%|100%|100%&raquo; use_border_color=&raquo;off&raquo; border_color=&raquo;#ffffff&raquo; border_style=&raquo;solid&raquo; use_circle=&raquo;on&raquo; circle_color=&raquo;#c1b799&#8243; global_colors_info=&raquo;{}&raquo; image_icon_background_color__sticky_enabled=&raquo;#2EA3F2&#8243; image_icon_background_color__sticky=&raquo;#2EA3F2&#8243;]<\/p>\n<p>Introduksjon til elementer av studentaktivitet i undervisningen og flipping.<\/p>\n<p>[\/et_pb_blurb][\/et_pb_column][et_pb_column type=&raquo;1_3&#8243; _builder_version=&raquo;4.16&#8243; custom_padding=&raquo;|||&raquo; global_colors_info=&raquo;{}&raquo; custom_padding__hover=&raquo;|||&raquo;][et_pb_blurb title=&raquo;2: Bruk av video i undervisning&raquo; url=&raquo;https:\/\/result.uit.no\/udig\/kursmodulene\/modul-2\/&raquo; use_icon=&raquo;on&raquo; font_icon=&raquo;&#xe075;||divi||400&#8243; icon_color=&raquo;#ffffff&raquo; image_icon_background_color=&raquo;#c1b799&#8243; image_icon_width=&raquo;48px&raquo; admin_label=&raquo;Modul 2: Bruk av video i undervisning&raquo; _builder_version=&raquo;4.16&#8243; header_level=&raquo;h3&#8243; body_font_size=&raquo;1em&raquo; body_line_height=&raquo;1.5em&raquo; background_size=&raquo;initial&raquo; background_position=&raquo;top_left&raquo; background_repeat=&raquo;repeat&raquo; image_icon_custom_padding=&raquo;25px|25px|25px|25px|false|false&raquo; text_orientation=&raquo;center&raquo; link_option_url=&raquo;https:\/\/result.uit.no\/udig\/kursmodulene\/modul-2\/&raquo; border_radii_image=&raquo;on|100%|100%|100%|100%&raquo; use_border_color=&raquo;off&raquo; border_color=&raquo;#ffffff&raquo; border_style=&raquo;solid&raquo; use_circle=&raquo;on&raquo; circle_color=&raquo;#c1b799&#8243; global_colors_info=&raquo;{}&raquo; image_icon_background_color__sticky_enabled=&raquo;#2EA3F2&#8243; image_icon_background_color__sticky=&raquo;#2EA3F2&#8243;]<\/p>\n<p>L\u00e6r deg \u00e5 lage og bruke video effektivt som en del av undervisningen din.<\/p>\n<p>[\/et_pb_blurb][et_pb_blurb title=&raquo;5: L\u00e6ringsstrategier&raquo; url=&raquo;https:\/\/result.uit.no\/udig\/kursmodulene\/modul-5-laeringsstrategier\/&raquo; use_icon=&raquo;on&raquo; font_icon=&raquo;&#xe06e;||divi||400&#8243; icon_color=&raquo;#ffffff&raquo; image_icon_background_color=&raquo;#c1b799&#8243; image_icon_width=&raquo;48px&raquo; admin_label=&raquo;Modul 5: Begrepet l\u00e6ringsstrategier&raquo; _builder_version=&raquo;4.16&#8243; header_level=&raquo;h3&#8243; body_font_size=&raquo;1em&raquo; body_line_height=&raquo;1.5em&raquo; background_size=&raquo;initial&raquo; background_position=&raquo;top_left&raquo; background_repeat=&raquo;repeat&raquo; image_icon_custom_padding=&raquo;25px|25px|25px|25px|false|false&raquo; text_orientation=&raquo;center&raquo; link_option_url=&raquo;https:\/\/result.uit.no\/udig\/kursmodulene\/modul-5-laeringsstrategier\/&raquo; border_radii_image=&raquo;on|100%|100%|100%|100%&raquo; use_border_color=&raquo;off&raquo; border_color=&raquo;#ffffff&raquo; border_style=&raquo;solid&raquo; use_circle=&raquo;on&raquo; circle_color=&raquo;#c1b799&#8243; global_colors_info=&raquo;{}&raquo; image_icon_background_color__sticky_enabled=&raquo;#2EA3F2&#8243; image_icon_background_color__sticky=&raquo;#2EA3F2&#8243;]<\/p>\n<p>Hva er l\u00e6ringsstrategier<br \/> og hva sier forskningen om dem?<\/p>\n<p>[\/et_pb_blurb][\/et_pb_column][et_pb_column type=&raquo;1_3&#8243; _builder_version=&raquo;4.16&#8243; custom_padding=&raquo;|||&raquo; global_colors_info=&raquo;{}&raquo; custom_padding__hover=&raquo;|||&raquo;][et_pb_blurb title=&raquo;3: Diskusjon og samhandling p\u00e5 nett&raquo; url=&raquo;https:\/\/result.uit.no\/udig\/kursmodulene\/modul-3\/&raquo; use_icon=&raquo;on&raquo; font_icon=&raquo;&#xe0f9;||divi||400&#8243; icon_color=&raquo;#ffffff&raquo; image_icon_background_color=&raquo;#c1b799&#8243; image_icon_width=&raquo;48px&raquo; admin_label=&raquo;Modul 3: Diskusjoner og samhandling p\u00e5 nett&raquo; _builder_version=&raquo;4.16&#8243; header_level=&raquo;h3&#8243; body_font_size=&raquo;1em&raquo; body_line_height=&raquo;1.5em&raquo; background_size=&raquo;initial&raquo; background_position=&raquo;top_left&raquo; background_repeat=&raquo;repeat&raquo; image_icon_custom_padding=&raquo;25px|25px|25px|25px|false|false&raquo; text_orientation=&raquo;center&raquo; link_option_url=&raquo;https:\/\/result.uit.no\/udig\/kursmodulene\/modul-3\/&raquo; border_radii_image=&raquo;on|100%|100%|100%|100%&raquo; use_border_color=&raquo;off&raquo; border_color=&raquo;#ffffff&raquo; border_style=&raquo;solid&raquo; use_circle=&raquo;on&raquo; circle_color=&raquo;#c1b799&#8243; global_colors_info=&raquo;{}&raquo; image_icon_background_color__sticky_enabled=&raquo;#2EA3F2&#8243; image_icon_background_color__sticky=&raquo;#2EA3F2&#8243;]<\/p>\n<p>L\u00e6r \u00e5 arbeide med b\u00e5de asynkrone og synkrone diskusjoner.<\/p>\n<p>[\/et_pb_blurb][et_pb_blurb title=&raquo;6: Innf\u00f8ring i bruk av digitale tavler&raquo; url=&raquo;https:\/\/result.uit.no\/udig\/kursmodulene\/modul-6-interaktive-tavler\/&raquo; use_icon=&raquo;on&raquo; font_icon=&raquo;&#x6b;||divi||400&#8243; icon_color=&raquo;#ffffff&raquo; image_icon_background_color=&raquo;#c1b799&#8243; image_icon_width=&raquo;48px&raquo; admin_label=&raquo;Modul 6: Innf\u00f8ring i digitale tavler&raquo; _builder_version=&raquo;4.16&#8243; header_level=&raquo;h3&#8243; body_font_size=&raquo;1em&raquo; body_line_height=&raquo;1.5em&raquo; background_size=&raquo;initial&raquo; background_position=&raquo;top_left&raquo; background_repeat=&raquo;repeat&raquo; image_icon_custom_padding=&raquo;25px|25px|25px|25px|false|false&raquo; text_orientation=&raquo;center&raquo; link_option_url=&raquo;https:\/\/result.uit.no\/udig\/kursmodulene\/modul-6-interaktive-tavler\/&raquo; border_radii_image=&raquo;on|100%|100%|100%|100%&raquo; use_border_color=&raquo;off&raquo; border_color=&raquo;#ffffff&raquo; border_style=&raquo;solid&raquo; use_circle=&raquo;on&raquo; circle_color=&raquo;#c1b799&#8243; global_colors_info=&raquo;{}&raquo; image_icon_background_color__sticky_enabled=&raquo;#2EA3F2&#8243; image_icon_background_color__sticky=&raquo;#2EA3F2&#8243;]<\/p>\n<p>Bruk av digitale tavler i h\u00f8yere utdanning. En innf\u00f8ring i bruk.<\/p>\n<p>[\/et_pb_blurb][\/et_pb_column][\/et_pb_row][\/et_pb_section][et_pb_section fb_built=&raquo;1&#8243; custom_padding_last_edited=&raquo;on|desktop&raquo; admin_label=&raquo;Seksjon&raquo; _builder_version=&raquo;4.16&#8243; background_color=&raquo;#5790c1&#8243; custom_padding_tablet=&raquo;50px|0|50px|0&#8243; custom_padding_phone=&raquo;&raquo; transparent_background=&raquo;off&raquo; padding_mobile=&raquo;off&raquo; global_colors_info=&raquo;{}&raquo;][et_pb_row column_structure=&raquo;1_2,1_2&#8243; admin_label=&raquo;Rekke&raquo; _builder_version=&raquo;4.16&#8243; background_size=&raquo;initial&raquo; background_position=&raquo;top_left&raquo; background_repeat=&raquo;repeat&raquo; global_colors_info=&raquo;{}&raquo;][et_pb_column type=&raquo;1_2&#8243; _builder_version=&raquo;4.16&#8243; custom_padding=&raquo;|||&raquo; global_colors_info=&raquo;{}&raquo; custom_padding__hover=&raquo;|||&raquo;][et_pb_text admin_label=&raquo;Om prosjektet uDig&raquo; _builder_version=&raquo;4.16&#8243; text_font_size=&raquo;1em&raquo; text_line_height=&raquo;1.5em&raquo; background_size=&raquo;initial&raquo; background_position=&raquo;top_left&raquo; background_repeat=&raquo;repeat&raquo; background_layout=&raquo;dark&raquo; use_border_color=&raquo;off&raquo; border_color=&raquo;#ffffff&raquo; border_style=&raquo;solid&raquo; global_colors_info=&raquo;{}&raquo;]<\/p>\n<h3 style=\"text-align: left;\">Om uDig<\/h3>\n<p style=\"text-align: left;\">Digital kompetanse har blitt et sentralt tema ved alle h\u00f8yere utdanningsinstitusjoner, s\u00e5 ogs\u00e5 ved UiT- Norges arktiske universitet. Disse kursmodulene er utformet noe annerledes enn tradisjonelle kurs. Modulene er laget etter inspirasjon fra s\u00e5kalte MOOC-kurs, og kjennetegnes i f\u00f8rste rekke ved at deltakelsen i stor grad kan styres av den enkelte kursdeltaker, etter behov og deltakermuligheter. Videre kjennetegnes de ved at det gj\u00f8res \u00e5pent tilgjengelig en rekke digitale l\u00e6ringsressurser \u2013 fra videoer til tradisjonelle vitenskapelige artikler. En viktig del av kursene er videre den praktiske utpr\u00f8vingen av digitale verkt\u00f8y og nettbaserte aktiviteter i egen undervisning.<\/p>\n<p>[\/et_pb_text][\/et_pb_column][et_pb_column type=&raquo;1_2&#8243; _builder_version=&raquo;4.16&#8243; custom_padding=&raquo;|||&raquo; global_colors_info=&raquo;{}&raquo; custom_padding__hover=&raquo;|||&raquo;][et_pb_text module_id=&raquo;font_right_bottom_url&raquo; _builder_version=&raquo;4.16&#8243; text_text_color=&raquo;#ffffff&raquo; text_font_size=&raquo;1em&raquo; text_line_height=&raquo;1.5em&raquo; header_3_text_color=&raquo;#ffffff&raquo; custom_css_main_element=&raquo;||&raquo; global_colors_info=&raquo;{}&raquo;]<\/p>\n<h3>Interessert i skreddersydde kurs?<\/h3>\n<p>Kontakt <a href=\"https:\/\/result.uit.no\" target=\"_blank\" rel=\"noopener noreferrer\" title=\"Kontakt Result ved UiT\">Result<\/a> ved UiT Norges arktiske universitet<\/p>\n<p>[\/et_pb_text][\/et_pb_column][\/et_pb_row][\/et_pb_section][et_pb_section fb_built=&raquo;1&#8243; custom_padding_last_edited=&raquo;on|desktop&raquo; admin_label=&raquo;Seksjon&raquo; _builder_version=&raquo;4.16&#8243; background_color=&raquo;#2d3743&#8243; custom_padding_tablet=&raquo;50px|0|50px|0&#8243; custom_padding_phone=&raquo;&raquo; transparent_background=&raquo;off&raquo; padding_mobile=&raquo;off&raquo; global_colors_info=&raquo;{}&raquo;][et_pb_row column_structure=&raquo;1_4,1_4,1_4,1_4&#8243; admin_label=&raquo;Rekke&raquo; module_id=&raquo;front_footer&raquo; _builder_version=&raquo;4.16&#8243; background_size=&raquo;initial&raquo; background_position=&raquo;top_left&raquo; background_repeat=&raquo;repeat&raquo; global_colors_info=&raquo;{}&raquo;][et_pb_column type=&raquo;1_4&#8243; _builder_version=&raquo;4.16&#8243; custom_padding=&raquo;|||&raquo; global_colors_info=&raquo;{}&raquo; custom_padding__hover=&raquo;|||&raquo;][et_pb_blurb title=&raquo;Support&raquo; image=&raquo;http:\/\/www.elegantthemesimages.com\/images\/premade_blurb_5.png&raquo; admin_label=&raquo;Reklametekst&raquo; _builder_version=&raquo;4.16&#8243; header_level=&raquo;h3&#8243; background_size=&raquo;initial&raquo; background_position=&raquo;top_left&raquo; background_repeat=&raquo;repeat&raquo; text_orientation=&raquo;center&raquo; background_layout=&raquo;dark&raquo; use_border_color=&raquo;off&raquo; border_color=&raquo;#ffffff&raquo; border_style=&raquo;solid&raquo; global_colors_info=&raquo;{}&raquo;]<\/p>\n<p>uDig-teamene er alltid tilgjengelige i s\u00e5 stor grad som mulig. Vi kan kontaktes i serviceportalen til UiT \u2013 <a href=\"https:\/\/uit.topdesk.net\/tas\/public\/ssp\/content\/detail\/service?unid=4cdee3ec4cc646abac400d82a410610f&amp;from=fc440971-93a5-4c90-b43d-5619f911ecc4\" target=\"_blank\" rel=\"noopener noreferrer\" title=\"Lenke til ServicePortalen - Topdesk\">TopDesk<\/a><\/p>\n<p>[\/et_pb_blurb][\/et_pb_column][et_pb_column type=&raquo;1_4&#8243; _builder_version=&raquo;4.16&#8243; custom_padding=&raquo;|||&raquo; global_colors_info=&raquo;{}&raquo; custom_padding__hover=&raquo;|||&raquo;][et_pb_blurb title=&raquo;Innovative ideer&raquo; image=&raquo;http:\/\/www.elegantthemesimages.com\/images\/premade_blurb_6.png&raquo; admin_label=&raquo;Reklametekst&raquo; _builder_version=&raquo;4.16&#8243; header_level=&raquo;h3&#8243; background_size=&raquo;initial&raquo; background_position=&raquo;top_left&raquo; background_repeat=&raquo;repeat&raquo; text_orientation=&raquo;center&raquo; background_layout=&raquo;dark&raquo; use_border_color=&raquo;off&raquo; border_color=&raquo;#ffffff&raquo; border_style=&raquo;solid&raquo; global_colors_info=&raquo;{}&raquo;]<\/p>\n<p>Modulene i uDig er laget for \u00e5 vise muligheter ved bruk av teknologi i undervisning, men vi \u00f8nsker f\u00f8rst og fremst \u00e5 inspirere til egen utforskning.<\/p>\n<p>[\/et_pb_blurb][\/et_pb_column][et_pb_column type=&raquo;1_4&#8243; _builder_version=&raquo;4.16&#8243; custom_padding=&raquo;|||&raquo; global_colors_info=&raquo;{}&raquo; custom_padding__hover=&raquo;|||&raquo;][et_pb_blurb title=&raquo;Avansert teknologi&raquo; image=&raquo;http:\/\/www.elegantthemesimages.com\/images\/premade_blurb_7.png&raquo; admin_label=&raquo;Reklametekst&raquo; _builder_version=&raquo;4.16&#8243; header_level=&raquo;h3&#8243; background_size=&raquo;initial&raquo; background_position=&raquo;top_left&raquo; background_repeat=&raquo;repeat&raquo; text_orientation=&raquo;center&raquo; background_layout=&raquo;dark&raquo; use_border_color=&raquo;off&raquo; border_color=&raquo;#ffffff&raquo; border_style=&raquo;solid&raquo; global_colors_info=&raquo;{}&raquo;]<\/p>\n<p>Bruk av tilgjengelige digitale l\u00e6remidler ved UiT som CMS, LMS, opptak og redigering av egne videoer, m\u00f8te- og diskusjonsverkt\u00f8y og andre l\u00f8sninger, flipping av klasserom og mye mer.<\/p>\n<p>[\/et_pb_blurb][\/et_pb_column][et_pb_column type=&raquo;1_4&#8243; _builder_version=&raquo;4.16&#8243; custom_padding=&raquo;|||&raquo; global_colors_info=&raquo;{}&raquo; custom_padding__hover=&raquo;|||&raquo;][et_pb_blurb title=&raquo;Ryddig kommunikasjon&raquo; image=&raquo;http:\/\/www.elegantthemesimages.com\/images\/premade_blurb_8.png&raquo; admin_label=&raquo;Reklametekst&raquo; _builder_version=&raquo;4.16&#8243; header_level=&raquo;h3&#8243; background_size=&raquo;initial&raquo; background_position=&raquo;top_left&raquo; background_repeat=&raquo;repeat&raquo; text_orientation=&raquo;center&raquo; background_layout=&raquo;dark&raquo; use_border_color=&raquo;off&raquo; border_color=&raquo;#ffffff&raquo; border_style=&raquo;solid&raquo; global_colors_info=&raquo;{}&raquo;]<\/p>\n<p>Hver modul i uDig har en egen arbeidsgruppe. Disse vil kunne svare p\u00e5 det meste av sp\u00f8rsm\u00e5l rettet til den enkelte modul. Vi kan kontaktes i serviceportalen til UiT \u2013 <a href=\"https:\/\/uit.topdesk.net\/tas\/public\/ssp\/content\/detail\/service?unid=4cdee3ec4cc646abac400d82a410610f&amp;from=fc440971-93a5-4c90-b43d-5619f911ecc4\" target=\"_blank\" rel=\"noopener noreferrer\" title=\"Lenke til ServicePortalen - Topdesk\">TopDesk<\/a><\/p>\n<p>[\/et_pb_blurb][\/et_pb_column][\/et_pb_row][\/et_pb_section]<\/p>\n","protected":false},"excerpt":{"rendered":"<p>M\u00e5lsettingen med uDig er \u00e5 gi ansatte grunnleggende kunnskap om og praktisk erfaring med bruk av digitale verkt\u00f8y og l\u00e6remidler i sin egen undervisning.Kursmodulene i uDig\u25bcBli kjent med ASSURE-modellen for l\u00e6ringsdesign.Introduksjon til elementer av studentaktivitet i undervisningen og flipping.L\u00e6r deg \u00e5 lage og bruke video effektivt som en del av undervisningen din.Hva er l\u00e6ringsstrategier og [&hellip;]<\/p>\n","protected":false},"author":3,"featured_media":0,"parent":0,"menu_order":0,"comment_status":"closed","ping_status":"closed","template":"","meta":{"_et_pb_use_builder":"on","_et_pb_old_content":"<p>[et_pb_section admin_label=\"section\" transparent_background=\"off\" background_color=\"#e2d5b3\" allow_player_pause=\"off\" inner_shadow=\"off\" parallax=\"off\" parallax_method=\"off\" padding_mobile=\"off\" make_fullwidth=\"off\" use_custom_width=\"off\" width_unit=\"on\" make_equal=\"off\" use_custom_gutter=\"off\"][et_pb_row admin_label=\"row\"][\/et_pb_row][\/et_pb_section]<\/p>","_et_gb_content_width":"","inline_featured_image":false,"iawp_total_views":228,"footnotes":""},"class_list":["post-2232","page","type-page","status-publish","hentry"],"_links":{"self":[{"href":"https:\/\/result.uit.no\/udig\/wp-json\/wp\/v2\/pages\/2232","targetHints":{"allow":["GET"]}}],"collection":[{"href":"https:\/\/result.uit.no\/udig\/wp-json\/wp\/v2\/pages"}],"about":[{"href":"https:\/\/result.uit.no\/udig\/wp-json\/wp\/v2\/types\/page"}],"author":[{"embeddable":true,"href":"https:\/\/result.uit.no\/udig\/wp-json\/wp\/v2\/users\/3"}],"replies":[{"embeddable":true,"href":"https:\/\/result.uit.no\/udig\/wp-json\/wp\/v2\/comments?post=2232"}],"version-history":[{"count":0,"href":"https:\/\/result.uit.no\/udig\/wp-json\/wp\/v2\/pages\/2232\/revisions"}],"wp:attachment":[{"href":"https:\/\/result.uit.no\/udig\/wp-json\/wp\/v2\/media?parent=2232"}],"curies":[{"name":"wp","href":"https:\/\/api.w.org\/{rel}","templated":true}]}}