{"id":2197,"date":"2016-03-04T08:23:16","date_gmt":"2016-03-04T08:23:16","guid":{"rendered":"https:\/\/result.uit.no\/udig\/?page_id=2197"},"modified":"2023-03-06T12:38:16","modified_gmt":"2023-03-06T12:38:16","slug":"kort-om-lyd","status":"publish","type":"page","link":"https:\/\/result.uit.no\/udig\/kursmodulene\/modul-2\/format-og-teknikker\/kort-om-lyd\/","title":{"rendered":"Kort om lyd"},"content":{"rendered":"<p>[et_pb_section fb_built=&raquo;1&#8243; admin_label=&raquo;section&raquo; _builder_version=&raquo;3.22&#8243;][et_pb_row admin_label=&raquo;row&raquo; _builder_version=&raquo;3.25&#8243; background_size=&raquo;initial&raquo; background_position=&raquo;top_left&raquo; background_repeat=&raquo;repeat&raquo; column_structure=&raquo;3_4,1_4&#8243;][et_pb_column type=&raquo;3_4&#8243; _builder_version=&raquo;3.25&#8243; custom_padding=&raquo;|||&raquo; custom_padding__hover=&raquo;|||&raquo;][et_pb_text _builder_version=&raquo;4.1&#8243; hover_enabled=&raquo;0&#8243;]<\/p>\n<h1>Kort om lyd<\/h1>\n<p>[\/et_pb_text][et_pb_text admin_label=&raquo;Text&raquo; _builder_version=&raquo;4.1&#8243; background_size=&raquo;initial&raquo; background_position=&raquo;top_left&raquo; background_repeat=&raquo;repeat&raquo; hover_enabled=&raquo;0&#8243; text_font_size=&raquo;1em&raquo; text_line_height=&raquo;1.5em&raquo;]<\/p>\n<p><strong>Hodetelefoner<\/strong> \u00c5 kunne lytte til lyden du tar opp, under opptak, er sv\u00e6rt viktig. Den lyden du h\u00f8rer og det mikrofonen plukker opp er ofte sv\u00e6rt forskjellig. Utslaget p\u00e5 lydm\u00e5leren forteller heller ingenting om kvaliteten p\u00e5 lyden. Lytting p\u00e5 det som blir tatt opp er den eneste garantien for at du ikke f\u00e5r uforutsette feil. Feilene som kan oppst\u00e5 f\u00f8rer i verste fall til at du m\u00e5 ut i felt igjen for \u00e5 gj\u00f8re opptak helt p\u00e5 nytt. Vanligvis vil det imidlertid inneb\u00e6re en solid mengde ekstraarbeid av forskjellig art. Det er ekstra bittert n\u00e5r man vet at alt kunne ha v\u00e6rt unng\u00e5tt med et par hodetelefoner med god skjerming. Hvis du ikke f\u00e5r lyttet til den lyden du tar opp under opptak, blir beste l\u00f8sning \u00e5 gj\u00f8re et pr\u00f8veopptak for s\u00e5 \u00e5 lytte p\u00e5 det f\u00f8r du setter i gang p\u00e5 ordentlig. Da er\u00a0det\u00a0imidlertid\u00a0mye vanskeligere \u00e5 f\u00e5 med seg uforutsette feil eller endringer i lydforholdene\u00a0mens du tar opp.<\/p>\n<p style=\"text-align: left;\"><a href=\"https:\/\/result.uit.no\/udig\/wp-content\/uploads\/sites\/7\/2015\/01\/hodetelefoner-sony.jpg\"><img decoding=\"async\" class=\"size-medium wp-image-1643 alignleft lazyload\" data-src=\"https:\/\/result.uit.no\/udig\/wp-content\/uploads\/sites\/7\/2015\/01\/hodetelefoner-sony-300x283.jpg\" alt=\"hodetelefoner sony\" width=\"300\" height=\"283\" data-srcset=\"https:\/\/result.uit.no\/udig\/wp-content\/uploads\/sites\/7\/2015\/01\/hodetelefoner-sony-300x283.jpg 300w, https:\/\/result.uit.no\/udig\/wp-content\/uploads\/sites\/7\/2015\/01\/hodetelefoner-sony.jpg 432w\" data-sizes=\"(max-width: 300px) 100vw, 300px\" src=\"data:image\/svg+xml;base64,PHN2ZyB3aWR0aD0iMSIgaGVpZ2h0PSIxIiB4bWxucz0iaHR0cDovL3d3dy53My5vcmcvMjAwMC9zdmciPjwvc3ZnPg==\" style=\"--smush-placeholder-width: 300px; --smush-placeholder-aspect-ratio: 300\/283;\" \/><\/a>Hode hodetelefoner til lydopptak har solide \u00f8reklokker som demper lyden i rommet, slik at du h\u00f8rer lyden som blir tatt opp tydelig.<\/p>\n<p style=\"text-align: left;\"><strong>Niv\u00e5<\/strong> Hvor langt du kan holde mikrofonen fra lydkilden bestemmes av niv\u00e5et du setter p\u00e5 opptakeren, men hvor h\u00f8yt niv\u00e5 du kan ha p\u00e5 opptakeren bestemmes av hvor mye st\u00f8y det er i rommet og hvordan akustikken er. Jo h\u00f8yre du setter niv\u00e5et, desto mer st\u00f8y og klang fra rommet vil komme med p\u00e5 opptaket. Det er en tommelfingerregel at mikrofonen ikke skal v\u00e6re mer enn 30 centimeter fra lydkilden.<\/p>\n<p style=\"text-align: left;\"><strong>Pass p\u00e5<\/strong> De to tingene som oftest\u00a0\u00f8delegger et \u00a0lydopptak er overstyring og luftst\u00f8y. Overstyring f\u00e5r du hvis du setter niv\u00e5et p\u00e5 opptakeren for h\u00f8yt. Da vil lyden bli sprakende og grov, og i verste fall umulig \u00e5 forst\u00e5. Generelt sett skal utslaget p\u00e5 niv\u00e5-m\u00e5leren toppe seg p\u00e5 rundt 75%. Digitale lydopptak kan godt justeres opp etterp\u00e5, s\u00e5 det er viktigere at du unng\u00e5r overstyring enn at du sikrer deg h\u00f8yt niv\u00e5 p\u00e5 opptaket. Luftst\u00f8y f\u00e5r man som oftest av vind utend\u00f8rs, men den kan ogs\u00e5 for\u00e5rsakes av luftstr\u00f8mmen fra munnen hvis mikrofonen holdes for n\u00e6rt. Man vil da f\u00e5 ubehagelig popping og fresing p\u00e5 lydopptaket. Begge disse problemene er heldigvis enkle \u00e5 oppdage s\u00e5 lenge man lytter ordentlig p\u00e5 opptaket man gj\u00f8r gjennom et par gode hodetelefoner.<\/p>\n<p>[\/et_pb_text][\/et_pb_column][et_pb_column type=&raquo;1_4&#8243; _builder_version=&raquo;3.25&#8243; custom_padding=&raquo;|||&raquo; custom_padding__hover=&raquo;|||&raquo;][et_pb_menu menu_id=&raquo;8&#8243; menu_style=&raquo;centered&raquo; submenu_direction=&raquo;downwards&raquo; admin_label=&raquo;Module 2 &#8211; menu&raquo; _builder_version=&raquo;4.1&#8243; menu_font_size=&raquo;1.1em&raquo; menu_line_height=&raquo;1.2em&raquo; custom_padding=&raquo;64px||||false|false&raquo;][\/et_pb_menu][\/et_pb_column][\/et_pb_row][\/et_pb_section]<\/p>\n","protected":false},"excerpt":{"rendered":"<p>Kort om lyd Hodetelefoner \u00c5 kunne lytte til lyden du tar opp, under opptak, er sv\u00e6rt viktig. Den lyden du h\u00f8rer og det mikrofonen plukker opp er ofte sv\u00e6rt forskjellig. Utslaget p\u00e5 lydm\u00e5leren forteller heller ingenting om kvaliteten p\u00e5 lyden. Lytting p\u00e5 det som blir tatt opp er den eneste garantien for at du ikke [&hellip;]<\/p>\n","protected":false},"author":173,"featured_media":0,"parent":301,"menu_order":7,"comment_status":"closed","ping_status":"closed","template":"","meta":{"_et_pb_use_builder":"on","_et_pb_old_content":"<p><strong>Hodetelefoner<\/strong> \u00c5 kunne lytte til lyden du tar opp, under opptak, er sv\u00e6rt viktig. Den lyden du h\u00f8rer og det mikrofonen plukker opp er ofte sv\u00e6rt forskjellig. Utslaget p\u00e5 lydm\u00e5leren forteller heller ingenting om kvaliteten p\u00e5 lyden. Lytting p\u00e5 det som blir tatt opp er den eneste garantien for at du ikke f\u00e5r uforutsette feil. Feilene som kan oppst\u00e5 f\u00f8rer i verste fall til at du m\u00e5 ut i felt igjen for \u00e5 gj\u00f8re opptak helt p\u00e5 nytt. Vanligvis vil det imidlertid inneb\u00e6re en solid mengde ekstraarbeid av forskjellig art. Det er ekstra bittert n\u00e5r man vet at alt kunne ha v\u00e6rt unng\u00e5tt med et par hodetelefoner med god skjerming. Hvis du ikke f\u00e5r lyttet til den lyden du tar opp under opptak, blir beste l\u00f8sning \u00e5 gj\u00f8re et pr\u00f8veopptak for s\u00e5 \u00e5 lytte p\u00e5 det f\u00f8r du setter i gang p\u00e5 ordentlig. Da er\u00a0det\u00a0imidlertid\u00a0mye vanskeligere \u00e5 f\u00e5 med seg uforutsette feil eller endringer i lydforholdene\u00a0mens du tar opp.<\/p><p style=\"text-align: left;\"><a href=\"https:\/\/result.uit.no\/udig\/wp-content\/uploads\/sites\/7\/2015\/01\/hodetelefoner-sony.jpg\"><img class=\" size-medium wp-image-1643 alignleft\" src=\"https:\/\/result.uit.no\/udig\/wp-content\/uploads\/sites\/7\/2015\/01\/hodetelefoner-sony-300x283.jpg\" alt=\"hodetelefoner sony\" width=\"300\" height=\"283\" \/><\/a>Hode hodetelefoner til lydopptak har solide \u00f8reklokker som demper lyden i rommet, slik at du h\u00f8rer lyden som blir tatt opp tydelig.<\/p><p style=\"text-align: left;\"><strong>Niv\u00e5<\/strong> Hvor langt du kan holde mikrofonen fra lydkilden bestemmes av niv\u00e5et du setter p\u00e5 opptakeren, men hvor h\u00f8yt niv\u00e5 du kan ha p\u00e5 opptakeren bestemmes av hvor mye st\u00f8y det er i rommet og hvordan akustikken er. Jo h\u00f8yre du setter niv\u00e5et, desto mer st\u00f8y og klang fra rommet vil komme med p\u00e5 opptaket. Det er en tommelfingerregel at mikrofonen ikke skal v\u00e6re mer enn 30 centimeter fra lydkilden.<\/p><p style=\"text-align: left;\"><strong>Pass p\u00e5<\/strong> De to tingene som oftest\u00a0\u00f8delegger et \u00a0lydopptak er overstyring og luftst\u00f8y. Overstyring f\u00e5r du hvis du setter niv\u00e5et p\u00e5 opptakeren for h\u00f8yt. Da vil lyden bli sprakende og grov, og i verste fall umulig \u00e5 forst\u00e5. Generelt sett skal utslaget p\u00e5 niv\u00e5-m\u00e5leren toppe seg p\u00e5 rundt 75%. Digitale lydopptak kan godt justeres opp etterp\u00e5, s\u00e5 det er viktigere at du unng\u00e5r overstyring enn at du sikrer deg h\u00f8yt niv\u00e5 p\u00e5 opptaket. Luftst\u00f8y f\u00e5r man som oftest av vind utend\u00f8rs, men den kan ogs\u00e5 for\u00e5rsakes av luftstr\u00f8mmen fra munnen hvis mikrofonen holdes for n\u00e6rt. Man vil da f\u00e5 ubehagelig popping og fresing p\u00e5 lydopptaket. Begge disse problemene er heldigvis enkle \u00e5 oppdage s\u00e5 lenge man lytter ordentlig p\u00e5 opptaket man gj\u00f8r gjennom et par gode hodetelefoner.<\/p>","_et_gb_content_width":"","inline_featured_image":false,"iawp_total_views":3,"footnotes":""},"class_list":["post-2197","page","type-page","status-publish","hentry"],"_links":{"self":[{"href":"https:\/\/result.uit.no\/udig\/wp-json\/wp\/v2\/pages\/2197","targetHints":{"allow":["GET"]}}],"collection":[{"href":"https:\/\/result.uit.no\/udig\/wp-json\/wp\/v2\/pages"}],"about":[{"href":"https:\/\/result.uit.no\/udig\/wp-json\/wp\/v2\/types\/page"}],"author":[{"embeddable":true,"href":"https:\/\/result.uit.no\/udig\/wp-json\/wp\/v2\/users\/173"}],"replies":[{"embeddable":true,"href":"https:\/\/result.uit.no\/udig\/wp-json\/wp\/v2\/comments?post=2197"}],"version-history":[{"count":0,"href":"https:\/\/result.uit.no\/udig\/wp-json\/wp\/v2\/pages\/2197\/revisions"}],"up":[{"embeddable":true,"href":"https:\/\/result.uit.no\/udig\/wp-json\/wp\/v2\/pages\/301"}],"wp:attachment":[{"href":"https:\/\/result.uit.no\/udig\/wp-json\/wp\/v2\/media?parent=2197"}],"curies":[{"name":"wp","href":"https:\/\/api.w.org\/{rel}","templated":true}]}}