{"id":2193,"date":"2016-03-04T08:20:09","date_gmt":"2016-03-04T08:20:09","guid":{"rendered":"https:\/\/result.uit.no\/udig\/?page_id=2193"},"modified":"2023-03-06T12:35:30","modified_gmt":"2023-03-06T12:35:30","slug":"eksempler-pa-opptak-i-studio","status":"publish","type":"page","link":"https:\/\/result.uit.no\/udig\/kursmodulene\/modul-2\/format-og-teknikker\/eksempler-pa-opptak-i-studio\/","title":{"rendered":"Eksempler p\u00e5 opptak"},"content":{"rendered":"<p>[et_pb_section fb_built=&raquo;1&#8243; admin_label=&raquo;section&raquo; _builder_version=&raquo;3.22&#8243;][et_pb_row admin_label=&raquo;row&raquo; _builder_version=&raquo;3.25&#8243; background_size=&raquo;initial&raquo; background_position=&raquo;top_left&raquo; background_repeat=&raquo;repeat&raquo; column_structure=&raquo;3_4,1_4&#8243;][et_pb_column type=&raquo;3_4&#8243; _builder_version=&raquo;3.25&#8243; custom_padding=&raquo;|||&raquo; custom_padding__hover=&raquo;|||&raquo;][et_pb_text _builder_version=&raquo;4.1&#8243; hover_enabled=&raquo;0&#8243;]<\/p>\n<h1>Eksempler p\u00e5 opptak<\/h1>\n<p>[\/et_pb_text][et_pb_text _builder_version=&raquo;4.1&#8243; hover_enabled=&raquo;0&#8243; text_font_size=&raquo;1em&raquo; text_line_height=&raquo;1.5em&raquo;]<\/p>\n<p>Det f\u00f8rste\u00a0eksempelet viser hvordan man kan bruke PC\/Mac skjerm som bakgrunn i video. Den som foreleser kan selv styre hva som viser, det v\u00e6re seg om en bruker presentasjonsverkt\u00f8y som PowerPoint eller Prezi, om man bruker nettsider eller hva som helst som kan vise p\u00e5 skjerm. I dette eksempelet er det ogs\u00e5 lagt inn kapitler, det er er greit \u00e5 bruke hvis man har lange forelesninger eller flere tema.<\/p>\n<p>[\/et_pb_text][et_pb_video src=&raquo;https:\/\/vimeo.com\/805112508&#8243; _builder_version=&raquo;4.1&#8243; hover_enabled=&raquo;0&#8243;][\/et_pb_video][et_pb_text _builder_version=&raquo;4.1&#8243; hover_enabled=&raquo;0&#8243; text_font_size=&raquo;1em&raquo; text_line_height=&raquo;1.5em&raquo;]<\/p>\n<p>I dette eksempelet er det to videokilder, det ene er kamera og det andre er skjermopptak av SmartBoard:<\/p>\n<p>[\/et_pb_text][et_pb_code _builder_version=&raquo;4.1&#8243; hover_enabled=&raquo;0&#8243;]<iframe src=\"https:\/\/uit.cloud.panopto.eu\/Panopto\/Pages\/Embed.aspx?id=f788fcde-ee7c-4b44-987f-aee500c5bcc9&#038;autoplay=false&#038;offerviewer=true&#038;showtitle=true&#038;showbrand=true&#038;captions=false&#038;interactivity=all\" height=\"405\" width=\"100%\" style=\"border: 1px solid #464646;\" allowfullscreen allow=\"autoplay\"><\/iframe>[\/et_pb_code][et_pb_text admin_label=&raquo;Text&raquo; _builder_version=&raquo;4.1&#8243; background_size=&raquo;initial&raquo; background_position=&raquo;top_left&raquo; background_repeat=&raquo;repeat&raquo; hover_enabled=&raquo;0&#8243; text_font_size=&raquo;1em&raquo; text_line_height=&raquo;1.5em&raquo;]<\/p>\n<p><span style=\"line-height: 1.5em;\">Dette eksempelet viser video og kilde, dette er den tradisjonelle m\u00e5ten \u00e5 bruke Mediasite p\u00e5. Video er filmet med kamera og kilden er satt sammen av bilder som blir tatt hver gang det skjer noe p\u00e5 skjermen. Fordelen med dette i forhold til to videokilder er at det kreves mindre b\u00e5ndbredde \u00e5 se dette. I video i dette eksempelet endrer vi bakgrunn fra bl\u00e5 gardin til bilder, animasjon og til slutt SmartBoard.<\/span>\u00a0<\/p>\n<p>[\/et_pb_text][et_pb_video src=&raquo;https:\/\/vimeo.com\/805113261&#8243; _builder_version=&raquo;4.1&#8243; hover_enabled=&raquo;0&#8243;][\/et_pb_video][\/et_pb_column][et_pb_column type=&raquo;1_4&#8243; _builder_version=&raquo;3.25&#8243; custom_padding=&raquo;|||&raquo; custom_padding__hover=&raquo;|||&raquo;][et_pb_menu menu_id=&raquo;8&#8243; menu_style=&raquo;centered&raquo; submenu_direction=&raquo;downwards&raquo; admin_label=&raquo;Module 2 &#8211; menu&raquo; _builder_version=&raquo;4.1&#8243; menu_font_size=&raquo;1.1em&raquo; menu_line_height=&raquo;1.2em&raquo; custom_padding=&raquo;64px||||false|false&raquo;][\/et_pb_menu][\/et_pb_column][\/et_pb_row][\/et_pb_section]<\/p>\n","protected":false},"excerpt":{"rendered":"<p>Eksempler p\u00e5 opptak Det f\u00f8rste\u00a0eksempelet viser hvordan man kan bruke PC\/Mac skjerm som bakgrunn i video. Den som foreleser kan selv styre hva som viser, det v\u00e6re seg om en bruker presentasjonsverkt\u00f8y som PowerPoint eller Prezi, om man bruker nettsider eller hva som helst som kan vise p\u00e5 skjerm. I dette eksempelet er det ogs\u00e5 [&hellip;]<\/p>\n","protected":false},"author":173,"featured_media":0,"parent":301,"menu_order":6,"comment_status":"closed","ping_status":"closed","template":"","meta":{"_et_pb_use_builder":"on","_et_pb_old_content":"<p>Det f\u00f8rste\u00a0eksempelet viser hvordan man kan bruke PC\/Mac skjerm som bakgrunn i video. Den som foreleser kan selv styre hva som viser, det v\u00e6re seg om en bruker presentasjonsverkt\u00f8y som PowerPoint eller Prezi, om man bruker nettsider eller hva som helst som kan vise p\u00e5 skjerm. I dette eksempelet er det ogs\u00e5 lagt inn kapitler, det er er greit \u00e5 bruke hvis man har lange forelesninger eller flere tema.<\/p><p>Du kan trykke p\u00e5 denne knappen i avspiller s\u00e5 vil opptaket \u00e5pne i eget vindu\u00a0<img src=\"https:\/\/result.uit.no\/udig\/wp-content\/uploads\/sites\/7\/2015\/02\/popout.png\" alt=\"\" width=\"29\" height=\"25\" \/>, for kapitler\u00a0<img src=\"https:\/\/result.uit.no\/udig\/wp-content\/uploads\/sites\/7\/2015\/02\/info.png\" alt=\"info\" width=\"26\" height=\"26\" \/>.<\/p><p>[video_placeholder src=\"https:\/\/result.uit.no\/udig\/wp-content\/uploads\/sites\/7\/2016\/03\/eksempel_med_bakrunn.jpg\" videosrc=\"https:\/\/mediasite.uit.no\/Mediasite\/Play\/84c60dc3a06a49e4a2099a9022c839b91d?playFrom=0000&amp;autostart=true\" height=503 width=794] \u00a0<\/p><p>&nbsp;<\/p><p>I dette eksempelet er det to videokilder, det ene er kamera og det andre er skjermopptak av SmartBoard:<\/p><p>[video_placeholder src=\"https:\/\/result.uit.no\/udig\/wp-content\/uploads\/sites\/7\/2016\/03\/dual_video.jpg\" videosrc=\"https:\/\/mediasite.uit.no\/Mediasite\/Play\/1a54838a78bf49a685122d4f0e66d3361d?playFrom=0000&amp;autostart=true\" height=370 width=794] \u00a0<\/p><p>&nbsp;<\/p><p><span style=\"line-height: 1.5em;\">Dette eksempelet viser video og kilde, dette er den tradisjonelle m\u00e5ten \u00e5 bruke Mediasite p\u00e5. Video er filmet med kamera og kilden er satt sammen av bilder som blir tatt hver gang det skjer noe p\u00e5 skjermen. Fordelen med dette i forhold til to videokilder er at det kreves mindre b\u00e5ndbredde \u00e5 se dette. I video i dette eksempelet endrer vi bakgrunn fra bl\u00e5 gardin til bilder, animasjon og til slutt SmartBoard:<\/span><\/p><p>[video_placeholder src=\"https:\/\/result.uit.no\/udig\/wp-content\/uploads\/sites\/7\/2016\/03\/eksempel_video_kilde.jpg\" videosrc=\"https:\/\/mediasite.uit.no\/Mediasite\/Play\/5c916437539b4e7a9d8960cd5af9733e1d?playFrom=0000&amp;autostart=true\" height=580 width=794] \u00a0<\/p><p>&nbsp;<\/p><p>Se ogs\u00e5 Result\u00b4s hjemmeside for <a href=\"https:\/\/result.uit.no\/tjenester\/verktoy-og-learing\/alternative-videoproduksjoner-i-studio\/\" target=\"_blank\">eksempler p\u00e5 videoopptak i studio<\/a><\/p><p>&nbsp;<\/p><p>&nbsp;<\/p>","_et_gb_content_width":"","inline_featured_image":false,"iawp_total_views":4,"footnotes":""},"class_list":["post-2193","page","type-page","status-publish","hentry"],"_links":{"self":[{"href":"https:\/\/result.uit.no\/udig\/wp-json\/wp\/v2\/pages\/2193","targetHints":{"allow":["GET"]}}],"collection":[{"href":"https:\/\/result.uit.no\/udig\/wp-json\/wp\/v2\/pages"}],"about":[{"href":"https:\/\/result.uit.no\/udig\/wp-json\/wp\/v2\/types\/page"}],"author":[{"embeddable":true,"href":"https:\/\/result.uit.no\/udig\/wp-json\/wp\/v2\/users\/173"}],"replies":[{"embeddable":true,"href":"https:\/\/result.uit.no\/udig\/wp-json\/wp\/v2\/comments?post=2193"}],"version-history":[{"count":0,"href":"https:\/\/result.uit.no\/udig\/wp-json\/wp\/v2\/pages\/2193\/revisions"}],"up":[{"embeddable":true,"href":"https:\/\/result.uit.no\/udig\/wp-json\/wp\/v2\/pages\/301"}],"wp:attachment":[{"href":"https:\/\/result.uit.no\/udig\/wp-json\/wp\/v2\/media?parent=2193"}],"curies":[{"name":"wp","href":"https:\/\/api.w.org\/{rel}","templated":true}]}}