{"id":2191,"date":"2016-03-04T08:18:12","date_gmt":"2016-03-04T08:18:12","guid":{"rendered":"https:\/\/result.uit.no\/udig\/?page_id=2191"},"modified":"2023-03-06T12:13:32","modified_gmt":"2023-03-06T12:13:32","slug":"studio-pa-result","status":"publish","type":"page","link":"https:\/\/result.uit.no\/udig\/kursmodulene\/modul-2\/format-og-teknikker\/studio-pa-result\/","title":{"rendered":"Studio p\u00e5 Result"},"content":{"rendered":"<p>[et_pb_section fb_built=&raquo;1&#8243; admin_label=&raquo;section&raquo; _builder_version=&raquo;3.22&#8243;][et_pb_row admin_label=&raquo;row&raquo; _builder_version=&raquo;3.25&#8243; background_size=&raquo;initial&raquo; background_position=&raquo;top_left&raquo; background_repeat=&raquo;repeat&raquo; column_structure=&raquo;3_4,1_4&#8243;][et_pb_column type=&raquo;3_4&#8243; _builder_version=&raquo;3.25&#8243; custom_padding=&raquo;|||&raquo; custom_padding__hover=&raquo;|||&raquo;][et_pb_text _builder_version=&raquo;4.1&#8243; hover_enabled=&raquo;0&#8243;]<\/p>\n<h1>Studio p\u00e5 result<\/h1>\n<p>[\/et_pb_text][et_pb_text _builder_version=&raquo;4.1&#8243; text_font_size=&raquo;2em&raquo; text_line_height=&raquo;1.45em&raquo; header_2_font_size=&raquo;1em&raquo; header_2_line_height=&raquo;1.3em&raquo; hover_enabled=&raquo;0&#8243;]<\/p>\n<h2><strong>Denne siden<span>\u00a0<\/span><\/strong>er under revisjon da UiT har g\u00e5tt over til Panopto for distribusjon og opptak av video<\/h2>\n<p>[\/et_pb_text][et_pb_text admin_label=&raquo;Text&raquo; _builder_version=&raquo;4.1&#8243; background_size=&raquo;initial&raquo; background_position=&raquo;top_left&raquo; background_repeat=&raquo;repeat&raquo; hover_enabled=&raquo;0&#8243;]<\/p>\n<p style=\"text-align: left;\">Vi\u00a0har innredet nytt studio for \u00e5 dekke det \u00f8kende behovet for bruk av film og da spesielt med tanke p\u00e5 kvalitet og hva som fungerer best n\u00e5r man skal lage nettbasert undervisning.<\/p>\n<p style=\"text-align: left;\">Vi bruker flere kamera for bedre vinkling, integrerer aktiv tavle (SmartBoard) hvor det er hensiktsmessig, og vi kan bruker ulike bakgrunn som bilder fra milj\u00f8, presentasjon, nettside eller video\/animasjon. Dette f\u00e5r vi til med &laquo;Chroma key&raquo; eller &laquo;Green Screen&raquo; hvor veggen bak den som blir filmet er farget gr\u00f8nn.<\/p>\n<p style=\"text-align: left;\">P\u00e5 Result sine nettsider vil det ligge eksempler slik at man\u00a0kan f\u00e5 ideer om hva man\u00a0vil gj\u00f8re, har du sett noe p\u00e5 nett du liker, ta dette med s\u00e5 ser vi hva vi kan f\u00e5 til.<\/p>\n<p style=\"text-align: left;\">Her er en liten introduksjon, du kan trykke p\u00e5 denne knappen i avspiller for \u00e5 \u00e5pne\u00a0opptaket i eget\u00a0vindu:<\/p>\n<p>[\/et_pb_text][et_pb_code _builder_version=&raquo;4.1&#8243; hover_enabled=&raquo;0&#8243;]\n\t<div class=\"alignleft\">\n\t<img decoding=\"async\" data-src=\"https:\/\/result.uit.no\/udig\/wp-content\/uploads\/sites\/7\/2015\/04\/studio_result_002.png\" \n\t\t data-video-src=\"https:\/\/mediasite.uit.no\/Mediasite\/Play\/fdfe3e28e44f44359fa4cf93fafcc6111d?playFrom=0000&autostart=true\"\n\t     alt=\"\"\t     \n\t     class=\"video_placeholder lazyload\" \n\t     width=\"794\"\t     height=\"503\"\t      src=\"data:image\/svg+xml;base64,PHN2ZyB3aWR0aD0iMSIgaGVpZ2h0PSIxIiB4bWxucz0iaHR0cDovL3d3dy53My5vcmcvMjAwMC9zdmciPjwvc3ZnPg==\" style=\"--smush-placeholder-width: 794px; --smush-placeholder-aspect-ratio: 794\/503;\">\n\t\t<\/div>\n\t[\/et_pb_code][\/et_pb_column][et_pb_column type=&raquo;1_4&#8243; _builder_version=&raquo;3.25&#8243; custom_padding=&raquo;|||&raquo; custom_padding__hover=&raquo;|||&raquo;][et_pb_menu menu_id=&raquo;8&#8243; menu_style=&raquo;centered&raquo; submenu_direction=&raquo;downwards&raquo; admin_label=&raquo;Module 2 &#8211; menu&raquo; _builder_version=&raquo;4.1&#8243; menu_font_size=&raquo;1.1em&raquo; menu_line_height=&raquo;1.2em&raquo; custom_padding=&raquo;64px||||false|false&raquo;][\/et_pb_menu][\/et_pb_column][\/et_pb_row][\/et_pb_section]<\/p>\n","protected":false},"excerpt":{"rendered":"<p>Studio p\u00e5 result Denne siden\u00a0er under revisjon da UiT har g\u00e5tt over til Panopto for distribusjon og opptak av video Vi\u00a0har innredet nytt studio for \u00e5 dekke det \u00f8kende behovet for bruk av film og da spesielt med tanke p\u00e5 kvalitet og hva som fungerer best n\u00e5r man skal lage nettbasert undervisning. Vi bruker flere [&hellip;]<\/p>\n","protected":false},"author":173,"featured_media":0,"parent":301,"menu_order":5,"comment_status":"closed","ping_status":"closed","template":"","meta":{"_et_pb_use_builder":"on","_et_pb_old_content":"<p style=\"text-align: left;\">Vi\u00a0har innredet nytt studio for \u00e5 dekke det \u00f8kende behovet for bruk av film og da spesielt med tanke p\u00e5 kvalitet og hva som fungerer best n\u00e5r man skal lage nettbasert undervisning.<\/p><p style=\"text-align: left;\">Vi bruker flere kamera for bedre vinkling, integrerer aktiv tavle (SmartBoard) hvor det er hensiktsmessig, og vi kan bruker ulike bakgrunn som bilder fra milj\u00f8, presentasjon, nettside eller video\/animasjon. Dette f\u00e5r vi til med \"Chroma key\" eller \"Green Screen\" hvor veggen bak den som blir filmet er farget gr\u00f8nn.<\/p><p style=\"text-align: left;\">P\u00e5 Result sine nettsider vil det ligge eksempler slik at man\u00a0kan f\u00e5 ideer om hva man\u00a0vil gj\u00f8re, har du sett noe p\u00e5 nett du liker, ta dette med s\u00e5 ser vi hva vi kan f\u00e5 til.<\/p><p style=\"text-align: left;\">Her er en liten introduksjon, du kan trykke p\u00e5 denne knappen i avspiller for \u00e5 \u00e5pne\u00a0opptaket i eget\u00a0vindu\u00a0<img style=\"vertical-align: baseline;\" src=\"https:\/\/result.uit.no\/udig\/wp-content\/uploads\/sites\/7\/2015\/02\/popout.png\" alt=\"\" width=\"29\" height=\"25\" \/>:<\/p><p style=\"text-align: left;\">[video_placeholder src=\"https:\/\/result.uit.no\/udig\/wp-content\/uploads\/sites\/7\/2015\/04\/studio_result_002.png\" videosrc=\"https:\/\/mediasite.uit.no\/Mediasite\/Play\/fdfe3e28e44f44359fa4cf93fafcc6111d?playFrom=0000&amp;autostart=true\" height=503 width=794]<\/p><p style=\"text-align: left;\">\u00a0<\/p><p style=\"text-align: left;\">\u00a0<\/p>","_et_gb_content_width":"","inline_featured_image":false,"iawp_total_views":3,"footnotes":""},"class_list":["post-2191","page","type-page","status-publish","hentry"],"_links":{"self":[{"href":"https:\/\/result.uit.no\/udig\/wp-json\/wp\/v2\/pages\/2191","targetHints":{"allow":["GET"]}}],"collection":[{"href":"https:\/\/result.uit.no\/udig\/wp-json\/wp\/v2\/pages"}],"about":[{"href":"https:\/\/result.uit.no\/udig\/wp-json\/wp\/v2\/types\/page"}],"author":[{"embeddable":true,"href":"https:\/\/result.uit.no\/udig\/wp-json\/wp\/v2\/users\/173"}],"replies":[{"embeddable":true,"href":"https:\/\/result.uit.no\/udig\/wp-json\/wp\/v2\/comments?post=2191"}],"version-history":[{"count":0,"href":"https:\/\/result.uit.no\/udig\/wp-json\/wp\/v2\/pages\/2191\/revisions"}],"up":[{"embeddable":true,"href":"https:\/\/result.uit.no\/udig\/wp-json\/wp\/v2\/pages\/301"}],"wp:attachment":[{"href":"https:\/\/result.uit.no\/udig\/wp-json\/wp\/v2\/media?parent=2191"}],"curies":[{"name":"wp","href":"https:\/\/api.w.org\/{rel}","templated":true}]}}