{"id":2187,"date":"2016-03-03T14:27:40","date_gmt":"2016-03-03T14:27:40","guid":{"rendered":"https:\/\/result.uit.no\/udig\/?page_id=2187"},"modified":"2023-03-06T11:54:56","modified_gmt":"2023-03-06T11:54:56","slug":"youtube-vimeo-mm","status":"publish","type":"page","link":"https:\/\/result.uit.no\/udig\/kursmodulene\/modul-2\/format-og-teknikker\/youtube-vimeo-mm\/","title":{"rendered":"Youtube, Vimeo mm."},"content":{"rendered":"<p>[et_pb_section fb_built=&raquo;1&#8243; admin_label=&raquo;section&raquo; _builder_version=&raquo;3.22&#8243;][et_pb_row admin_label=&raquo;row&raquo; _builder_version=&raquo;3.25&#8243; background_size=&raquo;initial&raquo; background_position=&raquo;top_left&raquo; background_repeat=&raquo;repeat&raquo; column_structure=&raquo;3_4,1_4&#8243;][et_pb_column type=&raquo;3_4&#8243; _builder_version=&raquo;3.25&#8243; custom_padding=&raquo;|||&raquo; custom_padding__hover=&raquo;|||&raquo;][et_pb_text _builder_version=&raquo;4.1&#8243; hover_enabled=&raquo;0&#8243;]<\/p>\n<h1 class=\"main_title\">Youtube, Vimeo mm.<\/h1>\n<p>[\/et_pb_text][et_pb_text admin_label=&raquo;Text&raquo; _builder_version=&raquo;4.1&#8243; background_size=&raquo;initial&raquo; background_position=&raquo;top_left&raquo; background_repeat=&raquo;repeat&raquo; hover_enabled=&raquo;0&#8243; text_font_size=&raquo;1em&raquo; text_line_height=&raquo;1.6em&raquo;]<\/p>\n<p style=\"text-align: left;\">De fleste distribusjons tjenestene som er tilgjengelig p\u00e5 nett er ganske lik \u00e5 komme i gang med. Man oppretter konto, laster opp video, legger inn tilganger og informasjon om video og s\u00e5 f\u00e5r man lenke som man bruker til videre distribusjon.\u00a0De som er mest kjent for de fleste av oss er YouTube og Vimeo.<\/p>\n<p style=\"text-align: left;\">Youtube: Youtube er eid av Google s\u00e5 har du Google-konto kan du bruke denne, alternativt lager du en ny. G\u00e5 inn p\u00e5 <a title=\"Youtube\" href=\"http:\/\/www.youtube.com\" target=\"_blank\" rel=\"noopener\">http:\/\/www.youtube.com<\/a>, \u00ablogg p\u00e5\u00bb kommer inn p\u00e5 innloggingside. Har du ikke konto s\u00e5 velger du \u00abOpprett konto\u00bb.<\/p>\n<p style=\"text-align: left;\">Skriv inn e-post adresse og passord &#8211; \u00abLogg p\u00e5\u00bb<\/p>\n<p style=\"text-align: left;\">I \u00abMin kanal\u00bb i meny til venstre kommer videoene som du laster opp. For \u00e5 laste opp ny video, \u00abLast opp\u00bb oppe til h\u00f8yre. Velg tilgangs niv\u00e5: Offentlig &#8211; Ikke oppf\u00f8rt &#8211; Privat (dette kan endres senere).\u00a0\u00abVelg filer som skal lastes opp\u00bb, finn videofil som skal lastes opp og velg denne.\u00a0Youtube vil n\u00e5 behandle fil, dette tar litt tid ut fra hvor stor filen er. Du kan n\u00e5 skrive inn navn p\u00e5 video, gi en beskrivelse og legge inn etiketter (Tags). Video blir gjort tilgjengelig p\u00e5 nett n\u00e5r du har trykket p\u00e5 \u00abPubliser\u00bb. Du vil n\u00e5 f\u00e5 flere m\u00e5ter \u00e5 videre distribuere video p\u00e5, lenke som kan klippes ut og legges i Fronter og nettsider, ulike sosiale medier, epost. Du kan og hente kode for \u00e5 bygge video inn i nettside.<\/p>\n<p style=\"text-align: left;\">G\u00e5 til \u00abMine kanaler\u00bb, her kan du velge video og se denne. I \u00abVideobehandler\u00bb finnes flere verkt\u00f8y for etterbehandling, tilgangskontroll og sletting.<\/p>\n<p>Vimeo: G\u00e5 til <a title=\"Vimeo\" href=\"https:\/\/vimeo.com\" target=\"_blank\" rel=\"noopener\">https:\/\/vimeo.com<\/a>, \u00abLog in\u00bb eller skriv inn navn, e-post og \u00f8nsket passord &#8211; \u00abJoin\u00bb for \u00e5 opprette ny bruker. Kan ogs\u00e5 opprette bruker med Facebook p\u00e5logging, \u00abJoin with Facebook\u00bb. I \u00abVideos\u00bb i meny \u00f8verst p\u00e5 siden kommer video du laster opp. For \u00e5 laste opp ny, \u00abUpload a video\u00bb &#8211; \u00abChoose a Video to Upload\u00bb, finn videofil som skal lastes opp og velg denne, \u00abUpload Selected Videos\u00bb. Filen lastes n\u00e5 til Vimeo, du kan n\u00e5 skrive inn navn p\u00e5 video, gi en beskrivelse, spr\u00e5k og legge inn etiketter (Tags). I \u00abPrivacy\u00bb setter du tilgang, alt dette kan ogs\u00e5 gj\u00f8res senere.\u00a0Velg \u00abGo to video\u00bb, hvis video ikke er ferdig \u00e5 laste opp st\u00e5r det \u00abWaiting in line\u00bb. N\u00e5r video er klar vil du f\u00e5 epost med lenke etc. for vidre distribusjon. Lenke kan ogs\u00e5 hentes fra &laquo;Share&raquo; (papirfly icon p\u00e5 video). \u00d8nsker du \u00e5 gj\u00f8re endringer i innstillingene p\u00e5 video g\u00e5r du til \u00abSettings\u00bb, her finnes verkt\u00f8y for etterbehandling, tilgangskontroll og sletting.<\/p>\n<p>[\/et_pb_text][\/et_pb_column][et_pb_column type=&raquo;1_4&#8243; _builder_version=&raquo;3.25&#8243; custom_padding=&raquo;|||&raquo; custom_padding__hover=&raquo;|||&raquo;][et_pb_menu menu_id=&raquo;8&#8243; menu_style=&raquo;centered&raquo; submenu_direction=&raquo;downwards&raquo; admin_label=&raquo;Module 2 &#8211; menu&raquo; _builder_version=&raquo;4.1&#8243; menu_font_size=&raquo;1.1em&raquo; menu_line_height=&raquo;1.2em&raquo; custom_padding=&raquo;64px||||false|false&raquo;][\/et_pb_menu][\/et_pb_column][\/et_pb_row][\/et_pb_section]<\/p>\n","protected":false},"excerpt":{"rendered":"<p>Youtube, Vimeo mm. De fleste distribusjons tjenestene som er tilgjengelig p\u00e5 nett er ganske lik \u00e5 komme i gang med. Man oppretter konto, laster opp video, legger inn tilganger og informasjon om video og s\u00e5 f\u00e5r man lenke som man bruker til videre distribusjon.\u00a0De som er mest kjent for de fleste av oss er YouTube [&hellip;]<\/p>\n","protected":false},"author":173,"featured_media":0,"parent":301,"menu_order":4,"comment_status":"closed","ping_status":"closed","template":"","meta":{"_et_pb_use_builder":"on","_et_pb_old_content":"<p style=\"text-align: left;\">De fleste distribusjons tjenestene som er tilgjengelig p\u00e5 nett er ganske lik \u00e5 komme i gang med. Man oppretter konto, laster opp video, legger inn tilganger og informasjon om video og s\u00e5 f\u00e5r man lenke som man bruker til videre distribusjon.\u00a0De som er mest kjent for de fleste av oss er YouTube og Vimeo.<\/p><p style=\"text-align: left;\">Youtube: Youtube er eid av Google s\u00e5 har du Google-konto kan du bruke denne, alternativt lager du en ny. G\u00e5 inn p\u00e5 <a title=\"Youtube\" href=\"http:\/\/www.youtube.com\" target=\"_blank\">http:\/\/www.youtube.com<\/a>, \u00ablogg p\u00e5\u00bb kommer inn p\u00e5 innloggingside. Har du ikke konto s\u00e5 velger du \u00abOpprett konto\u00bb.<\/p><p style=\"text-align: left;\">Skriv inn e-post adresse og passord - \u00abLogg p\u00e5\u00bb<\/p><p style=\"text-align: left;\">I \u00abMin kanal\u00bb i meny til venstre kommer videoene som du laster opp. For \u00e5 laste opp ny video, \u00abLast opp\u00bb oppe til h\u00f8yre. Velg tilgangs niv\u00e5: Offentlig - Ikke oppf\u00f8rt - Privat (dette kan endres senere).\u00a0\u00abVelg filer som skal lastes opp\u00bb, finn videofil som skal lastes opp og velg denne.\u00a0Youtube vil n\u00e5 behandle fil, dette tar litt tid ut fra hvor stor filen er. Du kan n\u00e5 skrive inn navn p\u00e5 video, gi en beskrivelse og legge inn etiketter (Tags). Video blir gjort tilgjengelig p\u00e5 nett n\u00e5r du har trykket p\u00e5 \u00abPubliser\u00bb. Du vil n\u00e5 f\u00e5 flere m\u00e5ter \u00e5 videre distribuere video p\u00e5, lenke som kan klippes ut og legges i Fronter og nettsider, ulike sosiale medier, epost. Du kan og hente kode for \u00e5 bygge video inn i nettside.<\/p><p style=\"text-align: left;\">G\u00e5 til \u00abMine kanaler\u00bb, her kan du velge video og se denne. I \u00abVideobehandler\u00bb finnes flere verkt\u00f8y for etterbehandling, tilgangskontroll og sletting.<\/p><p>Vimeo: G\u00e5 til <a title=\"Vimeo\" href=\"https:\/\/vimeo.com\" target=\"_blank\">https:\/\/vimeo.com<\/a>, \u00abLog in\u00bb eller skriv inn navn, e-post og \u00f8nsket passord - \u00abJoin\u00bb for \u00e5 opprette ny bruker. Kan ogs\u00e5 opprette bruker med Facebook p\u00e5logging, \u00abJoin with Facebook\u00bb. I \u00abVideos\u00bb i meny \u00f8verst p\u00e5 siden kommer video du laster opp. For \u00e5 laste opp ny, \u00abUpload a video\u00bb - \u00abChoose a Video to Upload\u00bb, finn videofil som skal lastes opp og velg denne, \u00abUpload Selected Videos\u00bb. Filen lastes n\u00e5 til Vimeo, du kan n\u00e5 skrive inn navn p\u00e5 video, gi en beskrivelse, spr\u00e5k og legge inn etiketter (Tags). I \u00abPrivacy\u00bb setter du tilgang, alt dette kan ogs\u00e5 gj\u00f8res senere.\u00a0Velg \u00abGo to video\u00bb, hvis video ikke er ferdig \u00e5 laste opp st\u00e5r det \u00abWaiting in line\u00bb. N\u00e5r video er klar vil du f\u00e5 epost med lenke etc. for vidre distribusjon. Lenke kan ogs\u00e5 hentes fra \"Share\" (papirfly icon p\u00e5 video). \u00d8nsker du \u00e5 gj\u00f8re endringer i innstillingene p\u00e5 video g\u00e5r du til \u00abSettings\u00bb, her finnes verkt\u00f8y for etterbehandling, tilgangskontroll og sletting.<\/p>","_et_gb_content_width":"","inline_featured_image":false,"iawp_total_views":21,"footnotes":""},"class_list":["post-2187","page","type-page","status-publish","hentry"],"_links":{"self":[{"href":"https:\/\/result.uit.no\/udig\/wp-json\/wp\/v2\/pages\/2187","targetHints":{"allow":["GET"]}}],"collection":[{"href":"https:\/\/result.uit.no\/udig\/wp-json\/wp\/v2\/pages"}],"about":[{"href":"https:\/\/result.uit.no\/udig\/wp-json\/wp\/v2\/types\/page"}],"author":[{"embeddable":true,"href":"https:\/\/result.uit.no\/udig\/wp-json\/wp\/v2\/users\/173"}],"replies":[{"embeddable":true,"href":"https:\/\/result.uit.no\/udig\/wp-json\/wp\/v2\/comments?post=2187"}],"version-history":[{"count":0,"href":"https:\/\/result.uit.no\/udig\/wp-json\/wp\/v2\/pages\/2187\/revisions"}],"up":[{"embeddable":true,"href":"https:\/\/result.uit.no\/udig\/wp-json\/wp\/v2\/pages\/301"}],"wp:attachment":[{"href":"https:\/\/result.uit.no\/udig\/wp-json\/wp\/v2\/media?parent=2187"}],"curies":[{"name":"wp","href":"https:\/\/api.w.org\/{rel}","templated":true}]}}