{"id":2181,"date":"2016-03-03T14:23:03","date_gmt":"2016-03-03T14:23:03","guid":{"rendered":"https:\/\/result.uit.no\/udig\/?page_id=2181"},"modified":"2023-03-06T11:47:39","modified_gmt":"2023-03-06T11:47:39","slug":"camtasiatechsmith","status":"publish","type":"page","link":"https:\/\/result.uit.no\/udig\/kursmodulene\/modul-2\/format-og-teknikker\/camtasiatechsmith\/","title":{"rendered":"TechSmith\/Camtasia"},"content":{"rendered":"<p>[et_pb_section fb_built=&raquo;1&#8243; admin_label=&raquo;section&raquo; _builder_version=&raquo;3.22&#8243;][et_pb_row admin_label=&raquo;row&raquo; _builder_version=&raquo;3.25&#8243; background_size=&raquo;initial&raquo; background_position=&raquo;top_left&raquo; background_repeat=&raquo;repeat&raquo; column_structure=&raquo;3_4,1_4&#8243;][et_pb_column type=&raquo;3_4&#8243; _builder_version=&raquo;3.25&#8243; custom_padding=&raquo;|||&raquo; custom_padding__hover=&raquo;|||&raquo;][et_pb_text _builder_version=&raquo;4.1&#8243; hover_enabled=&raquo;0&#8243;]<\/p>\n<h1>TechSmith\/Camtasia<\/h1>\n<p>[\/et_pb_text][et_pb_text admin_label=&raquo;Text&raquo; _builder_version=&raquo;4.1&#8243; background_size=&raquo;initial&raquo; background_position=&raquo;top_left&raquo; background_repeat=&raquo;repeat&raquo; hover_enabled=&raquo;0&#8243; text_font_size=&raquo;1em&raquo; text_line_height=&raquo;1.45em&raquo;]<\/p>\n<p style=\"text-align: left;\"><strong>TechSmith Relay<\/strong><\/p>\n<p style=\"text-align: left;\">Relay er skjermopptak- administrasjon og distribusjonsverkt\u00f8y.<\/p>\n<p style=\"text-align: left;\">Vi anbefaler \u00e5 bruke Relay hvis du skal gj\u00f8re skjermopptak og ikke har s\u00e6rlig behov for redigering eller administrasjon. Terskelen med \u00e5 komme i gang med Relay er lav, men man kan gj\u00f8re veldig fine produksjoner hvis man legger litt tid i forberedelse. N\u00e5r opptak er gjort lastes den automatisk til distribusjonstjeneste, man f\u00e5r tilsendt en lenke p\u00e5 epost for videre distribusjon som for eksempel\u00a0i Fronter, p\u00e5 nettsider, sosiale media m.m.<\/p>\n<p style=\"text-align: left;\"><span style=\"line-height: 1.5em;\">Uninett eCampus som drifter denne tjenesten har laget en bra oversikt som ogs\u00e5 viser hvordan du kommer i gang:\u00a0<\/span><a style=\"line-height: 1.5em;\" title=\"Relay\" href=\"https:\/\/support.ecampus.no\/techsmithrelay\/\" target=\"_blank\" rel=\"noopener noreferrer\">https:\/\/support.ecampus.no\/techsmithrelay<\/a><\/p>\n<p style=\"text-align: left;\"><strong>TechSmith Fuse<\/strong><\/p>\n<p style=\"text-align: left;\">Fuse er basert p\u00e5 samme tjeneste som Relay men her laster du video fra\u00a0smarttelefon eller nettbrett (iOS\/Android\/Windows) til\u00a0distribusjonstjenesten til Relay. Se ogs\u00e5 v\u00e5rt kurs i <a href=\"https:\/\/result.uit.no\/udig\/kursmodulene\/modul-2\/format-og-teknikker\/mobile-enheter\/\">videoopptak med mobile enheter<\/a>. Du henter Fuse appen fra AppStore\/Google play\/Windows Store, og setter den opp med\u00a0<strong><em><code>relay.uninett.no\/<\/code><\/em><\/strong> som adresse til tjenesten &#8211; og med ditt eget brukernavn og passord.<\/p>\n<p style=\"text-align: left;\">*\u00a0TechSmith Relay og Fuse er fritt tilgjengelig for UiT ansatte!<\/p>\n<p style=\"text-align: left;\"><strong>Camtasia Studio<\/strong><\/p>\n<p style=\"text-align: left;\">Dette er skjermopptak- og videoredigeringsprogram. I Camtasia Studio har man flere alternativer n\u00e5r man gj\u00f8r skjermopptak som \u00e5 definere omr\u00e5det man tar opp (Fuse tar opp hele skjermbildet). Dette er en mer avansert form for videoredigering med mulighet for ulike videoeffekter.<\/p>\n<p style=\"text-align: left;\">For distribusjon kan man laste ferdige opptak fra studio direkte til \u00a0TechSmith Relay tjeneren og f\u00e5 lenkene tilsendt p\u00e5 epost. Det er ogs\u00e5 mulig \u00e5 publisere opptaket direkte p\u00e5 YouTube og en del andre kanaler. En annen mulighet er \u00e5 lagre de ferdig redigerte opptakene lokalt og laste de opp p\u00e5 MyMediasite.<\/p>\n<p style=\"text-align: left;\">*\u00a0Camtasia Studio kan man bestille p\u00e5:<\/p>\n<p style=\"text-align: left;\">\u00a0<a title=\"Bbestillings web\" href=\"http:\/\/uit.no\/bestillingsweb\/underkategori?p_document_id=311514\" target=\"_blank\" rel=\"noopener noreferrer\">UiT bestillingsweb<\/a>\u00a0(krever Feide p\u00e5logging!).<\/p>\n<p style=\"text-align: left;\">\u00d8nsker du \u00e5 pr\u00f8ve kan du laste ned tidsbegrenset versjon her:<\/p>\n<p style=\"text-align: left;\"><a title=\"Camtasia Studio trial\" href=\"http:\/\/www.techsmith.com\/download\/camtasia\/\" target=\"_blank\" rel=\"noopener noreferrer\">http:\/\/www.techsmith.com\/download\/camtasia\/<\/a><\/p>\n<p style=\"text-align: left;\">Lenker til TechSmith:<\/p>\n<ul>\n<li style=\"text-align: left;\">TechSmith Relay:\u00a0<a title=\"TechSmith Relay\" href=\"http:\/\/www.techsmith.com\/techsmith-relay.html\" target=\"_blank\" rel=\"noopener noreferrer\">http:\/\/www.techsmith.com\/techsmith-relay.html<\/a><\/li>\n<li style=\"text-align: left;\">TechSmith Fuse:\u00a0<a title=\"TechSmith Fuse\" href=\"http:\/\/www.techsmith.com\/fuse.html\" target=\"_blank\" rel=\"noopener noreferrer\">http:\/\/www.techsmith.com\/fuse.html<\/a><\/li>\n<li style=\"text-align: left;\"><span style=\"line-height: 1.5em;\">Camtasia Studio: <a title=\"Camtasia Studio\" href=\"http:\/\/www.techsmith.com\/camtasia.html\" target=\"_blank\" rel=\"noopener noreferrer\">http:\/\/www.techsmith.com\/camtasia.html<\/a><\/span><\/li>\n<\/ul>\n<p>[\/et_pb_text][\/et_pb_column][et_pb_column type=&raquo;1_4&#8243; _builder_version=&raquo;3.25&#8243; custom_padding=&raquo;|||&raquo; custom_padding__hover=&raquo;|||&raquo;][et_pb_menu menu_id=&raquo;8&#8243; menu_style=&raquo;centered&raquo; submenu_direction=&raquo;downwards&raquo; admin_label=&raquo;Module 2 &#8211; menu&raquo; _builder_version=&raquo;4.1&#8243; menu_font_size=&raquo;1.1em&raquo; menu_line_height=&raquo;1.2em&raquo; custom_padding=&raquo;65px||||false|false&raquo;][\/et_pb_menu][\/et_pb_column][\/et_pb_row][\/et_pb_section]<\/p>\n","protected":false},"excerpt":{"rendered":"<p>TechSmith\/Camtasia TechSmith Relay Relay er skjermopptak- administrasjon og distribusjonsverkt\u00f8y. Vi anbefaler \u00e5 bruke Relay hvis du skal gj\u00f8re skjermopptak og ikke har s\u00e6rlig behov for redigering eller administrasjon. Terskelen med \u00e5 komme i gang med Relay er lav, men man kan gj\u00f8re veldig fine produksjoner hvis man legger litt tid i forberedelse. N\u00e5r opptak er [&hellip;]<\/p>\n","protected":false},"author":173,"featured_media":0,"parent":301,"menu_order":2,"comment_status":"closed","ping_status":"closed","template":"","meta":{"_et_pb_use_builder":"on","_et_pb_old_content":"<p style=\"text-align: left;\"><strong>TechSmith Relay<\/strong><\/p>\n<p style=\"text-align: left;\">Relay er skjermopptak- administrasjon og distribusjonsverkt\u00f8y.<\/p>\n<p style=\"text-align: left;\">Vi anbefaler \u00e5 bruke Relay hvis du skal gj\u00f8re skjermopptak og ikke har s\u00e6rlig behov for redigering eller administrasjon. Terskelen med \u00e5 komme i gang med Relay er lav, men man kan gj\u00f8re veldig fine produksjoner hvis man legger litt tid i forberedelse. N\u00e5r opptak er gjort lastes den automatisk til distribusjonstjeneste, man f\u00e5r tilsendt en lenke p\u00e5 epost for videre distribusjon som for eksempel\u00a0i Fronter, p\u00e5 nettsider, sosiale media m.m.<\/p>\n<p style=\"text-align: left;\"><span style=\"line-height: 1.5em;\">Uninett eCampus som drifter denne tjenesten har laget en bra oversikt som ogs\u00e5 viser hvordan du kommer i gang:\u00a0<\/span><a style=\"line-height: 1.5em;\" title=\"Relay\" href=\"https:\/\/support.ecampus.no\/techsmithrelay\/\" target=\"_blank\" rel=\"noopener noreferrer\">https:\/\/support.ecampus.no\/techsmithrelay<\/a><\/p>\n<p style=\"text-align: left;\"><strong>TechSmith Fuse<\/strong><\/p>\n<p style=\"text-align: left;\">Fuse er basert p\u00e5 samme tjeneste som Relay men her laster du video fra\u00a0smarttelefon eller nettbrett (iOS\/Android\/Windows) til\u00a0distribusjonstjenesten til Relay. Se ogs\u00e5 v\u00e5rt kurs i <a href=\"https:\/\/result.uit.no\/udig\/kursmodulene\/modul-2\/format-og-teknikker\/mobile-enheter\/\">videoopptak med mobile enheter<\/a>. Du henter Fuse appen fra AppStore\/Google play\/Windows Store, og setter den opp med\u00a0<strong><em><code>relay.uninett.no\/<\/code><\/em><\/strong> som adresse til tjenesten - og med ditt eget brukernavn og passord.<\/p>\n<p style=\"text-align: left;\">*\u00a0TechSmith Relay og Fuse er fritt tilgjengelig for UiT ansatte!<\/p>\n<p style=\"text-align: left;\"><strong>Camtasia Studio<\/strong><\/p>\n<p style=\"text-align: left;\">Dette er skjermopptak- og videoredigeringsprogram. I Camtasia Studio har man flere alternativer n\u00e5r man gj\u00f8r skjermopptak som \u00e5 definere omr\u00e5det man tar opp (Fuse tar opp hele skjermbildet). Dette er en mer avansert form for videoredigering med mulighet for ulike videoeffekter.<\/p>\n<p style=\"text-align: left;\">For distribusjon kan man laste ferdige opptak fra studio direkte til \u00a0TechSmith Relay tjeneren og f\u00e5 lenkene tilsendt p\u00e5 epost. Det er ogs\u00e5 mulig \u00e5 publisere opptaket direkte p\u00e5 YouTube og en del andre kanaler. En annen mulighet er \u00e5 lagre de ferdig redigerte opptakene lokalt og laste de opp p\u00e5 MyMediasite.<\/p>\n<p style=\"text-align: left;\">*\u00a0Camtasia Studio kan man bestille p\u00e5:<\/p>\n<p style=\"text-align: left;\">\u00a0<a title=\"Bbestillings web\" href=\"http:\/\/uit.no\/bestillingsweb\/underkategori?p_document_id=311514\" target=\"_blank\" rel=\"noopener noreferrer\">UiT bestillingsweb<\/a>\u00a0(krever Feide p\u00e5logging!).<\/p>\n<p style=\"text-align: left;\">\u00d8nsker du \u00e5 pr\u00f8ve kan du laste ned tidsbegrenset versjon her:<\/p>\n<p style=\"text-align: left;\"><a title=\"Camtasia Studio trial\" href=\"http:\/\/www.techsmith.com\/download\/camtasia\/\" target=\"_blank\" rel=\"noopener noreferrer\">http:\/\/www.techsmith.com\/download\/camtasia\/<\/a><\/p>\n<p style=\"text-align: left;\">Lenker til TechSmith:<\/p>\n\n<ul>\n \t<li style=\"text-align: left;\">TechSmith Relay:\u00a0<a title=\"TechSmith Relay\" href=\"http:\/\/www.techsmith.com\/techsmith-relay.html\" target=\"_blank\" rel=\"noopener noreferrer\">http:\/\/www.techsmith.com\/techsmith-relay.html<\/a><\/li>\n \t<li style=\"text-align: left;\">TechSmith Fuse:\u00a0<a title=\"TechSmith Fuse\" href=\"http:\/\/www.techsmith.com\/fuse.html\" target=\"_blank\" rel=\"noopener noreferrer\">http:\/\/www.techsmith.com\/fuse.html<\/a><\/li>\n \t<li style=\"text-align: left;\"><span style=\"line-height: 1.5em;\">Camtasia Studio: <a title=\"Camtasia Studio\" href=\"http:\/\/www.techsmith.com\/camtasia.html\" target=\"_blank\" rel=\"noopener noreferrer\">http:\/\/www.techsmith.com\/camtasia.html<\/a><\/span><\/li>\n<\/ul>","_et_gb_content_width":"","inline_featured_image":false,"iawp_total_views":13,"footnotes":""},"class_list":["post-2181","page","type-page","status-publish","hentry"],"_links":{"self":[{"href":"https:\/\/result.uit.no\/udig\/wp-json\/wp\/v2\/pages\/2181","targetHints":{"allow":["GET"]}}],"collection":[{"href":"https:\/\/result.uit.no\/udig\/wp-json\/wp\/v2\/pages"}],"about":[{"href":"https:\/\/result.uit.no\/udig\/wp-json\/wp\/v2\/types\/page"}],"author":[{"embeddable":true,"href":"https:\/\/result.uit.no\/udig\/wp-json\/wp\/v2\/users\/173"}],"replies":[{"embeddable":true,"href":"https:\/\/result.uit.no\/udig\/wp-json\/wp\/v2\/comments?post=2181"}],"version-history":[{"count":0,"href":"https:\/\/result.uit.no\/udig\/wp-json\/wp\/v2\/pages\/2181\/revisions"}],"up":[{"embeddable":true,"href":"https:\/\/result.uit.no\/udig\/wp-json\/wp\/v2\/pages\/301"}],"wp:attachment":[{"href":"https:\/\/result.uit.no\/udig\/wp-json\/wp\/v2\/media?parent=2181"}],"curies":[{"name":"wp","href":"https:\/\/api.w.org\/{rel}","templated":true}]}}