{"id":2175,"date":"2016-03-03T14:16:03","date_gmt":"2016-03-03T14:16:03","guid":{"rendered":"https:\/\/result.uit.no\/udig\/?page_id=2175"},"modified":"2023-03-07T17:04:33","modified_gmt":"2023-03-07T17:04:33","slug":"planlegging-og-gjennomforing","status":"publish","type":"page","link":"https:\/\/result.uit.no\/udig\/kursmodulene\/modul-2\/en-innforing-i-ulike-undervisningsmetoder-med-bruk-av-video\/planlegging-og-gjennomforing\/","title":{"rendered":"Planlegging"},"content":{"rendered":"<p>[et_pb_section fb_built=&raquo;1&#8243; admin_label=&raquo;section&raquo; _builder_version=&raquo;3.22&#8243;][et_pb_row column_structure=&raquo;3_4,1_4&#8243; admin_label=&raquo;row&raquo; _builder_version=&raquo;3.25&#8243; background_size=&raquo;initial&raquo; background_position=&raquo;top_left&raquo; background_repeat=&raquo;repeat&raquo;][et_pb_column type=&raquo;3_4&#8243; _builder_version=&raquo;3.25&#8243; custom_padding=&raquo;|||&raquo; custom_padding__hover=&raquo;|||&raquo;][et_pb_text _builder_version=&raquo;4.1&#8243;]<\/p>\n<h1>Planlegging<\/h1>\n<p>[\/et_pb_text][et_pb_text admin_label=&raquo;Text&raquo; _builder_version=&raquo;3.27.4&#8243; background_size=&raquo;initial&raquo; background_position=&raquo;top_left&raquo; background_repeat=&raquo;repeat&raquo;]<\/p>\n<p>Her er noen tips om hva du kan fokusere p\u00e5 for \u00e5 sikre kvaliteten. Den eneste m\u00e5ten \u00e5 bli god til \u00e5 lage video p\u00e5 er \u00e5 lage video, men det \u00e5 ha en plan for arbeidet gir deg et mye bedre utgangspunkt for \u00e5 l\u00e6re av det du gj\u00f8r.<\/p>\n<h3>Planlegging<\/h3>\n<p>God planlegging er nyttig og m\u00e5ten du planlegger p\u00e5 er uavhengig av medieform. God planlegging av undervisningsmateriellet er spesielt viktig p\u00e5 st\u00f8rre prosjekter med mye innhold. <strong>Hvem, hva og hvor?<\/strong> I all formidling er det en ting som gjelder \u2013 at budskapet n\u00e5r sitt publikum. Et godt steg p\u00e5 veien er \u00e5 tenke n\u00f8ye gjennom tre faktorer:<\/p>\n<ul>\n<li><strong>Hvem er det du skal n\u00e5?<\/strong> Hva slags kunnskapsniv\u00e5 er de p\u00e5, er kunnskapen f\u00f8rst og fremst praktisk eller teoretisk, hvor gamle er de og s\u00e5 videre.<\/li>\n<li><strong>Hva er det de skal l\u00e6re?<\/strong> Har du beskrevet l\u00e6ringsm\u00e5lene for kurset generelt? Har du tenkt p\u00e5 hva du vil fortelle med det fagmateriellet du utvikler n\u00e5?<\/li>\n<li><strong>Hvor er publikum?<\/strong> Er de hjemme, eller er de p\u00e5 campus? Er de i utlandet? Er de en blanding av flere av disse typene og hva slags utstyr kan du forvente at de har tilgjengelig?<\/li>\n<\/ul>\n<p><strong>Ha en plan<\/strong>\u00a0og lag et manus eller en skisse. Pass p\u00e5 at du har tenk godt gjennom hva slags elementer du trenger. Dette er viktig for \u00e5 f\u00e5 ting til \u00e5 henge sammen og for \u00e5 sikre at du f\u00e5r fortalt det du skal. <br \/><strong>Sikre deg <\/strong>at du har alle elementene p\u00e5 plass f\u00f8r du begynner med opptakene som skal binde dem sammen. Hvis ikke risikerer du at du er midt i produksjonen n\u00e5r du finner ut at elementer du hadde tenkt \u00e5 bruke allikevel ikke er \u00e5 oppdrive. Det kan v\u00e6re en artikkel, et bilde eller en rekvisitt. Du risikerer \u00e5 m\u00e5tte gj\u00f8re opptak om igjen, eller at du blir tvunget til \u00e5 lage noe ganske annet enn det du hadde tenkt. Dette er spesielt viktig n\u00e5r du jobber med video siden det er relativt vanskelig, og tidkrevende, \u00e5 oppdatere og endre. <br \/><strong>Hold fokus<\/strong> og ha det klart for deg hva du skal fortelle. Unng\u00e5 poeng eller tematikk som ikke er vesentlige for \u00e5 f\u00e5 fram poengene. Pass deg for digresjoner og unng\u00e5 irrelevante virkemidler. Sjekk om det du har med bidrar til \u00e5 tydeliggj\u00f8re det sentrale budskapet. Dette er like sant n\u00e5r du skriver som n\u00e5r du gj\u00f8r opptak av noe(-n).<\/p>\n<h3>Gjennomf\u00f8ring<\/h3>\n<p><strong>Lyden er vel s\u00e5 viktig som bildet<\/strong> Dette er sv\u00e6rt lett \u00e5 glemme n\u00e5r man arbeider med video, og det kan det v\u00e6re sv\u00e6rt \u00f8deleggende for det endelige produktet. Det er spesielt frustrerende hvis du ikke lett kan f\u00e5 gjort opptaket om igjen. S\u00f8rg for at du har en god mikrofon som passert til form\u00e5let. Ordne det slik at du kan lytte til den lyden du tar opp mens du gj\u00f8r opptaket. Hvis ikke det er mulig, gj\u00f8r et pr\u00f8veopptak f\u00f8r du setter i gang og lytt n\u00f8ye igjennom dette med hodetelefoner p\u00e5. Det at du f\u00e5r utslag p\u00e5 lydm\u00e5leren betyr ikke at lydkvaliteten er god. F\u00f8lg lenken for \u00e5 f\u00e5 noen <a href=\"https:\/\/result.uit.no\/udig\/kursmodulene\/modul-2\/format-og-teknikker\/8\/\">tips om hvordan du f\u00e5r gode lydopptak<\/a>.<\/p>\n<p><strong>Juster vanskelighetsgrad og tempo<\/strong> Publikumet ditt skal ha noe \u00e5 strekke seg etter, men de skal ikke m\u00f8te en vegg. Du m\u00e5 forholde deg til de l\u00e6ringsm\u00e5lene som settes, men pass deg ellers for \u00e5 bruke normative m\u00e5l for undervisning og l\u00e6ring. Ta m\u00e5lgruppen p\u00e5 alvor. Lytt til de tilbakemeldingene du f\u00e5r og juster deg i forhold til disse. Du kan justere deg selv i forkant ved \u00e5 g\u00e5 igjennom dine egne opptak. Det kan ogs\u00e5 v\u00e6re nyttig \u00e5 f\u00e5 tilbakemelding fra en kollega eller en person p\u00e5 samme niv\u00e5 som m\u00e5lgruppen.<\/p>\n<h3>Andre l\u00e6ringsresurser<\/h3>\n<p><strong>Snarfilm<\/strong> <span style=\"line-height: 1.5em;\">En snarfilm er en liten videosnutt til bruk i en pedagogisk sammenheng, som er laget raskt og effektivt med enkelt utstyr du m\u00e5tte ha for h\u00e5nden. Hvem som helst kan l\u00e6re seg \u00e5 lage en snarfilm. P\u00e5 dette nettstedet finner du informasjon om Snarfilm-prosjektet, eller mer n\u00f8yaktig &laquo;N\u00e6rproduksjon av video&raquo; i regi av\u00a0Norgesuniversitetet med deltakere fra HiST (prosjektleder), HiNT og BI:<\/span> <a href=\"http:\/\/snarfilm.no\" target=\"_blank\" rel=\"noopener\">Snarfilm<\/a><br \/> <strong>Nettforelesninger om nettforelesninger<\/strong> Dette er en samling nettforelesninger med universitetsansatte som m\u00e5lgruppe. Samlingen skal hjelpe fagansatte med \u00e5 forberede seg n\u00e5r de skal gj\u00f8re opptak av sine forelesninger for internett.<\/p>\n<ul>\n<li><a href=\"https:\/\/mediasite.uit.no\/Mediasite\/Play\/d20623e0b9f84dcb89ab25b66ff3f4031d\">Introduksjon til forelesningssamlingen<\/a> (2 min.)<\/li>\n<li><a href=\"https:\/\/mediasite.uit.no\/Mediasite\/Play\/9977737283ef4d508ea41035a22cc0f91d\">Presentasjonsteknikk for nettforelesere<\/a> (10 min.)<\/li>\n<li><a href=\"https:\/\/mediasite.uit.no\/Mediasite\/Play\/04f64ff610f64935aa8857fa061547381d\">Unng\u00e5 fellene i PowerPoint<\/a> (19 min.)<\/li>\n<li><a href=\"https:\/\/mediasite.uit.no\/Mediasite\/Play\/0a1cdd8698614885af1d74366e4bec0e1d\">Tema og gjenbruk<\/a> (10 min.)<\/li>\n<li><a href=\"https:\/\/mediasite.uit.no\/Mediasite\/Play\/be63c01092d14252afb977cde29d9d531d\">Lengde<\/a> (15 min.)<\/li>\n<\/ul>\n<p>[\/et_pb_text][\/et_pb_column][et_pb_column type=&raquo;1_4&#8243; _builder_version=&raquo;3.25&#8243; custom_padding=&raquo;|||&raquo; custom_padding__hover=&raquo;|||&raquo;][et_pb_menu menu_id=&raquo;8&#8243; menu_style=&raquo;centered&raquo; submenu_direction=&raquo;downwards&raquo; admin_label=&raquo;Module 2 &#8211; menu&raquo; _builder_version=&raquo;4.1&#8243; menu_font_size=&raquo;1.1em&raquo; menu_line_height=&raquo;1.2em&raquo; custom_padding=&raquo;64px||||false|false&raquo;][\/et_pb_menu][\/et_pb_column][\/et_pb_row][\/et_pb_section]<\/p>\n","protected":false},"excerpt":{"rendered":"<p>PlanleggingHer er noen tips om hva du kan fokusere p\u00e5 for \u00e5 sikre kvaliteten. Den eneste m\u00e5ten \u00e5 bli god til \u00e5 lage video p\u00e5 er \u00e5 lage video, men det \u00e5 ha en plan for arbeidet gir deg et mye bedre utgangspunkt for \u00e5 l\u00e6re av det du gj\u00f8r. Planlegging God planlegging er nyttig [&hellip;]<\/p>\n","protected":false},"author":173,"featured_media":0,"parent":299,"menu_order":1,"comment_status":"closed","ping_status":"closed","template":"","meta":{"_et_pb_use_builder":"on","_et_pb_old_content":"<p>Her er noen tips om hva du kan fokusere p\u00e5 for \u00e5 sikre kvaliteten. Den eneste m\u00e5ten \u00e5 bli god til \u00e5 lage video p\u00e5 er \u00e5 lage video, men det \u00e5 ha en plan for arbeidet gir deg et mye bedre utgangspunkt for \u00e5 l\u00e6re av det du gj\u00f8r.<\/p><h3>Planlegging<\/h3><p>God planlegging er nyttig og m\u00e5ten du planlegger p\u00e5 er uavhengig av medieform. God planlegging av undervisningsmateriellet er spesielt viktig p\u00e5 st\u00f8rre prosjekter med mye innhold. <strong>Hvem, hva og hvor<\/strong> I all formidling er det en ting som gjelder; at budskapet n\u00e5r publikum. Et godt steg p\u00e5 veien er \u00e5 tenke n\u00f8ye gjennom tre faktorer:<\/p><ul><li>Hvem er det du skal n\u00e5? Hva slags kunnskapsniv\u00e5 er de p\u00e5, er kunnskapen f\u00f8rst og fremst praktisk eller teoretisk, hvor gamle er de og s\u00e5 videre.<\/li><li>Hva er det de skal l\u00e6re? Har du beskrevet l\u00e6ringsm\u00e5lene for kurset generelt? Har du tenkt p\u00e5 hva du vil fortelle med det fagmateriellet du utvikler n\u00e5?<\/li><li>Hvor er publikum? Er de hjemme, eller er de p\u00e5 campus? Er de i utlandet? Er de en blanding av flere av disse typene og hva slags utstyr kan du forvente at de har tilgjengelig?<\/li><\/ul><p><strong>Ha en plan<\/strong> Lag et manus eller en skisse, og pass p\u00e5 at du har tenk godt gjennom hva slags elementer du trenger. Dette er viktig for \u00e5 f\u00e5 ting til \u00e5 henge sammen og for \u00e5 sikre at du f\u00e5r fortalt det du skal. <strong>Sikre deg alle elementene<\/strong> S\u00f8rg for at du har alle elementene p\u00e5 plass f\u00f8r du begynner med opptakene som skal binde dem sammen. Hvis ikke risikerer du at du er midt i produksjonen n\u00e5r du finner ut at elementer du hadde tenkt \u00e5 bruke allikevel ikke er \u00e5 oppdrive. Det kan v\u00e6re en artikkel, et bilde eller en rekvisitt. Du risikerer \u00e5 m\u00e5tte gj\u00f8re opptak om igjen, eller at du blir tvunget til \u00e5 lage noe ganske annet enn det du hadde tenkt. Dette er spesielt viktig n\u00e5r du jobber med video siden det er relativt vanskelig, og tidkrevende, \u00e5 oppdatere og endre. <strong>Hold fokus<\/strong> Ha klart for deg hva du skal fortelle og unng\u00e5 \u00e5 dra inn poenger eller tematikk som ikke er vesentlige for \u00e5 f\u00e5 dette fram. Pass deg for digresjoner og unng\u00e5 irrelevante virkemidler. Sjekk om det du har med bidrar tydelig til \u00e5 formidle det sentrale budskapet. Dette er like sant n\u00e5r du skriver som n\u00e5r du gj\u00f8r opptak av noe.<\/p><h3>Gjennomf\u00f8ring<\/h3><p><strong>Lyden er vel s\u00e5 viktig som bildet<\/strong> Dette er sv\u00e6rt lett \u00e5 glemme n\u00e5r man arbeider med video, og det kan det v\u00e6re sv\u00e6rt \u00f8deleggende for det endelige produktet. Det er spesielt frustrerende hvis du ikke lett kan f\u00e5 gjort opptaket om igjen. S\u00f8rg for at du har en god mikrofon som passert til form\u00e5let. Ordne det slik at du kan lytte til den lyden du tar opp mens du gj\u00f8r opptaket. Hvis ikke det er mulig, gj\u00f8r et pr\u00f8veopptak f\u00f8r du setter i gang og lytt n\u00f8ye igjennom dette med hodetelefoner p\u00e5. Det at du f\u00e5r utslag p\u00e5 lydm\u00e5leren betyr ikke at lydkvaliteten er god. F\u00f8lg lenken for \u00e5 f\u00e5 noen <a href=\"https:\/\/result.uit.no\/udig\/kursmodulene\/modul-2\/format-og-teknikker\/8\/\">tips om hvordan du f\u00e5r gode lydopptak<\/a>.<\/p>\r\n<p><strong>Juster vanskelighetsgrad og tempo<\/strong> Publikumet ditt skal ha noe \u00e5 strekke seg etter, men de skal ikke m\u00f8te en vegg. Du m\u00e5 forholde deg til de l\u00e6ringsm\u00e5lene som settes, men pass deg ellers for \u00e5 bruke normative m\u00e5l for undervisning og l\u00e6ring. Ta m\u00e5lgruppen p\u00e5 alvor. Lytt til de tilbakemeldingene du f\u00e5r og juster deg i forhold til disse. Du kan justere deg selv i forkant ved \u00e5 g\u00e5 igjennom dine egne opptak. Det kan ogs\u00e5 v\u00e6re nyttig \u00e5 f\u00e5 tilbakemelding fra en kollega eller en person p\u00e5 samme niv\u00e5 som m\u00e5lgruppen.<\/p><h3>Andre l\u00e6ringsresurser<\/h3><p><strong>Snarfilm<\/strong> <span style=\"line-height: 1.5em\">En snarfilm er en liten videosnutt til bruk i en pedagogisk sammenheng, som er laget raskt og effektivt med enkelt utstyr du m\u00e5tte ha for h\u00e5nden. Hvem som helst kan l\u00e6re seg \u00e5 lage en snarfilm. P\u00e5 dette nettstedet finner du informasjon om Snarfilm-prosjektet, eller mer n\u00f8yaktig \"N\u00e6rproduksjon av video\" i regi av\u00a0Norgesuniversitetet med deltakere fra HiST (prosjektleder), HiNT og BI:<\/span> <a href=\"http:\/\/snarfilm.no\" target=\"_blank\">Snarfilm<\/a> \r\n<strong>Nettforelesninger om nettforelesninger<\/strong> Dette er en samling nettforelesninger med universitetsansatte som m\u00e5lgruppe. Samlingen skal hjelpe fagansatte med \u00e5 forberede seg n\u00e5r de skal gj\u00f8re opptak av sine forelesninger for internett. <ul><li><a href=\"https:\/\/mediasite.uit.no\/Mediasite\/Play\/d20623e0b9f84dcb89ab25b66ff3f4031d\">Introduksjon til forelesningssamlingen<\/a> (2 min.)<\/li> <li><a href=\"https:\/\/mediasite.uit.no\/Mediasite\/Play\/9977737283ef4d508ea41035a22cc0f91d\">Presentasjonsteknikk for nettforelesere<\/a> (10 min.)<\/li> <li><a href=\"https:\/\/mediasite.uit.no\/Mediasite\/Play\/04f64ff610f64935aa8857fa061547381d\">Unng\u00e5 fellene i PowerPoint<\/a> (19 min.)<\/li> <li><a href=\"https:\/\/mediasite.uit.no\/Mediasite\/Play\/0a1cdd8698614885af1d74366e4bec0e1d\">Tema og gjenbruk<\/a> (10 min.)<\/li> <li><a href=\"https:\/\/mediasite.uit.no\/Mediasite\/Play\/be63c01092d14252afb977cde29d9d531d\">Lengde<\/a> (15 min.)<\/li><\/p>","_et_gb_content_width":"","inline_featured_image":false,"iawp_total_views":4,"footnotes":""},"class_list":["post-2175","page","type-page","status-publish","hentry"],"_links":{"self":[{"href":"https:\/\/result.uit.no\/udig\/wp-json\/wp\/v2\/pages\/2175","targetHints":{"allow":["GET"]}}],"collection":[{"href":"https:\/\/result.uit.no\/udig\/wp-json\/wp\/v2\/pages"}],"about":[{"href":"https:\/\/result.uit.no\/udig\/wp-json\/wp\/v2\/types\/page"}],"author":[{"embeddable":true,"href":"https:\/\/result.uit.no\/udig\/wp-json\/wp\/v2\/users\/173"}],"replies":[{"embeddable":true,"href":"https:\/\/result.uit.no\/udig\/wp-json\/wp\/v2\/comments?post=2175"}],"version-history":[{"count":0,"href":"https:\/\/result.uit.no\/udig\/wp-json\/wp\/v2\/pages\/2175\/revisions"}],"up":[{"embeddable":true,"href":"https:\/\/result.uit.no\/udig\/wp-json\/wp\/v2\/pages\/299"}],"wp:attachment":[{"href":"https:\/\/result.uit.no\/udig\/wp-json\/wp\/v2\/media?parent=2175"}],"curies":[{"name":"wp","href":"https:\/\/api.w.org\/{rel}","templated":true}]}}