{"id":211,"date":"2014-12-02T12:00:20","date_gmt":"2014-12-02T12:00:20","guid":{"rendered":"https:\/\/result.uit.no\/udig\/?page_id=211"},"modified":"2023-03-08T12:04:47","modified_gmt":"2023-03-08T12:04:47","slug":"egenskaper-ved-ulike-studentresponssystemer","status":"publish","type":"page","link":"https:\/\/result.uit.no\/udig\/kursmodulene\/modul-4\/egenskaper-ved-ulike-studentresponssystemer\/","title":{"rendered":"Egenskaper ved ulike studentresponssystemer"},"content":{"rendered":"<p>[et_pb_section fb_built=&raquo;1&#8243; admin_label=&raquo;section&raquo; _builder_version=&raquo;3.22&#8243;][et_pb_row column_structure=&raquo;3_4,1_4&#8243; admin_label=&raquo;row&raquo; _builder_version=&raquo;3.25&#8243; background_size=&raquo;initial&raquo; background_position=&raquo;top_left&raquo; background_repeat=&raquo;repeat&raquo;][et_pb_column type=&raquo;3_4&#8243; _builder_version=&raquo;3.25&#8243; custom_padding=&raquo;|||&raquo; custom_padding__hover=&raquo;|||&raquo;][et_pb_text _builder_version=&raquo;4.1&#8243;]<\/p>\n<h1 class=\"main_title\">Egenskaper ved ulike studentresponssystemer<\/h1>\n<p>[\/et_pb_text][et_pb_text admin_label=&raquo;Text&raquo; _builder_version=&raquo;4.1&#8243; text_font=&raquo;||||||||&raquo; text_font_size=&raquo;1em&raquo; text_line_height=&raquo;1.5em&raquo; background_size=&raquo;initial&raquo; background_position=&raquo;top_left&raquo; background_repeat=&raquo;repeat&raquo;]<\/p>\n<p><img decoding=\"async\" class=\"alignnone size-full wp-image-648 lazyload\" style=\"--smush-placeholder-width: 795px; --smush-placeholder-aspect-ratio: 795\/278;margin-bottom: 25px;\" data-src=\"https:\/\/result.uit.no\/udig\/wp-content\/uploads\/sites\/7\/2014\/12\/kapittel_poster.jpg\" alt=\"kapittel_poster\" width=\"795\" height=\"278\" data-srcset=\"https:\/\/result.uit.no\/udig\/wp-content\/uploads\/sites\/7\/2014\/12\/kapittel_poster.jpg 795w, https:\/\/result.uit.no\/udig\/wp-content\/uploads\/sites\/7\/2014\/12\/kapittel_poster-300x104.jpg 300w\" data-sizes=\"(max-width: 795px) 100vw, 795px\" src=\"data:image\/svg+xml;base64,PHN2ZyB3aWR0aD0iMSIgaGVpZ2h0PSIxIiB4bWxucz0iaHR0cDovL3d3dy53My5vcmcvMjAwMC9zdmciPjwvc3ZnPg==\" \/><br \/> Vi skiller teknologisk mellom to typer student responssystemer (ogs\u00e5 kalt\u00a0<strong>SRS<\/strong>&#8216;er &#8211;\u00a0<em>Student\u00a0Response\u00a0System)<\/em> \u2013\u00a0mobile eller propriet\u00e6re. Mobile l\u00f8sninger baserer seg p\u00e5 nettbaserte tjenester hvor studentene bruker PC\/Mac, nettbrett eller sine smarttelefoner\u00a0for\u00a0\u00e5 gi respons. Propriet\u00e6re l\u00f8sninger best\u00e5r\u00a0av\u00a0enkel\u00a0hardware; sendere og\u00a0mottager. Studentene f\u00e5r da utlevert en s\u00e5kalt klikker og foreleser har en mottager som er koblet til hans\/hennes\u00a0PC.<\/p>\n<p>Hardwarebaserte l\u00f8sninger har v\u00e6rt i bruk i mange \u00e5r, og\u00a0er\u00a0dermed ikke noe nytt \u2013 hverken\u00a0i\u00a0undervisning eller andre situasjoner hvor direkte respons er eller har v\u00e6rt n\u00f8dvendig. V\u00e5rt eget Storting er et godt eksempel p\u00e5 dette hvor avstemmingen\u00a0fremdeles\u00a0foreg\u00e5r med\u00a0klikkere.\u00a0Problemet med slike l\u00f8sninger er at de krever tilsyn, batteri, nyinnkj\u00f8p av \u00f8delagte enheter, lagring osv. Listen over\u00a0problemer og utfordringer\u00a0er rett og slett\u00a0lang. Dette er nok en\u00a0faktor som\u00a0skyver disse ut av markedet, og dermed gj\u00f8r\u00a0slike l\u00f8sninger lite attraktive ikke bare\u00a0for de som skal bruke det i undervisningen, men\u00a0og for studentene.<\/p>\n<p>Det vi etter hvert begynner \u00e5 se,\u00a0etter smarttelefonens inntog,\u00a0er\u00a0l\u00f8sninger som er helt\u00a0eller delvis\u00a0nettbaserte. Disse, hvis vi skal v\u00e6re veldig presise,\u00a0kan\u00a0deles inn i to forskjellige\u00a0kategorier:\u00a0programvare som m\u00e5 installeres p\u00e5 mottager-pc eller hundre prosent nettbaserte l\u00f8sninger\u00a0hvor b\u00e5de studenter og foreleser kobler seg opp mot et nettsted. I denne modulen av\u00a0uDig\u00a0skal vi konsentrere oss om de l\u00f8sningene som er helt nettbasert. Ikke fordi at de\u00a0er noe bedre, men mest fordi de har sannsynligvis\u00a0potensiale for lengere varighet.\u00a0Det begynner etter hvert \u00e5 bli ganske mange slike system\u00a0og utviklingen er kjapp og \u00f8kende.\u00a0S\u00e5 det \u00e5 laste ned og installere\u00a0programvare\u00a0vil kanskje ikke v\u00e6re\u00a0s\u00e5\u00a0aktuelt i\u00a0\u00e5rene\u00a0fremover. I dette kapittelet vil vi derfor se p\u00e5 noen av de mest brukte eller i det minste\u00a0mest popul\u00e6re\u00a0nettbaserte\u00a0l\u00f8sningene.\u00a0Vi skal ogs\u00e5\u00a0konsentrerer\u00a0oss om de l\u00f8sningene som i tillegg til \u00e5 ha funksjoner som koster penger,\u00a0ogs\u00e5\u00a0har en gratisversjon med den mest grunnleggende funksjonaliteten tilgjengelig.<\/p>\n<p>[\/et_pb_text][et_pb_button button_url=&raquo;\/udig\/kursmodulene\/modul-4\/egenskaper-ved-ulike-studentresponssystemer\/kahoot-srs\/&raquo; button_text=&raquo;Neste &#8211; Kahoot&raquo; _builder_version=&raquo;4.1&#8243; custom_button=&raquo;on&raquo; hover_enabled=&raquo;0&#8243;][\/et_pb_button][\/et_pb_column][et_pb_column type=&raquo;1_4&#8243; _builder_version=&raquo;3.25&#8243; custom_padding=&raquo;|||&raquo; custom_padding__hover=&raquo;|||&raquo;][et_pb_menu menu_id=&raquo;10&#8243; menu_style=&raquo;centered&raquo; submenu_direction=&raquo;downwards&raquo; admin_label=&raquo;Module 4 &#8211; menu&raquo; _builder_version=&raquo;4.1&#8243; menu_font_size=&raquo;1.1em&raquo; menu_line_height=&raquo;1.2em&raquo; custom_padding=&raquo;60px||||false|false&raquo;][\/et_pb_menu][\/et_pb_column][\/et_pb_row][\/et_pb_section]<\/p>\n","protected":false},"excerpt":{"rendered":"<p>Egenskaper ved ulike studentresponssystemer Vi skiller teknologisk mellom to typer student responssystemer (ogs\u00e5 kalt\u00a0SRS&#8217;er &#8211;\u00a0Student\u00a0Response\u00a0System) \u2013\u00a0mobile eller propriet\u00e6re. Mobile l\u00f8sninger baserer seg p\u00e5 nettbaserte tjenester hvor studentene bruker PC\/Mac, nettbrett eller sine smarttelefoner\u00a0for\u00a0\u00e5 gi respons. Propriet\u00e6re l\u00f8sninger best\u00e5r\u00a0av\u00a0enkel\u00a0hardware; sendere og\u00a0mottager. Studentene f\u00e5r da utlevert en s\u00e5kalt klikker og foreleser har en mottager som er koblet [&hellip;]<\/p>\n","protected":false},"author":3,"featured_media":0,"parent":96,"menu_order":3,"comment_status":"closed","ping_status":"closed","template":"","meta":{"_et_pb_use_builder":"on","_et_pb_old_content":"<p><img class=\"alignnone size-full wp-image-648\" style=\"margin-bottom: 25px;\" src=\"https:\/\/result.uit.no\/udig\/wp-content\/uploads\/sites\/7\/2014\/12\/kapittel_poster.jpg\" alt=\"kapittel_poster\" width=\"795\" height=\"278\" \/> Vi skiller teknologisk mellom to typer student responssystemer (ogs\u00e5 kalt\u00a0<strong>SRS<\/strong>'er -\u00a0<em>Student\u00a0Response\u00a0System)<\/em> \u2013\u00a0mobile eller propriet\u00e6re. Mobile l\u00f8sninger baserer seg p\u00e5 nettbaserte tjenester hvor studentene bruker PC\/Mac, nettbrett eller sine smarttelefoner\u00a0for\u00a0\u00e5 gi respons. Propriet\u00e6re l\u00f8sninger best\u00e5r\u00a0av\u00a0enkel\u00a0hardware; sendere og\u00a0mottager. Studentene f\u00e5r da utlevert en s\u00e5kalt klikker og foreleser har en mottager som er koblet til hans\/hennes\u00a0PC. Hardwarebaserte l\u00f8sninger har v\u00e6rt i bruk i mange \u00e5r, og\u00a0er\u00a0dermed ikke noe nytt \u2013\u00a0hverken\u00a0i\u00a0undervisning eller andre situasjoner hvor direkte respons er eller har v\u00e6rt n\u00f8dvendig. V\u00e5rt eget Storting er et godt eksempel p\u00e5 dette hvor avstemmingen\u00a0fremdeles\u00a0foreg\u00e5r med\u00a0klikkere.\u00a0Problemet med slike l\u00f8sninger er at de krever tilsyn, batteri, nyinnkj\u00f8p av \u00f8delagte enheter, lagring osv. Listen over\u00a0problemer og utfordringer\u00a0er rett og slett\u00a0lang. Dette er nok en\u00a0faktor som\u00a0skyver disse ut av markedet, og dermed gj\u00f8r\u00a0slike l\u00f8sninger lite attraktive ikke bare\u00a0for de som skal bruke det i undervisningen, men\u00a0og for studentene. Det vi etter hvert begynner \u00e5 se,\u00a0etter smarttelefonens inntog,\u00a0er\u00a0l\u00f8sninger som er helt\u00a0eller delvis\u00a0nettbaserte. Disse, hvis vi skal v\u00e6re veldig presise,\u00a0kan\u00a0deles inn i to forskjellige\u00a0kategorier:\u00a0programvare som m\u00e5 installeres p\u00e5 mottager-pc eller hundre prosent nettbaserte l\u00f8sninger\u00a0hvor b\u00e5de studenter og foreleser kobler seg opp mot et nettsted. I denne modulen av\u00a0uDig\u00a0skal vi konsentrere oss om de l\u00f8sningene som er helt nettbasert. Ikke fordi at de\u00a0er noe bedre, men mest fordi de har sannsynligvis\u00a0potensiale for lengere varighet.\u00a0Det begynner etter hvert \u00e5 bli ganske mange slike system\u00a0og utviklingen er kjapp og \u00f8kende.\u00a0S\u00e5 det \u00e5 laste ned og installere\u00a0programvare\u00a0vil kanskje ikke v\u00e6re\u00a0s\u00e5\u00a0aktuelt i\u00a0\u00e5rene\u00a0fremover. I dette kapittelet vil vi derfor se p\u00e5 noen av de mest brukte eller i det minste\u00a0mest popul\u00e6re\u00a0nettbaserte\u00a0l\u00f8sningene.\u00a0Vi skal ogs\u00e5\u00a0konsentrerer\u00a0oss om de l\u00f8sningene som i tillegg til \u00e5 ha funksjoner som koster penger,\u00a0ogs\u00e5\u00a0har en gratisversjon med den mest grunnleggende funksjonaliteten tilgjengelig<\/p>","_et_gb_content_width":"","inline_featured_image":false,"iawp_total_views":18,"footnotes":""},"class_list":["post-211","page","type-page","status-publish","hentry"],"_links":{"self":[{"href":"https:\/\/result.uit.no\/udig\/wp-json\/wp\/v2\/pages\/211","targetHints":{"allow":["GET"]}}],"collection":[{"href":"https:\/\/result.uit.no\/udig\/wp-json\/wp\/v2\/pages"}],"about":[{"href":"https:\/\/result.uit.no\/udig\/wp-json\/wp\/v2\/types\/page"}],"author":[{"embeddable":true,"href":"https:\/\/result.uit.no\/udig\/wp-json\/wp\/v2\/users\/3"}],"replies":[{"embeddable":true,"href":"https:\/\/result.uit.no\/udig\/wp-json\/wp\/v2\/comments?post=211"}],"version-history":[{"count":0,"href":"https:\/\/result.uit.no\/udig\/wp-json\/wp\/v2\/pages\/211\/revisions"}],"up":[{"embeddable":true,"href":"https:\/\/result.uit.no\/udig\/wp-json\/wp\/v2\/pages\/96"}],"wp:attachment":[{"href":"https:\/\/result.uit.no\/udig\/wp-json\/wp\/v2\/media?parent=211"}],"curies":[{"name":"wp","href":"https:\/\/api.w.org\/{rel}","templated":true}]}}