{"id":2046,"date":"2016-02-29T08:21:00","date_gmt":"2016-02-29T08:21:00","guid":{"rendered":"https:\/\/result.uit.no\/udig\/?page_id=2046"},"modified":"2023-03-08T13:48:11","modified_gmt":"2023-03-08T13:48:11","slug":"kapittel-4","status":"publish","type":"page","link":"https:\/\/result.uit.no\/udig\/kursmodulene\/modul-6-interaktive-tavler\/kapittel-4\/","title":{"rendered":"SMART Board og eBeam"},"content":{"rendered":"<p>[et_pb_section fb_built=&raquo;1&#8243; admin_label=&raquo;section&raquo; _builder_version=&raquo;3.22&#8243;][et_pb_row admin_label=&raquo;row&raquo; _builder_version=&raquo;3.25&#8243; background_size=&raquo;initial&raquo; background_position=&raquo;top_left&raquo; background_repeat=&raquo;repeat&raquo; column_structure=&raquo;3_4,1_4&#8243;][et_pb_column type=&raquo;3_4&#8243; _builder_version=&raquo;3.25&#8243; custom_padding=&raquo;|||&raquo; custom_padding__hover=&raquo;|||&raquo;][et_pb_text _builder_version=&raquo;4.1&#8243; admin_label=&raquo;H1&#8243; hover_enabled=&raquo;0&#8243;]<\/p>\n<h1 class=\"main_title\">SMART Board og eBeam<\/h1>\n<p>[\/et_pb_text][et_pb_text admin_label=&raquo;Text&raquo; _builder_version=&raquo;4.1&#8243; background_size=&raquo;initial&raquo; background_position=&raquo;top_left&raquo; background_repeat=&raquo;repeat&raquo; hover_enabled=&raquo;0&#8243;]<\/p>\n<p>P\u00e5 UiT Norges arktiske universitet er det forel\u00f8pig installert begrenset antall interaktive tavler, hovedsakelig av typen SmartBoard og eBeam.<\/p>\n<p>For begge typer tavle fungerer peke og skrivefunksjonalitet i de fleste program for PC og Mac. For utvidet bruk f\u00f8lger det med programvare med tavlefunksjonalitet, opptak og samhandling med mere.<\/p>\n<p>&nbsp;<\/p>\n<h2>Smart Board:<\/h2>\n<p>Kommer i ulike former. Tradisjonelt kommer den som inteaktiv tavle (whiteboard med projektor) men interaktiv skjerm blir n\u00e5 mere vanlig. Aktiv whiteboard (Smart kapp Whiteboards) er ogs\u00e5 noe Smart satser p\u00e5.<\/p>\n<p>Med Smart Board f\u00f8lger det en del programvare, \u00abSmart Notebook\u00bb er skrive\/tavle programmet til Smart Board og det er det man hovedsakelig bruker.<\/p>\n<p>Det finnes verkt\u00f8y for \u00e5 gj\u00f8re opptak og for interaktivitet med andre\/eksterne enheter tilgjengelig.<\/p>\n<p><a href=\"http:\/\/home.smarttech.com\/\">http:\/\/home.smarttech.com<\/a>\u00a0 \/ \u00a0<a href=\"http:\/\/smartboard.no\/\">http:\/\/smartboard.no<\/a><br \/> Smart produkt inndeling:<\/p>\n<p><a href=\"http:\/\/education.smarttech.com\/en\/products\/smart-board-interactive-flat-panels\" target=\"_blank\" rel=\"attachment wp-att-2345 noopener\"><img decoding=\"async\" class=\"alignnone size-full wp-image-2345 lazyload\" data-src=\"https:\/\/result.uit.no\/udig\/wp-content\/uploads\/sites\/7\/2016\/02\/modul6_Smart_products.jpg\" alt=\"modul6_Smart_products\" width=\"796\" height=\"185\" data-srcset=\"https:\/\/result.uit.no\/udig\/wp-content\/uploads\/sites\/7\/2016\/02\/modul6_Smart_products.jpg 796w, https:\/\/result.uit.no\/udig\/wp-content\/uploads\/sites\/7\/2016\/02\/modul6_Smart_products-300x70.jpg 300w, https:\/\/result.uit.no\/udig\/wp-content\/uploads\/sites\/7\/2016\/02\/modul6_Smart_products-768x178.jpg 768w\" data-sizes=\"(max-width: 796px) 100vw, 796px\" src=\"data:image\/svg+xml;base64,PHN2ZyB3aWR0aD0iMSIgaGVpZ2h0PSIxIiB4bWxucz0iaHR0cDovL3d3dy53My5vcmcvMjAwMC9zdmciPjwvc3ZnPg==\" style=\"--smush-placeholder-width: 796px; --smush-placeholder-aspect-ratio: 796\/185;\" \/><\/a><\/p>\n<p>&nbsp;<\/p>\n<h2>eBeam:<\/h2>\n<p>eBeam er i hovedsak sensor som installeres p\u00e5 siden\/over skriveflaten med penn og programvare. eBeam kan brukes med prosjektering p\u00e5 \u00abwhiteboard\u00bb, p\u00e5 aktive skjermer eller annen skriveflate (Whiteboard Capture). Man kan enkelt installere eBeam i rom som allerede er satt opp med whitebord tavle og projektor eller annen skjerm.<\/p>\n<p>\u00ab<a href=\"http:\/\/www.e-beam.com\/support\/help\/interactive-suite-3.html#eScrapbook-01\" target=\"_blank\" rel=\"noopener\">eBeam scrapbook<\/a>\u00bb er skrive\/tavle programmet som f\u00f8lger med. I scrapbook\u00a0finnes det mulighet for \u00e5 gj\u00f8re opptak og for interaktivitet, med andre\/eksterne enheter.<\/p>\n<p><a href=\"http:\/\/www.e-beam.com\">http:\/\/www.e-beam.com<\/a><\/p>\n<p>eBeam produkt inndeling:<\/p>\n<p><a href=\"http:\/\/www.e-beam.com\/education\/products-overview.html\" target=\"_blank\" rel=\"attachment wp-att-2344 noopener\"><img decoding=\"async\" class=\"alignnone size-full wp-image-2344 lazyload\" data-src=\"https:\/\/result.uit.no\/udig\/wp-content\/uploads\/sites\/7\/2016\/02\/modul6_sBeam_products.jpg\" alt=\"modul6_sBeam_products\" width=\"796\" height=\"268\" data-srcset=\"https:\/\/result.uit.no\/udig\/wp-content\/uploads\/sites\/7\/2016\/02\/modul6_sBeam_products.jpg 796w, https:\/\/result.uit.no\/udig\/wp-content\/uploads\/sites\/7\/2016\/02\/modul6_sBeam_products-300x101.jpg 300w, https:\/\/result.uit.no\/udig\/wp-content\/uploads\/sites\/7\/2016\/02\/modul6_sBeam_products-768x259.jpg 768w\" data-sizes=\"(max-width: 796px) 100vw, 796px\" src=\"data:image\/svg+xml;base64,PHN2ZyB3aWR0aD0iMSIgaGVpZ2h0PSIxIiB4bWxucz0iaHR0cDovL3d3dy53My5vcmcvMjAwMC9zdmciPjwvc3ZnPg==\" style=\"--smush-placeholder-width: 796px; --smush-placeholder-aspect-ratio: 796\/268;\" \/><\/a><br \/> Det som er vanligste er \u00e5 bruke medf\u00f8lgende tavle\/skrive program og PowerPoint med disse tavlene men n\u00e5r man tar de i bruk oppdager man mange flere omr\u00e5der. De fungerer godt i undervisningsrommet men ogs\u00e5 til fjernundervisning hvor man har behov for skrive\/tavle funksjonalitet med mere.<\/p>\n<p>SmartBoard kommer normalt som full l\u00f8sning med skjerm\/tavle med projektor, penn og programvare mens eBeam kan settes opp hvor det allerede finnes noe utstyr. Begge gode alternativer s\u00e5 man velger alternativ ut fra hvilke behov man har.<\/p>\n<p>&nbsp;<\/p>\n<p>[\/et_pb_text][\/et_pb_column][et_pb_column type=&raquo;1_4&#8243; _builder_version=&raquo;3.25&#8243; custom_padding=&raquo;|||&raquo; custom_padding__hover=&raquo;|||&raquo;][et_pb_menu menu_id=&raquo;12&#8243; menu_style=&raquo;centered&raquo; submenu_direction=&raquo;downwards&raquo; admin_label=&raquo;Module 6 &#8211; menu&raquo; _builder_version=&raquo;4.1&#8243; menu_font_size=&raquo;1.1em&raquo; menu_line_height=&raquo;1.2em&raquo; custom_padding=&raquo;64px||||false|false&raquo; hover_enabled=&raquo;0&#8243;][\/et_pb_menu][\/et_pb_column][\/et_pb_row][\/et_pb_section]<\/p>\n","protected":false},"excerpt":{"rendered":"<p>SMART Board og eBeam P\u00e5 UiT Norges arktiske universitet er det forel\u00f8pig installert begrenset antall interaktive tavler, hovedsakelig av typen SmartBoard og eBeam. For begge typer tavle fungerer peke og skrivefunksjonalitet i de fleste program for PC og Mac. For utvidet bruk f\u00f8lger det med programvare med tavlefunksjonalitet, opptak og samhandling med mere. &nbsp; Smart [&hellip;]<\/p>\n","protected":false},"author":156,"featured_media":0,"parent":1892,"menu_order":3,"comment_status":"closed","ping_status":"closed","template":"","meta":{"_et_pb_use_builder":"on","_et_pb_old_content":"<p>P\u00e5 UiT Norges arktiske universitet er det forel\u00f8pig installert begrenset antall interaktive tavler, hovedsakelig av typen SmartBoard og eBeam.<\/p><p>For begge typer tavle fungerer peke og skrivefunksjonalitet i de fleste program for PC og Mac. For utvidet bruk f\u00f8lger det med programvare med tavlefunksjonalitet, opptak og samhandling med mere.<br \/><br \/><\/p><p>&nbsp;<\/p><p>Smart Board:<\/p><p>Kommer i ulike former. Tradisjonelt kommer den som inteaktiv tavle (whiteboard med projektor) men interaktiv skjerm blir n\u00e5 mere vanlig. Aktiv whiteboard (Smart kapp Whiteboards) er ogs\u00e5 noe Smart satser p\u00e5.<\/p><p>Med Smart Board f\u00f8lger det en del programvare, \u00abSmart Notebook\u00bb er skrive\/tavle programmet til Smart Board og det er det man hovedsakelig bruker.<\/p><p>Det finnes verkt\u00f8y for \u00e5 gj\u00f8re opptak og for interaktivitet med andre\/eksterne enheter tilgjengelig.<\/p><p><a href=\"http:\/\/home.smarttech.com\/\">http:\/\/home.smarttech.com<\/a>\u00a0 \/ \u00a0<a href=\"http:\/\/smartboard.no\/\">http:\/\/smartboard.no<\/a><\/p><p><br \/> Smart produkt inndeling:<\/p><p><a href=\"http:\/\/education.smarttech.com\/en\/products\/smart-board-interactive-flat-panels\" target=\"_blank\" rel=\"attachment wp-att-2345\"><img class=\"alignnone size-full wp-image-2345\" src=\"https:\/\/result.uit.no\/udig\/wp-content\/uploads\/sites\/7\/2016\/02\/modul6_Smart_products.jpg\" alt=\"modul6_Smart_products\" width=\"796\" height=\"185\" \/><\/a><\/p><p>&nbsp;<\/p><p>eBeam:<\/p><p>eBeam er i hovedsak sensor som installeres p\u00e5 siden\/over skriveflaten med penn og programvare. eBeam kan brukes med prosjektering p\u00e5 \u00abwhiteboard\u00bb, p\u00e5 aktive skjermer eller annen skriveflate (Whiteboard Capture). Man kan enkelt installere eBeam i rom som allerede er satt opp med whitebord tavle og projektor eller annen skjerm.<\/p><p>\u00ab<a href=\"http:\/\/www.e-beam.com\/support\/help\/interactive-suite-3.html#eScrapbook-01\" target=\"_blank\">eBeam scrapbook<\/a>\u00bb er skrive\/tavle programmet som f\u00f8lger med. I scrapbook\u00a0finnes det mulighet for \u00e5 gj\u00f8re opptak og for interaktivitet, med andre\/eksterne enheter.<\/p><p><a href=\"http:\/\/www.e-beam.com\">http:\/\/www.e-beam.com<\/a><\/p><p>eBeam produkt inndeling:<\/p><p><a href=\"http:\/\/www.e-beam.com\/education\/products-overview.html\" target=\"_blank\" rel=\"attachment wp-att-2344\"><img class=\"alignnone size-full wp-image-2344\" src=\"https:\/\/result.uit.no\/udig\/wp-content\/uploads\/sites\/7\/2016\/02\/modul6_sBeam_products.jpg\" alt=\"modul6_sBeam_products\" width=\"796\" height=\"268\" \/><\/a><\/p><p><br \/> Det som er vanligste er \u00e5 bruke medf\u00f8lgende tavle\/skrive program og PowerPoint med disse tavlene men n\u00e5r man tar de i bruk oppdager man mange flere omr\u00e5der. De fungerer godt i undervisningsrommet men ogs\u00e5 til fjernundervisning hvor man har behov for skrive\/tavle funksjonalitet med mere.\u00a0<\/p><p>SmartBoard kommer normalt som full l\u00f8sning med skjerm\/tavle med projektor, penn og programvare mens eBeam kan settes opp hvor det allerede finnes noe utstyr. Begge gode alternativer s\u00e5 man velger alternativ ut fra hvilke behov man har.<\/p><p>&nbsp;<\/p>","_et_gb_content_width":"","inline_featured_image":false,"iawp_total_views":33,"footnotes":""},"class_list":["post-2046","page","type-page","status-publish","hentry"],"_links":{"self":[{"href":"https:\/\/result.uit.no\/udig\/wp-json\/wp\/v2\/pages\/2046","targetHints":{"allow":["GET"]}}],"collection":[{"href":"https:\/\/result.uit.no\/udig\/wp-json\/wp\/v2\/pages"}],"about":[{"href":"https:\/\/result.uit.no\/udig\/wp-json\/wp\/v2\/types\/page"}],"author":[{"embeddable":true,"href":"https:\/\/result.uit.no\/udig\/wp-json\/wp\/v2\/users\/156"}],"replies":[{"embeddable":true,"href":"https:\/\/result.uit.no\/udig\/wp-json\/wp\/v2\/comments?post=2046"}],"version-history":[{"count":0,"href":"https:\/\/result.uit.no\/udig\/wp-json\/wp\/v2\/pages\/2046\/revisions"}],"up":[{"embeddable":true,"href":"https:\/\/result.uit.no\/udig\/wp-json\/wp\/v2\/pages\/1892"}],"wp:attachment":[{"href":"https:\/\/result.uit.no\/udig\/wp-json\/wp\/v2\/media?parent=2046"}],"curies":[{"name":"wp","href":"https:\/\/api.w.org\/{rel}","templated":true}]}}