{"id":1892,"date":"2016-02-22T11:22:54","date_gmt":"2016-02-22T11:22:54","guid":{"rendered":"https:\/\/result.uit.no\/udig\/?page_id=1892"},"modified":"2016-03-17T14:19:07","modified_gmt":"2016-03-17T14:19:07","slug":"modul-6-interaktive-tavler","status":"publish","type":"page","link":"https:\/\/result.uit.no\/udig\/kursmodulene\/modul-6-interaktive-tavler\/","title":{"rendered":"Modul 6: Interaktive tavler i undervisning"},"content":{"rendered":"<p>[et_pb_section admin_label=&raquo;section&raquo; fullwidth=&raquo;on&raquo; specialty=&raquo;off&raquo; transparent_background=&raquo;off&raquo; background_color=&raquo;#1873a0&#8243; inner_shadow=&raquo;off&raquo; parallax=&raquo;off&raquo; parallax_method=&raquo;off&raquo; allow_player_pause=&raquo;off&raquo; padding_mobile=&raquo;off&raquo; make_fullwidth=&raquo;off&raquo; use_custom_width=&raquo;off&raquo; width_unit=&raquo;on&raquo; make_equal=&raquo;off&raquo; use_custom_gutter=&raquo;off&raquo; background_image=&raquo;https:\/\/result.uit.no\/udig\/wp-content\/uploads\/sites\/7\/2016\/02\/uDig_modul6_frontpage-2b.jpg&raquo;][et_pb_fullwidth_slider admin_label=&raquo;Modul 6: Interaktive tavler&raquo; show_arrows=&raquo;off&raquo; show_pagination=&raquo;on&raquo; auto=&raquo;off&raquo; parallax=&raquo;off&raquo; parallax_method=&raquo;on&raquo; auto_ignore_hover=&raquo;off&raquo; remove_inner_shadow=&raquo;off&raquo; background_position=&raquo;default&raquo; background_size=&raquo;default&raquo; hide_content_on_mobile=&raquo;off&raquo; hide_cta_on_mobile=&raquo;off&raquo; show_image_video_mobile=&raquo;off&raquo; custom_button=&raquo;off&raquo; button_letter_spacing=&raquo;0&#8243; button_use_icon=&raquo;default&raquo; button_icon_placement=&raquo;right&raquo; button_on_hover=&raquo;on&raquo; button_letter_spacing_hover=&raquo;0&#8243; custom_css_main_element=&raquo;text-shadow: rgba(0,0,0,.1) 4px 3px;&raquo;] [et_pb_slide background_color=&raquo;rgba(204,204,204,0)&raquo; alignment=&raquo;center&raquo; background_layout=&raquo;dark&raquo; heading=&raquo;Modul 6: Interaktive tavler i undervisning&raquo; video_bg_width=&raquo;720&#8243; button_link=&raquo;https:\/\/result.uit.no\/udig\/kursmodulene\/modul-6-interaktive-tavler\/kapittel-1\/&raquo; background_position=&raquo;default&raquo; background_size=&raquo;default&raquo; allow_player_pause=&raquo;off&raquo; header_font_select=&raquo;default&raquo; body_font_select=&raquo;default&raquo; custom_button=&raquo;off&raquo; button_font_select=&raquo;default&raquo; button_use_icon=&raquo;default&raquo; button_icon_placement=&raquo;right&raquo; button_on_hover=&raquo;on&raquo; button_text=&raquo;Start modul 6&#8243;]<\/p>\n<p>Kom igang med \u00e5 benytte de mange digitale\u00a0tavlene (ogs\u00e5 kalt interaktive tavler) som befinner seg rundt p\u00e5 universitetet. Modulen gir en innf\u00f8ring i fordelene for deg som pedagog, samt fordelene for studentene, ved \u00e5 benytte slike tavler. Det er ikke alltid de digitale tavlene egner seg best, men vi fors\u00f8ker \u00e5 vise deg de gode eksemplene p\u00e5 n\u00e5r de gir best utbytte.\u00a0\u00a0<\/p>\n<p>[\/et_pb_slide] [\/et_pb_fullwidth_slider][\/et_pb_section][et_pb_section admin_label=&raquo;section&raquo; transparent_background=&raquo;on&raquo; background_color=&raquo;#ffffff&raquo; inner_shadow=&raquo;off&raquo; parallax=&raquo;off&raquo; parallax_method=&raquo;off&raquo; module_class=&raquo;module-front-list-block&raquo;][et_pb_row admin_label=&raquo;row&raquo;][et_pb_column type=&raquo;1_2&#8243;][et_pb_blurb admin_label=&raquo;Kapittel&raquo; title=&raquo;Innhold&raquo; url_new_window=&raquo;off&raquo; use_icon=&raquo;on&raquo; font_icon=&raquo;d&raquo; icon_color=&raquo;#f2f2f2&#8243; use_circle=&raquo;on&raquo; circle_color=&raquo;#2EA3F2&#8243; use_circle_border=&raquo;on&raquo; circle_border_color=&raquo;#2EA3F2&#8243; icon_placement=&raquo;left&raquo; animation=&raquo;top&raquo; background_layout=&raquo;light&raquo; text_orientation=&raquo;left&raquo; use_icon_font_size=&raquo;off&raquo; use_border_color=&raquo;off&raquo; border_color=&raquo;#ffffff&raquo; border_style=&raquo;solid&raquo;]<\/p>\n<ul>\n<li><a href=\"https:\/\/result.uit.no\/udig\/modul-6-interaktive-tavler\/kapittel-1\/\">Om arbeidet med kursmodulen<\/a><\/li>\n<li><a href=\"https:\/\/result.uit.no\/udig\/modul-6-interaktive-tavler\/kapittel-2-eksempler-pa-bruk-i-undervisning\/\">Introduksjon til interaktive tavler<\/a><\/li>\n<li><a href=\"https:\/\/result.uit.no\/udig\/modul-6-interaktive-tavler\/kapittel-3\/\">Eksempler p\u00e5 bruk i undervisning<\/a><\/li>\n<li><a href=\"https:\/\/result.uit.no\/udig\/modul-6-interaktive-tavler\/kapittel-4\/\">Bruk av eBeam, Smartboard\u00a0og nettbrett.<\/a><\/li>\n<li><a href=\"https:\/\/result.uit.no\/udig\/kursmodulene\/modul-6-interaktive-tavler\/avansert-bruk-av-interaktive-tavler\/\">Avansert bruk<\/a><\/li>\n<li><a href=\"https:\/\/result.uit.no\/udig\/modul-6-interaktive-tavler\/kapittel-5\/\">Aktuell litteratur<\/a><\/li>\n<\/ul>\n<p>[\/et_pb_blurb][\/et_pb_column][et_pb_column type=&raquo;1_2&#8243;][et_pb_blurb admin_label=&raquo;L\u00e6ringsm\u00e5l&raquo; title=&raquo;L\u00e6ringsm\u00e5l&raquo; url_new_window=&raquo;off&raquo; use_icon=&raquo;on&raquo; font_icon=&raquo;Z&raquo; icon_color=&raquo;#f2f2f2&#8243; use_circle=&raquo;on&raquo; circle_color=&raquo;#2EA3F2&#8243; use_circle_border=&raquo;on&raquo; circle_border_color=&raquo;#2EA3F2&#8243; icon_placement=&raquo;left&raquo; animation=&raquo;top&raquo; background_layout=&raquo;light&raquo; text_orientation=&raquo;left&raquo; use_icon_font_size=&raquo;off&raquo; use_border_color=&raquo;off&raquo; border_color=&raquo;#ffffff&raquo; border_style=&raquo;solid&raquo;]<\/p>\n<ul>\n<li>F\u00e5 innsikt i og kunnskap om interaktive tavler<\/li>\n<li>Kjenne de vanligtse begrunnelsene<\/li>\n<li>Kjenne bruksomr\u00e5dene<\/li>\n<li>F\u00e5 kunnskap om de to vanligste programvarene<\/li>\n<li>F\u00e5 tilgang til litteratur om pedagogisk bruk<\/li>\n<li>F\u00e5 tilgang til litteratur basert p\u00e5 forskning<\/li>\n<\/ul>\n<p>[\/et_pb_blurb][\/et_pb_column][\/et_pb_row][\/et_pb_section]<\/p>\n","protected":false},"excerpt":{"rendered":"<p>Kom igang med \u00e5 benytte de mange digitale\u00a0tavlene (ogs\u00e5 kalt interaktive tavler) som befinner seg rundt p\u00e5 universitetet. Modulen gir en innf\u00f8ring i fordelene for deg som pedagog, samt fordelene for studentene, ved \u00e5 benytte slike tavler. Det er ikke alltid de digitale tavlene egner seg best, men vi fors\u00f8ker \u00e5 vise deg de gode [&hellip;]<\/p>\n","protected":false},"author":3,"featured_media":0,"parent":110,"menu_order":0,"comment_status":"closed","ping_status":"closed","template":"","meta":{"_et_pb_use_builder":"on","_et_pb_old_content":"","_et_gb_content_width":"","inline_featured_image":false,"iawp_total_views":30,"footnotes":""},"class_list":["post-1892","page","type-page","status-publish","hentry"],"_links":{"self":[{"href":"https:\/\/result.uit.no\/udig\/wp-json\/wp\/v2\/pages\/1892","targetHints":{"allow":["GET"]}}],"collection":[{"href":"https:\/\/result.uit.no\/udig\/wp-json\/wp\/v2\/pages"}],"about":[{"href":"https:\/\/result.uit.no\/udig\/wp-json\/wp\/v2\/types\/page"}],"author":[{"embeddable":true,"href":"https:\/\/result.uit.no\/udig\/wp-json\/wp\/v2\/users\/3"}],"replies":[{"embeddable":true,"href":"https:\/\/result.uit.no\/udig\/wp-json\/wp\/v2\/comments?post=1892"}],"version-history":[{"count":0,"href":"https:\/\/result.uit.no\/udig\/wp-json\/wp\/v2\/pages\/1892\/revisions"}],"up":[{"embeddable":true,"href":"https:\/\/result.uit.no\/udig\/wp-json\/wp\/v2\/pages\/110"}],"wp:attachment":[{"href":"https:\/\/result.uit.no\/udig\/wp-json\/wp\/v2\/media?parent=1892"}],"curies":[{"name":"wp","href":"https:\/\/api.w.org\/{rel}","templated":true}]}}