{"id":1811,"date":"2016-02-02T07:48:25","date_gmt":"2016-02-02T07:48:25","guid":{"rendered":"https:\/\/result.uit.no\/udig\/?page_id=1811"},"modified":"2023-03-08T13:12:12","modified_gmt":"2023-03-08T13:12:12","slug":"undervisererens-rolle","status":"publish","type":"page","link":"https:\/\/result.uit.no\/udig\/kursmodulene\/modul-5-laeringsstrategier\/undervisererens-rolle\/","title":{"rendered":"Hva er underviserens rolle?"},"content":{"rendered":"<p>[et_pb_section fb_built=&raquo;1&#8243; admin_label=&raquo;section&raquo; _builder_version=&raquo;3.22&#8243;][et_pb_row admin_label=&raquo;row&raquo; _builder_version=&raquo;3.25&#8243; background_size=&raquo;initial&raquo; background_position=&raquo;top_left&raquo; background_repeat=&raquo;repeat&raquo; column_structure=&raquo;3_4,1_4&#8243;][et_pb_column type=&raquo;3_4&#8243; _builder_version=&raquo;3.25&#8243; custom_padding=&raquo;|||&raquo; custom_padding__hover=&raquo;|||&raquo;][et_pb_text _builder_version=&raquo;4.1&#8243; admin_label=&raquo;H1&#8243; hover_enabled=&raquo;0&#8243;]<\/p>\n<h1 class=\"main_title\">Hva er underviserens rolle?<\/h1>\n<p>[\/et_pb_text][et_pb_text admin_label=&raquo;Text&raquo; _builder_version=&raquo;4.1&#8243; background_size=&raquo;initial&raquo; background_position=&raquo;top_left&raquo; background_repeat=&raquo;repeat&raquo; hover_enabled=&raquo;0&#8243;]<\/p>\n<p>Denne videoen g\u00e5r inn p\u00e5 hvordan underviseren kan styrke studentenes bevissthet om sin egen l\u00e6ring,\u00a0og gir eksempler p\u00e5 hvordan underviseren kan underst\u00f8tte gode l\u00e6ringsstrategier hos studentene.<\/p>\n\n<!-- iframe plugin v.6.0 wordpress.org\/plugins\/iframe\/ -->\n<iframe src=\"https:\/\/mediasite.uit.no\/Mediasite\/Play\/c27d6560ac1c4d3182967305f147406e1d\" height=\"503\" width=\"794\" scrolling=\"yes\" class=\"iframe-class\" frameborder=\"0\"><\/iframe>\n\n<p><strong>Litteratur og ressurser knyttet til temaet finner du p\u00e5 <a href=\"https:\/\/result.uit.no\/udig\/kursmodulene\/modul-5-laeringsstrategier\/litteratur-og-ressurser\/\">denne siden<\/a>.<\/strong><\/p>\n<p>[\/et_pb_text][\/et_pb_column][et_pb_column type=&raquo;1_4&#8243; _builder_version=&raquo;3.25&#8243; custom_padding=&raquo;|||&raquo; custom_padding__hover=&raquo;|||&raquo;][et_pb_menu menu_id=&raquo;11&#8243; menu_style=&raquo;centered&raquo; submenu_direction=&raquo;downwards&raquo; admin_label=&raquo;Module 5 &#8211; menu&raquo; _builder_version=&raquo;4.1&#8243; menu_font_size=&raquo;1.1em&raquo; menu_line_height=&raquo;1.2em&raquo; custom_padding=&raquo;61px||||false|false&raquo; hover_enabled=&raquo;0&#8243;][\/et_pb_menu][\/et_pb_column][\/et_pb_row][\/et_pb_section]<\/p>\n","protected":false},"excerpt":{"rendered":"<p>Hva er underviserens rolle? Denne videoen g\u00e5r inn p\u00e5 hvordan underviseren kan styrke studentenes bevissthet om sin egen l\u00e6ring,\u00a0og gir eksempler p\u00e5 hvordan underviseren kan underst\u00f8tte gode l\u00e6ringsstrategier hos studentene. \n<!-- iframe plugin v.6.0 wordpress.org\/plugins\/iframe\/ -->\n<iframe src=\"https:\/\/mediasite.uit.no\/Mediasite\/Play\/c27d6560ac1c4d3182967305f147406e1d\" height=\"503\" width=\"794\" scrolling=\"yes\" class=\"iframe-class\" frameborder=\"0\"><\/iframe>\n Litteratur og ressurser knyttet til temaet finner du p\u00e5 denne siden.<\/p>\n","protected":false},"author":173,"featured_media":0,"parent":1802,"menu_order":2,"comment_status":"closed","ping_status":"closed","template":"","meta":{"_et_pb_use_builder":"on","_et_pb_old_content":"<p>Denne videoen g\u00e5r inn p\u00e5 hvordan underviseren kan styrke studentenes bevissthet om sin egen l\u00e6ring,\u00a0og gir eksempler p\u00e5 hvordan underviseren kan underst\u00f8tte gode l\u00e6ringsstrategier hos studentene. [iframe src=\"https:\/\/mediasite.uit.no\/Mediasite\/Play\/c27d6560ac1c4d3182967305f147406e1d\" height=503 width=794] \u00a0 <strong>Litteratur og ressurser knyttet til temaet finner du p\u00e5 <a href=\"https:\/\/result.uit.no\/udig\/kursmodulene\/modul-5-laeringsstrategier\/litteratur-og-ressurser\/\">denne siden<\/a>.<\/strong><\/p>","_et_gb_content_width":"","inline_featured_image":false,"iawp_total_views":15,"footnotes":""},"class_list":["post-1811","page","type-page","status-publish","hentry"],"_links":{"self":[{"href":"https:\/\/result.uit.no\/udig\/wp-json\/wp\/v2\/pages\/1811","targetHints":{"allow":["GET"]}}],"collection":[{"href":"https:\/\/result.uit.no\/udig\/wp-json\/wp\/v2\/pages"}],"about":[{"href":"https:\/\/result.uit.no\/udig\/wp-json\/wp\/v2\/types\/page"}],"author":[{"embeddable":true,"href":"https:\/\/result.uit.no\/udig\/wp-json\/wp\/v2\/users\/173"}],"replies":[{"embeddable":true,"href":"https:\/\/result.uit.no\/udig\/wp-json\/wp\/v2\/comments?post=1811"}],"version-history":[{"count":0,"href":"https:\/\/result.uit.no\/udig\/wp-json\/wp\/v2\/pages\/1811\/revisions"}],"up":[{"embeddable":true,"href":"https:\/\/result.uit.no\/udig\/wp-json\/wp\/v2\/pages\/1802"}],"wp:attachment":[{"href":"https:\/\/result.uit.no\/udig\/wp-json\/wp\/v2\/media?parent=1811"}],"curies":[{"name":"wp","href":"https:\/\/api.w.org\/{rel}","templated":true}]}}