{"id":1802,"date":"2016-01-27T12:43:47","date_gmt":"2016-01-27T12:43:47","guid":{"rendered":"https:\/\/result.uit.no\/udig\/?page_id=1802"},"modified":"2023-03-08T13:24:00","modified_gmt":"2023-03-08T13:24:00","slug":"modul-5-laeringsstrategier","status":"publish","type":"page","link":"https:\/\/result.uit.no\/udig\/kursmodulene\/modul-5-laeringsstrategier\/","title":{"rendered":"Modul 5: L\u00e6ringsstrategier"},"content":{"rendered":"<p>[et_pb_section fb_built=&raquo;1&#8243; fullwidth=&raquo;on&raquo; admin_label=&raquo;section&raquo; _builder_version=&raquo;3.22&#8243; background_color=&raquo;#64d1c9&#8243; background_video_width=&raquo;1024&#8243; transparent_background=&raquo;off&raquo;][et_pb_fullwidth_slider show_arrows=&raquo;off&raquo; admin_label=&raquo;Modul 5: L\u00e6ringsstrategier&raquo; _builder_version=&raquo;3.16&#8243; custom_padding=&raquo;|||&raquo; custom_padding_tablet=&raquo;|||&raquo; custom_padding_phone=&raquo;|||&raquo; box_shadow_style=&raquo;preset6&#8243; box_shadow_blur=&raquo;10px&raquo; box_shadow_color=&raquo;rgba(0,0,0,0.1)&raquo; button_letter_spacing_hover=&raquo;0&#8243; remove_inner_shadow=&raquo;off&raquo; hide_content_on_mobile=&raquo;off&raquo; hide_cta_on_mobile=&raquo;off&raquo; show_inner_shadow=&raquo;on&raquo; button_text_size__hover_enabled=&raquo;off&raquo; button_one_text_size__hover_enabled=&raquo;off&raquo; button_two_text_size__hover_enabled=&raquo;off&raquo; button_text_color__hover_enabled=&raquo;off&raquo; button_one_text_color__hover_enabled=&raquo;off&raquo; button_two_text_color__hover_enabled=&raquo;off&raquo; button_border_width__hover_enabled=&raquo;off&raquo; button_one_border_width__hover_enabled=&raquo;off&raquo; button_two_border_width__hover_enabled=&raquo;off&raquo; button_border_color__hover_enabled=&raquo;off&raquo; button_one_border_color__hover_enabled=&raquo;off&raquo; button_two_border_color__hover_enabled=&raquo;off&raquo; button_border_radius__hover_enabled=&raquo;off&raquo; button_one_border_radius__hover_enabled=&raquo;off&raquo; button_two_border_radius__hover_enabled=&raquo;off&raquo; button_letter_spacing__hover_enabled=&raquo;on&raquo; button_letter_spacing__hover=&raquo;0&#8243; button_one_letter_spacing__hover_enabled=&raquo;off&raquo; button_two_letter_spacing__hover_enabled=&raquo;off&raquo; button_bg_color__hover_enabled=&raquo;off&raquo; button_one_bg_color__hover_enabled=&raquo;off&raquo; button_two_bg_color__hover_enabled=&raquo;off&raquo;][et_pb_slide heading=&raquo;Modul 5: L\u00e6ringsstrategier&raquo; button_text=&raquo;Start modul 5&#8243; button_link=&raquo;https:\/\/result.uit.no\/udig\/kursmodulene\/modul-5-laeringsstrategier\/innledning-modul-5\/&raquo; _builder_version=&raquo;3.16&#8243; background_color=&raquo;#ffffff&raquo; background_image=&raquo;https:\/\/result.uit.no\/udig\/wp-content\/uploads\/sites\/7\/2016\/01\/dark.jpg&raquo; button_icon_placement=&raquo;right&raquo; button_on_hover=&raquo;on&raquo; button_text_size__hover_enabled=&raquo;off&raquo; button_one_text_size__hover_enabled=&raquo;off&raquo; button_two_text_size__hover_enabled=&raquo;off&raquo; button_text_color__hover_enabled=&raquo;off&raquo; button_one_text_color__hover_enabled=&raquo;off&raquo; button_two_text_color__hover_enabled=&raquo;off&raquo; button_border_width__hover_enabled=&raquo;off&raquo; button_one_border_width__hover_enabled=&raquo;off&raquo; button_two_border_width__hover_enabled=&raquo;off&raquo; button_border_color__hover_enabled=&raquo;off&raquo; button_one_border_color__hover_enabled=&raquo;off&raquo; button_two_border_color__hover_enabled=&raquo;off&raquo; button_border_radius__hover_enabled=&raquo;off&raquo; button_one_border_radius__hover_enabled=&raquo;off&raquo; button_two_border_radius__hover_enabled=&raquo;off&raquo; button_letter_spacing__hover_enabled=&raquo;off&raquo; button_one_letter_spacing__hover_enabled=&raquo;off&raquo; button_two_letter_spacing__hover_enabled=&raquo;off&raquo; button_bg_color__hover_enabled=&raquo;off&raquo; button_one_bg_color__hover_enabled=&raquo;off&raquo; button_two_bg_color__hover_enabled=&raquo;off&raquo;] [\/et_pb_slide][\/et_pb_fullwidth_slider][\/et_pb_section][et_pb_section fb_built=&raquo;1&#8243; admin_label=&raquo;section&raquo; module_class=&raquo;module-front-list-block&raquo; _builder_version=&raquo;3.22&#8243; background_color=&raquo;rgba(255,255,255,0)&raquo; transparent_background=&raquo;on&raquo;][et_pb_row admin_label=&raquo;row&raquo; _builder_version=&raquo;3.25&#8243; background_size=&raquo;initial&raquo; background_position=&raquo;top_left&raquo; background_repeat=&raquo;repeat&raquo; column_structure=&raquo;1_2,1_2&#8243;][et_pb_column type=&raquo;1_2&#8243; _builder_version=&raquo;3.25&#8243; custom_padding=&raquo;|||&raquo; custom_padding__hover=&raquo;|||&raquo;][et_pb_blurb title=&raquo;Innhold&raquo; use_icon=&raquo;on&raquo; font_icon=&raquo;d&raquo; icon_color=&raquo;#f2f2f2&#8243; use_circle=&raquo;on&raquo; use_circle_border=&raquo;on&raquo; icon_placement=&raquo;left&raquo; admin_label=&raquo;Kapittel&raquo; _builder_version=&raquo;4.1&#8243; background_size=&raquo;initial&raquo; background_position=&raquo;top_left&raquo; background_repeat=&raquo;repeat&raquo; hover_enabled=&raquo;0&#8243; use_border_color=&raquo;off&raquo; border_color=&raquo;#ffffff&raquo; border_style=&raquo;solid&raquo;]<\/p>\n<ul>\n<li><a href=\"https:\/\/result.uit.no\/udig\/kursmodulene\/modul-5-laeringsstrategier\/innledning-modul-5\/\">Innledning<\/a><\/li>\n<li><a href=\"https:\/\/result.uit.no\/udig\/kursmodulene\/modul-5-laeringsstrategier\/hva-sier-forskningen\/\">Hva sier forskningen?<\/a><\/li>\n<li><a href=\"https:\/\/result.uit.no\/udig\/kursmodulene\/modul-5-laeringsstrategier\/undervisererens-rolle\/\">Hva er underviserens rolle?<\/a><\/li>\n<li><a href=\"https:\/\/result.uit.no\/udig\/kursmodulene\/modul-5-laeringsstrategier\/litteratur-og-ressurser\/\">Litteratur og ressurser<\/a><\/li>\n<\/ul>\n<p>[\/et_pb_blurb][\/et_pb_column][et_pb_column type=&raquo;1_2&#8243; _builder_version=&raquo;3.25&#8243; custom_padding=&raquo;|||&raquo; custom_padding__hover=&raquo;|||&raquo;][et_pb_blurb title=&raquo;L\u00e6ringsm\u00e5l&raquo; use_icon=&raquo;on&raquo; font_icon=&raquo;Z&raquo; icon_color=&raquo;#f2f2f2&#8243; use_circle=&raquo;on&raquo; use_circle_border=&raquo;on&raquo; icon_placement=&raquo;left&raquo; admin_label=&raquo;L\u00e6ringsm\u00e5l&raquo; _builder_version=&raquo;3.0.87&#8243; background_size=&raquo;initial&raquo; background_position=&raquo;top_left&raquo; background_repeat=&raquo;repeat&raquo; use_border_color=&raquo;off&raquo; border_color=&raquo;#ffffff&raquo; border_style=&raquo;solid&raquo;]<\/p>\n<ul>\n<li>Forklare hva som ligger i begrepet &laquo;l\u00e6ringsstrategier&raquo;<\/li>\n<li>Redegj\u00f8re for hvilke l\u00e6ringsstrategier som underst\u00f8ttes av forskning<\/li>\n<li>Tilrettelegge egen undervisning slik at man underst\u00f8tter gode l\u00e6ringsstrategier hos studenten<\/li>\n<li>Anvende og veilede i bruk av digitale verkt\u00f8y som fremmer gode l\u00e6ringsstrategier<\/li>\n<\/ul>\n<p>[\/et_pb_blurb][\/et_pb_column][\/et_pb_row][\/et_pb_section]<\/p>\n","protected":false},"excerpt":{"rendered":"<p>Innledning Hva sier forskningen? Hva er underviserens rolle? Litteratur og ressurser Forklare hva som ligger i begrepet &laquo;l\u00e6ringsstrategier&raquo;Redegj\u00f8re for hvilke l\u00e6ringsstrategier som underst\u00f8ttes av forskningTilrettelegge egen undervisning slik at man underst\u00f8tter gode l\u00e6ringsstrategier hos studentenAnvende og veilede i bruk av digitale verkt\u00f8y som fremmer gode l\u00e6ringsstrategier<\/p>\n","protected":false},"author":3,"featured_media":0,"parent":110,"menu_order":0,"comment_status":"closed","ping_status":"closed","template":"","meta":{"_et_pb_use_builder":"on","_et_pb_old_content":"","_et_gb_content_width":"","inline_featured_image":false,"iawp_total_views":33,"footnotes":""},"class_list":["post-1802","page","type-page","status-publish","hentry"],"_links":{"self":[{"href":"https:\/\/result.uit.no\/udig\/wp-json\/wp\/v2\/pages\/1802","targetHints":{"allow":["GET"]}}],"collection":[{"href":"https:\/\/result.uit.no\/udig\/wp-json\/wp\/v2\/pages"}],"about":[{"href":"https:\/\/result.uit.no\/udig\/wp-json\/wp\/v2\/types\/page"}],"author":[{"embeddable":true,"href":"https:\/\/result.uit.no\/udig\/wp-json\/wp\/v2\/users\/3"}],"replies":[{"embeddable":true,"href":"https:\/\/result.uit.no\/udig\/wp-json\/wp\/v2\/comments?post=1802"}],"version-history":[{"count":0,"href":"https:\/\/result.uit.no\/udig\/wp-json\/wp\/v2\/pages\/1802\/revisions"}],"up":[{"embeddable":true,"href":"https:\/\/result.uit.no\/udig\/wp-json\/wp\/v2\/pages\/110"}],"wp:attachment":[{"href":"https:\/\/result.uit.no\/udig\/wp-json\/wp\/v2\/media?parent=1802"}],"curies":[{"name":"wp","href":"https:\/\/api.w.org\/{rel}","templated":true}]}}