{"id":148,"date":"2014-12-02T08:56:00","date_gmt":"2014-12-02T08:56:00","guid":{"rendered":"https:\/\/result.uit.no\/udig\/?page_id=148"},"modified":"2023-03-08T14:01:53","modified_gmt":"2023-03-08T14:01:53","slug":"om-udig","status":"publish","type":"page","link":"https:\/\/result.uit.no\/udig\/om-udig\/","title":{"rendered":"Om uDig"},"content":{"rendered":"<p>[et_pb_section fb_built=&raquo;1&#8243; admin_label=&raquo;section&raquo; _builder_version=&raquo;3.22&#8243;][et_pb_row admin_label=&raquo;row&raquo; _builder_version=&raquo;3.25&#8243; background_size=&raquo;initial&raquo; background_position=&raquo;top_left&raquo; background_repeat=&raquo;repeat&raquo; custom_padding=&raquo;0px|||||&raquo;][et_pb_column type=&raquo;4_4&#8243; _builder_version=&raquo;3.25&#8243; custom_padding=&raquo;|||&raquo; custom_padding__hover=&raquo;|||&raquo;][et_pb_text admin_label=&raquo;Om prosjektet uDig&raquo; _builder_version=&raquo;3.27.4&#8243; background_size=&raquo;initial&raquo; background_position=&raquo;top_left&raquo; background_repeat=&raquo;repeat&raquo; use_border_color=&raquo;off&raquo; border_color=&raquo;#ffffff&raquo; border_style=&raquo;solid&raquo;]<\/p>\n<h2>Om uDig<\/h2>\n<p>Digital kompetanse har blitt et sentralt tema ved alle h\u00f8yere utdanningsinstitusjoner, s\u00e5 ogs\u00e5 ved UiT- Norges arktiske universitet. Disse modulene er utformet for at brukeren selv skal kunne styre hva som er nyttig. Alle modler er \u00e5pne og tilgjengelige \u2013 uten noen restriksjoner. En viktig vei videre fra uDig er videre praktisk utpr\u00f8vingen av digitale verkt\u00f8y og nettbaserte aktiviteter i egen undervisning. Result tilbyr ogs\u00e5 skreddersydde kurs og workshops i tilknytning til uDig, tilpasset fagmilj\u00f8enes \u00f8nsker og behov. Ta kontakt med <a href=\"mailto:postmottak@result.uit.no\">Result<\/a> for mer informasjon.<\/p>\n<p>[\/et_pb_text][\/et_pb_column][\/et_pb_row][et_pb_row admin_label=&raquo;row&raquo; _builder_version=&raquo;3.25&#8243; background_size=&raquo;initial&raquo; background_position=&raquo;top_left&raquo; background_repeat=&raquo;repeat&raquo;][et_pb_column type=&raquo;4_4&#8243; _builder_version=&raquo;3.25&#8243; custom_padding=&raquo;|||&raquo; custom_padding__hover=&raquo;|||&raquo;][et_pb_text admin_label=&raquo;Fagteamet hos Result&raquo; _builder_version=&raquo;4.1&#8243; background_size=&raquo;initial&raquo; background_position=&raquo;top_left&raquo; background_repeat=&raquo;repeat&raquo; use_border_color=&raquo;off&raquo; border_color=&raquo;#ffffff&raquo; border_style=&raquo;solid&raquo;]<\/p>\n<h2>Fagteamet\u00a0hos Result<\/h2>\n<p>Result sitt uDig-team best\u00e5r av flere fag- og teknisk ansatte \u2013 nesten hele gruppen har v\u00e6rt med p\u00e5 \u00e5 utvikle innholdet. Et hovedm\u00e5l for uDig har v\u00e6rt \u00e5 sette st\u00f8rre fokus p\u00e5 teknologi i undervisning, og dermed gj\u00f8re flere fagansatte i stand til \u00e5 kombinere pedagogikk og teknologi p\u00e5 en god og oversiktlig m\u00e5te. Gjennom disse modulene pr\u00f8ver vi \u00e5 belyse flere teknologier som enten er nye eller lite kjent blant fagansatte. Vi tar ogs\u00e5 for oss de pedagogisk metodene i det \u00e5 bruke teknologi i undervisning, enten det er filming av egne forelesninger, flipping av undervisning\u00a0eller\u00a0bruk av studentaktiverende l\u00f8sninger som klikkerteknologi. Vi ser ogs\u00e5 p\u00e5\u00a0praktisk bruk av eksisterende systemer som CMS, LMS(Canvas), videoplattformer (Panopto, YouTube, Vimeo) osv.<\/p>\n<p>Result sitter i en unik posisjon for nettopp \u00e5 vise og fortelle om dette da v\u00e5rt mandat handler mye om \u00e5 fleksibilisere undervisning. Vi h\u00e5per at disse uDig-modulene setter spor, og kan v\u00e6re en kilde til inspirasjon for alle. Vi setter ogs\u00e5 stor pris p\u00e5 viral spredning av dette innholdet &#8211; s\u00e5 del gjerne med alle dere \u00f8nsker \u00e5 dele det med. Det aller meste vil ligge \u00e5pent tilgjengelig under en Creative Commons Attribution 4.0 International License.<\/p>\n<div style=\"width: 500px; float: right; text-align: right; margin: 25px 0 0 0; padding: 0; font-size: 10px; line-height: 14px;\"><a href=\"http:\/\/creativecommons.org\/licenses\/by\/4.0\/deed.en_GB\" rel=\"license\"><img decoding=\"async\" style=\"border-width: 0; margin-bottom: 5px;\" data-src=\"http:\/\/i.creativecommons.org\/l\/by\/4.0\/88x31.png\" alt=\"Creative Commons Licence\" src=\"data:image\/svg+xml;base64,PHN2ZyB3aWR0aD0iMSIgaGVpZ2h0PSIxIiB4bWxucz0iaHR0cDovL3d3dy53My5vcmcvMjAwMC9zdmciPjwvc3ZnPg==\" class=\"lazyload\" \/><\/a><br \/> Result uDig |\u00a0UiT Norges Arktiske Universitet by <a href=\"https:\/\/result.uit.no\/udig\/\" rel=\"cc:attributionURL\">https:\/\/result.uit.no\/udig\/<\/a> is licensed under a <a href=\"http:\/\/creativecommons.org\/licenses\/by\/4.0\/deed.en_GB\" rel=\"license\">Creative Commons Attribution 4.0 International License<\/a>.<\/div>\n<p>[\/et_pb_text][\/et_pb_column][\/et_pb_row][\/et_pb_section][et_pb_section fb_built=&raquo;1&#8243; custom_padding_last_edited=&raquo;on|desktop&raquo; admin_label=&raquo;section&raquo; _builder_version=&raquo;3.22&#8243; background_color=&raquo;#dbd9ad&raquo; custom_padding_tablet=&raquo;50px|0|50px|0&#8243; custom_padding_phone=&raquo;&raquo; transparent_background=&raquo;off&raquo; padding_mobile=&raquo;off&raquo; make_fullwidth=&raquo;off&raquo; use_custom_width=&raquo;off&raquo; width_unit=&raquo;on&raquo;][et_pb_row column_structure=&raquo;1_3,1_3,1_3&#8243; padding_mobile=&raquo;off&raquo; column_padding_mobile=&raquo;on&raquo; admin_label=&raquo;row&raquo; _builder_version=&raquo;3.25&#8243; background_size=&raquo;initial&raquo; background_position=&raquo;top_left&raquo; background_repeat=&raquo;repeat&raquo; make_fullwidth=&raquo;off&raquo; use_custom_width=&raquo;off&raquo; width_unit=&raquo;on&raquo;][et_pb_column type=&raquo;1_3&#8243; _builder_version=&raquo;3.25&#8243; custom_padding=&raquo;|||&raquo; custom_padding__hover=&raquo;|||&raquo;][et_pb_text admin_label=&raquo;Text&raquo; _builder_version=&raquo;4.1&#8243; background_size=&raquo;initial&raquo; background_position=&raquo;top_left&raquo; background_repeat=&raquo;repeat&raquo; use_border_color=&raquo;off&raquo; border_color=&raquo;#ffffff&raquo; border_style=&raquo;solid&raquo;]<\/p>\n<h2><a title=\"Modul 1\" href=\"https:\/\/result.uit.no\/udig\/kursmodulene\/modul-1\/\">Modul 1<\/a><\/h2>\n<p>Teamet best\u00e5r av: <a class=\"front-contact-mail\" title=\"Jelena N. Larsen\" href=\"https:\/\/uit.no\/ansatte\/jelena.larsen\" target=\"_blank\" rel=\"noopener\">Jelena Larsen<\/a> og <a class=\"front-contact-mail\" title=\"\u00c5dne Danielsen\" href=\"https:\/\/uit.no\/ansatte\/adne.danielsen\" target=\"_blank\" rel=\"noopener\">\u00c5dne Danielsen<\/a>.<\/p>\n<p>[\/et_pb_text][\/et_pb_column][et_pb_column type=&raquo;1_3&#8243; _builder_version=&raquo;3.25&#8243; custom_padding=&raquo;|||&raquo; custom_padding__hover=&raquo;|||&raquo;][et_pb_text admin_label=&raquo;Text&raquo; _builder_version=&raquo;4.1&#8243; background_size=&raquo;initial&raquo; background_position=&raquo;top_left&raquo; background_repeat=&raquo;repeat&raquo; use_border_color=&raquo;off&raquo; border_color=&raquo;#ffffff&raquo; border_style=&raquo;solid&raquo;]<\/p>\n<h2><a title=\"Modul 2\" href=\"https:\/\/result.uit.no\/udig\/kursmodulene\/modul-2\/\">Modul 2<\/a><\/h2>\n<p>Teamet best\u00e5r av: <a class=\"front-contact-mail\" title=\"Kine D\u00f8rum\" href=\"https:\/\/uit.no\/ansatte\/kine.dorum\" target=\"_blank\" rel=\"noopener\">Kine D\u00f8rum<\/a>, <a class=\"front-contact-mail\" title=\"Per Frank Hansen\" href=\"https:\/\/uit.no\/ansatte\/per.f.hansen\" target=\"_blank\" rel=\"noopener\">Per Frank Hansen<\/a> og <a class=\"front-contact-mail\" title=\"Yngvar Natland\" href=\"https:\/\/uit.no\/ansatte\/yngvar.natland\" target=\"_blank\" rel=\"noopener\">Yngvar Natland<\/a>.[\/et_pb_text][\/et_pb_column][et_pb_column type=&raquo;1_3&#8243; _builder_version=&raquo;3.25&#8243; custom_padding=&raquo;|||&raquo; custom_padding__hover=&raquo;|||&raquo;][et_pb_text admin_label=&raquo;Text&raquo; _builder_version=&raquo;4.1&#8243; background_size=&raquo;initial&raquo; background_position=&raquo;top_left&raquo; background_repeat=&raquo;repeat&raquo; use_border_color=&raquo;off&raquo; border_color=&raquo;#ffffff&raquo; border_style=&raquo;solid&raquo;]<\/p>\n<h2><a title=\"Modul 3\" href=\"https:\/\/result.uit.no\/udig\/kursmodulene\/modul-3\/\">Modul 3<\/a><\/h2>\n<p>Teamet best\u00e5r av: <a class=\"front-contact-mail\" title=\"\u00d8ystein Lund\" href=\"https:\/\/uit.no\/ansatte\/oystein.lund\" target=\"_blank\" rel=\"noopener\">\u00d8ystein Lund<\/a> og\u00a0<a class=\"front-contact-mail\" title=\"Trine Fossland\" href=\"https:\/\/uit.no\/ansatte\/trine.fossland\" target=\"_blank\" rel=\"noopener\">Trine Fossland<\/a>[\/et_pb_text][\/et_pb_column][\/et_pb_row][et_pb_row column_structure=&raquo;1_3,1_3,1_3&#8243; admin_label=&raquo;row&raquo; _builder_version=&raquo;3.25&#8243; background_size=&raquo;initial&raquo; background_position=&raquo;top_left&raquo; background_repeat=&raquo;repeat&raquo;][et_pb_column type=&raquo;1_3&#8243; _builder_version=&raquo;3.25&#8243; custom_padding=&raquo;|||&raquo; custom_padding__hover=&raquo;|||&raquo;][et_pb_text admin_label=&raquo;Text&raquo; _builder_version=&raquo;4.1&#8243; background_size=&raquo;initial&raquo; background_position=&raquo;top_left&raquo; background_repeat=&raquo;repeat&raquo; use_border_color=&raquo;off&raquo; border_color=&raquo;#ffffff&raquo; border_style=&raquo;solid&raquo;]<\/p>\n<h2><a title=\"Modul 4\" href=\"https:\/\/result.uit.no\/udig\/kursmodulene\/modul-4\/\">Modul 4<\/a><\/h2>\n<p>Teamet best\u00e5r av: <a class=\"front-contact-mail\" title=\"Torstein L\u00e5g\" href=\"https:\/\/uit.no\/ansatte\/torstein.lag\" target=\"_blank\" rel=\"noopener\">Torstein L\u00e5g<\/a>,\u00a0<a class=\"front-contact-mail\" title=\"Terje Anders Bergli\" href=\"https:\/\/uit.no\/ansatte\/terje.bergli\" target=\"_blank\" rel=\"noopener\">Terje Bergli<\/a> og\u00a0<a class=\"front-contact-mail\" title=\"Mark Stenersen\" href=\"https:\/\/uit.no\/ansatte\/mark.stenersen\" target=\"_blank\" rel=\"noopener\">Mark Stenersen<\/a>[\/et_pb_text][\/et_pb_column][et_pb_column type=&raquo;1_3&#8243; _builder_version=&raquo;3.25&#8243; custom_padding=&raquo;|||&raquo; custom_padding__hover=&raquo;|||&raquo;][et_pb_text admin_label=&raquo;Text&raquo; _builder_version=&raquo;4.1&#8243; background_size=&raquo;initial&raquo; background_position=&raquo;top_left&raquo; background_repeat=&raquo;repeat&raquo; use_border_color=&raquo;off&raquo; border_color=&raquo;#ffffff&raquo; border_style=&raquo;solid&raquo;]<\/p>\n<h2><a title=\"Modul 1\" href=\"https:\/\/result.uit.no\/udig\/kursmodulene\/modul-5-laeringsstrategier\/\">Modul\u00a05<\/a><\/h2>\n<p>Teamet best\u00e5r av:\u00a0<a class=\"front-contact-mail\" href=\"https:\/\/uit.no\/ansatte\/kine.dorum\" target=\"_blank\" rel=\"noopener noreferrer\" title=\"Kine D\u00f8rum\">Kine D\u00f8rum<\/a>, <a class=\"front-contact-mail\" href=\"https:\/\/uit.no\/ansatte\/oystein.lund\" target=\"_blank\" rel=\"noopener noreferrer\" title=\"\u00d8ystein  Lund\">\u00d8ystein \u00a0Lund<\/a> og\u00a0<a class=\"front-contact-mail\" href=\"https:\/\/uit.no\/ansatte\/torstein.lag\" target=\"_blank\" rel=\"noopener noreferrer\" title=\"Torstein L\u00e5g\">Torstein L\u00e5g<\/a><\/p>\n<p>[\/et_pb_text][\/et_pb_column][et_pb_column type=&raquo;1_3&#8243; _builder_version=&raquo;3.25&#8243; custom_padding=&raquo;|||&raquo; custom_padding__hover=&raquo;|||&raquo;][et_pb_text admin_label=&raquo;Text&raquo; _builder_version=&raquo;4.1&#8243; background_size=&raquo;initial&raquo; background_position=&raquo;top_left&raquo; background_repeat=&raquo;repeat&raquo; hover_enabled=&raquo;0&#8243; use_border_color=&raquo;off&raquo; border_color=&raquo;#ffffff&raquo; border_style=&raquo;solid&raquo; link_text_color=&raquo;#000000&#8243; link_text_color__hover_enabled=&raquo;on|hover&raquo;]<\/p>\n<h2>Modul\u00a06<\/h2>\n<p>Teamet best\u00e5r av:\u00a0<a href=\"https:\/\/uit.no\/ansatte\/per.f.hansen\" target=\"_blank\" rel=\"noopener noreferrer\" title=\"Per-Frank Hansen\">Per-Frank Hansen<\/a>, <a href=\"https:\/\/uit.no\/ansatte\/yngvar.natland\" target=\"_blank\" rel=\"noopener noreferrer\" title=\"Yngvar Natland\">Yngvar Natland<\/a> og\u00a0<a href=\"https:\/\/uit.no\/ansatte\/terje.bergli\" target=\"_blank\" rel=\"noopener noreferrer\" title=\"Terje Bergli\">Terje Bergli<\/a>.<\/p>\n<p>[\/et_pb_text][\/et_pb_column][\/et_pb_row][\/et_pb_section]<\/p>\n","protected":false},"excerpt":{"rendered":"<p>Om uDig Digital kompetanse har blitt et sentralt tema ved alle h\u00f8yere utdanningsinstitusjoner, s\u00e5 ogs\u00e5 ved UiT- Norges arktiske universitet. Disse modulene er utformet for at brukeren selv skal kunne styre hva som er nyttig. Alle modler er \u00e5pne og tilgjengelige \u2013 uten noen restriksjoner. En viktig vei videre fra uDig er videre praktisk utpr\u00f8vingen [&hellip;]<\/p>\n","protected":false},"author":3,"featured_media":0,"parent":0,"menu_order":2,"comment_status":"closed","ping_status":"closed","template":"","meta":{"_et_pb_use_builder":"on","_et_pb_old_content":"","_et_gb_content_width":"","inline_featured_image":false,"iawp_total_views":36,"footnotes":""},"class_list":["post-148","page","type-page","status-publish","hentry"],"_links":{"self":[{"href":"https:\/\/result.uit.no\/udig\/wp-json\/wp\/v2\/pages\/148","targetHints":{"allow":["GET"]}}],"collection":[{"href":"https:\/\/result.uit.no\/udig\/wp-json\/wp\/v2\/pages"}],"about":[{"href":"https:\/\/result.uit.no\/udig\/wp-json\/wp\/v2\/types\/page"}],"author":[{"embeddable":true,"href":"https:\/\/result.uit.no\/udig\/wp-json\/wp\/v2\/users\/3"}],"replies":[{"embeddable":true,"href":"https:\/\/result.uit.no\/udig\/wp-json\/wp\/v2\/comments?post=148"}],"version-history":[{"count":0,"href":"https:\/\/result.uit.no\/udig\/wp-json\/wp\/v2\/pages\/148\/revisions"}],"wp:attachment":[{"href":"https:\/\/result.uit.no\/udig\/wp-json\/wp\/v2\/media?parent=148"}],"curies":[{"name":"wp","href":"https:\/\/api.w.org\/{rel}","templated":true}]}}