{"id":1476,"date":"2015-03-03T11:07:56","date_gmt":"2015-03-03T11:07:56","guid":{"rendered":"https:\/\/result.uit.no\/udig\/?page_id=1476"},"modified":"2023-03-07T16:35:28","modified_gmt":"2023-03-07T16:35:28","slug":"faq-og-support","status":"publish","type":"page","link":"https:\/\/result.uit.no\/udig\/faq-og-support\/","title":{"rendered":"Faq og support"},"content":{"rendered":"<p>[et_pb_section fb_built=&raquo;1&#8243; admin_label=&raquo;section&raquo; _builder_version=&raquo;3.22&#8243; background_color=&raquo;#ffffff&raquo;][et_pb_row admin_label=&raquo;row&raquo; _builder_version=&raquo;3.25&#8243; background_size=&raquo;initial&raquo; background_position=&raquo;top_left&raquo; background_repeat=&raquo;repeat&raquo;][et_pb_column type=&raquo;4_4&#8243; _builder_version=&raquo;3.25&#8243; custom_padding=&raquo;|||&raquo; custom_padding__hover=&raquo;|||&raquo;][et_pb_divider show_divider=&raquo;off&raquo; disabled_on=&raquo;on|on|off&raquo; admin_label=&raquo;Divider&raquo; _builder_version=&raquo;3.23.4&#8243; height=&raquo;60px&raquo;] [\/et_pb_divider][et_pb_blurb use_icon=&raquo;on&raquo; font_icon=&raquo;\ue106&raquo; icon_color=&raquo;#dd3333&#8243; admin_label=&raquo;Blurb&raquo; _builder_version=&raquo;4.1&#8243; background_size=&raquo;initial&raquo; background_position=&raquo;top_left&raquo; background_repeat=&raquo;repeat&raquo; text_orientation=&raquo;center&raquo; hover_enabled=&raquo;0&#8243; use_border_color=&raquo;off&raquo; border_color=&raquo;#ffffff&raquo; border_style=&raquo;solid&raquo;]<\/p>\n<p>Alt fungerer\u00a0slik\u00a0det\u00a0skal, men finner\u00a0du noe som ikke fungerer \u2013\u00a0s\u00e5 er det bare \u00e5 <a href=\"mailto:postmottak@result.uit.no\" title=\"Kontakt Result p\u00e5 e-post postmottak@result.uit.no\">ta kontakt med oss<\/a>.<\/p>\n<p>[\/et_pb_blurb][\/et_pb_column][\/et_pb_row][\/et_pb_section][et_pb_section fb_built=&raquo;1&#8243; inner_shadow=&raquo;on&raquo; admin_label=&raquo;section&raquo; _builder_version=&raquo;3.22&#8243; background_color=&raquo;#f7f7f7&#8243;][et_pb_row admin_label=&raquo;row&raquo; _builder_version=&raquo;3.25&#8243; background_size=&raquo;initial&raquo; background_position=&raquo;top_left&raquo; background_repeat=&raquo;repeat&raquo;][et_pb_column type=&raquo;4_4&#8243; _builder_version=&raquo;3.25&#8243; custom_padding=&raquo;|||&raquo; custom_padding__hover=&raquo;|||&raquo;][et_pb_text admin_label=&raquo;Text&raquo; _builder_version=&raquo;3.27.4&#8243; background_size=&raquo;initial&raquo; background_position=&raquo;top_left&raquo; background_repeat=&raquo;repeat&raquo; text_orientation=&raquo;center&raquo; module_alignment=&raquo;center&raquo;]<\/p>\n<h1>Trenger du hjelp?<\/h1>\n<p>Skulle noe uventet skje, eller er det noe du ikke finner lenger &#8211; s\u00e5 skal vi pr\u00f8ve \u00e5 hjelpe deg s\u00e5 godt vi kan.\u00a0uDig oppdateres, utvides og forbedres hele tiden og da kan det fort skje ting som ikke var helt planlagt.\u00a0Bruk denne siden til \u00e5 finne ut hvem du skal kontakte mht\u00a0tekniske- eller innholdsmessige problem. [\/et_pb_text][\/et_pb_column][\/et_pb_row][et_pb_row admin_label=&raquo;row&raquo; _builder_version=&raquo;3.25&#8243; background_size=&raquo;initial&raquo; background_position=&raquo;top_left&raquo; background_repeat=&raquo;repeat&raquo; column_structure=&raquo;1_3,1_3,1_3&#8243;][et_pb_column type=&raquo;1_3&#8243; _builder_version=&raquo;3.25&#8243; custom_padding=&raquo;|||&raquo; custom_padding__hover=&raquo;|||&raquo;][et_pb_blurb title=&raquo;Teknisk problem&raquo; use_icon=&raquo;on&raquo; font_icon=&raquo;\ue035&raquo; icon_color=&raquo;#63cde3&#8243; use_circle=&raquo;on&raquo; circle_color=&raquo;#f7f7f7&#8243; use_circle_border=&raquo;on&raquo; circle_border_color=&raquo;#2ea3f2&#8243; admin_label=&raquo;Blurb&raquo; _builder_version=&raquo;3.0.74&#8243; background_size=&raquo;initial&raquo; background_position=&raquo;top_left&raquo; background_repeat=&raquo;repeat&raquo; text_orientation=&raquo;center&raquo;] Skjer det ting som ikke burde skje &#8211; kontakt: <a title=\"Send e-post til Mark Stenersen\" href=\"mailto:mark.stenersen@uit.no?subject=Teknisk support uDig\" target=\"_blank\" rel=\"noopener\">Mark Stenersen<\/a>\u00a0eller\u00a0<a title=\"Send e-post til Terje Bergli\" href=\"mailto:terje.bergli@uit.no?subject=Teknisk support uDig\" target=\"_blank\" rel=\"noopener\">Terje Bergli<\/a> [\/et_pb_blurb][\/et_pb_column][et_pb_column type=&raquo;1_3&#8243; _builder_version=&raquo;3.25&#8243; custom_padding=&raquo;|||&raquo; custom_padding__hover=&raquo;|||&raquo;][et_pb_blurb title=&raquo;Savner noe&raquo; use_icon=&raquo;on&raquo; font_icon=&raquo;\ue092&raquo; icon_color=&raquo;#63cde3&#8243; use_circle=&raquo;on&raquo; circle_color=&raquo;#f7f7f7&#8243; use_circle_border=&raquo;on&raquo; circle_border_color=&raquo;#2ea3f2&#8243; admin_label=&raquo;Blurb&raquo; _builder_version=&raquo;3.0.74&#8243; background_size=&raquo;initial&raquo; background_position=&raquo;top_left&raquo; background_repeat=&raquo;repeat&raquo; text_orientation=&raquo;center&raquo;] Er det noe du savner med hensyn til innholdet og som du synes vi burde f\u00e5 med? Kontaktinformasjon til de\u00a0modulansvar\u00a0finner du p\u00e5 siden\u00a0<a href=\"https:\/\/result.uit.no\/udig\/om-udig\/\">Om uDig<\/a> [\/et_pb_blurb][\/et_pb_column][et_pb_column type=&raquo;1_3&#8243; _builder_version=&raquo;3.25&#8243; custom_padding=&raquo;|||&raquo; custom_padding__hover=&raquo;|||&raquo;][et_pb_blurb title=&raquo;Video\/film Bug&raquo; use_icon=&raquo;on&raquo; font_icon=&raquo;\ue024&raquo; icon_color=&raquo;#63cde3&#8243; use_circle=&raquo;on&raquo; circle_color=&raquo;#f7f7f7&#8243; use_circle_border=&raquo;on&raquo; circle_border_color=&raquo;#2ea3f2&#8243; admin_label=&raquo;Blurb&raquo; _builder_version=&raquo;3.0.74&#8243; background_size=&raquo;initial&raquo; background_position=&raquo;top_left&raquo; background_repeat=&raquo;repeat&raquo; text_orientation=&raquo;center&raquo;] Er det noen av videoene du ikke f\u00e5r se? Det kan v\u00e6re flere grunner til det, men\u00a0sp\u00f8r <a title=\"Send e-post til Per-Frank Hansen\" href=\"mailto:per.f.hansen@uit.no\" target=\"_blank\" rel=\"noopener\">Per-Frank Hansen<\/a> &#8211; han kan\u00a0alt om dette. [\/et_pb_blurb][\/et_pb_column][\/et_pb_row][\/et_pb_section]<\/p>\n","protected":false},"excerpt":{"rendered":"<p>Alt fungerer\u00a0slik\u00a0det\u00a0skal, men finner\u00a0du noe som ikke fungerer \u2013\u00a0s\u00e5 er det bare \u00e5 ta kontakt med oss. Trenger du hjelp?Skulle noe uventet skje, eller er det noe du ikke finner lenger &#8211; s\u00e5 skal vi pr\u00f8ve \u00e5 hjelpe deg s\u00e5 godt vi kan.\u00a0uDig oppdateres, utvides og forbedres hele tiden og da kan det fort skje [&hellip;]<\/p>\n","protected":false},"author":3,"featured_media":0,"parent":0,"menu_order":3,"comment_status":"closed","ping_status":"closed","template":"","meta":{"_et_pb_use_builder":"on","_et_pb_old_content":"","_et_gb_content_width":"","inline_featured_image":false,"iawp_total_views":15,"footnotes":""},"class_list":["post-1476","page","type-page","status-publish","hentry"],"_links":{"self":[{"href":"https:\/\/result.uit.no\/udig\/wp-json\/wp\/v2\/pages\/1476","targetHints":{"allow":["GET"]}}],"collection":[{"href":"https:\/\/result.uit.no\/udig\/wp-json\/wp\/v2\/pages"}],"about":[{"href":"https:\/\/result.uit.no\/udig\/wp-json\/wp\/v2\/types\/page"}],"author":[{"embeddable":true,"href":"https:\/\/result.uit.no\/udig\/wp-json\/wp\/v2\/users\/3"}],"replies":[{"embeddable":true,"href":"https:\/\/result.uit.no\/udig\/wp-json\/wp\/v2\/comments?post=1476"}],"version-history":[{"count":0,"href":"https:\/\/result.uit.no\/udig\/wp-json\/wp\/v2\/pages\/1476\/revisions"}],"wp:attachment":[{"href":"https:\/\/result.uit.no\/udig\/wp-json\/wp\/v2\/media?parent=1476"}],"curies":[{"name":"wp","href":"https:\/\/api.w.org\/{rel}","templated":true}]}}