{"id":1474,"date":"2015-03-03T10:35:25","date_gmt":"2015-03-03T10:35:25","guid":{"rendered":"https:\/\/result.uit.no\/udig\/?page_id=1474"},"modified":"2023-03-08T12:30:52","modified_gmt":"2023-03-08T12:30:52","slug":"answer-garden","status":"publish","type":"page","link":"https:\/\/result.uit.no\/udig\/kursmodulene\/modul-4\/egenskaper-ved-ulike-studentresponssystemer\/answer-garden\/","title":{"rendered":"Answer Garden"},"content":{"rendered":"<p>[et_pb_section fb_built=&raquo;1&#8243; admin_label=&raquo;section&raquo; _builder_version=&raquo;3.22&#8243;][et_pb_row admin_label=&raquo;row&raquo; _builder_version=&raquo;3.25&#8243; background_size=&raquo;initial&raquo; background_position=&raquo;top_left&raquo; background_repeat=&raquo;repeat&raquo; column_structure=&raquo;3_4,1_4&#8243;][et_pb_column type=&raquo;3_4&#8243; _builder_version=&raquo;3.25&#8243; custom_padding=&raquo;|||&raquo; custom_padding__hover=&raquo;|||&raquo;][et_pb_text _builder_version=&raquo;4.1&#8243; hover_enabled=&raquo;0&#8243;]<\/p>\n<h1 class=\"main_title\">Answer Garden<\/h1>\n<p>[\/et_pb_text][et_pb_text admin_label=&raquo;Text&raquo; _builder_version=&raquo;3.27.4&#8243; background_size=&raquo;initial&raquo; background_position=&raquo;top_left&raquo; background_repeat=&raquo;repeat&raquo;]<a href=\"https:\/\/result.uit.no\/udig\/wp-content\/uploads\/sites\/7\/2015\/02\/answer-garden_posters.jpg\"><img decoding=\"async\" class=\"alignnone size-full wp-image-842 lazyload\" data-src=\"https:\/\/result.uit.no\/udig\/wp-content\/uploads\/sites\/7\/2015\/02\/answer-garden_posters.jpg\" alt=\"Answer Garden\" width=\"795\" height=\"278\" data-srcset=\"https:\/\/result.uit.no\/udig\/wp-content\/uploads\/sites\/7\/2015\/02\/answer-garden_posters.jpg 795w, https:\/\/result.uit.no\/udig\/wp-content\/uploads\/sites\/7\/2015\/02\/answer-garden_posters-300x104.jpg 300w\" data-sizes=\"(max-width: 795px) 100vw, 795px\" src=\"data:image\/svg+xml;base64,PHN2ZyB3aWR0aD0iMSIgaGVpZ2h0PSIxIiB4bWxucz0iaHR0cDovL3d3dy53My5vcmcvMjAwMC9zdmciPjwvc3ZnPg==\" style=\"--smush-placeholder-width: 795px; --smush-placeholder-aspect-ratio: 795\/278;\" \/><\/a><\/p>\n<p><b>Answer Garden\u00a0<\/b>skiller seg veldig fra de andre SRS\u2019ene vi har sett p\u00e5 s\u00e5 lang \u2013 det skal godt gj\u00f8res \u00e5 kalle det for en SRS egentlig.\u00a0<b>Answer Garden<\/b>\u00a0er rett og slett en webbasert word cloud generator. Det er ikke antydet noen begrensninger p\u00e5 hvor mange som kan v\u00e6re med, men hver deltager kan ikke skrive inn samme ordet to ganger. Du kan derimot skrive inn s\u00e5 mange ord du vil. N\u00e5r du setter opp en Word Cloud kan du velge om du vil tillate 20 eller 40 tegn \u2013 s\u00e5 det er snakk om ord eller korte setninger. Etter hvert som deltagere skriver inn sine svar vil ordskyen vokse, og de ordene som f\u00e5r flest svar blir ogs\u00e5 st\u00f8rst. Kanskje en fin m\u00e5te \u00e5 samle inn n\u00f8kkelpunkter fra en forelesning.<\/p>\n<p><span style=\"line-height: 1.5em;\">Adminverkt\u00f8yet i\u00a0<\/span><b style=\"line-height: 1.5em;\">Answer Garden<\/b><span style=\"line-height: 1.5em;\">\u00a0gir deg noen flere muligheter. Du kan generere en QR-kode som gj\u00f8r det enkelt for deltagere \u00e5 komme inn til ordskyen, du kan se p\u00e5 antall svar som er kommet inn og du kan dele ordskyen p\u00e5 de fleste sosiale nettverk eller laste den ned til som en bilde-fil. Ut over det gj\u00f8r ikke dette verkt\u00f8yet s\u00e5 mye mer, men pr\u00f8v det<\/span>.<\/p>\n<p>\u2022\u00a0<a title=\"http:\/\/answergarden.ch\" href=\"http:\/\/answergarden.ch\" target=\"_blank\" rel=\"noopener\">Test\u00a0Answer Garden selv<\/a><\/p>\n<p><strong>Type:<\/strong>\u00a0100% nettbasert<br \/>\n<strong>Vanskelighetsgrad:<\/strong>\u00a0\u00a0<span style=\"color: #339966;\">Veldig lett<\/span><br \/>\n<strong>Modus:<\/strong>\u00a0Word Cloud \/ Ordsky generator.<br \/>\n<strong>Prismodell:<\/strong>\u00a0Gratis.<br \/>\n<strong>St\u00f8tte:<\/strong>\u00a0Safari, Chrome, Firefox, Opera, Vivaldi<br \/>\n<strong>OS:<\/strong>\u00a0Web[\/et_pb_text][\/et_pb_column][et_pb_column type=&raquo;1_4&#8243; _builder_version=&raquo;3.25&#8243; custom_padding=&raquo;|||&raquo; custom_padding__hover=&raquo;|||&raquo;][et_pb_menu menu_id=&raquo;10&#8243; menu_style=&raquo;centered&raquo; submenu_direction=&raquo;downwards&raquo; admin_label=&raquo;Module 4 &#8211; menu&raquo; _builder_version=&raquo;4.1&#8243; menu_font_size=&raquo;1.1em&raquo; menu_line_height=&raquo;1.2em&raquo; custom_padding=&raquo;64px||||false|false&raquo; hover_enabled=&raquo;0&#8243;][\/et_pb_menu][\/et_pb_column][\/et_pb_row][\/et_pb_section]<\/p>\n","protected":false},"excerpt":{"rendered":"<p>Answer Garden Answer Garden\u00a0skiller seg veldig fra de andre SRS\u2019ene vi har sett p\u00e5 s\u00e5 lang \u2013 det skal godt gj\u00f8res \u00e5 kalle det for en SRS egentlig.\u00a0Answer Garden\u00a0er rett og slett en webbasert word cloud generator. Det er ikke antydet noen begrensninger p\u00e5 hvor mange som kan v\u00e6re med, men hver deltager kan ikke [&hellip;]<\/p>\n","protected":false},"author":3,"featured_media":0,"parent":211,"menu_order":6,"comment_status":"open","ping_status":"closed","template":"","meta":{"_et_pb_use_builder":"on","_et_pb_old_content":"<a href=\"https:\/\/result.uit.no\/udig\/wp-content\/uploads\/sites\/7\/2015\/02\/answer-garden_posters.jpg\"><img class=\"alignnone size-full wp-image-842\" src=\"https:\/\/result.uit.no\/udig\/wp-content\/uploads\/sites\/7\/2015\/02\/answer-garden_posters.jpg\" alt=\"Answer Garden\" width=\"795\" height=\"278\" \/><\/a>\r\n\r\n<b>Answer Garden\u00a0<\/b>skiller seg veldig fra de andre SRS\u2019ene vi har sett p\u00e5 s\u00e5 lang \u2013 det skal godt gj\u00f8res \u00e5 kalle det for en SRS egentlig.\u00a0<b>Answer Garden<\/b>\u00a0er rett og slett en webbasert word cloud generator. Det er ikke antydet noen begrensninger p\u00e5 hvor mange som kan v\u00e6re med, men hver deltager kan ikke skrive inn samme ordet to ganger. Du kan derimot skrive inn s\u00e5 mange ord du vil. N\u00e5r du setter opp en Word Cloud kan du velge om du vil tillate 20 eller 40 tegn \u2013 s\u00e5 det er snakk om ord eller korte setninger. Etter hvert som deltagere skriver inn sine svar vil ordskyen vokse, og de ordene som f\u00e5r flest svar blir ogs\u00e5 st\u00f8rst. Kanskje en fin m\u00e5te \u00e5 samle inn n\u00f8kkelpunkter fra en forelesning.\r\n\r\n<span style=\"line-height: 1.5em;\">Adminverkt\u00f8yet i\u00a0<\/span><b style=\"line-height: 1.5em;\">Answer Garden<\/b><span style=\"line-height: 1.5em;\">\u00a0gir deg noen flere muligheter. Du kan generere en QR-kode som gj\u00f8r det enkelt for deltagere \u00e5 komme inn til ordskyen, du kan se p\u00e5 antall svar som er kommet inn og du kan dele ordskyen p\u00e5 de fleste sosiale nettverk eller laste den ned til som en bilde-fil. Ut over det gj\u00f8r ikke dette verkt\u00f8yet s\u00e5 mye mer, men pr\u00f8v det<\/span>.\r\n\r\n\u2022\u00a0<a title=\"http:\/\/answergarden.ch\" href=\"http:\/\/answergarden.ch\" target=\"_blank\">Test\u00a0Answer Garden selv<\/a>\r\n\r\n<strong>Type:<\/strong>\u00a0100% nettbasert\r\n<strong>Vanskelighetsgrad:<\/strong>\u00a0\u00a0<span style=\"color: #339966;\">Veldig lett<\/span>\r\n<strong>Modus:<\/strong>\u00a0Word Cloud \/ Ordsky generator.\r\n<strong>Prismodell:<\/strong>\u00a0Gratis.\r\n<strong>St\u00f8tte:<\/strong>\u00a0Safari, Chrome, Firefox, Opera, Vivaldi\r\n<strong>OS:<\/strong>\u00a0Web","_et_gb_content_width":"","inline_featured_image":false,"iawp_total_views":16,"footnotes":""},"class_list":["post-1474","page","type-page","status-publish","hentry"],"_links":{"self":[{"href":"https:\/\/result.uit.no\/udig\/wp-json\/wp\/v2\/pages\/1474","targetHints":{"allow":["GET"]}}],"collection":[{"href":"https:\/\/result.uit.no\/udig\/wp-json\/wp\/v2\/pages"}],"about":[{"href":"https:\/\/result.uit.no\/udig\/wp-json\/wp\/v2\/types\/page"}],"author":[{"embeddable":true,"href":"https:\/\/result.uit.no\/udig\/wp-json\/wp\/v2\/users\/3"}],"replies":[{"embeddable":true,"href":"https:\/\/result.uit.no\/udig\/wp-json\/wp\/v2\/comments?post=1474"}],"version-history":[{"count":0,"href":"https:\/\/result.uit.no\/udig\/wp-json\/wp\/v2\/pages\/1474\/revisions"}],"up":[{"embeddable":true,"href":"https:\/\/result.uit.no\/udig\/wp-json\/wp\/v2\/pages\/211"}],"wp:attachment":[{"href":"https:\/\/result.uit.no\/udig\/wp-json\/wp\/v2\/media?parent=1474"}],"curies":[{"name":"wp","href":"https:\/\/api.w.org\/{rel}","templated":true}]}}