{"id":1470,"date":"2015-03-03T10:34:16","date_gmt":"2015-03-03T10:34:16","guid":{"rendered":"https:\/\/result.uit.no\/udig\/?page_id=1470"},"modified":"2023-03-08T12:24:19","modified_gmt":"2023-03-08T12:24:19","slug":"mentimeter","status":"publish","type":"page","link":"https:\/\/result.uit.no\/udig\/kursmodulene\/modul-4\/egenskaper-ved-ulike-studentresponssystemer\/mentimeter\/","title":{"rendered":"Mentimeter"},"content":{"rendered":"<p>[et_pb_section fb_built=&raquo;1&#8243; admin_label=&raquo;section&raquo; _builder_version=&raquo;3.22&#8243;][et_pb_row admin_label=&raquo;row&raquo; _builder_version=&raquo;3.25&#8243; background_size=&raquo;initial&raquo; background_position=&raquo;top_left&raquo; background_repeat=&raquo;repeat&raquo; column_structure=&raquo;3_4,1_4&#8243;][et_pb_column type=&raquo;3_4&#8243; _builder_version=&raquo;3.25&#8243; custom_padding=&raquo;|||&raquo; custom_padding__hover=&raquo;|||&raquo;][et_pb_text _builder_version=&raquo;4.1&#8243; hover_enabled=&raquo;0&#8243;]<\/p>\n<h1>Mentimeter<\/h1>\n<p>[\/et_pb_text][et_pb_text admin_label=&raquo;Text&raquo; _builder_version=&raquo;3.27.4&#8243; background_size=&raquo;initial&raquo; background_position=&raquo;top_left&raquo; background_repeat=&raquo;repeat&raquo;]<\/p>\n<h2><a href=\"https:\/\/result.uit.no\/udig\/wp-content\/uploads\/sites\/7\/2015\/02\/mentimeter_poster.jpg\"><img decoding=\"async\" class=\"alignnone size-full wp-image-838 lazyload\" data-src=\"https:\/\/result.uit.no\/udig\/wp-content\/uploads\/sites\/7\/2015\/02\/mentimeter_poster.jpg\" alt=\"Mentimeter\" width=\"795\" height=\"278\" data-srcset=\"https:\/\/result.uit.no\/udig\/wp-content\/uploads\/sites\/7\/2015\/02\/mentimeter_poster.jpg 795w, https:\/\/result.uit.no\/udig\/wp-content\/uploads\/sites\/7\/2015\/02\/mentimeter_poster-300x104.jpg 300w\" data-sizes=\"(max-width: 795px) 100vw, 795px\" src=\"data:image\/svg+xml;base64,PHN2ZyB3aWR0aD0iMSIgaGVpZ2h0PSIxIiB4bWxucz0iaHR0cDovL3d3dy53My5vcmcvMjAwMC9zdmciPjwvc3ZnPg==\" style=\"--smush-placeholder-width: 795px; --smush-placeholder-aspect-ratio: 795\/278;\" \/><\/a><\/h2>\n<p>Med\u00a0<b>Mentimeter<\/b>\u00a0m\u00f8ter du p\u00e5 et relativt enkelt verkt\u00f8y. Du har et oversiktlig grensesnitt som underviser, og deltagere svarer ved hjelp av mobil eller PC\/Mac p\u00e5 en nettside som gj\u00f8res tilgjengelig n\u00e5r du starter en quiz.\u00a0<b>Mentimeter<\/b>\u00a0har en gratis grunnpakke, men har ogs\u00e5 en betalingsplan hvor du velger mellom Premium, Corp og Edu. I gratisversjonen har du alle sp\u00f8rsm\u00e5lsaktivitetene tilgjengelig, men du kan ikke legge opp mer enn to sp\u00f8rsm\u00e5l om gangen (<a title=\"https:\/\/www.mentimeter.com\/pricing\" href=\"https:\/\/www.mentimeter.com\/pricing\" target=\"_blank\" rel=\"noopener\">betalingsplanene kan du lese om her<\/a>). Dersom du skulle vurdere \u00e5 betale s\u00e5 er det Edu-versjonen som i s\u00e5 fall vil v\u00e6re aktuell &#8211; her f\u00e5r 84% avslag p\u00e5 abonnement.<\/p>\n<p><b>Mentimeter<\/b>\u00a0gir deg fem forskjellige quiz-modus; Multiple Choice, open ended, 100 points, Dual axis og Scales. Multiple choice og Open ended er selvforklarende, men de tre siste modulene er litt forskjellig fra andre SRS-l\u00f8sninger.\u00a0<i>100 Points\u00a0<\/i>gir deltagerne 100 poeng som de skal distribuere p\u00e5 svaralternativene &#8211; hvor alternativet med flest poeng plasseres \u00f8verst til en hver tid.\u00a0<i>Dual axis<\/i>\u00a0lager en graf hvor gjennomsnittet av svar blir plassert i en x- og y-akse. Og til slutt\u00a0<i>Scale<\/i>\u00a0eller skala her svarer deltagerne med en sk\u00e5re som du bestemmer ala mellom 0 og 5. Det \u00e5 sette opp disse sp\u00f8rsm\u00e5lene\/quizene er relativt\u00a0enkelt, og med et enkelt dra-og-slip grensesnitt kan du organisere alternativene ganske enkelt.<\/p>\n<p>\u2022\u00a0<a title=\"Mentimeter\" href=\"https:\/\/www.mentimeter.com\" target=\"_blank\" rel=\"noopener\">Test\u00a0Mentimeter selv<\/a><\/p>\n<p><strong>Type:<\/strong>\u00a0100% nettbasert<br \/>\n<strong>Vanskelighetsgrad:<\/strong>\u00a0\u00a0<span style=\"color: #339966;\">Ikke spesielt vanskelig, men flere enn 2 sp\u00f8rsm\u00e5l krever et abn.<\/span><br \/>\n<strong>Modus:<\/strong>\u00a0Quiz (MC), Open Ended, 100 Points, Dual Axis og Scales.<br \/>\n<strong>Prismodell:<\/strong>\u00a0Grunnleggende funksjonalitet er gratis.<br \/>\n<strong>St\u00f8tte:<\/strong>\u00a0Safari, Chrome, Firefox, Opera, Vivaldi<br \/>\n<strong>OS:<\/strong>\u00a0Web App<\/p>\n<p><span style=\"font-size: x-small;\">MC: Multiple Choice<\/span>[\/et_pb_text][et_pb_button button_text=&raquo;Neste &#8211; Poll Everywhere&raquo; _builder_version=&raquo;4.1&#8243; button_url=&raquo;\/udig\/kursmodulene\/modul-4\/egenskaper-ved-ulike-studentresponssystemer\/poll-everywhere\/&raquo; custom_button=&raquo;on&raquo; hover_enabled=&raquo;0&#8243;][\/et_pb_button][\/et_pb_column][et_pb_column type=&raquo;1_4&#8243; _builder_version=&raquo;3.25&#8243; custom_padding=&raquo;|||&raquo; custom_padding__hover=&raquo;|||&raquo;][et_pb_menu menu_id=&raquo;10&#8243; menu_style=&raquo;centered&raquo; submenu_direction=&raquo;downwards&raquo; admin_label=&raquo;Module 4 &#8211; menu&raquo; _builder_version=&raquo;4.1&#8243; menu_font_size=&raquo;1.1em&raquo; menu_line_height=&raquo;1.2em&raquo; custom_padding=&raquo;100px||||false|false&raquo; hover_enabled=&raquo;0&#8243;][\/et_pb_menu][\/et_pb_column][\/et_pb_row][\/et_pb_section]<\/p>\n","protected":false},"excerpt":{"rendered":"<p>Mentimeter Med\u00a0Mentimeter\u00a0m\u00f8ter du p\u00e5 et relativt enkelt verkt\u00f8y. Du har et oversiktlig grensesnitt som underviser, og deltagere svarer ved hjelp av mobil eller PC\/Mac p\u00e5 en nettside som gj\u00f8res tilgjengelig n\u00e5r du starter en quiz.\u00a0Mentimeter\u00a0har en gratis grunnpakke, men har ogs\u00e5 en betalingsplan hvor du velger mellom Premium, Corp og Edu. I gratisversjonen har du [&hellip;]<\/p>\n","protected":false},"author":3,"featured_media":0,"parent":211,"menu_order":4,"comment_status":"open","ping_status":"closed","template":"","meta":{"_et_pb_use_builder":"on","_et_pb_old_content":"<h2><a href=\"https:\/\/result.uit.no\/udig\/wp-content\/uploads\/sites\/7\/2015\/02\/mentimeter_poster.jpg\"><img class=\"alignnone size-full wp-image-838\" src=\"https:\/\/result.uit.no\/udig\/wp-content\/uploads\/sites\/7\/2015\/02\/mentimeter_poster.jpg\" alt=\"Mentimeter\" width=\"795\" height=\"278\" \/><\/a><\/h2>\r\nMed\u00a0<b>Mentimeter<\/b>\u00a0m\u00f8ter du p\u00e5 et relativt enkelt verkt\u00f8y. Du har et oversiktlig grensesnitt som underviser, og deltagere svarer ved hjelp av mobil eller PC\/Mac p\u00e5 en nettside som gj\u00f8res tilgjengelig n\u00e5r du starter en quiz.\u00a0<b>Mentimeter<\/b>\u00a0har en gratis grunnpakke, men har ogs\u00e5 en betalingsplan hvor du velger mellom Premium, Corp og Edu. I gratisversjonen har du alle sp\u00f8rsm\u00e5lsaktivitetene tilgjengelig, men du kan ikke legge opp mer enn to sp\u00f8rsm\u00e5l om gangen (<a title=\"https:\/\/www.mentimeter.com\/pricing\" href=\"https:\/\/www.mentimeter.com\/pricing\" target=\"_blank\">betalingsplanene kan du lese om her<\/a>). Dersom du skulle vurdere \u00e5 betale s\u00e5 er det Edu-versjonen som i s\u00e5 fall vil v\u00e6re aktuell - her f\u00e5r 84% avslag p\u00e5 abonnement.\r\n\r\n<b>Mentimeter<\/b>\u00a0gir deg fem forskjellige quiz-modus; Multiple Choice, open ended, 100 points, Dual axis og Scales. Multiple choice og Open ended er selvforklarende, men de tre siste modulene er litt forskjellig fra andre SRS-l\u00f8sninger.\u00a0<i>100 Points\u00a0<\/i>gir deltagerne 100 poeng som de skal distribuere p\u00e5 svaralternativene - hvor alternativet med flest poeng plasseres \u00f8verst til en hver tid.\u00a0<i>Dual axis<\/i>\u00a0lager en graf hvor gjennomsnittet av svar blir plassert i en x- og y-akse. Og til slutt\u00a0<i>Scale<\/i>\u00a0eller skala her svarer deltagerne med en sk\u00e5re som du bestemmer ala mellom 0 og 5. Det \u00e5 sette opp disse sp\u00f8rsm\u00e5lene\/quizene er relativt\u00a0enkelt, og med et enkelt dra-og-slip grensesnitt kan du organisere alternativene ganske enkelt.\r\n\r\n\u2022\u00a0<a title=\"Mentimeter\" href=\"https:\/\/www.mentimeter.com\" target=\"_blank\">Test\u00a0Mentimeter selv<\/a>\r\n\r\n<strong>Type:<\/strong>\u00a0100% nettbasert\r\n<strong>Vanskelighetsgrad:<\/strong>\u00a0\u00a0<span style=\"color: #339966;\">Ikke spesielt vanskelig, men flere enn 2 sp\u00f8rsm\u00e5l krever et abn.<\/span>\r\n<strong>Modus:<\/strong>\u00a0Quiz (MC), Open Ended, 100 Points, Dual Axis og Scales.\r\n<strong>Prismodell:<\/strong>\u00a0Grunnleggende funksjonalitet er gratis.\r\n<strong>St\u00f8tte:<\/strong>\u00a0Safari, Chrome, Firefox, Opera, Vivaldi\r\n<strong>OS:<\/strong>\u00a0Web App\r\n\r\n<span style=\"font-size: x-small;\">MC: Multiple Choice<\/span>","_et_gb_content_width":"","inline_featured_image":false,"iawp_total_views":48,"footnotes":""},"class_list":["post-1470","page","type-page","status-publish","hentry"],"_links":{"self":[{"href":"https:\/\/result.uit.no\/udig\/wp-json\/wp\/v2\/pages\/1470","targetHints":{"allow":["GET"]}}],"collection":[{"href":"https:\/\/result.uit.no\/udig\/wp-json\/wp\/v2\/pages"}],"about":[{"href":"https:\/\/result.uit.no\/udig\/wp-json\/wp\/v2\/types\/page"}],"author":[{"embeddable":true,"href":"https:\/\/result.uit.no\/udig\/wp-json\/wp\/v2\/users\/3"}],"replies":[{"embeddable":true,"href":"https:\/\/result.uit.no\/udig\/wp-json\/wp\/v2\/comments?post=1470"}],"version-history":[{"count":0,"href":"https:\/\/result.uit.no\/udig\/wp-json\/wp\/v2\/pages\/1470\/revisions"}],"up":[{"embeddable":true,"href":"https:\/\/result.uit.no\/udig\/wp-json\/wp\/v2\/pages\/211"}],"wp:attachment":[{"href":"https:\/\/result.uit.no\/udig\/wp-json\/wp\/v2\/media?parent=1470"}],"curies":[{"name":"wp","href":"https:\/\/api.w.org\/{rel}","templated":true}]}}