{"id":1468,"date":"2015-03-03T10:33:45","date_gmt":"2015-03-03T10:33:45","guid":{"rendered":"https:\/\/result.uit.no\/udig\/?page_id=1468"},"modified":"2023-03-08T12:21:07","modified_gmt":"2023-03-08T12:21:07","slug":"quiz-socket","status":"publish","type":"page","link":"https:\/\/result.uit.no\/udig\/kursmodulene\/modul-4\/egenskaper-ved-ulike-studentresponssystemer\/quiz-socket\/","title":{"rendered":"Quiz Socket"},"content":{"rendered":"<p>[et_pb_section fb_built=&raquo;1&#8243; admin_label=&raquo;section&raquo; _builder_version=&raquo;3.22&#8243;][et_pb_row admin_label=&raquo;row&raquo; _builder_version=&raquo;3.25&#8243; background_size=&raquo;initial&raquo; background_position=&raquo;top_left&raquo; background_repeat=&raquo;repeat&raquo; hover_enabled=&raquo;0&#8243; column_structure=&raquo;3_4,1_4&#8243;][et_pb_column type=&raquo;3_4&#8243; _builder_version=&raquo;3.25&#8243; custom_padding=&raquo;|||&raquo; custom_padding__hover=&raquo;|||&raquo;][et_pb_text _builder_version=&raquo;4.1&#8243; hover_enabled=&raquo;0&#8243;]<\/p>\n<h1 class=\"main_title\">Quiz Socket<\/h1>\n<p>[\/et_pb_text][et_pb_text admin_label=&raquo;Text&raquo; _builder_version=&raquo;3.27.4&#8243; background_size=&raquo;initial&raquo; background_position=&raquo;top_left&raquo; background_repeat=&raquo;repeat&raquo;]<\/p>\n<h2><img decoding=\"async\" class=\"alignnone size-full wp-image-682 lazyload\" style=\"--smush-placeholder-width: 795px; --smush-placeholder-aspect-ratio: 795\/278;border: 1px solid gray;\" data-src=\"https:\/\/result.uit.no\/udig\/wp-content\/uploads\/sites\/7\/2014\/12\/quiz-socket-poster.jpg\" alt=\"Quiz Socket\" width=\"795\" height=\"278\" data-srcset=\"https:\/\/result.uit.no\/udig\/wp-content\/uploads\/sites\/7\/2014\/12\/quiz-socket-poster.jpg 795w, https:\/\/result.uit.no\/udig\/wp-content\/uploads\/sites\/7\/2014\/12\/quiz-socket-poster-300x104.jpg 300w\" data-sizes=\"(max-width: 795px) 100vw, 795px\" src=\"data:image\/svg+xml;base64,PHN2ZyB3aWR0aD0iMSIgaGVpZ2h0PSIxIiB4bWxucz0iaHR0cDovL3d3dy53My5vcmcvMjAwMC9zdmciPjwvc3ZnPg==\" \/><\/h2>\n<p><strong>Quiz Socket<\/strong>\u00a0er bitte liten og veldig enkel responsl\u00f8sning. Den krever ikke registering \u2013 kun en e-postadresse for hver gang du starter en responssesjon; som underviser skriver du inn din e-postadresse og du er i gang. Studentene logger inn med en enkel kode. Dette er, som sagt, en veldig enkel l\u00f8sning, og det i seg selv kan v\u00e6re litt forvirrende f\u00f8rste gang du bruker den. Det er noen ganger s\u00e5nn at en forventer at ting skal v\u00e6re vanskeligere enn de faktisk er, og slike forventninger kan komme litt i veien f\u00f8rste gang du bruker det.\u00a0<strong>Quiz Socket<\/strong>\u00a0har ingen fler-funksjonalitet eller avanserte moduler \u2013 det er rett og slett fire svaralternativer til et sp\u00f8rsm\u00e5l som du som underviser m\u00e5 stille til klassen for eksempel muntlig. Studentene svarer ved \u00e5 klikke p\u00e5 A, B, C eller D, og du f\u00e5r opp en oversikt over svarene som kommer inn. Du tar det derfra \u2013 enten som en videre diskusjon eller ved stille flere sp\u00f8rsm\u00e5l til klassen. Mer er det nesten ikke \u00e5 si om Quiz Socket \u2013 annet enn \u00e5 si pr\u00f8v det!<\/p>\n<p>\u2022\u00a0<a title=\"quizsocket.com\" href=\"http:\/\/www.quizsocket.com\" target=\"_blank\" rel=\"noopener\">Test\u00a0Quiz Socket selv<\/a><\/p>\n<p><strong>Type:<\/strong>\u00a0100% nettbasert<br \/>\n<strong>Vanskelighetsgrad:<\/strong>\u00a0\u00a0<span style=\"color: #339966;\">Veldig enkelt<\/span><br \/>\n<strong>Modus:<\/strong>\u00a0Quiz\u00a0(a ,b, c ,d svar)<br \/>\n<strong>Prismodell:<\/strong>\u00a0Gratis<br \/>\n<strong>St\u00f8tte:<\/strong>\u00a0Safari, Chrome, Firefox, Opera, Vivaldi<br \/>\n<strong>OS:<\/strong>\u00a0Web App\u00a0<em>(Responsivt design)<\/em>\u00a0for\u00a0Andriod\u00a0og\u00a0iOS<\/p>\n<p><span style=\"font-size: x-small;\">MC: Multiple Choice<\/span>[\/et_pb_text][et_pb_button button_text=&raquo;Neste &#8211; Mentimeter&raquo; _builder_version=&raquo;4.1&#8243; button_url=&raquo;\/udig\/kursmodulene\/modul-4\/egenskaper-ved-ulike-studentresponssystemer\/mentimeter\/&raquo; hover_enabled=&raquo;0&#8243;][\/et_pb_button][\/et_pb_column][et_pb_column type=&raquo;1_4&#8243; _builder_version=&raquo;3.25&#8243; custom_padding=&raquo;|||&raquo; custom_padding__hover=&raquo;|||&raquo;][et_pb_menu menu_id=&raquo;10&#8243; menu_style=&raquo;centered&raquo; submenu_direction=&raquo;downwards&raquo; admin_label=&raquo;Module 4 &#8211; menu&raquo; _builder_version=&raquo;4.1&#8243; menu_font_size=&raquo;1.1em&raquo; menu_line_height=&raquo;1.2em&raquo; custom_padding=&raquo;80px||||false|false&raquo; hover_enabled=&raquo;0&#8243; logo_url=&raquo;\/udig\/kursmodulene\/modul-4\/egenskaper-ved-ulike-studentresponssystemer\/mentimeter\/&raquo;][\/et_pb_menu][\/et_pb_column][\/et_pb_row][\/et_pb_section]<\/p>\n","protected":false},"excerpt":{"rendered":"<p>Quiz Socket Quiz Socket\u00a0er bitte liten og veldig enkel responsl\u00f8sning. Den krever ikke registering \u2013 kun en e-postadresse for hver gang du starter en responssesjon; som underviser skriver du inn din e-postadresse og du er i gang. Studentene logger inn med en enkel kode. Dette er, som sagt, en veldig enkel l\u00f8sning, og det i [&hellip;]<\/p>\n","protected":false},"author":3,"featured_media":0,"parent":211,"menu_order":3,"comment_status":"open","ping_status":"closed","template":"","meta":{"_et_pb_use_builder":"on","_et_pb_old_content":"<h2><img class=\"alignnone size-full wp-image-682\" style=\"border: 1px solid gray;\" src=\"https:\/\/result.uit.no\/udig\/wp-content\/uploads\/sites\/7\/2014\/12\/quiz-socket-poster.jpg\" alt=\"Quiz Socket\" width=\"795\" height=\"278\" \/><\/h2>\r\n<strong>Quiz Socket<\/strong>\u00a0er bitte liten og veldig enkel responsl\u00f8sning. Den krever ikke registering \u2013 kun en e-postadresse for hver gang du starter en responssesjon; som underviser skriver du inn din e-postadresse og du er i gang. Studentene logger inn med en enkel kode. Dette er, som sagt, en veldig enkel l\u00f8sning, og det i seg selv kan v\u00e6re litt forvirrende f\u00f8rste gang du bruker den. Det er noen ganger s\u00e5nn at en forventer at ting skal v\u00e6re vanskeligere enn de faktisk er, og slike forventninger kan komme litt i veien f\u00f8rste gang du bruker det.\u00a0<strong>Quiz Socket<\/strong>\u00a0har ingen fler-funksjonalitet eller avanserte moduler \u2013 det er rett og slett fire svaralternativer til et sp\u00f8rsm\u00e5l som du som underviser m\u00e5 stille til klassen for eksempel muntlig. Studentene svarer ved \u00e5 klikke p\u00e5 A, B, C eller D, og du f\u00e5r opp en oversikt over svarene som kommer inn. Du tar det derfra \u2013 enten som en videre diskusjon eller ved stille flere sp\u00f8rsm\u00e5l til klassen. Mer er det nesten ikke \u00e5 si om Quiz Socket \u2013 annet enn \u00e5 si pr\u00f8v det!\r\n\r\n\u2022\u00a0<a title=\"quizsocket.com\" href=\"http:\/\/www.quizsocket.com\" target=\"_blank\">Test\u00a0Quiz Socket selv<\/a>\r\n\r\n<strong>Type:<\/strong>\u00a0100% nettbasert\r\n<strong>Vanskelighetsgrad:<\/strong>\u00a0\u00a0<span style=\"color: #339966;\">Veldig enkelt<\/span>\r\n<strong>Modus:<\/strong>\u00a0Quiz\u00a0(a ,b, c ,d svar)\r\n<strong>Prismodell:<\/strong>\u00a0Gratis\r\n<strong>St\u00f8tte:<\/strong>\u00a0Safari, Chrome, Firefox, Opera, Vivaldi\r\n<strong>OS:<\/strong>\u00a0Web App\u00a0<em>(Responsivt design)<\/em>\u00a0for\u00a0Andriod\u00a0og\u00a0iOS\r\n\r\n<span style=\"font-size: x-small;\">MC: Multiple Choice<\/span>","_et_gb_content_width":"","inline_featured_image":false,"iawp_total_views":9,"footnotes":""},"class_list":["post-1468","page","type-page","status-publish","hentry"],"_links":{"self":[{"href":"https:\/\/result.uit.no\/udig\/wp-json\/wp\/v2\/pages\/1468","targetHints":{"allow":["GET"]}}],"collection":[{"href":"https:\/\/result.uit.no\/udig\/wp-json\/wp\/v2\/pages"}],"about":[{"href":"https:\/\/result.uit.no\/udig\/wp-json\/wp\/v2\/types\/page"}],"author":[{"embeddable":true,"href":"https:\/\/result.uit.no\/udig\/wp-json\/wp\/v2\/users\/3"}],"replies":[{"embeddable":true,"href":"https:\/\/result.uit.no\/udig\/wp-json\/wp\/v2\/comments?post=1468"}],"version-history":[{"count":0,"href":"https:\/\/result.uit.no\/udig\/wp-json\/wp\/v2\/pages\/1468\/revisions"}],"up":[{"embeddable":true,"href":"https:\/\/result.uit.no\/udig\/wp-json\/wp\/v2\/pages\/211"}],"wp:attachment":[{"href":"https:\/\/result.uit.no\/udig\/wp-json\/wp\/v2\/media?parent=1468"}],"curies":[{"name":"wp","href":"https:\/\/api.w.org\/{rel}","templated":true}]}}