{"id":1466,"date":"2015-03-03T10:33:04","date_gmt":"2015-03-03T10:33:04","guid":{"rendered":"https:\/\/result.uit.no\/udig\/?page_id=1466"},"modified":"2023-03-08T12:15:38","modified_gmt":"2023-03-08T12:15:38","slug":"verso-learning","status":"publish","type":"page","link":"https:\/\/result.uit.no\/udig\/kursmodulene\/modul-4\/egenskaper-ved-ulike-studentresponssystemer\/verso-learning\/","title":{"rendered":"Verso Learning"},"content":{"rendered":"<p>[et_pb_section fb_built=&raquo;1&#8243; admin_label=&raquo;section&raquo; _builder_version=&raquo;3.22&#8243;][et_pb_row admin_label=&raquo;row&raquo; _builder_version=&raquo;3.25&#8243; background_size=&raquo;initial&raquo; background_position=&raquo;top_left&raquo; background_repeat=&raquo;repeat&raquo; column_structure=&raquo;3_4,1_4&#8243;][et_pb_column type=&raquo;3_4&#8243; _builder_version=&raquo;3.25&#8243; custom_padding=&raquo;|||&raquo; custom_padding__hover=&raquo;|||&raquo;][et_pb_text _builder_version=&raquo;4.1&#8243; hover_enabled=&raquo;0&#8243;]<\/p>\n<h1 class=\"main_title\">Verso Learning<\/h1>\n<p>[\/et_pb_text][et_pb_text admin_label=&raquo;Text&raquo; _builder_version=&raquo;3.27.4&#8243; background_size=&raquo;initial&raquo; background_position=&raquo;top_left&raquo; background_repeat=&raquo;repeat&raquo;]<\/p>\n<h2><img decoding=\"async\" class=\"alignnone size-full wp-image-680 lazyload\" data-src=\"https:\/\/result.uit.no\/udig\/wp-content\/uploads\/sites\/7\/2014\/12\/verso_poster.jpg\" alt=\"Verso Learning\" width=\"795\" height=\"278\" data-srcset=\"https:\/\/result.uit.no\/udig\/wp-content\/uploads\/sites\/7\/2014\/12\/verso_poster.jpg 795w, https:\/\/result.uit.no\/udig\/wp-content\/uploads\/sites\/7\/2014\/12\/verso_poster-300x104.jpg 300w\" data-sizes=\"(max-width: 795px) 100vw, 795px\" src=\"data:image\/svg+xml;base64,PHN2ZyB3aWR0aD0iMSIgaGVpZ2h0PSIxIiB4bWxucz0iaHR0cDovL3d3dy53My5vcmcvMjAwMC9zdmciPjwvc3ZnPg==\" style=\"--smush-placeholder-width: 795px; --smush-placeholder-aspect-ratio: 795\/278;\" \/><\/h2>\n<p><strong>Verso Learning<\/strong>\u00a0er litt uoversiktlig s\u00e5nn til \u00e5 begynne med og det er ikke en klassisk SRS l\u00f8sning, men mer et flippeverkt\u00f8y hvor du deler ut oppgaver som for eksempel tekster, videoer, regneark, lenker eller andre dokumenter til en klasse i forkant av undervisning \u2013 dette f\u00f8lges s\u00e5 av sp\u00f8rsm\u00e5l som skal besvares skriftlig. Kan egentlig kalle det et mini-LMS da man kan bruke verkt\u00f8yet til \u00e5 administrere studentgrupper basert p\u00e5 hva og hvordan de svarer. Underviser kan ogs\u00e5 sette opp klasser og grupper i dette verkt\u00f8yet. Det er ingen verkt\u00f8y for \u00e5 lage multiple choice oppgaver, og dermed ikke helt det vi anser som en standard SRS.<\/p>\n<p><span style=\"line-height: 1.5em;\"><strong>Verso Learning<\/strong>\u00a0skiller seg fra de andre l\u00f8sningene vi viser i denne oversikten ved \u00e5 ha noe de kaller\u00a0<em>VERSO CAMPUS<\/em>. Dette er et administrasjonsverkt\u00f8y som ligger p\u00e5 toppen av flippeverkt\u00f8yet som underviser bruker. Her kan flere klasser\/undervisere samles og administreres, og det kan nesten regnes for \u00e5 v\u00e6re et ledelsesverkt\u00f8y for \u00e5 se hvordan undervisere jobber med klassene sine. Verso Campus er en betalingstjeneste \u2013 s\u00e5 det er fult mulig \u00e5 bruke flippe-verkt\u00f8yet uten dette administrasjons-laget, men det er litt uklart om dette er gratis eller ikke.<br \/>\n<\/span><\/p>\n<p>\u2022\u00a0<a title=\"versoapp.com\" href=\"http:\/\/versoapp.com\/\" target=\"_blank\" rel=\"noopener\">Test\u00a0Verso Learning selv<\/a><\/p>\n<p><strong>Type:<\/strong>\u00a0100% nettbasert<br \/>\n<strong>Vanskelighetsgrad:<\/strong>\u00a0\u00a0<span style=\"color: #339966;\">Ikke spesielt vanskelig<\/span>,\u00a0<span style=\"color: #ff9900;\">men krever mye administrasjon<br \/>\n<\/span><strong style=\"line-height: 1.5em;\">Modus:<\/strong><span style=\"line-height: 1.5em;\">\u00a0Mer et flippe-verkt\u00f8y enn ren SRS<br \/>\n<\/span><strong>Prismodell:<\/strong>\u00a0Flip-verkt\u00f8yet er gratis, men &laquo;Campus&raquo; koster penger \u2013 uvisst hvor mye<br \/>\n<strong>St\u00f8tte:<\/strong>\u00a0Safari, Chrome, Firefox, Opera, Vivaldi<br \/>\n<strong style=\"line-height: 1.5em;\">OS:<\/strong><span style=\"line-height: 1.5em;\">\u00a0Egen\u00a0App\u00a0for\u00a0Andriod\u00a0og\u00a0iOS<\/span><\/p>\n<p><span style=\"font-size: x-small;\">MC: Multiple Choice<\/span>[\/et_pb_text][et_pb_button button_text=&raquo;Neste &#8211; Quiz Socket&raquo; _builder_version=&raquo;4.1&#8243; button_url=&raquo;\/udig\/kursmodulene\/modul-4\/egenskaper-ved-ulike-studentresponssystemer\/quiz-socket\/&raquo; custom_button=&raquo;on&raquo; hover_enabled=&raquo;0&#8243;][\/et_pb_button][\/et_pb_column][et_pb_column type=&raquo;1_4&#8243; _builder_version=&raquo;3.25&#8243; custom_padding=&raquo;|||&raquo; custom_padding__hover=&raquo;|||&raquo;][et_pb_menu menu_id=&raquo;10&#8243; menu_style=&raquo;centered&raquo; submenu_direction=&raquo;downwards&raquo; admin_label=&raquo;Module 4 &#8211; menu&raquo; _builder_version=&raquo;4.1&#8243; menu_font_size=&raquo;1.1em&raquo; menu_line_height=&raquo;1.2em&raquo; custom_padding=&raquo;85px||||false|false&raquo; hover_enabled=&raquo;0&#8243;][\/et_pb_menu][\/et_pb_column][\/et_pb_row][\/et_pb_section]<\/p>\n","protected":false},"excerpt":{"rendered":"<p>Verso Learning Verso Learning\u00a0er litt uoversiktlig s\u00e5nn til \u00e5 begynne med og det er ikke en klassisk SRS l\u00f8sning, men mer et flippeverkt\u00f8y hvor du deler ut oppgaver som for eksempel tekster, videoer, regneark, lenker eller andre dokumenter til en klasse i forkant av undervisning \u2013 dette f\u00f8lges s\u00e5 av sp\u00f8rsm\u00e5l som skal besvares skriftlig. [&hellip;]<\/p>\n","protected":false},"author":3,"featured_media":0,"parent":211,"menu_order":2,"comment_status":"open","ping_status":"closed","template":"","meta":{"_et_pb_use_builder":"on","_et_pb_old_content":"<h2><img class=\"alignnone size-full wp-image-680\" src=\"https:\/\/result.uit.no\/udig\/wp-content\/uploads\/sites\/7\/2014\/12\/verso_poster.jpg\" alt=\"Verso Learning\" width=\"795\" height=\"278\" \/><\/h2>\r\n<strong>Verso Learning<\/strong>\u00a0er litt uoversiktlig s\u00e5nn til \u00e5 begynne med og det er ikke en klassisk SRS l\u00f8sning, men mer et flippeverkt\u00f8y hvor du deler ut oppgaver som for eksempel tekster, videoer, regneark, lenker eller andre dokumenter til en klasse i forkant av undervisning \u2013 dette f\u00f8lges s\u00e5 av sp\u00f8rsm\u00e5l som skal besvares skriftlig. Kan egentlig kalle det et mini-LMS da man kan bruke verkt\u00f8yet til \u00e5 administrere studentgrupper basert p\u00e5 hva og hvordan de svarer. Underviser kan ogs\u00e5 sette opp klasser og grupper i dette verkt\u00f8yet. Det er ingen verkt\u00f8y for \u00e5 lage multiple choice oppgaver, og dermed ikke helt det vi anser som en standard SRS.\r\n\r\n<span style=\"line-height: 1.5em;\"><strong>Verso Learning<\/strong>\u00a0skiller seg fra de andre l\u00f8sningene vi viser i denne oversikten ved \u00e5 ha noe de kaller\u00a0<em>VERSO CAMPUS<\/em>. Dette er et administrasjonsverkt\u00f8y som ligger p\u00e5 toppen av flippeverkt\u00f8yet som underviser bruker. Her kan flere klasser\/undervisere samles og administreres, og det kan nesten regnes for \u00e5 v\u00e6re et ledelsesverkt\u00f8y for \u00e5 se hvordan undervisere jobber med klassene sine. Verso Campus er en betalingstjeneste \u2013 s\u00e5 det er fult mulig \u00e5 bruke flippe-verkt\u00f8yet uten dette administrasjons-laget, men det er litt uklart om dette er gratis eller ikke.\r\n<\/span>\r\n\r\n\u2022\u00a0<a title=\"versoapp.com\" href=\"http:\/\/versoapp.com\/\" target=\"_blank\">Test\u00a0Verso Learning selv<\/a>\r\n\r\n<strong>Type:<\/strong>\u00a0100% nettbasert\r\n<strong>Vanskelighetsgrad:<\/strong>\u00a0\u00a0<span style=\"color: #339966;\">Ikke spesielt vanskelig<\/span>,\u00a0<span style=\"color: #ff9900;\">men krever mye administrasjon\r\n<\/span><strong style=\"line-height: 1.5em;\">Modus:<\/strong><span style=\"line-height: 1.5em;\">\u00a0Mer et flippe-verkt\u00f8y enn ren SRS\r\n<\/span><strong>Prismodell:<\/strong>\u00a0Flip-verkt\u00f8yet er gratis, men \"Campus\" koster penger \u2013 uvisst hvor mye\r\n<strong>St\u00f8tte:<\/strong>\u00a0Safari, Chrome, Firefox, Opera, Vivaldi\r\n<strong style=\"line-height: 1.5em;\">OS:<\/strong><span style=\"line-height: 1.5em;\">\u00a0Egen\u00a0App\u00a0for\u00a0Andriod\u00a0og\u00a0iOS<\/span>\r\n\r\n<span style=\"font-size: x-small;\">MC: Multiple Choice<\/span>","_et_gb_content_width":"","inline_featured_image":false,"iawp_total_views":8,"footnotes":""},"class_list":["post-1466","page","type-page","status-publish","hentry"],"_links":{"self":[{"href":"https:\/\/result.uit.no\/udig\/wp-json\/wp\/v2\/pages\/1466","targetHints":{"allow":["GET"]}}],"collection":[{"href":"https:\/\/result.uit.no\/udig\/wp-json\/wp\/v2\/pages"}],"about":[{"href":"https:\/\/result.uit.no\/udig\/wp-json\/wp\/v2\/types\/page"}],"author":[{"embeddable":true,"href":"https:\/\/result.uit.no\/udig\/wp-json\/wp\/v2\/users\/3"}],"replies":[{"embeddable":true,"href":"https:\/\/result.uit.no\/udig\/wp-json\/wp\/v2\/comments?post=1466"}],"version-history":[{"count":0,"href":"https:\/\/result.uit.no\/udig\/wp-json\/wp\/v2\/pages\/1466\/revisions"}],"up":[{"embeddable":true,"href":"https:\/\/result.uit.no\/udig\/wp-json\/wp\/v2\/pages\/211"}],"wp:attachment":[{"href":"https:\/\/result.uit.no\/udig\/wp-json\/wp\/v2\/media?parent=1466"}],"curies":[{"name":"wp","href":"https:\/\/api.w.org\/{rel}","templated":true}]}}