{"id":110,"date":"2014-12-01T11:16:06","date_gmt":"2014-12-01T11:16:06","guid":{"rendered":"https:\/\/result.uit.no\/udig\/?page_id=110"},"modified":"2016-05-03T09:39:03","modified_gmt":"2016-05-03T09:39:03","slug":"kursmodulene","status":"publish","type":"page","link":"https:\/\/result.uit.no\/udig\/kursmodulene\/","title":{"rendered":"Kursmodulene"},"content":{"rendered":"<p>[et_pb_section admin_label=&raquo;section&raquo;][et_pb_row admin_label=&raquo;row&raquo; make_fullwidth=&raquo;off&raquo; use_custom_width=&raquo;off&raquo; width_unit=&raquo;on&raquo; use_custom_gutter=&raquo;off&raquo; padding_mobile=&raquo;off&raquo; allow_player_pause=&raquo;off&raquo; parallax=&raquo;off&raquo; parallax_method=&raquo;off&raquo; make_equal=&raquo;off&raquo; parallax_1=&raquo;off&raquo; parallax_method_1=&raquo;off&raquo; column_padding_mobile=&raquo;on&raquo; custom_css_main_element=&raquo;display: none;&raquo;][et_pb_column type=&raquo;4_4&#8243;][et_pb_text admin_label=&raquo;Tekst&raquo; background_layout=&raquo;light&raquo; text_orientation=&raquo;left&raquo; use_border_color=&raquo;off&raquo; border_color=&raquo;#ffffff&raquo; border_style=&raquo;solid&raquo;]<\/p>\n<p>Takk for at du har valgt \u00e5 se n\u00e6rmere p\u00e5 alt det fantastiske innholdet som vi p\u00e5 Result har satt sammen for deg. uDig er lagt opp som et nett- og workshopbasert kurs. Kursdatoer og p\u00e5melding h\u00e5ndteres av <a title=\"Oversikt over internkurs p\u00e5 UiT\" href=\"http:\/\/uit.no\/ansatte\/internekurs\" target=\"_blank\">kurssidene for ansatte p\u00e5 UiT<\/a>. S\u00e5 f\u00f8lg med p\u00e5 <a title=\"UiT tavla\" href=\"http:\/\/uit.no\/tavla\" target=\"_blank\">uit.no\/tavla<\/a>. I tillegg til \u00e5 v\u00e6re et tidsavgrenset kurs med en blanding av nettbasert undervisning, forelesninger og workshops, kan du rett og slett g\u00e5 gjennom alt innholdet akkurat n\u00e5r det passer deg. Vi har tenkt at alle ressurser skal v\u00e6re \u00e5pne og tilgjengelig for alle &#8211; hele tiden. Results uDig-team \u00f8nsker at denne nettressursen ogs\u00e5 skal kunne brukes som et rent oppslagsverk. Sammen med v\u00e5re <a title=\"Result MOP'er\" href=\"https:\/\/result.uit.no\/tjenester\/verktoy-og-learing\/\" target=\"_blank\">MOP&#8217;er<\/a> vil uDig-modulene forh\u00e5pentligvis gj\u00f8re det enklere b\u00e5de \u00e5 se behov og ikke minst muligheter ved\u00a0bruk av teknologi i undervisningen din.<\/p>\n<p>[\/et_pb_text][\/et_pb_column][\/et_pb_row][et_pb_row admin_label=&raquo;Rad&raquo;][et_pb_column type=&raquo;1_3&#8243;][et_pb_blurb admin_label=&raquo;Teaser modul 1&#8243; title=&raquo;Modul 1&#8243; url=&raquo;https:\/\/result.uit.no\/udig\/kursmodulene\/modul-1\/&raquo; url_new_window=&raquo;off&raquo; use_icon=&raquo;off&raquo; icon_color=&raquo;#2EA3F2&#8243; use_circle=&raquo;off&raquo; circle_color=&raquo;#2EA3F2&#8243; use_circle_border=&raquo;off&raquo; circle_border_color=&raquo;#2EA3F2&#8243; image=&raquo;https:\/\/result.uit.no\/udig\/wp-content\/uploads\/sites\/7\/2016\/05\/Module-1-TeaserIMG.png&raquo; alt=&raquo;uDIg modu 1&#8243; icon_placement=&raquo;top&raquo; animation=&raquo;top&raquo; background_layout=&raquo;light&raquo; text_orientation=&raquo;left&raquo; use_icon_font_size=&raquo;off&raquo; use_border_color=&raquo;off&raquo; border_color=&raquo;#ffffff&raquo; border_style=&raquo;solid&raquo;]<\/p>\n<p>Digitale l\u00e6remidler i Fronter.<\/p>\n<p>[\/et_pb_blurb][\/et_pb_column][et_pb_column type=&raquo;1_3&#8243;][et_pb_blurb admin_label=&raquo;Teaser modul 2&#8243; title=&raquo;Modul 2&#8243; url=&raquo;https:\/\/result.uit.no\/udig\/kursmodulene\/modul-2\/&raquo; url_new_window=&raquo;off&raquo; use_icon=&raquo;off&raquo; icon_color=&raquo;#2EA3F2&#8243; use_circle=&raquo;off&raquo; circle_color=&raquo;#2EA3F2&#8243; use_circle_border=&raquo;off&raquo; circle_border_color=&raquo;#2EA3F2&#8243; image=&raquo;https:\/\/result.uit.no\/udig\/wp-content\/uploads\/sites\/7\/2016\/05\/Module-2-TeaserIMG.png&raquo; alt=&raquo;uDig modul 2&#8243; icon_placement=&raquo;top&raquo; animation=&raquo;top&raquo; background_layout=&raquo;light&raquo; text_orientation=&raquo;left&raquo; use_icon_font_size=&raquo;off&raquo; use_border_color=&raquo;off&raquo; border_color=&raquo;#ffffff&raquo; border_style=&raquo;solid&raquo;]<\/p>\n<p>Bruk av video i undervisning<\/p>\n<p>[\/et_pb_blurb][\/et_pb_column][et_pb_column type=&raquo;1_3&#8243;][et_pb_blurb admin_label=&raquo;Teaser modul 3&#8243; title=&raquo;Modul 3&#8243; url=&raquo;https:\/\/result.uit.no\/udig\/kursmodulene\/modul-3\/&raquo; url_new_window=&raquo;off&raquo; use_icon=&raquo;off&raquo; icon_color=&raquo;#2EA3F2&#8243; use_circle=&raquo;off&raquo; circle_color=&raquo;#2EA3F2&#8243; use_circle_border=&raquo;off&raquo; circle_border_color=&raquo;#2EA3F2&#8243; image=&raquo;https:\/\/result.uit.no\/udig\/wp-content\/uploads\/sites\/7\/2016\/05\/Module-3-TeaserIMG.png&raquo; icon_placement=&raquo;top&raquo; animation=&raquo;top&raquo; background_layout=&raquo;light&raquo; text_orientation=&raquo;left&raquo; use_icon_font_size=&raquo;off&raquo; use_border_color=&raquo;off&raquo; border_color=&raquo;#ffffff&raquo; border_style=&raquo;solid&raquo;]<\/p>\n<p>Diskusjon og samhandling<\/p>\n<p>[\/et_pb_blurb][\/et_pb_column][\/et_pb_row][et_pb_row admin_label=&raquo;Rad&raquo;][et_pb_column type=&raquo;1_3&#8243;][et_pb_blurb admin_label=&raquo;Teaser modul 4&#8243; title=&raquo;Modul 4&#8243; url=&raquo;https:\/\/result.uit.no\/udig\/kursmodulene\/modul-4\/&raquo; url_new_window=&raquo;off&raquo; use_icon=&raquo;off&raquo; icon_color=&raquo;#2EA3F2&#8243; use_circle=&raquo;off&raquo; circle_color=&raquo;#2EA3F2&#8243; use_circle_border=&raquo;off&raquo; circle_border_color=&raquo;#2EA3F2&#8243; image=&raquo;https:\/\/result.uit.no\/udig\/wp-content\/uploads\/sites\/7\/2016\/05\/Module-4-TeaserIMG.png&raquo; icon_placement=&raquo;top&raquo; animation=&raquo;top&raquo; background_layout=&raquo;light&raquo; text_orientation=&raquo;left&raquo; use_icon_font_size=&raquo;off&raquo; use_border_color=&raquo;off&raquo; border_color=&raquo;#ffffff&raquo; border_style=&raquo;solid&raquo;]<\/p>\n<p>Flipped classroom og responssystemer<\/p>\n<p>[\/et_pb_blurb][\/et_pb_column][et_pb_column type=&raquo;1_3&#8243;][et_pb_blurb admin_label=&raquo;Teaser modul 5&#8243; title=&raquo;Modul 5&#8243; url=&raquo;https:\/\/result.uit.no\/udig\/kursmodulene\/modul-5-laeringsstrategier\/&raquo; url_new_window=&raquo;off&raquo; use_icon=&raquo;off&raquo; icon_color=&raquo;#2EA3F2&#8243; use_circle=&raquo;off&raquo; circle_color=&raquo;#2EA3F2&#8243; use_circle_border=&raquo;off&raquo; circle_border_color=&raquo;#2EA3F2&#8243; image=&raquo;https:\/\/result.uit.no\/udig\/wp-content\/uploads\/sites\/7\/2016\/05\/Module-5-TeaserIMG.png&raquo; icon_placement=&raquo;top&raquo; animation=&raquo;top&raquo; background_layout=&raquo;light&raquo; text_orientation=&raquo;left&raquo; use_icon_font_size=&raquo;off&raquo; use_border_color=&raquo;off&raquo; border_color=&raquo;#ffffff&raquo; border_style=&raquo;solid&raquo;]<\/p>\n<p>L\u00e6ringsstrategier<\/p>\n<p>[\/et_pb_blurb][\/et_pb_column][et_pb_column type=&raquo;1_3&#8243;][et_pb_blurb admin_label=&raquo;Teaser&raquo; title=&raquo;Modul 6&#8243; url=&raquo;https:\/\/result.uit.no\/udig\/kursmodulene\/modul-6-interaktive-tavler\/&raquo; url_new_window=&raquo;off&raquo; use_icon=&raquo;off&raquo; icon_color=&raquo;#2EA3F2&#8243; use_circle=&raquo;off&raquo; circle_color=&raquo;#2EA3F2&#8243; use_circle_border=&raquo;off&raquo; circle_border_color=&raquo;#2EA3F2&#8243; image=&raquo;https:\/\/result.uit.no\/udig\/wp-content\/uploads\/sites\/7\/2016\/05\/Module-6-TeaserIMG.png&raquo; alt=&raquo;uDig modul 6: Innf\u00f8ring i bruk av digitale tavler&raquo; icon_placement=&raquo;top&raquo; animation=&raquo;top&raquo; background_layout=&raquo;light&raquo; text_orientation=&raquo;left&raquo; use_icon_font_size=&raquo;off&raquo; use_border_color=&raquo;off&raquo; border_color=&raquo;#ffffff&raquo; border_style=&raquo;solid&raquo;]<\/p>\n<p>Innf\u00f8ring i bruk av digitale tavler<\/p>\n<p>[\/et_pb_blurb][\/et_pb_column][\/et_pb_row][\/et_pb_section]<\/p>\n","protected":false},"excerpt":{"rendered":"<p>Takk for at du har valgt \u00e5 se n\u00e6rmere p\u00e5 alt det fantastiske innholdet som vi p\u00e5 Result har satt sammen for deg. uDig er lagt opp som et nett- og workshopbasert kurs. Kursdatoer og p\u00e5melding h\u00e5ndteres av kurssidene for ansatte p\u00e5 UiT. S\u00e5 f\u00f8lg med p\u00e5 uit.no\/tavla. I tillegg til \u00e5 v\u00e6re et tidsavgrenset [&hellip;]<\/p>\n","protected":false},"author":3,"featured_media":0,"parent":0,"menu_order":1,"comment_status":"closed","ping_status":"closed","template":"","meta":{"_et_pb_use_builder":"on","_et_pb_old_content":"<p>Takk for at du har valgt \u00e5 se n\u00e6rmere p\u00e5 alt det fantastiske innholdet som vi p\u00e5 Result har satt sammen for deg. uDig er lagt opp som et nett- og workshopbasert kurs. Kursdatoer og p\u00e5melding h\u00e5ndteres av <a title=\"Oversikt over internkurs p\u00e5 UiT\" href=\"http:\/\/uit.no\/ansatte\/internekurs\" target=\"_blank\">kurssidene for ansatte p\u00e5 UiT<\/a>. S\u00e5 f\u00f8lg med p\u00e5 <a title=\"UiT tavla\" href=\"http:\/\/uit.no\/tavla\" target=\"_blank\">uit.no\/tavla<\/a>. I tillegg til \u00e5 v\u00e6re et tidsavgrenset kurs med en blanding av nettbasert undervisning, forelesninger og workshops, kan du rett og slett g\u00e5 gjennom alt innholdet akkurat n\u00e5r det passer deg. Vi har tenkt at alle ressurser skal v\u00e6re \u00e5pne og tilgjengelig for alle - hele tiden. Results uDig-team \u00f8nsker at denne nettressursen ogs\u00e5 skal kunne brukes som et rent oppslagsverk. Sammen med v\u00e5re <a title=\"Result MOP'er\" href=\"https:\/\/result.uit.no\/tjenester\/verktoy-og-learing\/\" target=\"_blank\">MOP'er<\/a> vil uDig-modulene forh\u00e5pentligvis gj\u00f8re det enklere b\u00e5de \u00e5 se behov og ikke minst muligheter ved\u00a0bruk av teknologi i undervisningen din. \u00a0 [box type=\"shadow\"]<\/p><center><a class=\"\" style=\"font-size: 16px;\" title=\"G\u00e5 til modul-1\" href=\"https:\/\/result.uit.no\/udig\/kursmodulene\/modul-1\/\" target=\"_self\">G\u00e5 til modul 1<\/a>, <a class=\"\" style=\"font-size: 16px;\" title=\"G\u00e5 til modul-2\" href=\"https:\/\/result.uit.no\/udig\/kursmodulene\/modul-2\/\" target=\"_self\">modul 2<\/a>, <a class=\"\" style=\"font-size: 16px;\" title=\"G\u00e5 til modul-3\" href=\"https:\/\/result.uit.no\/udig\/kursmodulene\/modul-3\/\" target=\"_self\">modul 3<\/a>,\u00a0\u00a0<a class=\"\" style=\"font-size: 16px;\" title=\"G\u00e5 til modul-4\" href=\"https:\/\/result.uit.no\/udig\/kursmodulene\/modul-4\/\" target=\"_self\">modul 4<\/a>, <a href=\"https:\/\/result.uit.no\/udig\/kursmodulene\/modul-5-laeringsstrategier\/\">modul 5<\/a>\u00a0eller til <a href=\"https:\/\/result.uit.no\/udig\/kursmodulene\/modul-6-interaktive-tavler\/\">modul 6<\/a><\/center><p>[\/box]<\/p>","_et_gb_content_width":"","inline_featured_image":false,"iawp_total_views":23,"footnotes":""},"class_list":["post-110","page","type-page","status-publish","hentry"],"_links":{"self":[{"href":"https:\/\/result.uit.no\/udig\/wp-json\/wp\/v2\/pages\/110","targetHints":{"allow":["GET"]}}],"collection":[{"href":"https:\/\/result.uit.no\/udig\/wp-json\/wp\/v2\/pages"}],"about":[{"href":"https:\/\/result.uit.no\/udig\/wp-json\/wp\/v2\/types\/page"}],"author":[{"embeddable":true,"href":"https:\/\/result.uit.no\/udig\/wp-json\/wp\/v2\/users\/3"}],"replies":[{"embeddable":true,"href":"https:\/\/result.uit.no\/udig\/wp-json\/wp\/v2\/comments?post=110"}],"version-history":[{"count":0,"href":"https:\/\/result.uit.no\/udig\/wp-json\/wp\/v2\/pages\/110\/revisions"}],"wp:attachment":[{"href":"https:\/\/result.uit.no\/udig\/wp-json\/wp\/v2\/media?parent=110"}],"curies":[{"name":"wp","href":"https:\/\/api.w.org\/{rel}","templated":true}]}}