{"id":760,"date":"2023-08-22T15:40:31","date_gmt":"2023-08-22T13:40:31","guid":{"rendered":"https:\/\/result.uit.no\/stimulab\/?page_id=760"},"modified":"2023-08-22T15:47:14","modified_gmt":"2023-08-22T13:47:14","slug":"felttur-til-uit-i-alta","status":"publish","type":"page","link":"https:\/\/result.uit.no\/stimulab\/felttur-til-uit-i-alta\/","title":{"rendered":"Felttur til UiT i Alta"},"content":{"rendered":"<p>[et_pb_section fb_built=&raquo;1&#8243; inner_shadow=&raquo;on&raquo; admin_label=&raquo;Header&raquo; _builder_version=&raquo;4.19.5&#8243; _module_preset=&raquo;default&raquo; background_color=&raquo;#f6f5ee&raquo; custom_padding=&raquo;||0px|||&raquo; collapsed=&raquo;on&raquo; global_colors_info=&raquo;{}&raquo; theme_builder_area=&raquo;post_content&raquo;][et_pb_row column_structure=&raquo;3_5,2_5&#8243; _builder_version=&raquo;4.17.3&#8243; _module_preset=&raquo;default&raquo; min_height=&raquo;366.8px&raquo; custom_margin=&raquo;||||false|false&raquo; custom_padding=&raquo;0px||0px||false|false&raquo; border_width_top=&raquo;2px&raquo; border_color_top=&raquo;#dfd7d7&#8243; global_colors_info=&raquo;{}&raquo; theme_builder_area=&raquo;post_content&raquo;][et_pb_column type=&raquo;3_5&#8243; _builder_version=&raquo;4.17.3&#8243; _module_preset=&raquo;default&raquo; custom_padding=&raquo;50px||50px||false|false&raquo; custom_padding_tablet=&raquo;||0px||false|false&raquo; custom_padding_phone=&raquo;||0px||false|false&raquo; custom_padding_last_edited=&raquo;on|tablet&raquo; global_colors_info=&raquo;{}&raquo; theme_builder_area=&raquo;post_content&raquo;][et_pb_text _builder_version=&raquo;4.22.1&#8243; _module_preset=&raquo;e6504a1b-67eb-4b3d-b023-bcab277610b6&#8243; header_4_font=&raquo;Inter|700||on|||||&raquo; header_4_text_color=&raquo;#FF5A17&#8243; header_4_font_size=&raquo;14px&raquo; header_4_letter_spacing=&raquo;1px&raquo; header_4_line_height=&raquo;1.4em&raquo; custom_margin=&raquo;||0px||false|false&raquo; hover_enabled=&raquo;0&#8243; global_colors_info=&raquo;{}&raquo; theme_builder_area=&raquo;post_content&raquo; sticky_enabled=&raquo;0&#8243;][\/et_pb_text][et_pb_text _builder_version=&raquo;4.19.5&#8243; _module_preset=&raquo;c16985e1-e0d6-4022-964d-e2bfc04fa633&#8243; header_font=&raquo;Inter|700|||||||&raquo; header_text_color=&raquo;#000000&#8243; header_font_size=&raquo;75px&raquo; header_line_height=&raquo;1.2em&raquo; width=&raquo;84.1%&raquo; max_width=&raquo;100%&raquo; custom_padding=&raquo;|0px||||&raquo; header_font_size_tablet=&raquo;40px&raquo; header_font_size_phone=&raquo;24px&raquo; header_font_size_last_edited=&raquo;on|desktop&raquo; inline_fonts=&raquo;Roboto&raquo; global_colors_info=&raquo;{}&raquo; theme_builder_area=&raquo;post_content&raquo;]<\/p>\n<h1><strong><span style=\"font-family: Roboto\">Felttur til Alta<\/span><\/strong><\/h1>\n<blockquote><\/blockquote>\n<p>[\/et_pb_text][et_pb_text _builder_version=&raquo;4.19.5&#8243; _module_preset=&raquo;default&raquo; width=&raquo;78.3%&raquo; custom_padding=&raquo;|45px||||&raquo; link_option_url_new_window=&raquo;on&raquo; global_colors_info=&raquo;{}&raquo; theme_builder_area=&raquo;post_content&raquo;]<\/p>\n<p><span>15.-17. august 2023<\/span><\/p>\n<p>[\/et_pb_text][\/et_pb_column][et_pb_column type=&raquo;2_5&#8243; _builder_version=&raquo;4.17.3&#8243; _module_preset=&raquo;default&raquo; global_colors_info=&raquo;{}&raquo; theme_builder_area=&raquo;post_content&raquo;][et_pb_image src=&raquo;https:\/\/result.uit.no\/stimulab\/wp-content\/uploads\/sites\/60\/2023\/04\/standard_uit-logo.png&raquo; alt=&raquo;Foto av prosjektdeltakerne &#8211; kjernegruppa og styringsgruppa for prosjektet&raquo; title_text=&raquo;standard_uit-logo&raquo; show_bottom_space=&raquo;off&raquo; align=&raquo;center&raquo; disabled_on=&raquo;on|on|off&raquo; _builder_version=&raquo;4.20.4&#8243; _module_preset=&raquo;default&raquo; width=&raquo;132.6%&raquo; custom_margin=&raquo;100px|100px|59px|-64px|false|false&raquo; custom_padding=&raquo;|||0px||&raquo; global_colors_info=&raquo;{}&raquo; theme_builder_area=&raquo;post_content&raquo;][\/et_pb_image][\/et_pb_column][\/et_pb_row][\/et_pb_section][et_pb_section fb_built=&raquo;1&#8243; _builder_version=&raquo;4.22.1&#8243; _module_preset=&raquo;default&raquo; custom_padding=&raquo;||70px||false|false&raquo; global_colors_info=&raquo;{}&raquo; theme_builder_area=&raquo;post_content&raquo;][et_pb_row column_structure=&raquo;1_2,1_2&#8243; _builder_version=&raquo;4.19.5&#8243; _module_preset=&raquo;default&raquo; custom_padding=&raquo;||2px|||&raquo; global_colors_info=&raquo;{}&raquo; theme_builder_area=&raquo;post_content&raquo;][et_pb_column type=&raquo;1_2&#8243; _builder_version=&raquo;4.19.5&#8243; _module_preset=&raquo;default&raquo; global_colors_info=&raquo;{}&raquo; theme_builder_area=&raquo;post_content&raquo;][et_pb_text _builder_version=&raquo;4.19.5&#8243; _module_preset=&raquo;default&raquo; text_line_height=&raquo;2.5em&raquo; header_4_text_color=&raquo;#E09900&#8243; header_4_line_height=&raquo;1.7em&raquo; width=&raquo;74.2%&raquo; custom_margin=&raquo;0px||||false|false&raquo; custom_padding=&raquo;40px||||false|false&raquo; global_colors_info=&raquo;{}&raquo; theme_builder_area=&raquo;post_content&raquo;]<\/p>\n<h4 style=\"text-align: left\"><span style=\"color: #ff5a17\"><em><span style=\"font-weight: 400\">Dette vil vi finne ut av<\/span><\/em><\/span><\/h4>\n<ul>\n<li>\n<p><span style=\"font-size: 14px\">Det skjer s\u00e5 mye ved studiestart til at studentene ikke klarer \u00e5 ta inn info om biblioteket.<\/span><\/p>\n<\/li>\n<li>Forsinket bel\u00f8nning er vanskelig for mennesker. Hvordan bygge en relasjon som gj\u00f8r at de opplever biblioteket som nyttig, og f\u00e5r \u00f8kt nytte av det p\u00e5 sikt?<\/li>\n<\/ul>\n<p><span style=\"color: #ff5a17\"><em><span style=\"font-weight: 400\"><\/span><\/em><\/span><\/p>\n<p>[\/et_pb_text][et_pb_text _builder_version=&raquo;4.22.1&#8243; _module_preset=&raquo;default&raquo; theme_builder_area=&raquo;post_content&raquo; hover_enabled=&raquo;0&#8243; sticky_enabled=&raquo;0&#8243;]<\/p>\n<h2>Eksperiment<\/h2>\n<p>[\/et_pb_text][et_pb_text _builder_version=&raquo;4.22.1&#8243; _module_preset=&raquo;default&raquo; text_font=&raquo;|600|||||||&raquo; text_text_color=&raquo;#000000&#8243; width=&raquo;100%&raquo; min_height=&raquo;973.6px&raquo; custom_margin=&raquo;|70px||||&raquo; custom_padding=&raquo;1px|||||&raquo; global_colors_info=&raquo;{}&raquo; theme_builder_area=&raquo;post_content&raquo;]<\/p>\n<p><strong>Hypotese: <\/strong>Studentene knytter seg til biblioteket hvis de opplever oss som trygge og hjelpsomme, ikke bare n\u00e5r det gjelder bibliotekfaglige sp\u00f8rsm\u00e5l.<\/p>\n<p><strong>Eksperiment 1:\u00a0<\/strong>Gj\u00f8re studentene kjent med bibliotekarene<\/p>\n<p><strong>Prototyper: <\/strong><\/p>\n<ul>\n<li>Flyers rundt p\u00e5 Campus<\/li>\n<li><a href=\"https:\/\/result.uit.no\/stimulab\/alta-studiestart\/\">Nettsted<\/a>. Studentene kan scanne en QR-kode og se en video.<\/li>\n<\/ul>\n<p><strong>Hva er suksess?<\/strong><\/p>\n<p>10 studenter kommer innom for en brus<\/p>\n<p>10 studenter kjenner igjen de ansatte fra l\u00f8pesedlene<\/p>\n<p>Studenter som scanner qr-koden:<\/p>\n<ul>\n<li data-list=\"bullet\">50: dundrende suksess<\/li>\n<li data-list=\"bullet\">15: ganske OK<\/li>\n<\/ul>\n<p>[\/et_pb_text][\/et_pb_column][et_pb_column type=&raquo;1_2&#8243; _builder_version=&raquo;4.19.5&#8243; _module_preset=&raquo;default&raquo; global_colors_info=&raquo;{}&raquo; theme_builder_area=&raquo;post_content&raquo;][et_pb_image title_text=&raquo;alta-anders-med-flyers&raquo; _builder_version=&raquo;4.22.1&#8243; _module_preset=&raquo;default&raquo; width=&raquo;88.3%&raquo; custom_margin=&raquo;|39px||||&raquo; custom_padding=&raquo;|0px||||&raquo; hover_enabled=&raquo;0&#8243; global_colors_info=&raquo;{}&raquo; theme_builder_area=&raquo;post_content&raquo; src=&raquo;https:\/\/result.uit.no\/stimulab\/wp-content\/uploads\/sites\/60\/2023\/08\/alta-anders-med-flyers.png&raquo; sticky_enabled=&raquo;0&#8243;][\/et_pb_image][\/et_pb_column][\/et_pb_row][\/et_pb_section][et_pb_section fb_built=&raquo;1&#8243; admin_label=&raquo;Footer&raquo; _builder_version=&raquo;4.19.5&#8243; _module_preset=&raquo;default&raquo; background_color=&raquo;#ff5a17&#8243; saved_tabs=&raquo;all&raquo; collapsed=&raquo;on&raquo; global_colors_info=&raquo;{}&raquo; theme_builder_area=&raquo;post_content&raquo;][et_pb_row _builder_version=&raquo;4.17.3&#8243; _module_preset=&raquo;default&raquo; custom_padding=&raquo;||3px|||&raquo; global_colors_info=&raquo;{}&raquo; theme_builder_area=&raquo;post_content&raquo;][et_pb_column type=&raquo;4_4&#8243; _builder_version=&raquo;4.17.3&#8243; _module_preset=&raquo;default&raquo; global_colors_info=&raquo;{}&raquo; theme_builder_area=&raquo;post_content&raquo;][et_pb_text _builder_version=&raquo;4.17.3&#8243; _module_preset=&raquo;199512ed-03b9-449f-8aef-73724d134eb7&#8243; header_2_font=&raquo;Inter|700|||||||&raquo; header_2_text_color=&raquo;#000000&#8243; header_2_font_size=&raquo;75px&raquo; header_2_line_height=&raquo;1.2em&raquo; header_2_font_size_tablet=&raquo;40px&raquo; header_2_font_size_phone=&raquo;24px&raquo; header_2_font_size_last_edited=&raquo;on|desktop&raquo; global_colors_info=&raquo;{}&raquo; theme_builder_area=&raquo;post_content&raquo;]<\/p>\n<h2>Kontakt<\/h2>\n<p>[\/et_pb_text][\/et_pb_column][\/et_pb_row][et_pb_row column_structure=&raquo;1_5,1_5,1_5,1_5,1_5&#8243; _builder_version=&raquo;4.19.5&#8243; _module_preset=&raquo;default&raquo; min_height=&raquo;385.8px&raquo; custom_padding=&raquo;||84px|||&raquo; global_colors_info=&raquo;{}&raquo; theme_builder_area=&raquo;post_content&raquo;][et_pb_column type=&raquo;1_5&#8243; _builder_version=&raquo;4.17.3&#8243; _module_preset=&raquo;default&raquo; global_colors_info=&raquo;{}&raquo; theme_builder_area=&raquo;post_content&raquo;][et_pb_social_media_follow icon_color=&raquo;#FFFB44&#8243; _builder_version=&raquo;4.19.5&#8243; _module_preset=&raquo;default&raquo; border_radii=&raquo;on|100px|100px|100px|100px&raquo; global_colors_info=&raquo;{}&raquo; theme_builder_area=&raquo;post_content&raquo;][et_pb_social_media_follow_network social_network=&raquo;facebook&raquo; icon_color=&raquo;#ff5a17&#8243; _builder_version=&raquo;4.19.5&#8243; _module_preset=&raquo;default&raquo; background_color=&raquo;#000000&#8243; background_enable_color=&raquo;on&raquo; global_colors_info=&raquo;{}&raquo; theme_builder_area=&raquo;post_content&raquo; follow_button=&raquo;off&raquo; url_new_window=&raquo;on&raquo;]facebook[\/et_pb_social_media_follow_network][et_pb_social_media_follow_network social_network=&raquo;linkedin&raquo; icon_color=&raquo;#ff5a17&#8243; _builder_version=&raquo;4.19.5&#8243; _module_preset=&raquo;default&raquo; background_color=&raquo;#000000&#8243; background_enable_color=&raquo;on&raquo; global_colors_info=&raquo;{}&raquo; theme_builder_area=&raquo;post_content&raquo; follow_button=&raquo;off&raquo; url_new_window=&raquo;on&raquo;]linkedin[\/et_pb_social_media_follow_network][\/et_pb_social_media_follow][\/et_pb_column][et_pb_column type=&raquo;1_5&#8243; _builder_version=&raquo;4.19.5&#8243; _module_preset=&raquo;default&raquo; global_colors_info=&raquo;{}&raquo; theme_builder_area=&raquo;post_content&raquo;][et_pb_text _builder_version=&raquo;4.19.5&#8243; _module_preset=&raquo;e6504a1b-67eb-4b3d-b023-bcab277610b6&#8243; header_4_font=&raquo;Inter|700||on|||||&raquo; header_4_text_color=&raquo;#000000&#8243; header_4_font_size=&raquo;14px&raquo; header_4_letter_spacing=&raquo;1px&raquo; header_4_line_height=&raquo;1.4em&raquo; custom_margin=&raquo;||0px||false|false&raquo; locked=&raquo;off&raquo; global_colors_info=&raquo;{}&raquo; theme_builder_area=&raquo;post_content&raquo;]<\/p>\n<h4>Bibliotekene<\/h4>\n<p>[\/et_pb_text][et_pb_text _builder_version=&raquo;4.19.5&#8243; _module_preset=&raquo;4c43b4b6-66bf-432d-959a-705bda24a650&#8243; text_font=&raquo;Open Sans||||||||&raquo; text_text_color=&raquo;#000000&#8243; text_line_height=&raquo;1.6em&raquo; link_text_color=&raquo;#000000&#8243; header_font_size_tablet=&raquo;55px&raquo; header_font_size_last_edited=&raquo;off|desktop&raquo; locked=&raquo;off&raquo; global_colors_info=&raquo;{}&raquo; theme_builder_area=&raquo;post_content&raquo;]<\/p>\n<p><strong>Universitetet i Troms\u00f8<\/strong><br \/><span>Hansine Hansens veg 18, 9019 Troms\u00f8<\/span><\/p>\n<p><strong>Universitetet i Oslo<\/strong><br \/><span>Problemveien 7, 0315 Oslo<\/span><\/p>\n<p><strong>NTNU<\/strong><br \/><span>H\u00f8gskoleringen 1, 7034 Trondheim<\/span><\/p>\n<p>[\/et_pb_text][\/et_pb_column][et_pb_column type=&raquo;1_5&#8243; _builder_version=&raquo;4.17.3&#8243; _module_preset=&raquo;default&raquo; global_colors_info=&raquo;{}&raquo; theme_builder_area=&raquo;post_content&raquo;][et_pb_text _builder_version=&raquo;4.19.5&#8243; _module_preset=&raquo;e6504a1b-67eb-4b3d-b023-bcab277610b6&#8243; header_4_font=&raquo;Inter|700||on|||||&raquo; header_4_text_color=&raquo;#000000&#8243; header_4_font_size=&raquo;14px&raquo; header_4_letter_spacing=&raquo;1px&raquo; header_4_line_height=&raquo;1.4em&raquo; custom_margin=&raquo;||0px||false|false&raquo; locked=&raquo;off&raquo; global_colors_info=&raquo;{}&raquo; theme_builder_area=&raquo;post_content&raquo;]<\/p>\n<h4>Kontakt<\/h4>\n<p>[\/et_pb_text][et_pb_text _builder_version=&raquo;4.19.5&#8243; _module_preset=&raquo;4c43b4b6-66bf-432d-959a-705bda24a650&#8243; text_font=&raquo;Open Sans||||||||&raquo; text_text_color=&raquo;#000000&#8243; text_line_height=&raquo;1.6em&raquo; link_text_color=&raquo;#000000&#8243; link_option_url=&raquo;mailto:marit.bull.enger@uit.no&raquo; header_font_size_tablet=&raquo;55px&raquo; header_font_size_last_edited=&raquo;off|desktop&raquo; locked=&raquo;off&raquo; global_colors_info=&raquo;{}&raquo; theme_builder_area=&raquo;post_content&raquo;]<\/p>\n<p><span style=\"text-decoration: underline\"><a href=\"mailto:marit.bull.enger@uit.no\">marit.bull.enger@uit.no<\/a><\/span><\/p>\n<p>[\/et_pb_text][\/et_pb_column][et_pb_column type=&raquo;1_5&#8243; _builder_version=&raquo;4.17.3&#8243; _module_preset=&raquo;default&raquo; global_colors_info=&raquo;{}&raquo; theme_builder_area=&raquo;post_content&raquo;][\/et_pb_column][et_pb_column type=&raquo;1_5&#8243; _builder_version=&raquo;4.17.3&#8243; _module_preset=&raquo;default&raquo; global_colors_info=&raquo;{}&raquo; theme_builder_area=&raquo;post_content&raquo;][\/et_pb_column][\/et_pb_row][\/et_pb_section]<\/p>\n","protected":false},"excerpt":{"rendered":"<p>Felttur til Alta 15.-17. august 2023Dette vil vi finne ut av Det skjer s\u00e5 mye ved studiestart til at studentene ikke klarer \u00e5 ta inn info om biblioteket. Forsinket bel\u00f8nning er vanskelig for mennesker. Hvordan bygge en relasjon som gj\u00f8r at de opplever biblioteket som nyttig, og f\u00e5r \u00f8kt nytte av det p\u00e5 sikt? EksperimentHypotese: [&hellip;]<\/p>\n","protected":false},"author":1969,"featured_media":0,"parent":0,"menu_order":0,"comment_status":"closed","ping_status":"closed","template":"","meta":{"_et_pb_use_builder":"on","_et_pb_old_content":"","_et_gb_content_width":"","iawp_total_views":6,"footnotes":""},"class_list":["post-760","page","type-page","status-publish","hentry"],"_links":{"self":[{"href":"https:\/\/result.uit.no\/stimulab\/wp-json\/wp\/v2\/pages\/760","targetHints":{"allow":["GET"]}}],"collection":[{"href":"https:\/\/result.uit.no\/stimulab\/wp-json\/wp\/v2\/pages"}],"about":[{"href":"https:\/\/result.uit.no\/stimulab\/wp-json\/wp\/v2\/types\/page"}],"author":[{"embeddable":true,"href":"https:\/\/result.uit.no\/stimulab\/wp-json\/wp\/v2\/users\/1969"}],"replies":[{"embeddable":true,"href":"https:\/\/result.uit.no\/stimulab\/wp-json\/wp\/v2\/comments?post=760"}],"version-history":[{"count":0,"href":"https:\/\/result.uit.no\/stimulab\/wp-json\/wp\/v2\/pages\/760\/revisions"}],"wp:attachment":[{"href":"https:\/\/result.uit.no\/stimulab\/wp-json\/wp\/v2\/media?parent=760"}],"curies":[{"name":"wp","href":"https:\/\/api.w.org\/{rel}","templated":true}]}}