{"id":721,"date":"2023-08-15T18:47:08","date_gmt":"2023-08-15T16:47:08","guid":{"rendered":"https:\/\/result.uit.no\/stimulab\/?page_id=721"},"modified":"2024-08-13T14:36:48","modified_gmt":"2024-08-13T12:36:48","slug":"alta-studiestart","status":"publish","type":"page","link":"https:\/\/result.uit.no\/stimulab\/alta-studiestart\/","title":{"rendered":"Alta studiestart"},"content":{"rendered":"<p>[et_pb_section fb_built=&raquo;1&#8243; admin_label=&raquo;Header&raquo; _builder_version=&raquo;4.22.0&#8243; _module_preset=&raquo;default&raquo; background_color=&raquo;#060717&#8243; background_image=&raquo;https:\/\/result.uit.no\/stimulab\/wp-content\/uploads\/sites\/60\/2023\/08\/Podcaster-39.png&raquo; background_position=&raquo;bottom_center&raquo; custom_padding=&raquo;||||false|false&raquo; background_last_edited=&raquo;on|phone&raquo; collapsed=&raquo;on&raquo; global_colors_info=&raquo;{}&raquo;][et_pb_row _builder_version=&raquo;4.22.0&#8243; _module_preset=&raquo;default&raquo; max_width_tablet=&raquo;&raquo; max_width_phone=&raquo;&raquo; max_width_last_edited=&raquo;on|phone&raquo; custom_padding=&raquo;||20px||false|false&raquo; global_colors_info=&raquo;{}&raquo;][et_pb_column type=&raquo;4_4&#8243; _builder_version=&raquo;4.17.0&#8243; _module_preset=&raquo;default&raquo; global_colors_info=&raquo;{}&raquo;][et_pb_text _builder_version=&raquo;4.22.0&#8243; _module_preset=&raquo;c16985e1-e0d6-4022-964d-e2bfc04fa633&#8243; text_text_color=&raquo;#7CDA24&#8243; text_font_size=&raquo;32px&raquo; header_font=&raquo;Sarabun|800|||||||&raquo; header_text_color=&raquo;#FFFFFF&raquo; header_font_size=&raquo;72px&raquo; header_line_height=&raquo;1.2em&raquo; custom_margin=&raquo;||||false|false&raquo; custom_margin_tablet=&raquo;||||false|false&raquo; custom_margin_phone=&raquo;&raquo; custom_margin_last_edited=&raquo;on|phone&raquo; header_font_size_tablet=&raquo;40px&raquo; header_font_size_phone=&raquo;24px&raquo; header_font_size_last_edited=&raquo;on|phone&raquo; global_colors_info=&raquo;{}&raquo;]<\/p>\n<h1>Velkommen til biblioteket i Alta<\/h1>\n<p>[\/et_pb_text][\/et_pb_column][\/et_pb_row][et_pb_row column_structure=&raquo;1_3,1_3,1_3&#8243; _builder_version=&raquo;4.22.0&#8243; _module_preset=&raquo;default&raquo; min_height=&raquo;590.1px&raquo; custom_margin=&raquo;|auto|-117px|auto||&raquo; custom_padding=&raquo;0px|||||&raquo; global_colors_info=&raquo;{}&raquo;][et_pb_column type=&raquo;1_3&#8243; _builder_version=&raquo;4.17.0&#8243; _module_preset=&raquo;default&raquo; custom_padding_tablet=&raquo;||5%||false|false&raquo; custom_padding_phone=&raquo;||30px||false|false&raquo; custom_padding_last_edited=&raquo;on|phone&raquo; global_colors_info=&raquo;{}&raquo;][et_pb_text _builder_version=&raquo;4.22.0&#8243; _module_preset=&raquo;4827deed-2a92-4d97-a22f-f01067ae6873&#8243; text_font=&raquo;Quattrocento Sans|700|||||||&raquo; text_font_size=&raquo;24px&raquo; text_line_height=&raquo;1.8em&raquo; header_font=&raquo;||||||||&raquo; header_4_font=&raquo;Sarabun|700|||||||&raquo; header_4_text_color=&raquo;#FFFFFF&raquo; header_4_font_size=&raquo;24px&raquo; header_4_line_height=&raquo;1.3em&raquo; position_origin_a=&raquo;bottom_left&raquo; position_origin_a_tablet=&raquo;bottom_left&raquo; position_origin_a_phone=&raquo;bottom_left&raquo; position_origin_a_last_edited=&raquo;on|tablet&raquo; position_origin_f_tablet=&raquo;&raquo; position_origin_f_phone=&raquo;&raquo; position_origin_f_last_edited=&raquo;on|tablet&raquo; position_origin_r_tablet=&raquo;&raquo; position_origin_r_phone=&raquo;&raquo; position_origin_r_last_edited=&raquo;on|tablet&raquo; custom_margin=&raquo;||10px||false|false&raquo; custom_margin_tablet=&raquo;5%|||0%|false|false&raquo; custom_margin_phone=&raquo;|||0%|false|false&raquo; custom_margin_last_edited=&raquo;off|desktop&raquo; text_font_size_tablet=&raquo;24px&raquo; text_font_size_phone=&raquo;24px&raquo; text_font_size_last_edited=&raquo;on|phone&raquo; header_4_font_size_tablet=&raquo;16px&raquo; header_4_font_size_phone=&raquo;14px&raquo; header_4_font_size_last_edited=&raquo;on|phone&raquo; positioning_tablet=&raquo;none&raquo; positioning_phone=&raquo;none&raquo; positioning_last_edited=&raquo;on|tablet&raquo; global_colors_info=&raquo;{}&raquo;]<\/p>\n<h4>Vi hjelper deg med tips til hvordan du studerer smart og passer p\u00e5 at du refererer skikkelig (og ikke blir tatt i fusk!). I tillegg kan vi hjelpe deg med den tr\u00f8blete printeren!<\/h4>\n<h4>Kom innom og bli kjent med oss \ud83d\ude42<\/h4>\n<p>[\/et_pb_text][\/et_pb_column][et_pb_column type=&raquo;1_3&#8243; _builder_version=&raquo;4.17.0&#8243; _module_preset=&raquo;default&raquo; overflow-x=&raquo;visible&raquo; overflow-y=&raquo;visible&raquo; custom_padding=&raquo;||||false|false&raquo; custom_padding_tablet=&raquo;||||false|false&raquo; custom_padding_phone=&raquo;||||false|false&raquo; custom_padding_last_edited=&raquo;on|tablet&raquo; background_last_edited=&raquo;on|desktop&raquo; border_radii=&raquo;off||100px||100px&raquo; global_colors_info=&raquo;{}&raquo;][et_pb_divider show_divider=&raquo;off&raquo; _builder_version=&raquo;4.22.0&#8243; _module_preset=&raquo;default&raquo; use_background_color_gradient=&raquo;on&raquo; background_color_gradient_stops=&raquo;#24233c 0%|#8c5ef9 100%&raquo; positioning=&raquo;absolute&raquo; position_origin_a=&raquo;bottom_left&raquo; position_origin_a_tablet=&raquo;bottom_left&raquo; position_origin_a_phone=&raquo;bottom_left&raquo; position_origin_a_last_edited=&raquo;off|desktop&raquo; position_origin_f_last_edited=&raquo;off|desktop&raquo; position_origin_r_last_edited=&raquo;off|desktop&raquo; width=&raquo;88%&raquo; width_tablet=&raquo;55%&raquo; width_phone=&raquo;60%&raquo; width_last_edited=&raquo;off|desktop&raquo; height=&raquo;60%&raquo; height_last_edited=&raquo;off|desktop&raquo; custom_margin=&raquo;||0px||false|false&raquo; custom_margin_tablet=&raquo;||0%||false|false&raquo; custom_margin_phone=&raquo;||0%||false|false&raquo; custom_margin_last_edited=&raquo;off|desktop&raquo; custom_padding_tablet=&raquo;||700px||false|false&raquo; custom_padding_phone=&raquo;||500px||false|false&raquo; custom_padding_last_edited=&raquo;off|desktop&raquo; background_last_edited=&raquo;off|desktop&raquo; use_background_color_gradient_tablet=&raquo;on&raquo; background_color_gradient_stops_tablet=&raquo;rgba(140,94,249,0) 0%|rgba(6,7,23,0) 40%|rgba(140,94,249,0.4) 40%|rgba(140,94,249,0.8) 100%&raquo; positioning_tablet=&raquo;absolute&raquo; positioning_phone=&raquo;absolute&raquo; positioning_last_edited=&raquo;off|desktop&raquo; border_radii=&raquo;off||100px||100px&raquo; locked=&raquo;off&raquo; global_colors_info=&raquo;{}&raquo;][\/et_pb_divider][et_pb_image src=&raquo;https:\/\/result.uit.no\/stimulab\/wp-content\/uploads\/sites\/60\/2023\/08\/Podcaster-42.png&raquo; title_text=&raquo;Podcaster 42&#8243; _builder_version=&raquo;4.17.0&#8243; _module_preset=&raquo;default&raquo; positioning=&raquo;absolute&raquo; position_origin_a=&raquo;bottom_right&raquo; z_index=&raquo;1&#8243; vertical_offset_last_edited=&raquo;off|desktop&raquo; horizontal_offset_last_edited=&raquo;off|desktop&raquo; position_origin_a_tablet=&raquo;bottom_right&raquo; position_origin_a_phone=&raquo;bottom_right&raquo; position_origin_a_last_edited=&raquo;off|desktop&raquo; position_origin_f_last_edited=&raquo;off|desktop&raquo; position_origin_r_last_edited=&raquo;off|desktop&raquo; width=&raquo;23%&raquo; width_tablet=&raquo;100%&raquo; width_phone=&raquo;100%&raquo; width_last_edited=&raquo;off|desktop&raquo; custom_margin=&raquo;|-6%|20%||false|false&raquo; positioning_tablet=&raquo;absolute&raquo; positioning_phone=&raquo;absolute&raquo; positioning_last_edited=&raquo;off|desktop&raquo; global_colors_info=&raquo;{}&raquo;][\/et_pb_image][et_pb_image src=&raquo;https:\/\/result.uit.no\/stimulab\/wp-content\/uploads\/sites\/60\/2023\/08\/printertrobbel.png&raquo; alt=&raquo;Tr\u00f8bbel med printeren&raquo; title_text=&raquo;printertrobbel&raquo; admin_label=&raquo;Image&raquo; _builder_version=&raquo;4.22.0&#8243; _module_preset=&raquo;default&raquo; width_phone=&raquo;96%&raquo; width_last_edited=&raquo;off|desktop&raquo; max_width_tablet=&raquo;300px&raquo; max_width_phone=&raquo;300px&raquo; max_width_last_edited=&raquo;on|tablet&raquo; max_height_tablet=&raquo;&raquo; max_height_phone=&raquo;&raquo; max_height_last_edited=&raquo;on|tablet&raquo; custom_margin=&raquo;8%||30%|12%|false|false&raquo; custom_margin_tablet=&raquo;||||false|false&raquo; custom_margin_phone=&raquo;||||false|false&raquo; custom_margin_last_edited=&raquo;off|desktop&raquo; custom_padding_tablet=&raquo;8%||||false|false&raquo; custom_padding_phone=&raquo;||||false|false&raquo; custom_padding_last_edited=&raquo;off|desktop&raquo; module_alignment_phone=&raquo;right&raquo; module_alignment_last_edited=&raquo;off|desktop&raquo; border_radii=&raquo;off||100px||100px&raquo; global_colors_info=&raquo;{}&raquo; width__hover_enabled=&raquo;off|desktop&raquo;][\/et_pb_image][et_pb_image src=&raquo;https:\/\/result.uit.no\/stimulab\/wp-content\/uploads\/sites\/60\/2023\/08\/Podcaster-19.png&raquo; title_text=&raquo;Podcaster 19&#8243; align_tablet=&raquo;left&raquo; align_phone=&raquo;left&raquo; align_last_edited=&raquo;on|phone&raquo; _builder_version=&raquo;4.22.0&#8243; _module_preset=&raquo;default&raquo; positioning=&raquo;absolute&raquo; vertical_offset_tablet=&raquo;0%&raquo; vertical_offset_last_edited=&raquo;off|desktop&raquo; horizontal_offset_last_edited=&raquo;off|desktop&raquo; position_origin_a_tablet=&raquo;top_left&raquo; position_origin_a_phone=&raquo;top_left&raquo; position_origin_a_last_edited=&raquo;off|desktop&raquo; position_origin_f_last_edited=&raquo;off|desktop&raquo; position_origin_r_last_edited=&raquo;off|desktop&raquo; width=&raquo;17%&raquo; width_last_edited=&raquo;off|desktop&raquo; custom_margin=&raquo;||0px||false|false&raquo; positioning_tablet=&raquo;absolute&raquo; positioning_phone=&raquo;absolute&raquo; positioning_last_edited=&raquo;off|desktop&raquo; global_colors_info=&raquo;{}&raquo; width__hover_enabled=&raquo;off|desktop&raquo;][\/et_pb_image][\/et_pb_column][et_pb_column type=&raquo;1_3&#8243; _builder_version=&raquo;4.17.0&#8243; _module_preset=&raquo;default&raquo; custom_padding=&raquo;10%||||false|false&raquo; custom_padding_tablet=&raquo;0%||||false|false&raquo; custom_padding_phone=&raquo;0%||||false|false&raquo; custom_padding_last_edited=&raquo;on|desktop&raquo; global_colors_info=&raquo;{}&raquo;][et_pb_image src=&raquo;https:\/\/result.uit.no\/stimulab\/wp-content\/uploads\/sites\/60\/2023\/08\/Podcaster-14.png&raquo; title_text=&raquo;Podcaster 14&#8243; align=&raquo;center&raquo; admin_label=&raquo;Image&raquo; _builder_version=&raquo;4.17.0&#8243; _module_preset=&raquo;default&raquo; position_origin_a=&raquo;top_right&raquo; horizontal_offset=&raquo;-80%&raquo; horizontal_offset_tablet=&raquo;0%&raquo; horizontal_offset_phone=&raquo;0%&raquo; horizontal_offset_last_edited=&raquo;on|tablet&raquo; position_origin_a_tablet=&raquo;top_right&raquo; position_origin_a_phone=&raquo;top_right&raquo; position_origin_a_last_edited=&raquo;off|desktop&raquo; position_origin_f_last_edited=&raquo;off|desktop&raquo; position_origin_r_last_edited=&raquo;off|desktop&raquo; width=&raquo;130px&raquo; width_tablet=&raquo;100%&raquo; width_phone=&raquo;100%&raquo; width_last_edited=&raquo;off|desktop&raquo; custom_margin_tablet=&raquo;|||0%|false|false&raquo; custom_margin_phone=&raquo;|||0%|false|false&raquo; custom_margin_last_edited=&raquo;off|desktop&raquo; positioning_tablet=&raquo;absolute&raquo; positioning_phone=&raquo;absolute&raquo; positioning_last_edited=&raquo;off|desktop&raquo; locked=&raquo;off&raquo; global_colors_info=&raquo;{}&raquo;][\/et_pb_image][et_pb_image src=&raquo;https:\/\/result.uit.no\/stimulab\/wp-content\/uploads\/sites\/60\/2023\/08\/Podcaster-18.png&raquo; title_text=&raquo;Podcaster 18&#8243; align_tablet=&raquo;left&raquo; align_phone=&raquo;left&raquo; _builder_version=&raquo;4.17.0&#8243; _module_preset=&raquo;default&raquo; position_origin_a=&raquo;center_left&raquo; horizontal_offset=&raquo;-50%&raquo; vertical_offset_tablet=&raquo;-40%&raquo; vertical_offset_phone=&raquo;-40%&raquo; vertical_offset_last_edited=&raquo;on|tablet&raquo; horizontal_offset_tablet=&raquo;-5%&raquo; horizontal_offset_phone=&raquo;-5%&raquo; horizontal_offset_last_edited=&raquo;on|phone&raquo; position_origin_a_tablet=&raquo;top_left&raquo; position_origin_a_phone=&raquo;top_left&raquo; position_origin_a_last_edited=&raquo;on|tablet&raquo; position_origin_f_tablet=&raquo;&raquo; position_origin_f_phone=&raquo;&raquo; position_origin_f_last_edited=&raquo;on|tablet&raquo; position_origin_r_tablet=&raquo;&raquo; position_origin_r_phone=&raquo;&raquo; position_origin_r_last_edited=&raquo;on|tablet&raquo; width=&raquo;100px&raquo; width_tablet=&raquo;100%&raquo; width_phone=&raquo;100%&raquo; width_last_edited=&raquo;off|desktop&raquo; custom_margin_tablet=&raquo;-60px||0%|-5%|false|false&raquo; custom_margin_phone=&raquo;-60px||0%|-5%|false|false&raquo; custom_margin_last_edited=&raquo;off|desktop&raquo; positioning_tablet=&raquo;none&raquo; positioning_phone=&raquo;none&raquo; positioning_last_edited=&raquo;on|tablet&raquo; locked=&raquo;off&raquo; global_colors_info=&raquo;{}&raquo;][\/et_pb_image][et_pb_text _builder_version=&raquo;4.22.0&#8243; _module_preset=&raquo;518880c8-46c7-4ffa-b5a6-93ffa99dcc17&#8243; text_font=&raquo;Quattrocento Sans||||||||&raquo; text_text_color=&raquo;#FFFFFF&raquo; text_font_size=&raquo;20px&raquo; text_line_height=&raquo;1.6em&raquo; position_origin_a=&raquo;bottom_left&raquo; position_origin_a_tablet=&raquo;bottom_left&raquo; position_origin_a_phone=&raquo;bottom_left&raquo; position_origin_a_last_edited=&raquo;on|tablet&raquo; position_origin_f_tablet=&raquo;&raquo; position_origin_f_phone=&raquo;&raquo; position_origin_f_last_edited=&raquo;on|tablet&raquo; position_origin_r_tablet=&raquo;&raquo; position_origin_r_phone=&raquo;&raquo; position_origin_r_last_edited=&raquo;on|tablet&raquo; custom_margin_tablet=&raquo;5%|||0%|false|false&raquo; custom_margin_phone=&raquo;|||0%|false|false&raquo; custom_margin_last_edited=&raquo;off|desktop&raquo; text_font_size_tablet=&raquo;16px&raquo; text_font_size_phone=&raquo;14px&raquo; text_font_size_last_edited=&raquo;on|phone&raquo; positioning_tablet=&raquo;none&raquo; positioning_phone=&raquo;none&raquo; positioning_last_edited=&raquo;on|tablet&raquo; global_colors_info=&raquo;{}&raquo;]<\/p>\n<p>Alle nye studenter m\u00e5 knytte studentkortet sitt til printeren for \u00e5 kunne skrive ut. Den er litt kranglete til tider, men vi hjelper deg om du st\u00e5r fast!<\/p>\n<p>&nbsp;<\/p>\n<p>[\/et_pb_text][\/et_pb_column][\/et_pb_row][\/et_pb_section][et_pb_section fb_built=&raquo;1&#8243; admin_label=&raquo;About&raquo; _builder_version=&raquo;4.22.0&#8243; _module_preset=&raquo;default&raquo; background_color=&raquo;#060717&#8243; collapsed=&raquo;on&raquo; global_colors_info=&raquo;{}&raquo;][et_pb_row _builder_version=&raquo;4.17.0&#8243; _module_preset=&raquo;default&raquo; max_width=&raquo;1440px&raquo; global_colors_info=&raquo;{}&raquo;][et_pb_column type=&raquo;4_4&#8243; _builder_version=&raquo;4.17.0&#8243; _module_preset=&raquo;default&raquo; global_colors_info=&raquo;{}&raquo;][et_pb_text _builder_version=&raquo;4.22.0&#8243; _module_preset=&raquo;default&raquo; text_text_color=&raquo;#ffffff&raquo; text_font_size=&raquo;30px&raquo; text_line_height=&raquo;1.6em&raquo; custom_margin=&raquo;-47px|||||&raquo; global_colors_info=&raquo;{}&raquo;]<\/p>\n<p>Forskning viser at studenter som bruker biblioteket gjennom studietiden, f\u00e5r bedre resultater enn de som ikke gj\u00f8r det.<\/p>\n<p>[\/et_pb_text][et_pb_video src=&raquo;https:\/\/result.uit.no\/stimulab\/wp-content\/uploads\/sites\/60\/2023\/08\/Velkommen-til-Alta.mp4&#8243; _builder_version=&raquo;4.22.0&#8243; _module_preset=&raquo;default&raquo; global_colors_info=&raquo;{}&raquo;][\/et_pb_video][\/et_pb_column][\/et_pb_row][\/et_pb_section][et_pb_section fb_built=&raquo;1&#8243; admin_label=&raquo;Footer&raquo; _builder_version=&raquo;4.17.0&#8243; _module_preset=&raquo;default&raquo; background_color=&raquo;#060717&#8243; background_image=&raquo;https:\/\/result.uit.no\/stimulab\/wp-content\/uploads\/sites\/60\/2023\/08\/Podcaster-31.png&raquo; background_size=&raquo;contain&raquo; background_position=&raquo;center_right&raquo; custom_padding=&raquo;||||false|false&raquo; saved_tabs=&raquo;all&raquo; locked=&raquo;off&raquo; collapsed=&raquo;on&raquo; global_colors_info=&raquo;{}&raquo;][et_pb_row _builder_version=&raquo;4.17.0&#8243; _module_preset=&raquo;default&raquo; custom_padding=&raquo;0px||0px|||&raquo; global_colors_info=&raquo;{}&raquo;][et_pb_column type=&raquo;4_4&#8243; _builder_version=&raquo;4.17.0&#8243; _module_preset=&raquo;default&raquo; global_colors_info=&raquo;{}&raquo;][et_pb_image src=&raquo;https:\/\/result.uit.no\/stimulab\/wp-content\/uploads\/sites\/60\/2023\/08\/Podcaster-10.png&raquo; title_text=&raquo;Podcaster 10&#8243; _builder_version=&raquo;4.17.0&#8243; _module_preset=&raquo;default&raquo; global_colors_info=&raquo;{}&raquo;][\/et_pb_image][\/et_pb_column][\/et_pb_row][et_pb_row column_structure=&raquo;2_3,1_3&#8243; _builder_version=&raquo;4.17.0&#8243; _module_preset=&raquo;default&raquo; global_colors_info=&raquo;{}&raquo;][et_pb_column type=&raquo;2_3&#8243; _builder_version=&raquo;4.17.0&#8243; _module_preset=&raquo;default&raquo; custom_padding=&raquo;||||false|false&raquo; custom_padding_tablet=&raquo;||30px||false|false&raquo; custom_padding_phone=&raquo;&raquo; custom_padding_last_edited=&raquo;on|phone&raquo; global_colors_info=&raquo;{}&raquo;][et_pb_text _builder_version=&raquo;4.17.0&#8243; _module_preset=&raquo;b327cbe4-b1d5-4b66-ad37-40c8f2f061ba&raquo; header_2_font=&raquo;Sarabun|700|||||||&raquo; header_2_text_color=&raquo;#FFFFFF&raquo; header_2_font_size=&raquo;55px&raquo; header_2_line_height=&raquo;1.2em&raquo; custom_margin=&raquo;||10px||false|false&raquo; custom_margin_tablet=&raquo;||0px||false|false&raquo; custom_margin_last_edited=&raquo;off|desktop&raquo; header_2_font_size_tablet=&raquo;30px&raquo; header_2_font_size_phone=&raquo;20px&raquo; header_2_font_size_last_edited=&raquo;on|phone&raquo; global_colors_info=&raquo;{}&raquo;]<\/p>\n<h2>Lyst til \u00e5 bli r\u00e5 p\u00e5 oppgaveskriving?<\/h2>\n<p>[\/et_pb_text][et_pb_text _builder_version=&raquo;4.22.0&#8243; _module_preset=&raquo;518880c8-46c7-4ffa-b5a6-93ffa99dcc17&#8243; text_font=&raquo;Quattrocento Sans||||||||&raquo; text_text_color=&raquo;#FFFFFF&raquo; text_font_size=&raquo;18px&raquo; text_line_height=&raquo;1.6em&raquo; custom_padding=&raquo;0px|||||&raquo; text_font_size_tablet=&raquo;16px&raquo; text_font_size_phone=&raquo;14px&raquo; text_font_size_last_edited=&raquo;on|phone&raquo; global_colors_info=&raquo;{}&raquo;]<\/p>\n<div data-qa=\"slack_kit_scrollbar\" role=\"presentation\" class=\"c-scrollbar__hider\">\n<div role=\"presentation\" class=\"c-scrollbar__child\">\n<div data-qa=\"slack_kit_list\" class=\"c-virtual_list__scroll_container\" role=\"list\" aria-label=\"Katrine (direct message, away)\">\n<div class=\"c-virtual_list__item c-virtual_list__item--initial-activeitem\" role=\"listitem\" id=\"1692123061.289349\" data-qa=\"virtual-list-item\" data-item-key=\"1692123061.289349\">\n<div role=\"presentation\" class=\"c-message_kit__background c-message_kit__background--hovered p-message_pane_message__message c-message_kit__message p-message_pane_message__message--last p-message_pane_message__message--showing_context_bar\" data-qa=\"message_container\" data-qa-unprocessed=\"false\" data-qa-placeholder=\"false\">\n<div role=\"document\" class=\"c-message_kit__hover c-message_kit__hover--hovered\" data-qa-hover=\"true\">\n<div class=\"c-message_kit__actions c-message_kit__actions--default\">\n<div class=\"c-message_kit__gutter\">\n<div role=\"presentation\" class=\"c-message_kit__gutter__right\" data-qa=\"message_content\">\n<div class=\"c-message_kit__blocks c-message_kit__blocks--rich_text\">\n<div class=\"c-message__message_blocks c-message__message_blocks--rich_text\" data-qa=\"message-text\">\n<div class=\"p-block_kit_renderer\" data-qa=\"block-kit-renderer\">\n<div class=\"p-block_kit_renderer__block_wrapper p-block_kit_renderer__block_wrapper--first\">\n<div class=\"p-rich_text_block\" dir=\"auto\">\n<div class=\"p-rich_text_section\">I samarbeid med <a href=\"https:\/\/uit.no\/ub\/skrivesenteret\">UiT Skrivesenteret<\/a>\u00a0 arrangerer vi skrivekveld p\u00e5 Universitetsbiblioteket i Alta onsdag 25. september fra kl. 15-19 og inviterer deg til \u00e5 l\u00e6re om skrivestrategier og f\u00e5 individuell veiledning om s\u00f8k, kildebruk, referanser, tekstinnhold og skriveprosess. Dette vil du ikke g\u00e5 glipp av! Sikre deg en plass ved \u00e5 melde din interesse allerede n\u00e5! Vi sender ut en p\u00e5minnelse og mer informasjon om skrivekvelden til deg p\u00e5 e-post n\u00e5r datoen n\u00e6rmer seg.<\/div>\n<\/div>\n<\/div>\n<\/div>\n<\/div>\n<\/div>\n<\/div>\n<\/div>\n<\/div>\n<\/div>\n<\/div>\n<\/div>\n<\/div>\n<\/div>\n<\/div>\n<div role=\"presentation\" class=\"c-scrollbar__track\"><\/div>\n<p>[\/et_pb_text][\/et_pb_column][et_pb_column type=&raquo;1_3&#8243; _builder_version=&raquo;4.17.0&#8243; _module_preset=&raquo;default&raquo; global_colors_info=&raquo;{}&raquo;][et_pb_button button_url=&raquo;https:\/\/nettskjema.no\/a\/354180#\/page\/1&#8243; button_text=&raquo;Meld din interesse for skrivekveld&raquo; _builder_version=&raquo;4.27.0&#8243; _module_preset=&raquo;f489fdc3-bf1e-40c7-852b-c42851d4acb9&#8243; custom_button=&raquo;on&raquo; button_text_size=&raquo;14px&raquo; button_text_color=&raquo;#FFFFFF&raquo; button_bg_use_color_gradient=&raquo;on&raquo; button_bg_color_gradient_direction=&raquo;120deg&raquo; button_bg_color_gradient_stops=&raquo;#f52791 0%|#3742fb 100%&raquo; button_border_width=&raquo;0px&raquo; button_border_radius=&raquo;50px&raquo; button_letter_spacing=&raquo;2px&raquo; button_font=&raquo;Sarabun|700||on|||||&raquo; button_use_icon=&raquo;off&raquo; custom_padding=&raquo;20px|50px|20px|50px|true|true&raquo; button_text_size_phone=&raquo;12px&raquo; button_text_size_last_edited=&raquo;off|phone&raquo; global_colors_info=&raquo;{}&raquo;][\/et_pb_button][\/et_pb_column][\/et_pb_row][\/et_pb_section][et_pb_section fb_built=&raquo;1&#8243; _builder_version=&raquo;4.22.0&#8243; _module_preset=&raquo;default&raquo; global_colors_info=&raquo;{}&raquo;][et_pb_row _builder_version=&raquo;4.22.0&#8243; _module_preset=&raquo;default&raquo; global_colors_info=&raquo;{}&raquo;][et_pb_column type=&raquo;4_4&#8243; _builder_version=&raquo;4.22.0&#8243; _module_preset=&raquo;default&raquo; global_colors_info=&raquo;{}&raquo;][et_pb_image src=&raquo;https:\/\/result.uit.no\/stimulab\/wp-content\/uploads\/sites\/60\/2023\/08\/anders-kristin.png&raquo; title_text=&raquo;anders-kristin&raquo; _builder_version=&raquo;4.22.0&#8243; _module_preset=&raquo;default&raquo; global_colors_info=&raquo;{}&raquo;][\/et_pb_image][\/et_pb_column][\/et_pb_row][et_pb_row _builder_version=&raquo;4.22.0&#8243; _module_preset=&raquo;default&raquo; global_colors_info=&raquo;{}&raquo;][et_pb_column type=&raquo;4_4&#8243; _builder_version=&raquo;4.22.0&#8243; _module_preset=&raquo;default&raquo; global_colors_info=&raquo;{}&raquo;][et_pb_text _builder_version=&raquo;4.22.0&#8243; _module_preset=&raquo;default&raquo; text_font_size=&raquo;24px&raquo; text_line_height=&raquo;1.8em&raquo; link_option_url=&raquo;https:\/\/uit.no\/ub\/vaarebibliotek\/alta?utm_campaign=ubalta&amp;utm_source=google&amp;utm_medium=referral&raquo; global_colors_info=&raquo;{}&raquo;]<\/p>\n<h2>Ny p\u00e5 biblioteket?<\/h2>\n<p><span>Hos oss finner du pensumlitteratur og faglitteratur n\u00e5r du skal skrive oppgave. Vi tilbyr enkel tilgang til en mengde elektroniske ressurser, som e-b\u00f8ker, e-tidsskrifter og fagdatabaser. Vi har ogs\u00e5 leseplasser og plasser til gruppearbeid. <a href=\"https:\/\/direc.to\/jNUs\">Les mer om biblioteket!<\/a><\/span><\/p>\n<p>[\/et_pb_text][\/et_pb_column][\/et_pb_row][\/et_pb_section][et_pb_section fb_built=&raquo;1&#8243; fullwidth=&raquo;on&raquo; _builder_version=&raquo;4.22.0&#8243; _module_preset=&raquo;default&raquo; global_colors_info=&raquo;{}&raquo;][\/et_pb_section]<\/p>\n","protected":false},"excerpt":{"rendered":"<p>Velkommen til biblioteket i AltaVi hjelper deg med tips til hvordan du studerer smart og passer p\u00e5 at du refererer skikkelig (og ikke blir tatt i fusk!). I tillegg kan vi hjelpe deg med den tr\u00f8blete printeren! Kom innom og bli kjent med oss :)Alle nye studenter m\u00e5 knytte studentkortet sitt til printeren for \u00e5 [&hellip;]<\/p>\n","protected":false},"author":1969,"featured_media":0,"parent":0,"menu_order":0,"comment_status":"closed","ping_status":"closed","template":"","meta":{"_et_pb_use_builder":"on","_et_pb_old_content":"","_et_gb_content_width":"","iawp_total_views":14,"footnotes":""},"class_list":["post-721","page","type-page","status-publish","hentry"],"_links":{"self":[{"href":"https:\/\/result.uit.no\/stimulab\/wp-json\/wp\/v2\/pages\/721","targetHints":{"allow":["GET"]}}],"collection":[{"href":"https:\/\/result.uit.no\/stimulab\/wp-json\/wp\/v2\/pages"}],"about":[{"href":"https:\/\/result.uit.no\/stimulab\/wp-json\/wp\/v2\/types\/page"}],"author":[{"embeddable":true,"href":"https:\/\/result.uit.no\/stimulab\/wp-json\/wp\/v2\/users\/1969"}],"replies":[{"embeddable":true,"href":"https:\/\/result.uit.no\/stimulab\/wp-json\/wp\/v2\/comments?post=721"}],"version-history":[{"count":0,"href":"https:\/\/result.uit.no\/stimulab\/wp-json\/wp\/v2\/pages\/721\/revisions"}],"wp:attachment":[{"href":"https:\/\/result.uit.no\/stimulab\/wp-json\/wp\/v2\/media?parent=721"}],"curies":[{"name":"wp","href":"https:\/\/api.w.org\/{rel}","templated":true}]}}