{"id":490,"date":"2023-03-16T12:22:59","date_gmt":"2023-03-16T11:22:59","guid":{"rendered":"https:\/\/result.uit.no\/stimulab\/?page_id=490"},"modified":"2023-03-29T10:30:20","modified_gmt":"2023-03-29T08:30:20","slug":"observasjon-i-felt-blindern","status":"publish","type":"page","link":"https:\/\/result.uit.no\/stimulab\/observasjon-i-felt-blindern\/","title":{"rendered":"Observasjon i felt: Blindern"},"content":{"rendered":"<p>[et_pb_section fb_built=&raquo;1&#8243; inner_shadow=&raquo;on&raquo; admin_label=&raquo;Header&raquo; _builder_version=&raquo;4.19.5&#8243; _module_preset=&raquo;default&raquo; background_color=&raquo;#f6f5ee&raquo; min_height=&raquo;538.4px&raquo; custom_padding=&raquo;||24px||false|false&raquo; collapsed=&raquo;on&raquo; global_colors_info=&raquo;{}&raquo;][et_pb_row column_structure=&raquo;3_5,2_5&#8243; _builder_version=&raquo;4.17.3&#8243; _module_preset=&raquo;default&raquo; custom_margin=&raquo;||||false|false&raquo; custom_padding=&raquo;0px||37px||false|false&raquo; border_width_top=&raquo;2px&raquo; border_color_top=&raquo;#dfd7d7&#8243; global_colors_info=&raquo;{}&raquo;][et_pb_column type=&raquo;3_5&#8243; _builder_version=&raquo;4.17.3&#8243; _module_preset=&raquo;default&raquo; custom_padding=&raquo;50px||50px||false|false&raquo; custom_padding_tablet=&raquo;||0px||false|false&raquo; custom_padding_phone=&raquo;||0px||false|false&raquo; custom_padding_last_edited=&raquo;on|tablet&raquo; global_colors_info=&raquo;{}&raquo;][et_pb_text _builder_version=&raquo;4.20.2&#8243; _module_preset=&raquo;e6504a1b-67eb-4b3d-b023-bcab277610b6&#8243; header_4_font=&raquo;Inter|700||on|||||&raquo; header_4_text_color=&raquo;#FF5A17&#8243; header_4_font_size=&raquo;14px&raquo; header_4_letter_spacing=&raquo;1px&raquo; header_4_line_height=&raquo;1.4em&raquo; custom_margin=&raquo;||0px||false|false&raquo; global_colors_info=&raquo;{}&raquo;]<\/p>\n<div class=\"et_pb_module et_pb_text et_pb_text_0  et_pb_text_align_left et_pb_bg_layout_light\">\n<div class=\"et_pb_text_inner\">\n<h4><span>Innsikt<\/span><\/h4>\n<\/div>\n<\/div>\n<div class=\"et_pb_module et_pb_text et_pb_text_1  et_pb_text_align_left et_pb_bg_layout_light\">\n<div class=\"et_pb_text_inner\"><\/div>\n<\/div>\n<p>[\/et_pb_text][et_pb_text _builder_version=&raquo;4.19.5&#8243; _module_preset=&raquo;c16985e1-e0d6-4022-964d-e2bfc04fa633&#8243; header_font=&raquo;Inter|700|||||||&raquo; header_text_color=&raquo;#000000&#8243; header_font_size=&raquo;75px&raquo; header_line_height=&raquo;1.2em&raquo; width=&raquo;84.1%&raquo; max_width=&raquo;100%&raquo; custom_padding=&raquo;|0px||||&raquo; header_font_size_tablet=&raquo;40px&raquo; header_font_size_phone=&raquo;24px&raquo; header_font_size_last_edited=&raquo;on|desktop&raquo; inline_fonts=&raquo;Roboto&raquo; global_colors_info=&raquo;{}&raquo;]<\/p>\n<h1>Observasjon i felt: Blindern<\/h1>\n<blockquote><\/blockquote>\n<p>[\/et_pb_text][et_pb_text _builder_version=&raquo;4.19.5&#8243; _module_preset=&raquo;default&raquo; width=&raquo;78.3%&raquo; custom_padding=&raquo;|45px|0px|||&raquo; link_option_url_new_window=&raquo;on&raquo; global_colors_info=&raquo;{}&raquo;]<\/p>\n<p><span>18. januar tok prosjektgruppa sin f\u00f8rste tur ut i felt, og reiste til UiO og Blindern. Vi ville finne ut om vi ved \u00e5 observere de ansatte som jobber i skranken ved HumSam-biblioteket kunne avdekke relle brukerbehov og utfordringer studentene har i direkte kontakt med universitetsbiblioteket.\u00a0<\/span><\/p>\n<p>[\/et_pb_text][\/et_pb_column][et_pb_column type=&raquo;2_5&#8243; _builder_version=&raquo;4.17.3&#8243; _module_preset=&raquo;default&raquo; global_colors_info=&raquo;{}&raquo;][et_pb_image src=&raquo;https:\/\/result.uit.no\/stimulab\/wp-content\/uploads\/sites\/60\/2023\/03\/IMG_3828.png&raquo; alt=&raquo;Georg Sverdrups hus med HumSam-biblioteket&raquo; title_text=&raquo;IMG_3828&#8243; disabled_on=&raquo;on|off|off&raquo; _builder_version=&raquo;4.20.2&#8243; _module_preset=&raquo;default&raquo; width=&raquo;132.6%&raquo; custom_margin=&raquo;|100px|59px|-64px||&raquo; custom_padding=&raquo;|||0px||&raquo; hover_enabled=&raquo;0&#8243; global_colors_info=&raquo;{}&raquo; sticky_enabled=&raquo;0&#8243;][\/et_pb_image][\/et_pb_column][\/et_pb_row][\/et_pb_section][et_pb_section fb_built=&raquo;1&#8243; _builder_version=&raquo;4.19.5&#8243; _module_preset=&raquo;default&raquo; custom_margin=&raquo;40px|||||&raquo; custom_padding=&raquo;||70px||false|false&raquo; global_colors_info=&raquo;{}&raquo;][et_pb_row column_structure=&raquo;1_2,1_2&#8243; _builder_version=&raquo;4.19.5&#8243; _module_preset=&raquo;default&raquo; min_height=&raquo;360.9px&raquo; custom_padding=&raquo;0px|||||&raquo; global_colors_info=&raquo;{}&raquo;][et_pb_column type=&raquo;1_2&#8243; _builder_version=&raquo;4.19.5&#8243; _module_preset=&raquo;default&raquo; global_colors_info=&raquo;{}&raquo;][et_pb_text _builder_version=&raquo;4.19.5&#8243; _module_preset=&raquo;default&raquo; global_colors_info=&raquo;{}&raquo;][\/et_pb_text][et_pb_text _builder_version=&raquo;4.19.5&#8243; _module_preset=&raquo;b327cbe4-b1d5-4b66-ad37-40c8f2f061ba&raquo; header_line_height=&raquo;1.6em&raquo; header_2_font=&raquo;Inter|700|||||||&raquo; header_2_text_color=&raquo;#000000&#8243; header_2_font_size=&raquo;48px&raquo; header_2_line_height=&raquo;1.2em&raquo; custom_margin=&raquo;-29px||0px||false|false&raquo; custom_padding=&raquo;|||0px||&raquo; header_2_font_size_tablet=&raquo;32px&raquo; header_2_font_size_phone=&raquo;20px&raquo; header_2_font_size_last_edited=&raquo;on|desktop&raquo; locked=&raquo;off&raquo; global_colors_info=&raquo;{}&raquo;]<\/p>\n<h1><strong><span style=\"font-size: xx-large;color: #000000;font-family: Roboto\">Hva l\u00e6rte vi?\u00a0<\/span><\/strong><\/h1>\n<p>[\/et_pb_text][et_pb_text _builder_version=&raquo;4.19.5&#8243; _module_preset=&raquo;default&raquo; custom_padding=&raquo;||0px|||&raquo; global_colors_info=&raquo;{}&raquo;]<\/p>\n<p>Ved \u00e5 observere de ansatte i skranken og studentene som kom og henvendte seg i l\u00f8pet av tiden vi satt bak skranken, l\u00e6rte vi at studentene fikk raskt hjelp til det de lurte p\u00e5. Hovedsaklig gjalt henvendelsene<\/p>\n<ul>\n<li>Utl\u00e5n<\/li>\n<li>Henting av b\u00f8ker som var bestilt (fjernl\u00e5n)<\/li>\n<li>Betaling av purregebyr (veldig dyrt!)\u00a0<\/li>\n<li>L\u00e5ne tape, saks og str\u00f8m\u00a0<\/li>\n<\/ul>\n<p>Ved \u00e5 snakke med de ansatte i skranken l\u00e6rte vi mye fortere hva som var utfordringene og hva de i hovedsak hjelper studentene med, s\u00e5 vi avsluttet observasjonen.\u00a0<\/p>\n<p>\u00a0<span><\/span><\/p>\n<p>&nbsp;<\/p>\n<p>&nbsp;<\/p>\n<p>[\/et_pb_text][\/et_pb_column][et_pb_column type=&raquo;1_2&#8243; _builder_version=&raquo;4.19.5&#8243; _module_preset=&raquo;default&raquo; global_colors_info=&raquo;{}&raquo;][et_pb_image src=&raquo;https:\/\/result.uit.no\/stimulab\/wp-content\/uploads\/sites\/60\/2023\/03\/observasjon-hjelp.png&raquo; title_text=&raquo;observasjon-hjelp&raquo; _builder_version=&raquo;4.20.2&#8243; _module_preset=&raquo;default&raquo; hover_enabled=&raquo;0&#8243; global_colors_info=&raquo;{}&raquo; sticky_enabled=&raquo;0&#8243;][\/et_pb_image][\/et_pb_column][\/et_pb_row][\/et_pb_section][et_pb_section fb_built=&raquo;1&#8243; admin_label=&raquo;Footer&raquo; _builder_version=&raquo;4.19.5&#8243; _module_preset=&raquo;default&raquo; background_color=&raquo;#ff5a17&#8243; saved_tabs=&raquo;all&raquo; collapsed=&raquo;on&raquo; global_colors_info=&raquo;{}&raquo;][et_pb_row _builder_version=&raquo;4.17.3&#8243; _module_preset=&raquo;default&raquo; custom_padding=&raquo;||3px|||&raquo; global_colors_info=&raquo;{}&raquo;][et_pb_column type=&raquo;4_4&#8243; _builder_version=&raquo;4.17.3&#8243; _module_preset=&raquo;default&raquo; global_colors_info=&raquo;{}&raquo;][et_pb_text _builder_version=&raquo;4.17.3&#8243; _module_preset=&raquo;199512ed-03b9-449f-8aef-73724d134eb7&#8243; header_2_font=&raquo;Inter|700|||||||&raquo; header_2_text_color=&raquo;#000000&#8243; header_2_font_size=&raquo;75px&raquo; header_2_line_height=&raquo;1.2em&raquo; header_2_font_size_tablet=&raquo;40px&raquo; header_2_font_size_phone=&raquo;24px&raquo; header_2_font_size_last_edited=&raquo;on|desktop&raquo; global_colors_info=&raquo;{}&raquo;]<\/p>\n<h2>Kontakt<\/h2>\n<p>[\/et_pb_text][\/et_pb_column][\/et_pb_row][et_pb_row column_structure=&raquo;1_5,1_5,1_5,1_5,1_5&#8243; _builder_version=&raquo;4.19.5&#8243; _module_preset=&raquo;default&raquo; min_height=&raquo;385.8px&raquo; custom_padding=&raquo;||84px|||&raquo; global_colors_info=&raquo;{}&raquo;][et_pb_column type=&raquo;1_5&#8243; _builder_version=&raquo;4.17.3&#8243; _module_preset=&raquo;default&raquo; global_colors_info=&raquo;{}&raquo;][et_pb_social_media_follow icon_color=&raquo;#FFFB44&#8243; _builder_version=&raquo;4.19.5&#8243; _module_preset=&raquo;default&raquo; border_radii=&raquo;on|100px|100px|100px|100px&raquo; global_colors_info=&raquo;{}&raquo;][et_pb_social_media_follow_network social_network=&raquo;facebook&raquo; icon_color=&raquo;#ff5a17&#8243; _builder_version=&raquo;4.19.5&#8243; _module_preset=&raquo;default&raquo; background_color=&raquo;#000000&#8243; background_enable_color=&raquo;on&raquo; global_colors_info=&raquo;{}&raquo; follow_button=&raquo;off&raquo; url_new_window=&raquo;on&raquo;]facebook[\/et_pb_social_media_follow_network][et_pb_social_media_follow_network social_network=&raquo;linkedin&raquo; icon_color=&raquo;#ff5a17&#8243; _builder_version=&raquo;4.19.5&#8243; _module_preset=&raquo;default&raquo; background_color=&raquo;#000000&#8243; background_enable_color=&raquo;on&raquo; global_colors_info=&raquo;{}&raquo; follow_button=&raquo;off&raquo; url_new_window=&raquo;on&raquo;]linkedin[\/et_pb_social_media_follow_network][\/et_pb_social_media_follow][\/et_pb_column][et_pb_column type=&raquo;1_5&#8243; _builder_version=&raquo;4.19.5&#8243; _module_preset=&raquo;default&raquo; global_colors_info=&raquo;{}&raquo;][et_pb_text _builder_version=&raquo;4.19.5&#8243; _module_preset=&raquo;e6504a1b-67eb-4b3d-b023-bcab277610b6&#8243; header_4_font=&raquo;Inter|700||on|||||&raquo; header_4_text_color=&raquo;#000000&#8243; header_4_font_size=&raquo;14px&raquo; header_4_letter_spacing=&raquo;1px&raquo; header_4_line_height=&raquo;1.4em&raquo; custom_margin=&raquo;||0px||false|false&raquo; locked=&raquo;off&raquo; global_colors_info=&raquo;{}&raquo;]<\/p>\n<h4>Bibliotekene<\/h4>\n<p>[\/et_pb_text][et_pb_text _builder_version=&raquo;4.19.5&#8243; _module_preset=&raquo;4c43b4b6-66bf-432d-959a-705bda24a650&#8243; text_font=&raquo;Open Sans||||||||&raquo; text_text_color=&raquo;#000000&#8243; text_line_height=&raquo;1.6em&raquo; link_text_color=&raquo;#000000&#8243; header_font_size_tablet=&raquo;55px&raquo; header_font_size_last_edited=&raquo;off|desktop&raquo; locked=&raquo;off&raquo; global_colors_info=&raquo;{}&raquo;]<\/p>\n<p><strong>Universitetet i Troms\u00f8<\/strong><br \/><span>Hansine Hansens veg 18, 9019 Troms\u00f8<\/span><\/p>\n<p><strong>Universitetet i Oslo<\/strong><br \/><span>Problemveien 7, 0315 Oslo<\/span><\/p>\n<p><strong>NTNU<\/strong><br \/><span>H\u00f8gskoleringen 1, 7034 Trondheim<\/span><\/p>\n<p>[\/et_pb_text][\/et_pb_column][et_pb_column type=&raquo;1_5&#8243; _builder_version=&raquo;4.17.3&#8243; _module_preset=&raquo;default&raquo; global_colors_info=&raquo;{}&raquo;][et_pb_text _builder_version=&raquo;4.19.5&#8243; _module_preset=&raquo;e6504a1b-67eb-4b3d-b023-bcab277610b6&#8243; header_4_font=&raquo;Inter|700||on|||||&raquo; header_4_text_color=&raquo;#000000&#8243; header_4_font_size=&raquo;14px&raquo; header_4_letter_spacing=&raquo;1px&raquo; header_4_line_height=&raquo;1.4em&raquo; custom_margin=&raquo;||0px||false|false&raquo; locked=&raquo;off&raquo; global_colors_info=&raquo;{}&raquo;]<\/p>\n<h4>Kontakt<\/h4>\n<p>[\/et_pb_text][et_pb_text _builder_version=&raquo;4.19.5&#8243; _module_preset=&raquo;4c43b4b6-66bf-432d-959a-705bda24a650&#8243; text_font=&raquo;Open Sans||||||||&raquo; text_text_color=&raquo;#000000&#8243; text_line_height=&raquo;1.6em&raquo; link_text_color=&raquo;#000000&#8243; link_option_url=&raquo;mailto:marit.bull.enger@uit.no&raquo; header_font_size_tablet=&raquo;55px&raquo; header_font_size_last_edited=&raquo;off|desktop&raquo; locked=&raquo;off&raquo; global_colors_info=&raquo;{}&raquo;]<\/p>\n<p><span style=\"text-decoration: underline\"><a href=\"mailto:marit.bull.enger@uit.no\">marit.bull.enger@uit.no<\/a><\/span><\/p>\n<p>[\/et_pb_text][\/et_pb_column][et_pb_column type=&raquo;1_5&#8243; _builder_version=&raquo;4.17.3&#8243; _module_preset=&raquo;default&raquo; global_colors_info=&raquo;{}&raquo;][\/et_pb_column][et_pb_column type=&raquo;1_5&#8243; _builder_version=&raquo;4.17.3&#8243; _module_preset=&raquo;default&raquo; global_colors_info=&raquo;{}&raquo;][\/et_pb_column][\/et_pb_row][\/et_pb_section]<\/p>\n","protected":false},"excerpt":{"rendered":"<p>Innsikt Observasjon i felt: Blindern 18. januar tok prosjektgruppa sin f\u00f8rste tur ut i felt, og reiste til UiO og Blindern. Vi ville finne ut om vi ved \u00e5 observere de ansatte som jobber i skranken ved HumSam-biblioteket kunne avdekke relle brukerbehov og utfordringer studentene har i direkte kontakt med universitetsbiblioteket.\u00a0Hva l\u00e6rte vi?\u00a0Ved \u00e5 observere [&hellip;]<\/p>\n","protected":false},"author":1969,"featured_media":0,"parent":0,"menu_order":0,"comment_status":"closed","ping_status":"closed","template":"","meta":{"_et_pb_use_builder":"on","_et_pb_old_content":"","_et_gb_content_width":"","iawp_total_views":10,"footnotes":""},"class_list":["post-490","page","type-page","status-publish","hentry"],"_links":{"self":[{"href":"https:\/\/result.uit.no\/stimulab\/wp-json\/wp\/v2\/pages\/490","targetHints":{"allow":["GET"]}}],"collection":[{"href":"https:\/\/result.uit.no\/stimulab\/wp-json\/wp\/v2\/pages"}],"about":[{"href":"https:\/\/result.uit.no\/stimulab\/wp-json\/wp\/v2\/types\/page"}],"author":[{"embeddable":true,"href":"https:\/\/result.uit.no\/stimulab\/wp-json\/wp\/v2\/users\/1969"}],"replies":[{"embeddable":true,"href":"https:\/\/result.uit.no\/stimulab\/wp-json\/wp\/v2\/comments?post=490"}],"version-history":[{"count":0,"href":"https:\/\/result.uit.no\/stimulab\/wp-json\/wp\/v2\/pages\/490\/revisions"}],"wp:attachment":[{"href":"https:\/\/result.uit.no\/stimulab\/wp-json\/wp\/v2\/media?parent=490"}],"curies":[{"name":"wp","href":"https:\/\/api.w.org\/{rel}","templated":true}]}}