{"id":39094,"date":"2021-06-28T09:19:31","date_gmt":"2021-06-28T07:19:31","guid":{"rendered":"https:\/\/result.uit.no\/reaidu\/?page_id=39094"},"modified":"2023-05-25T11:48:03","modified_gmt":"2023-05-25T09:48:03","slug":"religion","status":"publish","type":"page","link":"https:\/\/result.uit.no\/reaidu\/vare-tema\/religion\/","title":{"rendered":"Religion"},"content":{"rendered":"<p>[et_pb_section fb_built=&raquo;1&#8243; custom_padding_last_edited=&raquo;on|desktop&raquo; admin_label=&raquo;Section %22The Boss%22&#8243; module_id=&raquo;chef&raquo; module_class=&raquo;orange-link&raquo; _builder_version=&raquo;4.16&#8243; custom_padding=&raquo;150px||104px|&raquo; custom_padding_tablet=&raquo;100px||60px|&raquo; custom_padding_phone=&raquo;80px||40px|&raquo; custom_css_main_element=&raquo;margin-left: 2%;||margin-right: 2%;||&raquo; transparent_background=&raquo;off&raquo; collapsed=&raquo;off&raquo; global_colors_info=&raquo;{}&raquo;][et_pb_row column_structure=&raquo;1_2,1_2&#8243; use_custom_gutter=&raquo;on&raquo; gutter_width=&raquo;1&#8243; padding_mobile=&raquo;on&raquo; column_padding_mobile=&raquo;on&raquo; admin_label=&raquo;Row&raquo; module_class=&raquo; et_pb_row_fullwidth&raquo; _builder_version=&raquo;4.16&#8243; background_size=&raquo;initial&raquo; background_position=&raquo;top_left&raquo; background_repeat=&raquo;repeat&raquo; width=&raquo;100%&raquo; width_tablet=&raquo;100%&raquo; width_phone=&raquo;&raquo; width_last_edited=&raquo;on|desktop&raquo; max_width=&raquo;100%&raquo; max_width_tablet=&raquo;100%&raquo; max_width_phone=&raquo;&raquo; max_width_last_edited=&raquo;on|desktop&raquo; custom_padding=&raquo;0px|0px|0px|0px&raquo; make_fullwidth=&raquo;on&raquo; global_colors_info=&raquo;{}&raquo;][et_pb_column type=&raquo;1_2&#8243; _builder_version=&raquo;4.16&#8243; background_color=&raquo;#f6f4f2&#8243; custom_padding=&raquo;|||&raquo; global_colors_info=&raquo;{}&raquo; custom_padding__hover=&raquo;|||&raquo;][et_pb_text admin_label=&raquo;Overskrift&raquo; _builder_version=&raquo;4.16&#8243; text_font=&raquo;Poiret One|||on|&raquo; text_font_size=&raquo;40px&raquo; text_line_height=&raquo;1em&raquo; header_font=&raquo;||||||||&raquo; header_text_color=&raquo;#666666&#8243; header_font_size=&raquo;3px&raquo; header_2_font=&raquo;||||||||&raquo; text_orientation=&raquo;right&raquo; custom_margin=&raquo;-26px|||&raquo; custom_margin_tablet=&raquo;&raquo; custom_margin_phone=&raquo;-30px|||&raquo; custom_margin_last_edited=&raquo;on|desktop&raquo; custom_padding=&raquo;|10%||&raquo; custom_padding_tablet=&raquo;&raquo; custom_padding_phone=&raquo;|0px||20px&raquo; custom_padding_last_edited=&raquo;on|desktop&raquo; text_font_size_tablet=&raquo;&raquo; text_font_size_phone=&raquo;50&#8243; text_font_size_last_edited=&raquo;on|phone&raquo; use_border_color=&raquo;off&raquo; border_color=&raquo;#ffffff&raquo; border_style=&raquo;solid&raquo; global_colors_info=&raquo;{}&raquo;]<\/p>\n<p>Religion<\/p>\n<p>[\/et_pb_text][et_pb_text admin_label=&raquo;overskrift&raquo; _builder_version=&raquo;4.16&#8243; text_font=&raquo;Dancing Script|on|||&raquo; text_text_color=&raquo;#e09900&#8243; text_font_size=&raquo;34&#8243; text_line_height=&raquo;1em&raquo; header_font=&raquo;||||||||&raquo; text_orientation=&raquo;right&raquo; custom_padding=&raquo;|13%|40px|&raquo; custom_padding_tablet=&raquo;|13%|30px|&raquo; custom_padding_phone=&raquo;|20px|20px|30px&raquo; custom_padding_last_edited=&raquo;on|desktop&raquo; text_font_size_tablet=&raquo;&raquo; text_font_size_phone=&raquo;30&#8243; text_font_size_last_edited=&raquo;on|phone&raquo; use_border_color=&raquo;off&raquo; border_color=&raquo;#ffffff&raquo; border_style=&raquo;solid&raquo; global_colors_info=&raquo;{}&raquo;]<\/p>\n<p>Jaahkoe<\/p>\n<p>[\/et_pb_text][\/et_pb_column][et_pb_column type=&raquo;1_2&#8243; _builder_version=&raquo;4.16&#8243; custom_padding=&raquo;|||&raquo; global_colors_info=&raquo;{}&raquo; custom_padding__hover=&raquo;|||&raquo;][\/et_pb_column][\/et_pb_row][et_pb_row column_structure=&raquo;1_2,1_2&#8243; use_custom_gutter=&raquo;on&raquo; gutter_width=&raquo;1&#8243; padding_mobile=&raquo;on&raquo; make_equal=&raquo;on&raquo; column_padding_mobile=&raquo;on&raquo; admin_label=&raquo;Row&raquo; module_class=&raquo; et_pb_row_fullwidth&raquo; _builder_version=&raquo;4.16&#8243; background_size=&raquo;initial&raquo; background_position=&raquo;top_left&raquo; background_repeat=&raquo;repeat&raquo; width=&raquo;100%&raquo; width_tablet=&raquo;100%&raquo; width_phone=&raquo;&raquo; width_last_edited=&raquo;on|desktop&raquo; max_width=&raquo;100%&raquo; max_width_tablet=&raquo;100%&raquo; max_width_phone=&raquo;&raquo; max_width_last_edited=&raquo;on|desktop&raquo; custom_padding=&raquo;0px|0px|0px|0px&raquo; make_fullwidth=&raquo;on&raquo; global_colors_info=&raquo;{}&raquo;][et_pb_column type=&raquo;1_2&#8243; _builder_version=&raquo;4.16&#8243; background_color=&raquo;#f6f4f2&#8243; custom_padding=&raquo;|||19%&raquo; custom_padding_tablet=&raquo;|||16%&raquo; custom_padding_phone=&raquo;|||10%&raquo; custom_padding_last_edited=&raquo;on|desktop&raquo; global_colors_info=&raquo;{}&raquo; custom_padding__hover=&raquo;|||&raquo;][et_pb_text module_class=&raquo;orange-link&raquo; _builder_version=&raquo;4.16&#8243; text_font=&raquo;||||||||&raquo; text_text_color=&raquo;#000000&#8243; text_font_size=&raquo;15px&raquo; text_line_height=&raquo;1.8em&raquo; background_size=&raquo;initial&raquo; background_position=&raquo;top_left&raquo; background_repeat=&raquo;repeat&raquo; text_orientation=&raquo;justified&raquo; custom_margin=&raquo;|||-26px||&raquo; custom_padding=&raquo;10px|7%|60px|25px||&raquo; global_colors_info=&raquo;{}&raquo;]<\/p>\n<p>Religion i de samiske samfunnene i dag er et mangfoldig fenomen. Noen er kristne. Noen h\u00f8rer til nyreligi\u00f8sitet. Noen bryr seg ikke om religion. For noen er det viktig \u00e5 trekke fram den samiske dimensjonen ved religionen \u2013 uten at det er lett \u00e5 definere hva en samisk dimensjon er. Hvilket begrep som er best \u00e5 bruke om religionen samene hadde f\u00f8r de i st\u00f8rre eller mindre grad ble kristne, er omdiskutert.\u00a0<\/p>\n<p>[\/et_pb_text][\/et_pb_column][et_pb_column type=&raquo;1_2&#8243; _builder_version=&raquo;4.16&#8243; background_color=&raquo;rgba(255,255,255,0)&raquo; custom_padding=&raquo;|||&raquo; global_colors_info=&raquo;{}&raquo; custom_padding__hover=&raquo;|||&raquo;][\/et_pb_column][\/et_pb_row][et_pb_row column_structure=&raquo;1_4,1_4,1_2&#8243; use_custom_gutter=&raquo;on&raquo; gutter_width=&raquo;0&#8243; padding_mobile=&raquo;on&raquo; column_padding_mobile=&raquo;on&raquo; admin_label=&raquo;Row&raquo; _builder_version=&raquo;4.16&#8243; background_size=&raquo;initial&raquo; background_position=&raquo;top_left&raquo; background_repeat=&raquo;repeat&raquo; custom_margin=&raquo;-25px|||&raquo; custom_padding=&raquo;0px|0px|0px|0px&raquo; global_colors_info=&raquo;{}&raquo;][et_pb_column type=&raquo;1_4&#8243; _builder_version=&raquo;4.16&#8243; custom_padding=&raquo;|||&raquo; global_colors_info=&raquo;{}&raquo; custom_padding__hover=&raquo;|||&raquo;][\/et_pb_column][et_pb_column type=&raquo;1_4&#8243; _builder_version=&raquo;4.16&#8243; custom_padding=&raquo;|||&raquo; global_colors_info=&raquo;{}&raquo; custom_padding__hover=&raquo;|||&raquo;][\/et_pb_column][et_pb_column type=&raquo;1_2&#8243; _builder_version=&raquo;4.16&#8243; custom_padding=&raquo;|||&raquo; global_colors_info=&raquo;{}&raquo; custom_padding__hover=&raquo;|||&raquo;][et_pb_image src=&raquo;https:\/\/result.uit.no\/reaidu\/wp-content\/uploads\/sites\/27\/2018\/11\/Valkepaa_Minnesermoni_138A-1.jpg&raquo; alt=&raquo;Mennesker p\u00e5 kirkeg\u00e5rd med kirke i bakgrunnen&raquo; title_text=&raquo;Foto: \u00d8rjan Marakatt Bertelsen&raquo; align=&raquo;center&raquo; align_tablet=&raquo;center&raquo; align_phone=&raquo;&raquo; align_last_edited=&raquo;on|desktop&raquo; disabled_on=&raquo;off|off|off&raquo; admin_label=&raquo;Image&raquo; _builder_version=&raquo;4.16&#8243; max_width=&raquo;450%&raquo; custom_margin=&raquo;-53%|||30px&raquo; custom_margin_tablet=&raquo;0px|||0px&raquo; custom_margin_phone=&raquo;0px|||0px&raquo; custom_margin_last_edited=&raquo;on|tablet&raquo; animation_style=&raquo;slide&raquo; animation_direction=&raquo;top&raquo; animation_duration=&raquo;500ms&raquo; animation_intensity_slide=&raquo;10%&raquo; custom_css_main_element=&raquo;-webkit-box-shadow: 9px 14px 43px -9px rgba(150,150,150,0.6);||-moz-box-shadow: 9px 14px 43px -9px rgba(150,150,150,0.6);||box-shadow: 9px 14px 43px -9px rgba(150,150,150,0.6);&raquo; use_border_color=&raquo;off&raquo; border_color=&raquo;#08cac4&#8243; border_style=&raquo;solid&raquo; animation=&raquo;top&raquo; sticky=&raquo;off&raquo; locked=&raquo;off&raquo; global_colors_info=&raquo;{}&raquo;]\u00a0<br \/>\n[\/et_pb_image][et_pb_text _builder_version=&raquo;4.16&#8243; text_font=&raquo;Poiret One||||||||&raquo; text_font_size=&raquo;12px&raquo; text_line_height=&raquo;0em&raquo; text_orientation=&raquo;right&raquo; custom_margin=&raquo;10px||10px||true|false&raquo; locked=&raquo;off&raquo; global_colors_info=&raquo;{}&raquo;]<\/p>\n<p>Foto: \u00d8rjan Marakatt Bertelsen<\/p>\n<p>[\/et_pb_text][\/et_pb_column][\/et_pb_row][\/et_pb_section][et_pb_section fb_built=&raquo;1&#8243; module_id=&raquo;orange-link&raquo; module_class=&raquo;orange-link&raquo; _builder_version=&raquo;4.16&#8243; locked=&raquo;off&raquo; global_colors_info=&raquo;{}&raquo;][et_pb_row column_structure=&raquo;1_3,1_3,1_3&#8243; make_equal=&raquo;on&raquo; module_class=&raquo; et_pb_row_fullwidth&raquo; _builder_version=&raquo;4.16&#8243; make_fullwidth=&raquo;on&raquo; global_colors_info=&raquo;{}&raquo;][et_pb_column type=&raquo;1_3&#8243; _builder_version=&raquo;4.16&#8243; custom_padding=&raquo;|||&raquo; global_colors_info=&raquo;{}&raquo; custom_padding__hover=&raquo;|||&raquo;][et_pb_blurb title=&raquo;Samisk religion f\u00f8r kristendommen&raquo; url=&raquo;@ET-DC@eyJkeW5hbWljIjp0cnVlLCJjb250ZW50IjoicG9zdF9saW5rX3VybF9wYWdlIiwic2V0dGluZ3MiOnsicG9zdF9pZCI6IjM5MTAyIn19@&raquo; use_icon=&raquo;on&raquo; font_icon=&raquo;&#x39;||divi||400&#8243; icon_color=&raquo;#e09900&#8243; icon_placement=&raquo;left&raquo; module_class=&raquo;Equal-size-boxes&raquo; _builder_version=&raquo;4.18.0&#8243; _dynamic_attributes=&raquo;url,link_option_url&raquo; header_level=&raquo;h2&#8243; header_font=&raquo;Poiret One|700||on|||||&raquo; header_text_align=&raquo;left&raquo; body_font=&raquo;||||||||&raquo; body_text_align=&raquo;left&raquo; body_font_size=&raquo;14px&raquo; text_orientation=&raquo;center&raquo; module_alignment=&raquo;center&raquo; custom_margin=&raquo;20px|3px|20px|3px|true|true&raquo; custom_margin_tablet=&raquo;&raquo; custom_margin_phone=&raquo;&raquo; custom_margin_last_edited=&raquo;on|desktop&raquo; custom_padding=&raquo;17px|25px|17px|25px|true|true&raquo; link_option_url=&raquo;@ET-DC@eyJkeW5hbWljIjp0cnVlLCJjb250ZW50IjoicG9zdF9saW5rX3VybF9wYWdlIiwic2V0dGluZ3MiOnsicG9zdF9pZCI6IjM5MTAyIn19@&raquo; custom_css_blurb_image=&raquo;margin-left: 8px;&raquo; custom_css_blurb_content=&raquo;display: flex;||flex-direction: row-reverse;||&raquo; border_radii=&raquo;on|5px|5px|5px|5px&raquo; border_width_all=&raquo;1px&raquo; border_color_all=&raquo;#ffffff&raquo; box_shadow_style=&raquo;preset3&#8243; global_colors_info=&raquo;{}&raquo; sticky_enabled=&raquo;0&#8243; background_color=&raquo;#f6f4f2&#8243; max_width_tablet=&raquo;65%&raquo; max_width_phone=&raquo;none&raquo; max_width_last_edited=&raquo;on|tablet&raquo;]<\/p>\n<p><span>Den samisk religionen som eksisterte f\u00f8r kristendommen tok over, var en mangfoldig naturreligion.\u00a0<\/span><\/p>\n<p>[\/et_pb_blurb][\/et_pb_column][et_pb_column type=&raquo;1_3&#8243; _builder_version=&raquo;4.16&#8243; custom_padding=&raquo;|||&raquo; global_colors_info=&raquo;{}&raquo; custom_padding__hover=&raquo;|||&raquo;][et_pb_blurb title=&raquo;L\u00e6stadianismen&raquo; url=&raquo;@ET-DC@eyJkeW5hbWljIjp0cnVlLCJjb250ZW50IjoicG9zdF9saW5rX3VybF9wYWdlIiwic2V0dGluZ3MiOnsicG9zdF9pZCI6IjM5MTE3In19@&raquo; use_icon=&raquo;on&raquo; font_icon=&raquo;&#x39;||divi||400&#8243; icon_color=&raquo;#e09900&#8243; icon_placement=&raquo;left&raquo; module_class=&raquo;Equal-size-boxes&raquo; _builder_version=&raquo;4.16&#8243; _dynamic_attributes=&raquo;url,link_option_url&raquo; header_level=&raquo;h2&#8243; header_font=&raquo;Poiret One|700||on|||||&raquo; header_text_align=&raquo;left&raquo; body_font=&raquo;||||||||&raquo; body_text_align=&raquo;left&raquo; body_font_size=&raquo;14px&raquo; text_orientation=&raquo;center&raquo; module_alignment=&raquo;center&raquo; custom_margin=&raquo;20px|3px|20px|3px|true|true&raquo; custom_margin_tablet=&raquo;&raquo; custom_margin_phone=&raquo;&raquo; custom_margin_last_edited=&raquo;on|desktop&raquo; custom_padding=&raquo;17px|25px|17px|25px|true|true&raquo; link_option_url=&raquo;@ET-DC@eyJkeW5hbWljIjp0cnVlLCJjb250ZW50IjoicG9zdF9saW5rX3VybF9wYWdlIiwic2V0dGluZ3MiOnsicG9zdF9pZCI6IjM5MTE3In19@&raquo; custom_css_blurb_image=&raquo;margin-left: 8px;&raquo; custom_css_blurb_content=&raquo;display: flex;||flex-direction: row-reverse;||&raquo; border_radii=&raquo;on|5px|5px|5px|5px&raquo; border_width_all=&raquo;1px&raquo; border_color_all=&raquo;#ffffff&raquo; box_shadow_style=&raquo;preset3&#8243; global_colors_info=&raquo;{}&raquo; background_color=&raquo;#f6f4f2&#8243; max_width_tablet=&raquo;65%&raquo; max_width_phone=&raquo;none&raquo; max_width_last_edited=&raquo;on|tablet&raquo;]<\/p>\n<p><span>L\u00e6stadianismen er en konservativ kristen bevegelse som startet rundt den svensk-samiske presten Lars Levi L\u00e6stadius p\u00e5 midten av 1800-tallet.<\/span><\/p>\n<p>[\/et_pb_blurb][\/et_pb_column][et_pb_column type=&raquo;1_3&#8243; _builder_version=&raquo;4.16&#8243; custom_padding=&raquo;|||&raquo; global_colors_info=&raquo;{}&raquo; custom_padding__hover=&raquo;|||&raquo;][et_pb_blurb title=&raquo;%22samisk religion%22 i dag&raquo; url=&raquo;@ET-DC@eyJkeW5hbWljIjp0cnVlLCJjb250ZW50IjoicG9zdF9saW5rX3VybF9wYWdlIiwic2V0dGluZ3MiOnsicG9zdF9pZCI6IjM5MTQxIn19@&raquo; use_icon=&raquo;on&raquo; font_icon=&raquo;&#x39;||divi||400&#8243; icon_color=&raquo;#e09900&#8243; icon_placement=&raquo;left&raquo; module_class=&raquo;Equal-size-boxes&raquo; _builder_version=&raquo;4.16&#8243; _dynamic_attributes=&raquo;url,link_option_url&raquo; header_level=&raquo;h2&#8243; header_font=&raquo;Poiret One|700||on|||||&raquo; header_text_align=&raquo;left&raquo; body_font=&raquo;||||||||&raquo; body_text_align=&raquo;left&raquo; body_font_size=&raquo;14px&raquo; text_orientation=&raquo;center&raquo; module_alignment=&raquo;center&raquo; custom_margin=&raquo;20px|3px|20px|3px|true|true&raquo; custom_margin_tablet=&raquo;&raquo; custom_margin_phone=&raquo;&raquo; custom_margin_last_edited=&raquo;on|desktop&raquo; custom_padding=&raquo;17px|25px|17px|25px|true|true&raquo; link_option_url=&raquo;@ET-DC@eyJkeW5hbWljIjp0cnVlLCJjb250ZW50IjoicG9zdF9saW5rX3VybF9wYWdlIiwic2V0dGluZ3MiOnsicG9zdF9pZCI6IjM5MTQxIn19@&raquo; custom_css_blurb_image=&raquo;margin-left: 8px;&raquo; custom_css_blurb_content=&raquo;display: flex;||flex-direction: row-reverse;||&raquo; border_radii=&raquo;on|5px|5px|5px|5px&raquo; border_width_all=&raquo;1px&raquo; border_color_all=&raquo;#ffffff&raquo; box_shadow_style=&raquo;preset3&#8243; global_colors_info=&raquo;{}&raquo; background_color=&raquo;#f6f4f2&#8243; max_width_tablet=&raquo;65%&raquo; max_width_phone=&raquo;none&raquo; max_width_last_edited=&raquo;on|tablet&raquo;]<\/p>\n<p><span>I dag tilh\u00f8rer flertallet av samene kristendommen, men folkelige praksiser p\u00e5 sida av kirka og helsevesenet er fortsatt en sentral del av samisk samfunnsliv.\u00a0<\/span><\/p>\n<p>[\/et_pb_blurb][\/et_pb_column][\/et_pb_row][et_pb_row column_structure=&raquo;1_3,1_3,1_3&#8243; disabled_on=&raquo;off|off|off&raquo; _builder_version=&raquo;4.19.4&#8243; _module_preset=&raquo;default&raquo; global_colors_info=&raquo;{}&raquo;][et_pb_column type=&raquo;1_3&#8243; _builder_version=&raquo;4.19.4&#8243; _module_preset=&raquo;default&raquo; global_colors_info=&raquo;{}&raquo;][et_pb_blurb title=&raquo;Kristendommen overtar&raquo; url=&raquo;@ET-DC@eyJkeW5hbWljIjp0cnVlLCJjb250ZW50IjoicG9zdF9saW5rX3VybF9wYWdlIiwic2V0dGluZ3MiOnsicG9zdF9pZCI6IjI0MjY2NyJ9fQ==@&raquo; use_icon=&raquo;on&raquo; font_icon=&raquo;&#x39;||divi||400&#8243; icon_color=&raquo;#e09900&#8243; icon_placement=&raquo;left&raquo; module_class=&raquo;Equal-size-boxes&raquo; _builder_version=&raquo;4.19.4&#8243; _dynamic_attributes=&raquo;url,link_option_url&raquo; header_level=&raquo;h2&#8243; header_font=&raquo;Poiret One|700||on|||||&raquo; header_text_align=&raquo;left&raquo; body_font=&raquo;||||||||&raquo; body_text_align=&raquo;left&raquo; body_font_size=&raquo;14px&raquo; text_orientation=&raquo;center&raquo; module_alignment=&raquo;center&raquo; custom_margin=&raquo;20px|3px|20px|3px|true|true&raquo; custom_margin_tablet=&raquo;&raquo; custom_margin_phone=&raquo;&raquo; custom_margin_last_edited=&raquo;on|desktop&raquo; custom_padding=&raquo;17px|25px|17px|25px|true|true&raquo; link_option_url=&raquo;@ET-DC@eyJkeW5hbWljIjp0cnVlLCJjb250ZW50IjoicG9zdF9saW5rX3VybF9wYWdlIiwic2V0dGluZ3MiOnsicG9zdF9pZCI6IjI0MjY2NyJ9fQ==@&raquo; custom_css_blurb_image=&raquo;margin-left: 8px;&raquo; custom_css_blurb_content=&raquo;display: flex;||flex-direction: row-reverse;||&raquo; border_radii=&raquo;on|5px|5px|5px|5px&raquo; border_width_all=&raquo;1px&raquo; border_color_all=&raquo;#ffffff&raquo; box_shadow_style=&raquo;preset3&#8243; global_colors_info=&raquo;{}&raquo; background_color=&raquo;#f6f4f2&#8243; max_width_tablet=&raquo;65%&raquo; max_width_phone=&raquo;none&raquo; max_width_last_edited=&raquo;on|tablet&raquo;]<\/p>\n<p>Da Thomas von Westen kom til S\u00e1pmi\/S\u00e1bme\/Saepmie p\u00e5 starten av 1700-tallet var de fleste samene kjent med kristendommen. Men med den nye statspietismen var m\u00e5let klart: samene skulle bli kristne.<\/p>\n<p>[\/et_pb_blurb][\/et_pb_column][et_pb_column type=&raquo;1_3&#8243; _builder_version=&raquo;4.19.4&#8243; _module_preset=&raquo;default&raquo; global_colors_info=&raquo;{}&raquo;][\/et_pb_column][et_pb_column type=&raquo;1_3&#8243; _builder_version=&raquo;4.19.4&#8243; _module_preset=&raquo;default&raquo; global_colors_info=&raquo;{}&raquo;][\/et_pb_column][\/et_pb_row][\/et_pb_section][et_pb_section fb_built=&raquo;1&#8243; specialty=&raquo;on&raquo; module_class=&raquo; et_pb_specialty_fullwidth&raquo; _builder_version=&raquo;4.16&#8243; inner_width=&raquo;89%&raquo; inner_width_tablet=&raquo;80%&raquo; inner_width_phone=&raquo;&raquo; inner_width_last_edited=&raquo;on|desktop&raquo; inner_max_width=&raquo;89%&raquo; inner_max_width_tablet=&raquo;80%&raquo; inner_max_width_phone=&raquo;&raquo; inner_max_width_last_edited=&raquo;on|desktop&raquo; custom_padding=&raquo;0|0px|0|0px|false|false&raquo; make_fullwidth=&raquo;on&raquo; locked=&raquo;off&raquo; global_colors_info=&raquo;{}&raquo;][et_pb_column type=&raquo;1_3&#8243; _builder_version=&raquo;4.16&#8243; custom_padding=&raquo;|||&raquo; global_colors_info=&raquo;{}&raquo; parallax__hover=&raquo;off&raquo; parallax_method__hover=&raquo;on&raquo; custom_padding__hover=&raquo;|||&raquo;][\/et_pb_column][et_pb_column type=&raquo;2_3&#8243; specialty_columns=&raquo;2&#8243; _builder_version=&raquo;4.16&#8243; custom_padding=&raquo;|||&raquo; global_colors_info=&raquo;{}&raquo; parallax__hover=&raquo;off&raquo; parallax_method__hover=&raquo;on&raquo; custom_padding__hover=&raquo;|||&raquo;][et_pb_row_inner column_structure=&raquo;1_4,1_4,1_4,1_4&#8243; _builder_version=&raquo;4.16&#8243; global_colors_info=&raquo;{}&raquo;][et_pb_column_inner type=&raquo;1_4&#8243; saved_specialty_column_type=&raquo;2_3&#8243; _builder_version=&raquo;4.16&#8243; custom_padding=&raquo;|||&raquo; global_colors_info=&raquo;{}&raquo; parallax__hover=&raquo;off&raquo; parallax_method__hover=&raquo;on&raquo; custom_padding__hover=&raquo;|||&raquo;][\/et_pb_column_inner][et_pb_column_inner type=&raquo;1_4&#8243; saved_specialty_column_type=&raquo;2_3&#8243; _builder_version=&raquo;4.16&#8243; custom_padding=&raquo;|||&raquo; global_colors_info=&raquo;{}&raquo; parallax__hover=&raquo;off&raquo; parallax_method__hover=&raquo;on&raquo; custom_padding__hover=&raquo;|||&raquo;][\/et_pb_column_inner][et_pb_column_inner type=&raquo;1_4&#8243; saved_specialty_column_type=&raquo;2_3&#8243; _builder_version=&raquo;4.16&#8243; custom_padding=&raquo;|||&raquo; global_colors_info=&raquo;{}&raquo; parallax__hover=&raquo;off&raquo; parallax_method__hover=&raquo;on&raquo; custom_padding__hover=&raquo;|||&raquo;][\/et_pb_column_inner][et_pb_column_inner type=&raquo;1_4&#8243; saved_specialty_column_type=&raquo;2_3&#8243; _builder_version=&raquo;4.16&#8243; custom_padding=&raquo;|||&raquo; global_colors_info=&raquo;{}&raquo; parallax__hover=&raquo;off&raquo; parallax_method__hover=&raquo;on&raquo; custom_padding__hover=&raquo;|||&raquo;][et_pb_button button_url=&raquo;@ET-DC@eyJkeW5hbWljIjp0cnVlLCJjb250ZW50IjoicG9zdF9saW5rX3VybF9wYWdlIiwic2V0dGluZ3MiOnsicG9zdF9pZCI6IjM4MDA4In19@&raquo; button_text=&raquo;V\u00e5re tema&raquo; button_alignment=&raquo;left&raquo; _builder_version=&raquo;4.16&#8243; _dynamic_attributes=&raquo;button_url&raquo; custom_button=&raquo;on&raquo; button_text_size=&raquo;18px&raquo; button_text_color=&raquo;#ffffff&raquo; button_bg_color=&raquo;#e09900&#8243; button_border_width=&raquo;0px&raquo; button_border_radius=&raquo;10px&raquo; button_font=&raquo;Poiret One|700|||||||&raquo; button_icon=&raquo;&#x34;||divi||400&#8243; button_icon_placement=&raquo;left&raquo; button_on_hover=&raquo;off&raquo; custom_margin=&raquo;25px|||&raquo; custom_padding=&raquo;10px|20px|10px|30px|true|false&raquo; box_shadow_style=&raquo;preset2&#8243; locked=&raquo;off&raquo; global_colors_info=&raquo;{}&raquo; button_text_size__hover_enabled=&raquo;off&raquo; button_one_text_size__hover_enabled=&raquo;off&raquo; button_two_text_size__hover_enabled=&raquo;off&raquo; button_text_color__hover_enabled=&raquo;off&raquo; button_one_text_color__hover_enabled=&raquo;off&raquo; button_two_text_color__hover_enabled=&raquo;off&raquo; button_border_width__hover_enabled=&raquo;off&raquo; button_one_border_width__hover_enabled=&raquo;off&raquo; button_two_border_width__hover_enabled=&raquo;off&raquo; button_border_color__hover_enabled=&raquo;off&raquo; button_one_border_color__hover_enabled=&raquo;off&raquo; button_two_border_color__hover_enabled=&raquo;off&raquo; button_border_radius__hover_enabled=&raquo;off&raquo; button_one_border_radius__hover_enabled=&raquo;off&raquo; button_two_border_radius__hover_enabled=&raquo;off&raquo; button_letter_spacing__hover_enabled=&raquo;off&raquo; button_one_letter_spacing__hover_enabled=&raquo;off&raquo; button_two_letter_spacing__hover_enabled=&raquo;off&raquo; button_bg_color__hover_enabled=&raquo;off&raquo; button_one_bg_color__hover_enabled=&raquo;off&raquo; button_two_bg_color__hover_enabled=&raquo;off&raquo;][\/et_pb_button][\/et_pb_column_inner][\/et_pb_row_inner][\/et_pb_column][\/et_pb_section]<\/p>\n","protected":false},"excerpt":{"rendered":"<p>ReligionJaahkoeReligion i de samiske samfunnene i dag er et mangfoldig fenomen. Noen er kristne. Noen h\u00f8rer til nyreligi\u00f8sitet. Noen bryr seg ikke om religion. For noen er det viktig \u00e5 trekke fram den samiske dimensjonen ved religionen \u2013 uten at det er lett \u00e5 definere hva en samisk dimensjon er. Hvilket begrep som er best [&hellip;]<\/p>\n","protected":false},"author":1631,"featured_media":0,"parent":38008,"menu_order":0,"comment_status":"closed","ping_status":"closed","template":"","meta":{"_et_pb_use_builder":"on","_et_pb_old_content":"","_et_gb_content_width":"","footnotes":""},"class_list":["post-39094","page","type-page","status-publish","hentry"],"_links":{"self":[{"href":"https:\/\/result.uit.no\/reaidu\/wp-json\/wp\/v2\/pages\/39094","targetHints":{"allow":["GET"]}}],"collection":[{"href":"https:\/\/result.uit.no\/reaidu\/wp-json\/wp\/v2\/pages"}],"about":[{"href":"https:\/\/result.uit.no\/reaidu\/wp-json\/wp\/v2\/types\/page"}],"author":[{"embeddable":true,"href":"https:\/\/result.uit.no\/reaidu\/wp-json\/wp\/v2\/users\/1631"}],"replies":[{"embeddable":true,"href":"https:\/\/result.uit.no\/reaidu\/wp-json\/wp\/v2\/comments?post=39094"}],"version-history":[{"count":0,"href":"https:\/\/result.uit.no\/reaidu\/wp-json\/wp\/v2\/pages\/39094\/revisions"}],"up":[{"embeddable":true,"href":"https:\/\/result.uit.no\/reaidu\/wp-json\/wp\/v2\/pages\/38008"}],"wp:attachment":[{"href":"https:\/\/result.uit.no\/reaidu\/wp-json\/wp\/v2\/media?parent=39094"}],"curies":[{"name":"wp","href":"https:\/\/api.w.org\/{rel}","templated":true}]}}