{"id":38635,"date":"2021-06-28T09:20:44","date_gmt":"2021-06-28T07:20:44","guid":{"rendered":"https:\/\/result.uit.no\/reaidu\/?page_id=38635"},"modified":"2023-06-08T13:20:16","modified_gmt":"2023-06-08T11:20:16","slug":"samisk-sprakhistorie","status":"publish","type":"page","link":"https:\/\/result.uit.no\/reaidu\/vare-tema\/sprak\/samisk-sprakhistorie\/","title":{"rendered":"Samisk spr\u00e5khistorie"},"content":{"rendered":"<p>[et_pb_section fb_built=&raquo;1&#8243; custom_padding_last_edited=&raquo;on|desktop&raquo; admin_label=&raquo;Section %22The Boss%22&#8243; module_id=&raquo;chef&raquo; _builder_version=&raquo;4.16&#8243; custom_padding=&raquo;157px||104px||false|false&raquo; custom_padding_tablet=&raquo;100px||60px|&raquo; custom_padding_phone=&raquo;80px||40px|&raquo; custom_css_main_element=&raquo;margin-left: 2%;||margin-right: 2%;||&raquo; transparent_background=&raquo;off&raquo; collapsed=&raquo;off&raquo; global_colors_info=&raquo;{}&raquo;][et_pb_row column_structure=&raquo;1_2,1_2&#8243; use_custom_gutter=&raquo;on&raquo; gutter_width=&raquo;1&#8243; padding_mobile=&raquo;on&raquo; column_padding_mobile=&raquo;on&raquo; admin_label=&raquo;Row&raquo; module_class=&raquo; et_pb_row_fullwidth&raquo; _builder_version=&raquo;4.16&#8243; background_size=&raquo;initial&raquo; background_position=&raquo;top_left&raquo; background_repeat=&raquo;repeat&raquo; width=&raquo;100%&raquo; width_tablet=&raquo;100%&raquo; width_phone=&raquo;&raquo; width_last_edited=&raquo;on|desktop&raquo; max_width=&raquo;100%&raquo; max_width_tablet=&raquo;100%&raquo; max_width_phone=&raquo;&raquo; max_width_last_edited=&raquo;on|desktop&raquo; custom_padding=&raquo;0px|0px|0px|0px&raquo; make_fullwidth=&raquo;on&raquo; global_colors_info=&raquo;{}&raquo;][et_pb_column type=&raquo;1_2&#8243; _builder_version=&raquo;4.16&#8243; background_color=&raquo;#f6f4f2&#8243; custom_padding=&raquo;|||&raquo; global_colors_info=&raquo;{}&raquo; custom_padding__hover=&raquo;|||&raquo;][et_pb_text admin_label=&raquo;overskrift spr\u00e5k, identitet og utdanning&raquo; _builder_version=&raquo;4.16&#8243; text_font=&raquo;Poiret One|||on|&raquo; text_font_size=&raquo;40px&raquo; text_line_height=&raquo;1em&raquo; header_font=&raquo;||||||||&raquo; header_text_color=&raquo;#666666&#8243; header_font_size=&raquo;3px&raquo; header_2_font=&raquo;||||||||&raquo; text_orientation=&raquo;right&raquo; custom_margin=&raquo;-26px|||&raquo; custom_margin_tablet=&raquo;&raquo; custom_margin_phone=&raquo;-30px|||&raquo; custom_margin_last_edited=&raquo;on|desktop&raquo; custom_padding=&raquo;|10%||&raquo; custom_padding_tablet=&raquo;&raquo; custom_padding_phone=&raquo;|0px||20px&raquo; custom_padding_last_edited=&raquo;on|desktop&raquo; text_font_size_tablet=&raquo;&raquo; text_font_size_phone=&raquo;50&#8243; text_font_size_last_edited=&raquo;on|phone&raquo; use_border_color=&raquo;off&raquo; border_color=&raquo;#ffffff&raquo; border_style=&raquo;solid&raquo; global_colors_info=&raquo;{}&raquo;]<\/p>\n<p><span>SAMISK SPR\u00c5KHISTORIE<\/span><\/p>\n<p>[\/et_pb_text][et_pb_text admin_label=&raquo;underoverskrift spr\u00e5k, identitet og utdanning&raquo; _builder_version=&raquo;4.16&#8243; text_font=&raquo;Dancing Script|on|||&raquo; text_text_color=&raquo;#e09900&#8243; text_font_size=&raquo;34&#8243; text_line_height=&raquo;1em&raquo; header_font=&raquo;||||||||&raquo; text_orientation=&raquo;right&raquo; custom_padding=&raquo;|13%|40px|&raquo; custom_padding_tablet=&raquo;|13%|30px|&raquo; custom_padding_phone=&raquo;|20px|20px|30px&raquo; custom_padding_last_edited=&raquo;on|desktop&raquo; text_font_size_tablet=&raquo;&raquo; text_font_size_phone=&raquo;30&#8243; text_font_size_last_edited=&raquo;on|phone&raquo; use_border_color=&raquo;off&raquo; border_color=&raquo;#ffffff&raquo; border_style=&raquo;solid&raquo; global_colors_info=&raquo;{}&raquo;]<\/p>\n<p><span>Saemien g\u00efelehistovrije<\/span><\/p>\n<p>[\/et_pb_text][\/et_pb_column][et_pb_column type=&raquo;1_2&#8243; _builder_version=&raquo;4.16&#8243; custom_padding=&raquo;|||&raquo; global_colors_info=&raquo;{}&raquo; custom_padding__hover=&raquo;|||&raquo;][\/et_pb_column][\/et_pb_row][et_pb_row column_structure=&raquo;1_2,1_2&#8243; use_custom_gutter=&raquo;on&raquo; gutter_width=&raquo;1&#8243; padding_mobile=&raquo;on&raquo; make_equal=&raquo;on&raquo; column_padding_mobile=&raquo;on&raquo; admin_label=&raquo;Row&raquo; module_class=&raquo; et_pb_row_fullwidth&raquo; _builder_version=&raquo;4.16&#8243; background_size=&raquo;initial&raquo; background_position=&raquo;top_left&raquo; background_repeat=&raquo;repeat&raquo; width=&raquo;100%&raquo; width_tablet=&raquo;100%&raquo; width_phone=&raquo;&raquo; width_last_edited=&raquo;on|desktop&raquo; max_width=&raquo;100%&raquo; max_width_tablet=&raquo;100%&raquo; max_width_phone=&raquo;&raquo; max_width_last_edited=&raquo;on|desktop&raquo; custom_padding=&raquo;0px|0px|0px|0px&raquo; make_fullwidth=&raquo;on&raquo; global_colors_info=&raquo;{}&raquo;][et_pb_column type=&raquo;1_2&#8243; _builder_version=&raquo;4.16&#8243; background_color=&raquo;#f6f4f2&#8243; custom_padding=&raquo;|||19%&raquo; custom_padding_tablet=&raquo;|||16%&raquo; custom_padding_phone=&raquo;|||10%&raquo; custom_padding_last_edited=&raquo;on|desktop&raquo; global_colors_info=&raquo;{}&raquo; custom_padding__hover=&raquo;|||&raquo;][et_pb_text admin_label=&raquo;Ingress spr\u00e5k, identitet og utdanning&raquo; _builder_version=&raquo;4.18.0&#8243; text_font=&raquo;||||||||&raquo; text_text_color=&raquo;#000000&#8243; text_font_size=&raquo;15px&raquo; text_line_height=&raquo;1.8em&raquo; background_size=&raquo;initial&raquo; background_position=&raquo;top_left&raquo; background_repeat=&raquo;repeat&raquo; text_orientation=&raquo;justified&raquo; custom_margin=&raquo;|||-26px||&raquo; custom_padding=&raquo;10px|7%|60px|25px||&raquo; use_border_color=&raquo;off&raquo; border_color=&raquo;#ffffff&raquo; border_style=&raquo;solid&raquo; global_colors_info=&raquo;{}&raquo;]<\/p>\n<div class=\"et_pb_row et_pb_row_1 et_pb_row_fullwidth et_pb_equal_columns et_pb_gutters1\">\n<div class=\"et_pb_column et_pb_column_4_4 et_pb_column_1  et_pb_css_mix_blend_mode_passthrough et-last-child\">\n<div class=\"et_pb_module et_pb_text et_pb_text_2  et_pb_text_align_justified et_pb_bg_layout_light\">\n<div class=\"et_pb_text_inner\">\n<p>De samiske spr\u00e5kene er finsk-ugriske spr\u00e5k som tilh\u00f8rer den uralske spr\u00e5kfamilien. Denne beskrivelsen forteller at de samiske spr\u00e5kene og finsk har felles opphav, men at de har utvikla seg til \u00e5 bli ulike spr\u00e5k. Fra ursamisk fram til i dag har det foreg\u00e5tt endringer i selve spr\u00e5ksystemet, og i tillegg har ytre forhold som trykkekunsten hatt betydning for utviklinga av de samiske spr\u00e5kene.<\/p>\n<\/div>\n<\/div>\n<\/div>\n<\/div>\n<p>[\/et_pb_text][\/et_pb_column][et_pb_column type=&raquo;1_2&#8243; _builder_version=&raquo;4.16&#8243; background_color=&raquo;rgba(255,255,255,0)&raquo; custom_padding=&raquo;|||&raquo; global_colors_info=&raquo;{}&raquo; custom_padding__hover=&raquo;|||&raquo;][\/et_pb_column][\/et_pb_row][et_pb_row column_structure=&raquo;1_4,1_4,1_2&#8243; use_custom_gutter=&raquo;on&raquo; gutter_width=&raquo;0&#8243; padding_mobile=&raquo;on&raquo; column_padding_mobile=&raquo;on&raquo; admin_label=&raquo;Row&raquo; _builder_version=&raquo;4.16&#8243; background_size=&raquo;initial&raquo; background_position=&raquo;top_left&raquo; background_repeat=&raquo;repeat&raquo; custom_margin=&raquo;-25px|||&raquo; custom_padding=&raquo;0px|0px|0px|0px&raquo; global_colors_info=&raquo;{}&raquo;][et_pb_column type=&raquo;1_4&#8243; _builder_version=&raquo;4.16&#8243; custom_padding=&raquo;|||&raquo; global_colors_info=&raquo;{}&raquo; custom_padding__hover=&raquo;|||&raquo;][\/et_pb_column][et_pb_column type=&raquo;1_4&#8243; _builder_version=&raquo;4.16&#8243; custom_padding=&raquo;|||&raquo; global_colors_info=&raquo;{}&raquo; custom_padding__hover=&raquo;|||&raquo;][\/et_pb_column][et_pb_column type=&raquo;1_2&#8243; _builder_version=&raquo;4.16&#8243; custom_padding=&raquo;|||&raquo; global_colors_info=&raquo;{}&raquo; custom_padding__hover=&raquo;|||&raquo;][et_pb_image src=&raquo;https:\/\/result.uit.no\/reaidu\/wp-content\/uploads\/sites\/27\/2021\/03\/Lerretsbelte-og-bjorkestokk.jpg&raquo; alt=&raquo;dekorativt bilde&raquo; title_text=&raquo;Foto: SSFH\/ID&raquo; align=&raquo;center&raquo; align_tablet=&raquo;center&raquo; align_phone=&raquo;&raquo; align_last_edited=&raquo;on|desktop&raquo; disabled_on=&raquo;off|off|off&raquo; admin_label=&raquo;Image&raquo; _builder_version=&raquo;4.16&#8243; max_width=&raquo;450%&raquo; custom_margin=&raquo;-53%|||30px&raquo; custom_margin_tablet=&raquo;0px|||0px&raquo; custom_margin_phone=&raquo;0px|||0px&raquo; custom_margin_last_edited=&raquo;on|tablet&raquo; animation_style=&raquo;slide&raquo; animation_direction=&raquo;top&raquo; animation_duration=&raquo;500ms&raquo; animation_intensity_slide=&raquo;10%&raquo; custom_css_main_element=&raquo;-webkit-box-shadow: 9px 14px 43px -9px rgba(150,150,150,0.6);||-moz-box-shadow: 9px 14px 43px -9px rgba(150,150,150,0.6);||box-shadow: 9px 14px 43px -9px rgba(150,150,150,0.6);&raquo; use_border_color=&raquo;off&raquo; border_color=&raquo;#08cac4&#8243; border_style=&raquo;solid&raquo; animation=&raquo;top&raquo; sticky=&raquo;off&raquo; global_colors_info=&raquo;{}&raquo;][\/et_pb_image][et_pb_text _builder_version=&raquo;4.16&#8243; text_font=&raquo;Poiret One||||||||&raquo; text_font_size=&raquo;12px&raquo; text_line_height=&raquo;0em&raquo; text_orientation=&raquo;right&raquo; custom_margin=&raquo;10px||10px||true|false&raquo; locked=&raquo;off&raquo; global_colors_info=&raquo;{}&raquo;]<\/p>\n<p>Foto:\u00a0SSHF\/ID<\/p>\n<p>[\/et_pb_text][\/et_pb_column][\/et_pb_row][\/et_pb_section][et_pb_section fb_built=&raquo;1&#8243; _builder_version=&raquo;4.18.0&#8243; _module_preset=&raquo;default&raquo; global_colors_info=&raquo;{}&raquo;][et_pb_row column_structure=&raquo;1_2,1_2&#8243; _builder_version=&raquo;4.18.0&#8243; _module_preset=&raquo;default&raquo; global_colors_info=&raquo;{}&raquo;][et_pb_column type=&raquo;1_2&#8243; _builder_version=&raquo;4.18.0&#8243; _module_preset=&raquo;default&raquo; global_colors_info=&raquo;{}&raquo;][et_pb_text module_class=&raquo;orange-link&raquo; _builder_version=&raquo;4.18.1&#8243; _module_preset=&raquo;default&raquo; text_font_size=&raquo;15px&raquo; text_line_height=&raquo;1.8em&raquo; text_orientation=&raquo;justified&raquo; custom_margin=&raquo;||30px|-26px|false|false&raquo; custom_padding=&raquo;10px|7%|60px|25px|false|false&raquo; global_colors_info=&raquo;{}&raquo;]<\/p>\n<p>De samiske spr\u00e5kene er finsk-ugriske spr\u00e5k som tilh\u00f8rer den uralske spr\u00e5kfamilien. Denne beskrivelsen forteller at de samiske spr\u00e5kene og finsk har felles opphav, men at de har utvikla seg til \u00e5 bli ulike spr\u00e5k. Samisk har derfor noen spr\u00e5klige likheter med finsk, men spr\u00e5kene er ikke gjensidig forst\u00e5elige. N\u00e5r det gjelder utviklinga av samiske spr\u00e5k, kan en skille mellom ursamisk (ca. 1000 fvt. til 500 evt.), gammelsamisk (500-1619), og moderne samisk (1619-), og det er i den ursamiske perioden at samisk og finsk utvikler seg i ulike retninger.<\/p>\n<p>Fra ursamisk fram til i dag har det b\u00e5de foreg\u00e5tt endringer i selve spr\u00e5ksystemet, i tillegg har ytre forhold som trykkekunsten betydning for utviklinga av de samiske spr\u00e5kene. Den eldste kilden p\u00e5 nedskrevet samisk er publisert i 1589, basert p\u00e5 Richard Borroughs 95 ord og uttrykk. Borrough var en engelsk sj\u00f8mann som forliste utenfor Kolahalv\u00f8ya i 1556, og tilbragte noen m\u00e5neder med samene der. Under dette oppholdet skrev han ned listen med samiske ord.<\/p>\n<p>Moderne samisk stadfestes til publiseringen av de f\u00f8rste samiske b\u00f8kene, en ABC-bok og en messebok som ble gitt ut p\u00e5 umesamisk i Sverige, i 1619. Utover 1700- og 1800-tallet ble flere b\u00f8ker utgitt p\u00e5 flere samiske spr\u00e5k, og ofte var det religi\u00f8se b\u00f8ker. Skriftlig grammatikk og rettskriving begynte ogs\u00e5 \u00e5 utvikles i denne perioden.<\/p>\n<p>P\u00e5 1970-80 tallet ble nord-, lule- og s\u00f8rsamisk rettskriving vedtatt.<\/p>\n<p>[\/et_pb_text][et_pb_blurb title=&raquo;Relevante lenker&raquo; use_icon=&raquo;on&raquo; font_icon=&raquo;&#xe101;||divi||400&#8243; image_icon_width=&raquo;36px&raquo; image_icon_width_tablet=&raquo;36px&raquo; image_icon_width_phone=&raquo;36px&raquo; image_icon_width_last_edited=&raquo;on|tablet&raquo; admin_label=&raquo;Teaser&raquo; module_class=&raquo;pa-bullet-list-1 orange-link&raquo; _builder_version=&raquo;4.18.1&#8243; header_font=&raquo;Poiret One|700||on|||||&raquo; header_text_align=&raquo;center&raquo; header_font_size=&raquo;22px&raquo; header_line_height=&raquo;1.8em&raquo; body_text_color=&raquo;#000000&#8243; body_font_size=&raquo;14px&raquo; body_line_height=&raquo;2em&raquo; body_link_text_color=&raquo;#000000&#8243; body_ul_text_color=&raquo;#000000&#8243; body_ol_text_color=&raquo;#000000&#8243; background_color=&raquo;#ffffff&raquo; width=&raquo;100%&raquo; max_width=&raquo;100%&raquo; module_alignment=&raquo;center&raquo; custom_margin=&raquo;29px|75px|30px|75px|false|true&raquo; custom_padding=&raquo;35px|30px|35px|30px|true|true&raquo; animation_style=&raquo;zoom&raquo; animation_intensity_zoom=&raquo;10%&raquo; box_shadow_style=&raquo;preset1&#8243; box_shadow_vertical=&raquo;10px&raquo; box_shadow_blur=&raquo;67px&raquo; box_shadow_spread=&raquo;21px&raquo; box_shadow_color=&raquo;rgba(1,33,92,0.1)&raquo; icon_font_size=&raquo;36px&raquo; image_max_width_tablet=&raquo;60px&raquo; image_max_width_phone=&raquo;&raquo; image_max_width_last_edited=&raquo;on|tablet&raquo; locked=&raquo;off&raquo; global_colors_info=&raquo;{}&raquo;]<\/p>\n<ul>\n<li><a href=\"https:\/\/ndla.no\/nb\/subject:1:1f1865fc-e4cc-48a0-918f-3530485ec424\/topic:1:ae0e6304-d30e-4d3f-8e94-306d1a884e10\/topic:1:39cc182f-dd5d-48ca-9333-f1e97f2da2f8\/resource:c8f60f2d-2b41-4b9d-b1ab-d6649ef5c4c1\" target=\"_blank\" rel=\"noopener\">Samisk og norsk &#8211; felles spr\u00e5khistorie? En oppgave fra NDLA<\/a><\/li>\n<li><a href=\"https:\/\/gaavnoes.no\/2016\/05\/lexicon-lapponicum-eller-lapsk-ordbok-fra-1780-i-ny-digital-utgave\/\" target=\"_blank\" rel=\"noopener\">Gaavnoes om Lexicon Lapponicum, en av de f\u00f8rste samiske ordb\u00f8kene fra 1780<\/a><\/li>\n<li><a href=\"https:\/\/www.sgr.fi\/sust\/sust266\/sust266_aikio.pdf\" target=\"_blank\" rel=\"noopener\">Luobbal S\u00e1mmol S\u00e1mmol \u00c1nte (Ante Aikio), 2012, &laquo;An essay on Saami ethnolinguistic prehistory&raquo;<\/a><\/li>\n<li><a href=\"https:\/\/www.morgenbladet.no\/aktuelt\/2018\/02\/06\/laehkoeh-biejjine-vuorbbe-biejvijn-lihkku-beivviin\/\" target=\"_blank\" rel=\"noopener\">Rolf Theil, &laquo;L\u00e6hkoe biejjine! Vuorbbe biejvijn! Lihkku beivviin!&raquo; &#8211; en rundreise i den samiske spr\u00e5khistorien<\/a><\/li>\n<li><a href=\"https:\/\/ovttas.no\/nb\/girji_stephen-borrough\" target=\"_blank\" rel=\"noopener\">Karen Anne Buljo, samisk barnebok om Stephen Borrough<\/a>.<\/li>\n<\/ul>\n<p>[\/et_pb_blurb][\/et_pb_column][et_pb_column type=&raquo;1_2&#8243; _builder_version=&raquo;4.18.0&#8243; _module_preset=&raquo;default&raquo; global_colors_info=&raquo;{}&raquo;][et_pb_blurb title=&raquo;Rekonstruert Gammelsamisk&raquo; image_icon_width_tablet=&raquo;60px&raquo; image_icon_width_phone=&raquo;60px&raquo; image_icon_width_last_edited=&raquo;on|tablet&raquo; admin_label=&raquo;Teaser&raquo; module_class=&raquo;pa-bullet-list-1 orange-link&raquo; _builder_version=&raquo;4.21.0&#8243; header_font=&raquo;Poiret One|700||on|||||&raquo; header_text_align=&raquo;center&raquo; header_font_size=&raquo;22px&raquo; header_line_height=&raquo;1.8em&raquo; body_text_color=&raquo;#000000&#8243; body_font_size=&raquo;14px&raquo; body_line_height=&raquo;2em&raquo; body_link_text_color=&raquo;#000000&#8243; body_ul_text_color=&raquo;#000000&#8243; body_ol_text_color=&raquo;#000000&#8243; background_color=&raquo;#ffffff&raquo; width=&raquo;100%&raquo; max_width=&raquo;70%&raquo; module_alignment=&raquo;center&raquo; custom_margin=&raquo;30px|75px|30px|75px|true|true&raquo; custom_padding=&raquo;30px|30px|20px|30px|false|true&raquo; animation_style=&raquo;zoom&raquo; animation_intensity_zoom=&raquo;10%&raquo; hover_enabled=&raquo;0&#8243; border_radii=&raquo;off||1px|1px|1px&raquo; border_width_all=&raquo;1px&raquo; box_shadow_style=&raquo;preset1&#8243; box_shadow_vertical=&raquo;10px&raquo; box_shadow_blur=&raquo;67px&raquo; box_shadow_spread=&raquo;21px&raquo; box_shadow_color=&raquo;rgba(1,33,92,0.1)&raquo; icon_font_size=&raquo;36px&raquo; image_max_width_tablet=&raquo;60px&raquo; image_max_width_phone=&raquo;&raquo; image_max_width_last_edited=&raquo;on|tablet&raquo; locked=&raquo;off&raquo; global_colors_info=&raquo;{}&raquo; max_width_last_edited=&raquo;on|desktop&raquo; max_width_phone=&raquo;100%&raquo; sticky_enabled=&raquo;0&#8243; max_width_tablet=&raquo;70%&raquo;]<\/p>\n<p>I serien\u00a0<em>Beforeigners<\/em> har de fors\u00f8kt \u00e5 rekonstruere gammelsamisk (<a href=\"https:\/\/framtida.no\/2019\/09\/04\/sprakforskarane-i-beforeigners---ein-gutedraum-i-oppfylling\" target=\"_blank\" rel=\"noopener\">ledet av professor emeritus ved UiO, Rolf Theil, etter vitenskapelige prinsipper<\/a>). Dette er kanskje f\u00f8rste gang p\u00e5 1000 \u00e5r man kan h\u00f8re hvordan gammelsamisk var.<\/p>\n<ul>\n<ul>\n<li><a href=\"https:\/\/www.youtube.com\/watch?v=6cS8C4Ej8Qo&amp;t=1710s\" target=\"_blank\" rel=\"noopener\">H\u00f8r spr\u00e5kkonsulentene snakke om gammelsamisk i <em>Beforeigners<\/em><\/a><\/li>\n<\/ul>\n<\/ul>\n<p>[\/et_pb_blurb][et_pb_blurb title=&raquo;L\u00e5neord&raquo; image_icon_width_tablet=&raquo;60px&raquo; image_icon_width_phone=&raquo;60px&raquo; image_icon_width_last_edited=&raquo;on|tablet&raquo; admin_label=&raquo;Teaser&raquo; module_class=&raquo;pa-bullet-list-1 orange-link&raquo; _builder_version=&raquo;4.21.0&#8243; header_font=&raquo;Poiret One|700||on|||||&raquo; header_text_align=&raquo;center&raquo; header_font_size=&raquo;22px&raquo; header_line_height=&raquo;1.8em&raquo; body_text_color=&raquo;#000000&#8243; body_font_size=&raquo;14px&raquo; body_line_height=&raquo;2em&raquo; body_link_text_color=&raquo;#000000&#8243; body_ul_text_color=&raquo;#000000&#8243; body_ol_text_color=&raquo;#000000&#8243; background_color=&raquo;#ffffff&raquo; width=&raquo;100%&raquo; max_width=&raquo;70%&raquo; module_alignment=&raquo;center&raquo; custom_margin=&raquo;30px|75px|30px|75px|true|true&raquo; custom_padding=&raquo;30px|30px|30px|30px|true|true&raquo; animation_style=&raquo;zoom&raquo; animation_intensity_zoom=&raquo;10%&raquo; hover_enabled=&raquo;0&#8243; border_radii=&raquo;off||1px|1px|1px&raquo; border_width_all=&raquo;1px&raquo; box_shadow_style=&raquo;preset1&#8243; box_shadow_vertical=&raquo;10px&raquo; box_shadow_blur=&raquo;67px&raquo; box_shadow_spread=&raquo;21px&raquo; box_shadow_color=&raquo;rgba(1,33,92,0.1)&raquo; icon_font_size=&raquo;36px&raquo; image_max_width_tablet=&raquo;60px&raquo; image_max_width_phone=&raquo;&raquo; image_max_width_last_edited=&raquo;on|tablet&raquo; locked=&raquo;off&raquo; global_colors_info=&raquo;{}&raquo; max_width_last_edited=&raquo;on|phone&raquo; max_width_phone=&raquo;100%&raquo; sticky_enabled=&raquo;0&#8243; max_width_tablet=&raquo;70%&raquo;]<\/p>\n<p>L\u00e5neord forteller mye om kontakt mellom forskjellige folk og kulturer. <a href=\"https:\/\/www.hf.uio.no\/tjenester\/kunnskap\/ordfestivalens-sprakutstilling\/2022\/plakater\/samisk.pdf\" target=\"_blank\" rel=\"noopener\">Denne plakaten laget til Ordfestivalen spr\u00e5kutstilling 2022 gir et lite innblikk i utviklingen av ordene l\u00e1ibi\/l\u00e1jbbe\/laejpie og g\u00e1hkku\/g\u00e1hkko\/gahkkoe.<\/a><\/p>\n<p>[\/et_pb_blurb][et_pb_image src=&raquo;https:\/\/result.uit.no\/reaidu\/wp-content\/uploads\/sites\/27\/2022\/11\/standard_samiske-sprak_bm.png&raquo; title_text=&raquo;standard_samiske-sprak_bm&raquo; _builder_version=&raquo;4.18.1&#8243; _module_preset=&raquo;default&raquo; custom_margin=&raquo;110px||11px||false|false&raquo; global_colors_info=&raquo;{}&raquo;][\/et_pb_image][et_pb_text _builder_version=&raquo;4.18.1&#8243; _module_preset=&raquo;default&raquo; text_font=&raquo;||||||||&raquo; text_font_size=&raquo;13.5px&raquo; text_orientation=&raquo;justified&raquo; custom_margin=&raquo;-5px|||||&raquo; locked=&raquo;off&raquo; global_colors_info=&raquo;{}&raquo;]<\/p>\n<p style=\"font-family: 'poiret one';font-size: 0.9em;margin-bottom: 0em;text-align: right\">Illustrasjon: SNL<\/p>\n<p style=\"text-align: right\">Utviklingen av de samiske spr\u00e5kene. <a href=\"https:\/\/snl.no\/samisk#-Spr%C3%A5khistorie\" target=\"_blank\" rel=\"noopener\">P\u00e5 SNL kan du lese mer om den samiske spr\u00e5khistorien<\/a>.<\/p>\n<p>[\/et_pb_text][\/et_pb_column][\/et_pb_row][\/et_pb_section][et_pb_section fb_built=&raquo;1&#8243; specialty=&raquo;on&raquo; module_class=&raquo; et_pb_specialty_fullwidth&raquo; _builder_version=&raquo;4.16&#8243; inner_width=&raquo;89%&raquo; inner_width_tablet=&raquo;80%&raquo; inner_width_phone=&raquo;&raquo; inner_width_last_edited=&raquo;on|desktop&raquo; inner_max_width=&raquo;89%&raquo; inner_max_width_tablet=&raquo;80%&raquo; inner_max_width_phone=&raquo;&raquo; inner_max_width_last_edited=&raquo;on|desktop&raquo; custom_padding=&raquo;0|0px|0|0px|false|false&raquo; make_fullwidth=&raquo;on&raquo; global_colors_info=&raquo;{}&raquo;][et_pb_column type=&raquo;1_3&#8243; _builder_version=&raquo;4.16&#8243; custom_padding=&raquo;|||&raquo; global_colors_info=&raquo;{}&raquo; parallax__hover=&raquo;off&raquo; parallax_method__hover=&raquo;on&raquo; custom_padding__hover=&raquo;|||&raquo;][\/et_pb_column][et_pb_column type=&raquo;2_3&#8243; specialty_columns=&raquo;2&#8243; _builder_version=&raquo;4.16&#8243; custom_padding=&raquo;|||&raquo; global_colors_info=&raquo;{}&raquo; parallax__hover=&raquo;off&raquo; parallax_method__hover=&raquo;on&raquo; custom_padding__hover=&raquo;|||&raquo;][et_pb_row_inner column_structure=&raquo;1_4,1_4,1_4,1_4&#8243; _builder_version=&raquo;4.16&#8243; global_colors_info=&raquo;{}&raquo;][et_pb_column_inner type=&raquo;1_4&#8243; saved_specialty_column_type=&raquo;2_3&#8243; _builder_version=&raquo;4.16&#8243; custom_padding=&raquo;|||&raquo; global_colors_info=&raquo;{}&raquo; parallax__hover=&raquo;off&raquo; parallax_method__hover=&raquo;on&raquo; custom_padding__hover=&raquo;|||&raquo;][\/et_pb_column_inner][et_pb_column_inner type=&raquo;1_4&#8243; saved_specialty_column_type=&raquo;2_3&#8243; _builder_version=&raquo;4.16&#8243; custom_padding=&raquo;|||&raquo; global_colors_info=&raquo;{}&raquo; parallax__hover=&raquo;off&raquo; parallax_method__hover=&raquo;on&raquo; custom_padding__hover=&raquo;|||&raquo;][\/et_pb_column_inner][et_pb_column_inner type=&raquo;1_4&#8243; saved_specialty_column_type=&raquo;2_3&#8243; _builder_version=&raquo;4.16&#8243; custom_padding=&raquo;|||&raquo; global_colors_info=&raquo;{}&raquo; parallax__hover=&raquo;off&raquo; parallax_method__hover=&raquo;on&raquo; custom_padding__hover=&raquo;|||&raquo;][\/et_pb_column_inner][et_pb_column_inner type=&raquo;1_4&#8243; saved_specialty_column_type=&raquo;2_3&#8243; _builder_version=&raquo;4.16&#8243; custom_padding=&raquo;|||&raquo; global_colors_info=&raquo;{}&raquo; parallax__hover=&raquo;off&raquo; parallax_method__hover=&raquo;on&raquo; custom_padding__hover=&raquo;|||&raquo;][et_pb_button button_url=&raquo;@ET-DC@eyJkeW5hbWljIjp0cnVlLCJjb250ZW50IjoicG9zdF9saW5rX3VybF9wYWdlIiwic2V0dGluZ3MiOnsicG9zdF9pZCI6IjM4NTk2In19@&raquo; button_text=&raquo;Spr\u00e5k&raquo; button_alignment=&raquo;left&raquo; _builder_version=&raquo;4.16&#8243; _dynamic_attributes=&raquo;button_url&raquo; custom_button=&raquo;on&raquo; button_text_size=&raquo;18px&raquo; button_text_color=&raquo;#ffffff&raquo; button_bg_color=&raquo;#e09900&#8243; button_border_width=&raquo;0px&raquo; button_border_radius=&raquo;10px&raquo; button_font=&raquo;Poiret One|700|||||||&raquo; button_icon=&raquo;&#x34;||divi||400&#8243; button_icon_placement=&raquo;left&raquo; button_on_hover=&raquo;off&raquo; custom_margin=&raquo;25px|||&raquo; custom_padding=&raquo;10px|20px|10px|30px|true|false&raquo; box_shadow_style=&raquo;preset2&#8243; locked=&raquo;off&raquo; global_colors_info=&raquo;{}&raquo; button_text_size__hover_enabled=&raquo;off&raquo; button_one_text_size__hover_enabled=&raquo;off&raquo; button_two_text_size__hover_enabled=&raquo;off&raquo; button_text_color__hover_enabled=&raquo;off&raquo; button_one_text_color__hover_enabled=&raquo;off&raquo; button_two_text_color__hover_enabled=&raquo;off&raquo; button_border_width__hover_enabled=&raquo;off&raquo; button_one_border_width__hover_enabled=&raquo;off&raquo; button_two_border_width__hover_enabled=&raquo;off&raquo; button_border_color__hover_enabled=&raquo;off&raquo; button_one_border_color__hover_enabled=&raquo;off&raquo; button_two_border_color__hover_enabled=&raquo;off&raquo; button_border_radius__hover_enabled=&raquo;off&raquo; button_one_border_radius__hover_enabled=&raquo;off&raquo; button_two_border_radius__hover_enabled=&raquo;off&raquo; button_letter_spacing__hover_enabled=&raquo;off&raquo; button_one_letter_spacing__hover_enabled=&raquo;off&raquo; button_two_letter_spacing__hover_enabled=&raquo;off&raquo; button_bg_color__hover_enabled=&raquo;off&raquo; button_one_bg_color__hover_enabled=&raquo;off&raquo; button_two_bg_color__hover_enabled=&raquo;off&raquo;][\/et_pb_button][\/et_pb_column_inner][\/et_pb_row_inner][\/et_pb_column][\/et_pb_section]<\/p>\n","protected":false},"excerpt":{"rendered":"<p>SAMISK SPR\u00c5KHISTORIESaemien g\u00efelehistovrije De samiske spr\u00e5kene er finsk-ugriske spr\u00e5k som tilh\u00f8rer den uralske spr\u00e5kfamilien. Denne beskrivelsen forteller at de samiske spr\u00e5kene og finsk har felles opphav, men at de har utvikla seg til \u00e5 bli ulike spr\u00e5k. Fra ursamisk fram til i dag har det foreg\u00e5tt endringer i selve spr\u00e5ksystemet, og i tillegg har ytre [&hellip;]<\/p>\n","protected":false},"author":1953,"featured_media":0,"parent":38596,"menu_order":0,"comment_status":"closed","ping_status":"closed","template":"","meta":{"_et_pb_use_builder":"on","_et_pb_old_content":"","_et_gb_content_width":"","footnotes":""},"class_list":["post-38635","page","type-page","status-publish","hentry"],"_links":{"self":[{"href":"https:\/\/result.uit.no\/reaidu\/wp-json\/wp\/v2\/pages\/38635","targetHints":{"allow":["GET"]}}],"collection":[{"href":"https:\/\/result.uit.no\/reaidu\/wp-json\/wp\/v2\/pages"}],"about":[{"href":"https:\/\/result.uit.no\/reaidu\/wp-json\/wp\/v2\/types\/page"}],"author":[{"embeddable":true,"href":"https:\/\/result.uit.no\/reaidu\/wp-json\/wp\/v2\/users\/1953"}],"replies":[{"embeddable":true,"href":"https:\/\/result.uit.no\/reaidu\/wp-json\/wp\/v2\/comments?post=38635"}],"version-history":[{"count":0,"href":"https:\/\/result.uit.no\/reaidu\/wp-json\/wp\/v2\/pages\/38635\/revisions"}],"up":[{"embeddable":true,"href":"https:\/\/result.uit.no\/reaidu\/wp-json\/wp\/v2\/pages\/38596"}],"wp:attachment":[{"href":"https:\/\/result.uit.no\/reaidu\/wp-json\/wp\/v2\/media?parent=38635"}],"curies":[{"name":"wp","href":"https:\/\/api.w.org\/{rel}","templated":true}]}}