{"id":37042,"date":"2021-02-18T14:55:53","date_gmt":"2021-02-18T13:55:53","guid":{"rendered":"https:\/\/result.uit.no\/reaidu\/?page_id=37042"},"modified":"2021-10-21T13:44:16","modified_gmt":"2021-10-21T11:44:16","slug":"tradisjonell-helbredelse","status":"publish","type":"page","link":"https:\/\/result.uit.no\/reaidu\/vare-tema\/helse\/tradisjonell-helbredelse\/","title":{"rendered":"Tradisjonell helbredelse"},"content":{"rendered":"<p>[et_pb_section fb_built=&raquo;1&#8243; custom_padding_last_edited=&raquo;on|desktop&raquo; admin_label=&raquo;Section %22The Boss%22&#8243; module_id=&raquo;chef&raquo; _builder_version=&raquo;3.22&#8243; custom_padding=&raquo;157px||104px||false|false&raquo; custom_padding_tablet=&raquo;100px||60px|&raquo; custom_padding_phone=&raquo;80px||40px|&raquo; custom_css_main_element=&raquo;margin-left: 2%;||margin-right: 2%;||&raquo; transparent_background=&raquo;off&raquo; collapsed=&raquo;off&raquo;][et_pb_row column_structure=&raquo;1_2,1_2&#8243; use_custom_gutter=&raquo;on&raquo; gutter_width=&raquo;1&#8243; padding_mobile=&raquo;on&raquo; column_padding_mobile=&raquo;on&raquo; admin_label=&raquo;Row&raquo; module_class=&raquo; et_pb_row_fullwidth&raquo; _builder_version=&raquo;3.25&#8243; background_size=&raquo;initial&raquo; background_position=&raquo;top_left&raquo; background_repeat=&raquo;repeat&raquo; width=&raquo;100%&raquo; width_tablet=&raquo;100%&raquo; width_phone=&raquo;&raquo; width_last_edited=&raquo;on|desktop&raquo; max_width=&raquo;100%&raquo; max_width_tablet=&raquo;100%&raquo; max_width_phone=&raquo;&raquo; max_width_last_edited=&raquo;on|desktop&raquo; custom_padding=&raquo;0px|0px|0px|0px&raquo; make_fullwidth=&raquo;on&raquo;][et_pb_column type=&raquo;1_2&#8243; _builder_version=&raquo;3.25&#8243; background_color=&raquo;#f6f4f2&#8243; custom_padding=&raquo;|||&raquo; custom_padding__hover=&raquo;|||&raquo;][et_pb_text admin_label=&raquo;overskrift &raquo; _builder_version=&raquo;4.1&#8243; text_font=&raquo;Poiret One|||on|&raquo; text_font_size=&raquo;40px&raquo; text_line_height=&raquo;1em&raquo; header_font=&raquo;||||||||&raquo; header_text_color=&raquo;#666666&#8243; header_font_size=&raquo;3px&raquo; header_2_font=&raquo;||||||||&raquo; text_orientation=&raquo;right&raquo; custom_margin=&raquo;-26px|||&raquo; custom_margin_tablet=&raquo;&raquo; custom_margin_phone=&raquo;-30px|||&raquo; custom_margin_last_edited=&raquo;on|desktop&raquo; custom_padding=&raquo;|10%||&raquo; custom_padding_tablet=&raquo;&raquo; custom_padding_phone=&raquo;|0px||20px&raquo; custom_padding_last_edited=&raquo;on|desktop&raquo; text_font_size_tablet=&raquo;&raquo; text_font_size_phone=&raquo;50&#8243; text_font_size_last_edited=&raquo;on|phone&raquo; use_border_color=&raquo;off&raquo; border_color=&raquo;#ffffff&raquo; border_style=&raquo;solid&raquo;]<\/p>\n<p>tradisjonell helbredelse<\/p>\n<p>[\/et_pb_text][et_pb_text disabled_on=&raquo;on|on|on&raquo; admin_label=&raquo;underoverskrift &raquo; _builder_version=&raquo;4.1&#8243; text_font=&raquo;Dancing Script|on|||&raquo; text_text_color=&raquo;#e09900&#8243; text_font_size=&raquo;34&#8243; text_line_height=&raquo;1em&raquo; header_font=&raquo;||||||||&raquo; text_orientation=&raquo;right&raquo; custom_padding=&raquo;|13%|40px|&raquo; custom_padding_tablet=&raquo;|13%|30px|&raquo; custom_padding_phone=&raquo;|20px|20px|30px&raquo; custom_padding_last_edited=&raquo;on|desktop&raquo; text_font_size_tablet=&raquo;&raquo; text_font_size_phone=&raquo;30&#8243; text_font_size_last_edited=&raquo;on|phone&raquo; use_border_color=&raquo;off&raquo; border_color=&raquo;#ffffff&raquo; border_style=&raquo;solid&raquo; disabled=&raquo;on&raquo;]<\/p>\n<p>*p\u00e5 samisk*<\/p>\n<p>[\/et_pb_text][\/et_pb_column][et_pb_column type=&raquo;1_2&#8243; _builder_version=&raquo;3.25&#8243; custom_padding=&raquo;|||&raquo; custom_padding__hover=&raquo;|||&raquo;][\/et_pb_column][\/et_pb_row][et_pb_row column_structure=&raquo;1_2,1_2&#8243; use_custom_gutter=&raquo;on&raquo; gutter_width=&raquo;1&#8243; padding_mobile=&raquo;on&raquo; make_equal=&raquo;on&raquo; column_padding_mobile=&raquo;on&raquo; admin_label=&raquo;Row&raquo; module_class=&raquo; et_pb_row_fullwidth&raquo; _builder_version=&raquo;3.25&#8243; background_size=&raquo;initial&raquo; background_position=&raquo;top_left&raquo; background_repeat=&raquo;repeat&raquo; width=&raquo;100%&raquo; width_tablet=&raquo;100%&raquo; width_phone=&raquo;&raquo; width_last_edited=&raquo;on|desktop&raquo; max_width=&raquo;100%&raquo; max_width_tablet=&raquo;100%&raquo; max_width_phone=&raquo;&raquo; max_width_last_edited=&raquo;on|desktop&raquo; custom_padding=&raquo;0px|0px|0px|0px&raquo; make_fullwidth=&raquo;on&raquo;][et_pb_column type=&raquo;1_2&#8243; _builder_version=&raquo;3.25&#8243; background_color=&raquo;#f6f4f2&#8243; custom_padding=&raquo;|||19%&raquo; custom_padding_tablet=&raquo;|||16%&raquo; custom_padding_phone=&raquo;|||10%&raquo; custom_padding_last_edited=&raquo;on|desktop&raquo; custom_padding__hover=&raquo;|||&raquo;][et_pb_text admin_label=&raquo;Ingress &raquo; _builder_version=&raquo;4.1&#8243; text_font=&raquo;||||||||&raquo; text_text_color=&raquo;#000000&#8243; text_font_size=&raquo;15px&raquo; text_line_height=&raquo;1.8em&raquo; background_size=&raquo;initial&raquo; background_position=&raquo;top_left&raquo; background_repeat=&raquo;repeat&raquo; text_orientation=&raquo;justified&raquo; custom_margin=&raquo;|||-26px||&raquo; custom_padding=&raquo;10px|7%|60px|25px||&raquo; use_border_color=&raquo;off&raquo; border_color=&raquo;#ffffff&raquo; border_style=&raquo;solid&raquo;]<\/p>\n<p>Tradisjonell helbredelse blir anvendt i tillegg til skolemedisin i store deler av b\u00e5de Norge og S\u00e1pmi\/S\u00e1bme\/Saepmie. Hvordan denne foreg\u00e5r, varierer fra sted til sted. Helbredelsen er gjerne knyttet til tradisjonelle kunnskaper om hvilke midler \u00e5 bruke og hva som kan gj\u00f8res. I tillegg er det gjerne bestemte personer som blir sett p\u00e5 som \u00e5 forvalte denne kunnskapen. I samiske sammenhenger kan den tradisjonelle helbredelsen b\u00e5de v\u00e6re tydelig kristen, og ofte knyttet til l\u00e6stadianske forsamlinger, og ha en l\u00f8sere tilknytning til religion.<\/p>\n<p>Folkemedisin og \u00e5ndelig bistand m\u00f8tes ofte med skepsis av helse- og omsorgstjenesten. Det kan derfor v\u00e6re utfordrende \u00e5 f\u00e5 til et samarbeid hvor samiske selvhjelpstradisjoner og skolemedisin spiller p\u00e5 lag, p\u00e5 en slik m\u00e5te at de utfyller hverandre.\u00a0<\/p>\n<p>[\/et_pb_text][\/et_pb_column][et_pb_column type=&raquo;1_2&#8243; _builder_version=&raquo;3.25&#8243; background_color=&raquo;rgba(255,255,255,0)&raquo; custom_padding=&raquo;|||&raquo; custom_padding__hover=&raquo;|||&raquo;][et_pb_image src=&raquo;https:\/\/result.uit.no\/reaidu\/wp-content\/uploads\/sites\/27\/2018\/10\/web_hent_bilde-4.jpg&raquo; alt=&raquo;Samisk tromme&raquo; title_text=&raquo;TMU Postkortsamlinga&raquo; _builder_version=&raquo;4.1&#8243; custom_margin=&raquo;|||50px|false|false&raquo;][\/et_pb_image][\/et_pb_column][\/et_pb_row][et_pb_row column_structure=&raquo;1_4,1_4,1_2&#8243; use_custom_gutter=&raquo;on&raquo; gutter_width=&raquo;0&#8243; padding_mobile=&raquo;on&raquo; column_padding_mobile=&raquo;on&raquo; admin_label=&raquo;Row&raquo; _builder_version=&raquo;3.25&#8243; background_size=&raquo;initial&raquo; background_position=&raquo;top_left&raquo; background_repeat=&raquo;repeat&raquo; custom_margin=&raquo;-25px|||&raquo; custom_padding=&raquo;0px|0px|0px|0px&raquo;][et_pb_column type=&raquo;1_4&#8243; _builder_version=&raquo;3.25&#8243; custom_padding=&raquo;|||&raquo; custom_padding__hover=&raquo;|||&raquo;][\/et_pb_column][et_pb_column type=&raquo;1_4&#8243; _builder_version=&raquo;3.25&#8243; custom_padding=&raquo;|||&raquo; custom_padding__hover=&raquo;|||&raquo;][\/et_pb_column][et_pb_column type=&raquo;1_2&#8243; _builder_version=&raquo;3.25&#8243; custom_padding=&raquo;|||&raquo; custom_padding__hover=&raquo;|||&raquo;][et_pb_text _builder_version=&raquo;4.1&#8243; text_font=&raquo;Poiret One||||||||&raquo; text_font_size=&raquo;12px&raquo; text_line_height=&raquo;0em&raquo; text_orientation=&raquo;right&raquo; width=&raquo;87%&raquo; module_alignment=&raquo;left&raquo; custom_margin=&raquo;40px||40px||true|false&raquo; custom_padding=&raquo;|80px|||false|false&raquo; locked=&raquo;off&raquo;]<\/p>\n<p>Foto: Postkortsamlinga TMU<\/p>\n<p>[\/et_pb_text][\/et_pb_column][\/et_pb_row][et_pb_row column_structure=&raquo;1_2,1_2&#8243; _builder_version=&raquo;4.1&#8243;][et_pb_column type=&raquo;1_2&#8243; _builder_version=&raquo;4.1&#8243;][et_pb_blurb title=&raquo;Relevante lenker&raquo; use_icon=&raquo;on&raquo; font_icon=&raquo;%%147%%&raquo; use_icon_font_size=&raquo;on&raquo; icon_font_size=&raquo;36px&raquo; image_max_width_tablet=&raquo;60px&raquo; image_max_width_phone=&raquo;&raquo; image_max_width_last_edited=&raquo;on|tablet&raquo; admin_label=&raquo;Teaser&raquo; module_class=&raquo;pa-bullet-list-1 orange-link&raquo; _builder_version=&raquo;4.1&#8243; header_font=&raquo;Poiret One|700||on|||||&raquo; header_text_align=&raquo;center&raquo; header_font_size=&raquo;22px&raquo; header_line_height=&raquo;1.8em&raquo; body_text_color=&raquo;#000000&#8243; body_font_size=&raquo;14px&raquo; body_line_height=&raquo;2em&raquo; body_link_text_color=&raquo;#000000&#8243; body_ul_text_color=&raquo;#000000&#8243; body_ol_text_color=&raquo;#000000&#8243; background_color=&raquo;#ffffff&raquo; width=&raquo;100%&raquo; max_width=&raquo;100%&raquo; module_alignment=&raquo;center&raquo; custom_margin=&raquo;|75px||75px|true|true&raquo; custom_padding=&raquo;30px|30px|30px|30px|true|true&raquo; animation_style=&raquo;zoom&raquo; animation_intensity_zoom=&raquo;10%&raquo; hover_enabled=&raquo;0&#8243; box_shadow_style=&raquo;preset1&#8243; box_shadow_vertical=&raquo;10px&raquo; box_shadow_blur=&raquo;67px&raquo; box_shadow_spread=&raquo;21px&raquo; box_shadow_color=&raquo;rgba(1,33,92,0.1)&raquo; locked=&raquo;off&raquo;]<\/p>\n<ul>\n<li class=\"c-article-title\" data-test=\"article-title\"><a href=\"https:\/\/forskning.no\/uit-norges-arktiske-universitet-helse-partner\/samer-bruker-bade-samiske-helbredere-og-moderne-medisin\/1210965\" target=\"_blank\" rel=\"noopener noreferrer\">Samer bruker b\u00e5de samiske helbredere og moderne medisin, forskning.no<\/a><\/li>\n<li class=\"c-article-title\" data-test=\"article-title\"><a href=\"https:\/\/nafkam.no\/samisk-folkemedisin\" target=\"_blank\" rel=\"noopener noreferrer\">Samisk folkemedisin (<span>Nasjonalt forskningssenter innen komplement\u00e6r og alternativ medisin (NAFKAM))<\/span><\/a><\/li>\n<li class=\"c-article-title\" data-test=\"article-title\"><a href=\"https:\/\/nafkam.no\/bruk-av-tradisjonelle-helbredere-i-omrader-med-samisk-og-norsk-bosetting\" target=\"_blank\" rel=\"noopener noreferrer\">Bruk av tradisjonelle helbredere i omr\u00e5der med samisk og norsk bosetting (<span class=\"field field--name-uid field--type-entity-reference field--label-hidden\"><span lang=\"\">Kristoffersen, 2018 (NAFKAM))<\/span><\/span><\/a><\/li>\n<li><a href=\"https:\/\/doi.org\/10.1186\/s12906-019-2707-1\" target=\"_blank\" rel=\"noopener noreferrer\">Prevalence, and health- and sociodemographic associations for visits to traditional and complementary medical providers in the seventh survey of the Troms\u00f8 study (<span>Kristoffersen, Broderstad, Musial &amp; Stub, 2019)<\/span><\/a><\/li>\n<\/ul>\n<p>&nbsp;<\/p>\n<p>[\/et_pb_blurb][\/et_pb_column][et_pb_column type=&raquo;1_2&#8243; _builder_version=&raquo;4.1&#8243;][et_pb_blurb title=&raquo;Tradisjonell kunnskap&raquo; url=&raquo;@ET-DC@eyJkeW5hbWljIjp0cnVlLCJjb250ZW50IjoicG9zdF9saW5rX3VybF9wYWdlIiwic2V0dGluZ3MiOnsicG9zdF9pZCI6IjM5MTIyIn19@&raquo; use_icon=&raquo;on&raquo; font_icon=&raquo;%%24%%&raquo; icon_color=&raquo;#e09900&#8243; icon_placement=&raquo;left&raquo; module_class=&raquo;hover-zoom2&#8243; _builder_version=&raquo;4.1&#8243; _dynamic_attributes=&raquo;url,link_option_url&raquo; header_level=&raquo;h2&#8243; header_font=&raquo;Poiret One|700||on|||||&raquo; header_text_align=&raquo;left&raquo; body_font=&raquo;||||||||&raquo; body_text_align=&raquo;left&raquo; body_font_size=&raquo;14px&raquo; background_color=&raquo;#f6f4f2&#8243; text_orientation=&raquo;center&raquo; width=&raquo;73%&raquo; module_alignment=&raquo;left&raquo; custom_margin=&raquo;20px|3px|20px|3px|true|true&raquo; custom_margin_tablet=&raquo;&raquo; custom_margin_phone=&raquo;&raquo; custom_margin_last_edited=&raquo;on|desktop&raquo; custom_padding=&raquo;17px|25px|17px|25px|true|true&raquo; link_option_url=&raquo;@ET-DC@eyJkeW5hbWljIjp0cnVlLCJjb250ZW50IjoicG9zdF9saW5rX3VybF9wYWdlIiwic2V0dGluZ3MiOnsicG9zdF9pZCI6IjM5MTIyIn19@&raquo; custom_css_blurb_image=&raquo;margin-left: 8px;&raquo; custom_css_blurb_content=&raquo;display: flex;||flex-direction: row-reverse;||&raquo; border_radii=&raquo;on|5px|5px|5px|5px&raquo; border_width_all=&raquo;2px&raquo; border_color_all=&raquo;#e09900&#8243; box_shadow_style=&raquo;preset3&#8243; locked=&raquo;off&raquo;]<\/p>\n<p>Her kan du lese mer om samisk, tradisjonell kunnskap og bruk av naturen.\u00a0<\/p>\n<p>[\/et_pb_blurb][\/et_pb_column][\/et_pb_row][\/et_pb_section][et_pb_section fb_built=&raquo;1&#8243; specialty=&raquo;on&raquo; module_class=&raquo; et_pb_specialty_fullwidth&raquo; _builder_version=&raquo;3.22&#8243; inner_width=&raquo;89%&raquo; inner_width_tablet=&raquo;80%&raquo; inner_width_phone=&raquo;&raquo; inner_width_last_edited=&raquo;on|desktop&raquo; inner_max_width=&raquo;89%&raquo; inner_max_width_tablet=&raquo;80%&raquo; inner_max_width_phone=&raquo;&raquo; inner_max_width_last_edited=&raquo;on|desktop&raquo; custom_padding=&raquo;0|0px|0|0px|false|false&raquo; make_fullwidth=&raquo;on&raquo;][et_pb_column type=&raquo;1_3&#8243; _builder_version=&raquo;3.25&#8243; custom_padding=&raquo;|||&raquo; parallax__hover=&raquo;off&raquo; parallax_method__hover=&raquo;on&raquo; custom_padding__hover=&raquo;|||&raquo;][\/et_pb_column][et_pb_column type=&raquo;2_3&#8243; specialty_columns=&raquo;2&#8243; _builder_version=&raquo;3.25&#8243; custom_padding=&raquo;|||&raquo; parallax__hover=&raquo;off&raquo; parallax_method__hover=&raquo;on&raquo; custom_padding__hover=&raquo;|||&raquo;][et_pb_row_inner column_structure=&raquo;1_4,1_4,1_4,1_4&#8243; _builder_version=&raquo;3.25&#8243;][et_pb_column_inner type=&raquo;1_4&#8243; saved_specialty_column_type=&raquo;2_3&#8243; _builder_version=&raquo;3.25&#8243; custom_padding=&raquo;|||&raquo; parallax__hover=&raquo;off&raquo; parallax_method__hover=&raquo;on&raquo; custom_padding__hover=&raquo;|||&raquo;][\/et_pb_column_inner][et_pb_column_inner type=&raquo;1_4&#8243; saved_specialty_column_type=&raquo;2_3&#8243; _builder_version=&raquo;3.25&#8243; custom_padding=&raquo;|||&raquo; parallax__hover=&raquo;off&raquo; parallax_method__hover=&raquo;on&raquo; custom_padding__hover=&raquo;|||&raquo;][\/et_pb_column_inner][et_pb_column_inner type=&raquo;1_4&#8243; saved_specialty_column_type=&raquo;2_3&#8243; _builder_version=&raquo;3.25&#8243; custom_padding=&raquo;|||&raquo; parallax__hover=&raquo;off&raquo; parallax_method__hover=&raquo;on&raquo; custom_padding__hover=&raquo;|||&raquo;][\/et_pb_column_inner][et_pb_column_inner type=&raquo;1_4&#8243; saved_specialty_column_type=&raquo;2_3&#8243; _builder_version=&raquo;3.25&#8243; custom_padding=&raquo;|||&raquo; parallax__hover=&raquo;off&raquo; parallax_method__hover=&raquo;on&raquo; custom_padding__hover=&raquo;|||&raquo;][et_pb_button button_url=&raquo;@ET-DC@eyJkeW5hbWljIjp0cnVlLCJjb250ZW50IjoicG9zdF9saW5rX3VybF9wYWdlIiwic2V0dGluZ3MiOnsicG9zdF9pZCI6IjM2OTExIn19@&raquo; button_text=&raquo;Helse&raquo; button_alignment=&raquo;left&raquo; _builder_version=&raquo;4.1&#8243; _dynamic_attributes=&raquo;button_url&raquo; custom_button=&raquo;on&raquo; button_text_size=&raquo;18px&raquo; button_text_color=&raquo;#ffffff&raquo; button_bg_color=&raquo;#e09900&#8243; button_border_width=&raquo;0px&raquo; button_border_radius=&raquo;10px&raquo; button_font=&raquo;Poiret One|700|||||||&raquo; button_icon=&raquo;%%19%%&raquo; button_icon_placement=&raquo;left&raquo; button_on_hover=&raquo;off&raquo; custom_margin=&raquo;25px|||&raquo; custom_padding=&raquo;10px|20px|10px|30px|true|false&raquo; box_shadow_style=&raquo;preset2&#8243; locked=&raquo;off&raquo; button_text_size__hover_enabled=&raquo;off&raquo; button_one_text_size__hover_enabled=&raquo;off&raquo; button_two_text_size__hover_enabled=&raquo;off&raquo; button_text_color__hover_enabled=&raquo;off&raquo; button_one_text_color__hover_enabled=&raquo;off&raquo; button_two_text_color__hover_enabled=&raquo;off&raquo; button_border_width__hover_enabled=&raquo;off&raquo; button_one_border_width__hover_enabled=&raquo;off&raquo; button_two_border_width__hover_enabled=&raquo;off&raquo; button_border_color__hover_enabled=&raquo;off&raquo; button_one_border_color__hover_enabled=&raquo;off&raquo; button_two_border_color__hover_enabled=&raquo;off&raquo; button_border_radius__hover_enabled=&raquo;off&raquo; button_one_border_radius__hover_enabled=&raquo;off&raquo; button_two_border_radius__hover_enabled=&raquo;off&raquo; button_letter_spacing__hover_enabled=&raquo;off&raquo; button_one_letter_spacing__hover_enabled=&raquo;off&raquo; button_two_letter_spacing__hover_enabled=&raquo;off&raquo; button_bg_color__hover_enabled=&raquo;off&raquo; button_one_bg_color__hover_enabled=&raquo;off&raquo; button_two_bg_color__hover_enabled=&raquo;off&raquo;][\/et_pb_button][\/et_pb_column_inner][\/et_pb_row_inner][\/et_pb_column][\/et_pb_section]<\/p>\n","protected":false},"excerpt":{"rendered":"<p>tradisjonell helbredelse*p\u00e5 samisk*Tradisjonell helbredelse blir anvendt i tillegg til skolemedisin i store deler av b\u00e5de Norge og S\u00e1pmi\/S\u00e1bme\/Saepmie. Hvordan denne foreg\u00e5r, varierer fra sted til sted. Helbredelsen er gjerne knyttet til tradisjonelle kunnskaper om hvilke midler \u00e5 bruke og hva som kan gj\u00f8res. I tillegg er det gjerne bestemte personer som blir sett p\u00e5 som [&hellip;]<\/p>\n","protected":false},"author":1949,"featured_media":0,"parent":36911,"menu_order":0,"comment_status":"closed","ping_status":"closed","template":"","meta":{"_et_pb_use_builder":"on","_et_pb_old_content":"","_et_gb_content_width":"","footnotes":""},"class_list":["post-37042","page","type-page","status-publish","hentry"],"_links":{"self":[{"href":"https:\/\/result.uit.no\/reaidu\/wp-json\/wp\/v2\/pages\/37042","targetHints":{"allow":["GET"]}}],"collection":[{"href":"https:\/\/result.uit.no\/reaidu\/wp-json\/wp\/v2\/pages"}],"about":[{"href":"https:\/\/result.uit.no\/reaidu\/wp-json\/wp\/v2\/types\/page"}],"author":[{"embeddable":true,"href":"https:\/\/result.uit.no\/reaidu\/wp-json\/wp\/v2\/users\/1949"}],"replies":[{"embeddable":true,"href":"https:\/\/result.uit.no\/reaidu\/wp-json\/wp\/v2\/comments?post=37042"}],"version-history":[{"count":0,"href":"https:\/\/result.uit.no\/reaidu\/wp-json\/wp\/v2\/pages\/37042\/revisions"}],"up":[{"embeddable":true,"href":"https:\/\/result.uit.no\/reaidu\/wp-json\/wp\/v2\/pages\/36911"}],"wp:attachment":[{"href":"https:\/\/result.uit.no\/reaidu\/wp-json\/wp\/v2\/media?parent=37042"}],"curies":[{"name":"wp","href":"https:\/\/api.w.org\/{rel}","templated":true}]}}