{"id":35402,"date":"2019-04-23T10:12:45","date_gmt":"2019-04-23T08:12:45","guid":{"rendered":"https:\/\/result.uit.no\/reaidu\/?page_id=35402"},"modified":"2022-01-10T14:59:12","modified_gmt":"2022-01-10T13:59:12","slug":"riebangardi","status":"publish","type":"page","link":"https:\/\/result.uit.no\/reaidu\/ressurser\/aktiviteter\/riebangardi\/","title":{"rendered":"Riebang\u00e1rdi"},"content":{"rendered":"<p>[et_pb_section fb_built=&raquo;1&#8243; custom_padding_last_edited=&raquo;on|desktop&raquo; admin_label=&raquo;Section %22The Boss%22&#8243; module_id=&raquo;chef&raquo; module_class=&raquo;orange-link&raquo; _builder_version=&raquo;4.1&#8243; custom_padding=&raquo;150px||104px|&raquo; custom_padding_tablet=&raquo;100px||60px|&raquo; custom_padding_phone=&raquo;80px||40px|&raquo; custom_css_main_element=&raquo;margin-left: 2%;||margin-right: 2%;||&raquo; transparent_background=&raquo;off&raquo; locked=&raquo;off&raquo; collapsed=&raquo;off&raquo;][et_pb_row column_structure=&raquo;1_2,1_2&#8243; use_custom_gutter=&raquo;on&raquo; gutter_width=&raquo;1&#8243; padding_mobile=&raquo;on&raquo; column_padding_mobile=&raquo;on&raquo; admin_label=&raquo;Row&raquo; module_class=&raquo; et_pb_row_fullwidth&raquo; _builder_version=&raquo;3.25&#8243; background_size=&raquo;initial&raquo; background_position=&raquo;top_left&raquo; background_repeat=&raquo;repeat&raquo; width=&raquo;100%&raquo; width_tablet=&raquo;100%&raquo; width_phone=&raquo;&raquo; width_last_edited=&raquo;on|desktop&raquo; max_width=&raquo;100%&raquo; max_width_tablet=&raquo;100%&raquo; max_width_phone=&raquo;&raquo; max_width_last_edited=&raquo;on|desktop&raquo; custom_padding=&raquo;0px|0px|0px|0px&raquo; make_fullwidth=&raquo;on&raquo;][et_pb_column type=&raquo;1_2&#8243; _builder_version=&raquo;3.25&#8243; background_color=&raquo;#f6f4f2&#8243; custom_padding=&raquo;|||&raquo; custom_padding__hover=&raquo;|||&raquo;][et_pb_text admin_label=&raquo;overskrift&raquo; _builder_version=&raquo;4.1&#8243; text_font=&raquo;Poiret One|||on|&raquo; text_font_size=&raquo;40px&raquo; text_line_height=&raquo;1em&raquo; header_font=&raquo;||||||||&raquo; header_text_color=&raquo;#666666&#8243; header_font_size=&raquo;3px&raquo; header_2_font=&raquo;||||||||&raquo; text_orientation=&raquo;right&raquo; custom_margin=&raquo;-26px|||&raquo; custom_margin_tablet=&raquo;&raquo; custom_margin_phone=&raquo;-30px|||&raquo; custom_margin_last_edited=&raquo;on|desktop&raquo; custom_padding=&raquo;|10%||&raquo; custom_padding_tablet=&raquo;&raquo; custom_padding_phone=&raquo;|0px||20px&raquo; custom_padding_last_edited=&raquo;on|desktop&raquo; text_font_size_tablet=&raquo;&raquo; text_font_size_phone=&raquo;50&#8243; text_font_size_last_edited=&raquo;on|phone&raquo; use_border_color=&raquo;off&raquo; border_color=&raquo;#ffffff&raquo; border_style=&raquo;solid&raquo;]<\/p>\n<p>Riebang\u00e1rdi<\/p>\n<p>[\/et_pb_text][et_pb_text disabled_on=&raquo;on|on|on&raquo; admin_label=&raquo;underoverskrift &raquo; _builder_version=&raquo;4.1&#8243; text_font=&raquo;Dancing Script|on|||&raquo; text_text_color=&raquo;#e09900&#8243; text_font_size=&raquo;34&#8243; text_line_height=&raquo;1em&raquo; header_font=&raquo;||||||||&raquo; text_orientation=&raquo;right&raquo; custom_padding=&raquo;|13%|40px|&raquo; custom_padding_tablet=&raquo;|13%|30px|&raquo; custom_padding_phone=&raquo;|20px|20px|30px&raquo; custom_padding_last_edited=&raquo;on|desktop&raquo; text_font_size_tablet=&raquo;&raquo; text_font_size_phone=&raquo;30&#8243; text_font_size_last_edited=&raquo;on|phone&raquo; use_border_color=&raquo;off&raquo; border_color=&raquo;#ffffff&raquo; border_style=&raquo;solid&raquo; disabled=&raquo;on&raquo;]<\/p>\n<p>*p\u00e5 samisk*<\/p>\n<p>[\/et_pb_text][\/et_pb_column][et_pb_column type=&raquo;1_2&#8243; _builder_version=&raquo;3.25&#8243; custom_padding=&raquo;|||&raquo; custom_padding__hover=&raquo;|||&raquo;][\/et_pb_column][\/et_pb_row][et_pb_row column_structure=&raquo;1_2,1_2&#8243; use_custom_gutter=&raquo;on&raquo; gutter_width=&raquo;1&#8243; padding_mobile=&raquo;on&raquo; make_equal=&raquo;on&raquo; column_padding_mobile=&raquo;on&raquo; admin_label=&raquo;Row&raquo; module_class=&raquo; et_pb_row_fullwidth&raquo; _builder_version=&raquo;3.25&#8243; background_size=&raquo;initial&raquo; background_position=&raquo;top_left&raquo; background_repeat=&raquo;repeat&raquo; width=&raquo;100%&raquo; width_tablet=&raquo;100%&raquo; width_phone=&raquo;&raquo; width_last_edited=&raquo;on|desktop&raquo; max_width=&raquo;100%&raquo; max_width_tablet=&raquo;100%&raquo; max_width_phone=&raquo;&raquo; max_width_last_edited=&raquo;on|desktop&raquo; custom_padding=&raquo;0px|0px|0px|0px&raquo; make_fullwidth=&raquo;on&raquo;][et_pb_column type=&raquo;1_2&#8243; _builder_version=&raquo;3.25&#8243; background_color=&raquo;#f6f4f2&#8243; custom_padding=&raquo;|||19%&raquo; custom_padding_tablet=&raquo;|||16%&raquo; custom_padding_phone=&raquo;|||10%&raquo; custom_padding_last_edited=&raquo;on|desktop&raquo; custom_padding__hover=&raquo;|||&raquo;][et_pb_text _builder_version=&raquo;4.1&#8243; text_font=&raquo;||||||||&raquo; text_text_color=&raquo;#000000&#8243; text_font_size=&raquo;15px&raquo; text_line_height=&raquo;1.8em&raquo; background_size=&raquo;initial&raquo; background_position=&raquo;top_left&raquo; background_repeat=&raquo;repeat&raquo; text_orientation=&raquo;justified&raquo; custom_margin=&raquo;|||-26px||&raquo; custom_padding=&raquo;10px|7%|60px|25px||&raquo;]<\/p>\n<p><span>Riebang\u00e1rdi er en utelek er\u00a0hvor man skal\u00a0<\/span><span>ber\u00f8re hverandre i en\u00a0<\/span><span>labyrint tr\u00e5kket i sn\u00f8.\u00a0Man lekte riebang\u00e1rdi etter at den f\u00f8rste sn\u00f8en var kommet.<\/span><\/p>\n<p>[\/et_pb_text][\/et_pb_column][et_pb_column type=&raquo;1_2&#8243; _builder_version=&raquo;3.25&#8243; background_color=&raquo;rgba(255,255,255,0)&raquo; custom_padding=&raquo;|||&raquo; custom_padding__hover=&raquo;|||&raquo;][\/et_pb_column][\/et_pb_row][et_pb_row column_structure=&raquo;1_4,1_4,1_2&#8243; use_custom_gutter=&raquo;on&raquo; gutter_width=&raquo;0&#8243; padding_mobile=&raquo;on&raquo; column_padding_mobile=&raquo;on&raquo; admin_label=&raquo;Row&raquo; _builder_version=&raquo;3.25&#8243; background_size=&raquo;initial&raquo; background_position=&raquo;top_left&raquo; background_repeat=&raquo;repeat&raquo; custom_margin=&raquo;-25px|||&raquo; custom_padding=&raquo;0px|0px|0px|0px&raquo;][et_pb_column type=&raquo;1_4&#8243; _builder_version=&raquo;3.25&#8243; custom_padding=&raquo;|||&raquo; custom_padding__hover=&raquo;|||&raquo;][\/et_pb_column][et_pb_column type=&raquo;1_4&#8243; _builder_version=&raquo;3.25&#8243; custom_padding=&raquo;|||&raquo; custom_padding__hover=&raquo;|||&raquo;][\/et_pb_column][et_pb_column type=&raquo;1_2&#8243; _builder_version=&raquo;3.25&#8243; custom_padding=&raquo;|||&raquo; custom_padding__hover=&raquo;|||&raquo;][et_pb_image src=&raquo;https:\/\/result.uit.no\/reaidu\/wp-content\/uploads\/sites\/27\/2019\/04\/Dronning_aapning_Riddu-Ri\u0111\u0111u_2017_Foto_\u00d8rjan_Bertelsen_063.jpg&raquo; alt=&raquo;Samiske barnehagebarn&raquo; title_text=&raquo;Foto: \u00d8rjan Marakatt Bertelsen&raquo; align=&raquo;center&raquo; align_tablet=&raquo;center&raquo; align_phone=&raquo;&raquo; align_last_edited=&raquo;on|desktop&raquo; disabled_on=&raquo;off|off|off&raquo; _builder_version=&raquo;4.1&#8243; max_width=&raquo;450%&raquo; custom_margin=&raquo;-53%|||30px&raquo; custom_margin_tablet=&raquo;0px|||0px&raquo; custom_margin_phone=&raquo;0px|||0px&raquo; custom_margin_last_edited=&raquo;on|tablet&raquo; animation_style=&raquo;slide&raquo; animation_direction=&raquo;top&raquo; animation_duration=&raquo;500ms&raquo; animation_intensity_slide=&raquo;10%&raquo; custom_css_main_element=&raquo;-webkit-box-shadow: 9px 14px 43px -9px rgba(150,150,150,0.6);||-moz-box-shadow: 9px 14px 43px -9px rgba(150,150,150,0.6);||box-shadow: 9px 14px 43px -9px rgba(150,150,150,0.6);&raquo;][\/et_pb_image][et_pb_text _builder_version=&raquo;4.1&#8243; text_font=&raquo;Poiret One||||||||&raquo; text_font_size=&raquo;12px&raquo; text_line_height=&raquo;0em&raquo; text_orientation=&raquo;right&raquo; custom_margin=&raquo;10px||10px||false|false&raquo; locked=&raquo;off&raquo;]<\/p>\n<p>Foto: \u00d8rjan Marakatt Bertelsen<\/p>\n<p>[\/et_pb_text][\/et_pb_column][\/et_pb_row][\/et_pb_section][et_pb_section fb_built=&raquo;1&#8243; custom_padding_last_edited=&raquo;on|desktop&raquo; admin_label=&raquo;Section %22The Boss%22&#8243; module_id=&raquo;chef&raquo; _builder_version=&raquo;4.1&#8243; custom_margin=&raquo;-100px||||false|false&raquo; custom_padding=&raquo;130px||0||false|false&raquo; custom_padding_tablet=&raquo;100px||60px|&raquo; custom_padding_phone=&raquo;80px||40px|&raquo; custom_css_main_element=&raquo;margin-left: 2%;||margin-right: 2%;||&raquo; transparent_background=&raquo;off&raquo; collapsed=&raquo;off&raquo;][et_pb_row column_structure=&raquo;1_3,1_3,1_3&#8243; _builder_version=&raquo;3.25&#8243; custom_padding=&raquo;0px|0px|27px|0px&raquo; custom_width_px=&raquo;1570px&raquo;][et_pb_column type=&raquo;1_3&#8243; _builder_version=&raquo;3.25&#8243; custom_padding=&raquo;20px|20px|20px|20px&raquo; custom_padding__hover=&raquo;|||&raquo;][et_pb_text _builder_version=&raquo;4.1&#8243; text_font=&raquo;||||||||&raquo; text_text_color=&raquo;#666666&#8243; text_font_size=&raquo;18px&raquo; text_line_height=&raquo;1.4em&raquo; header_font=&raquo;||||||||&raquo; header_3_font=&raquo;||||||||&raquo; text_orientation=&raquo;center&raquo;]<\/p>\n<h3><\/h3>\n<p><span style=\"font-size: 19px\"><\/span><\/p>\n<p><span style=\"font-size: 19px\">en lek hvor man skal<br \/> ber\u00f8re hverandre i en<br \/> labyrint tr\u00e5kket i sn\u00f8 <\/span><\/p>\n<p>[\/et_pb_text][\/et_pb_column][et_pb_column type=&raquo;1_3&#8243; _builder_version=&raquo;3.25&#8243; custom_padding=&raquo;|||&raquo; custom_padding__hover=&raquo;|||&raquo;][et_pb_image align_tablet=&raquo;center&raquo; align_phone=&raquo;&raquo; align_last_edited=&raquo;on|desktop&raquo; _builder_version=&raquo;3.23&#8243; max_width=&raquo;70%&raquo; module_alignment=&raquo;right&raquo;][\/et_pb_image][\/et_pb_column][et_pb_column type=&raquo;1_3&#8243; _builder_version=&raquo;3.25&#8243; custom_padding=&raquo;|||&raquo; custom_padding__hover=&raquo;|||&raquo;][et_pb_text _builder_version=&raquo;3.27.4&#8243; text_font=&raquo;||||||||&raquo; text_text_color=&raquo;#666666&#8243; text_font_size=&raquo;18px&raquo; text_line_height=&raquo;1.4em&raquo; header_font=&raquo;||||||||&raquo; header_3_font=&raquo;||||||||&raquo; text_orientation=&raquo;center&raquo;]<\/p>\n<h3><\/h3>\n<p><span style=\"font-size: 19px\">stoagus mas bivdalit <br \/>guhtet guimmideaset <br \/>mosk\u00e1dagas (labyrinttas) <br \/>mii lea ge\u0111giiguin dehe <br \/>muohttagis r\u00e1hkaduvvon <\/span><\/p>\n<p>[\/et_pb_text][\/et_pb_column][\/et_pb_row][et_pb_row module_class=&raquo; et_pb_row_fullwidth&raquo; _builder_version=&raquo;3.25&#8243; width=&raquo;89%&raquo; width_tablet=&raquo;80%&raquo; width_phone=&raquo;&raquo; width_last_edited=&raquo;on|desktop&raquo; max_width=&raquo;89%&raquo; max_width_tablet=&raquo;80%&raquo; max_width_phone=&raquo;&raquo; max_width_last_edited=&raquo;on|desktop&raquo; module_alignment=&raquo;center&raquo; make_fullwidth=&raquo;on&raquo;][et_pb_column type=&raquo;4_4&#8243; _builder_version=&raquo;3.25&#8243; custom_padding=&raquo;|||&raquo; custom_padding__hover=&raquo;|||&raquo;][et_pb_text _builder_version=&raquo;3.27.4&#8243; text_font=&raquo;||||||||&raquo; text_text_color=&raquo;#666666&#8243; text_font_size=&raquo;18px&raquo; text_line_height=&raquo;1.4em&raquo; header_font=&raquo;||||||||&raquo; header_3_font=&raquo;||||||||&raquo; text_orientation=&raquo;center&raquo;]<\/p>\n<p>Man lekte riebang\u00e1rdi etter at den f\u00f8rste sn\u00f8en var kommet.\u00a0<span style=\"font-size: 19px\">I frikvarteret p\u00e5 skolen, og ellers ble ettermiddagene og kveldene brukt til denne leken.\u00a0<\/span><span style=\"font-size: 19px\">B\u00e5de store og sm\u00e5, jenter og gutter deltok.\u00a0<\/span><span style=\"font-size: 19px\">Det ble f\u00f8rst tr\u00e5kket opp en ring eller firkant, etterp\u00e5 ble det tr\u00e5kket en ring i midten, et\u00a0<\/span><span style=\"font-size: 19px\">revehi, og veier hit og dit, hvor man hadde lov til \u00e5 springe. Tr\u00e5kkingen gjorde\u00a0 veiene fine og slette.\u00a0<\/span><span style=\"font-size: 19px\">I lyse m\u00e5neskinnskvelder f\u00f8r jul, var det veldig popul\u00e6rt \u00e5 leke riebang\u00e1rdi.\u00a0<\/span><span style=\"font-size: 19px\">Riebang\u00e1rdi kunne v\u00e6re b\u00e5de firkantet og rund.\u00a0<\/span><span style=\"font-size: 19px\">De som var med i leken, minst tre stykker stod innerst i ringen.\u00a0<\/span><span style=\"font-size: 19px\">Ved \u00e5 telle \u00e1nin- d\u00e1nin eller elle- melle, ble det bestemt hvem som skulle v\u00e6re rev.\u00a0<\/span><span style=\"font-size: 19px\">Reven gikk i hiet, mens de andre stod i ringen i midten.\u00a0<\/span><span style=\"font-size: 19px\">Reven talte til ti, alle sprang ut av ringen og rundt i labyrinten.\u00a0<\/span><span style=\"font-size: 19px\">Reven sprang etter og fors\u00f8kte \u00e5 f\u00e5 fatt i noen. Det var nok at han kom bort i en av de andre med h\u00e5nden.\u00a0<\/span><span style=\"font-size: 19px\">Ringen i midten var fredet omr\u00e5de, om noen kom seg dit, kunne de ikke bli tatt av reven.\u00a0<\/span><span style=\"font-size: 19px\">Den som ble tatt f\u00f8rst, ble rev.\u00a0<\/span><span style=\"font-size: 19px\">Tr\u00e5kket man utenfor veiene, ble man satt ut av leken, og fikk ikke v\u00e6re med neste omgang.<\/span><\/p>\n<p>&nbsp;<\/p>\n<p>[\/et_pb_text][\/et_pb_column][\/et_pb_row][et_pb_row column_structure=&raquo;1_3,1_3,1_3&#8243; _builder_version=&raquo;3.25&#8243; custom_padding=&raquo;0px|0px|27px|0px&raquo; custom_width_px=&raquo;1570px&raquo;][et_pb_column type=&raquo;1_3&#8243; _builder_version=&raquo;3.25&#8243; custom_padding=&raquo;20px|20px|20px|20px&raquo; custom_padding__hover=&raquo;|||&raquo;][et_pb_text _builder_version=&raquo;3.27.4&#8243; text_font=&raquo;||||||||&raquo; text_text_color=&raquo;#666666&#8243; text_font_size=&raquo;18px&raquo; text_line_height=&raquo;1.4em&raquo; header_font=&raquo;||||||||&raquo; header_3_font=&raquo;||||||||&raquo; text_orientation=&raquo;center&raquo;]<\/p>\n<p>elle melle deg fortelle <br \/>skipet g\u00e5r ut i \u00e5r <br \/>rygg i rand to i spann <br \/>snipp snapp snute <br \/>du er ute<\/p>\n<p>[\/et_pb_text][\/et_pb_column][et_pb_column type=&raquo;1_3&#8243; _builder_version=&raquo;3.25&#8243; custom_padding=&raquo;|||&raquo; custom_padding__hover=&raquo;|||&raquo;][\/et_pb_column][et_pb_column type=&raquo;1_3&#8243; _builder_version=&raquo;3.25&#8243; custom_padding=&raquo;|||&raquo; custom_padding__hover=&raquo;|||&raquo;][et_pb_text _builder_version=&raquo;3.27.4&#8243; text_font=&raquo;||||||||&raquo; text_text_color=&raquo;#666666&#8243; text_font_size=&raquo;18px&raquo; text_line_height=&raquo;1.4em&raquo; header_font=&raquo;||||||||&raquo; header_3_font=&raquo;||||||||&raquo; text_orientation=&raquo;center&raquo;]<\/p>\n<p>&nbsp;<\/p>\n<p>\u00e1nin d\u00e1nin d\u00e1hpp\u00e1n siun<br \/> ulun dulun heargi loahppa<br \/> ginna galka borta snorra<\/p>\n<p>[\/et_pb_text][\/et_pb_column][\/et_pb_row][et_pb_row module_class=&raquo; et_pb_row_fullwidth&raquo; _builder_version=&raquo;3.25&#8243; width=&raquo;89%&raquo; width_tablet=&raquo;80%&raquo; width_phone=&raquo;&raquo; width_last_edited=&raquo;on|desktop&raquo; max_width=&raquo;89%&raquo; max_width_tablet=&raquo;80%&raquo; max_width_phone=&raquo;&raquo; max_width_last_edited=&raquo;on|desktop&raquo; module_alignment=&raquo;center&raquo; make_fullwidth=&raquo;on&raquo;][et_pb_column type=&raquo;4_4&#8243; _builder_version=&raquo;3.25&#8243; custom_padding=&raquo;|||&raquo; custom_padding__hover=&raquo;|||&raquo;][et_pb_text _builder_version=&raquo;3.27.4&#8243; text_font=&raquo;||||||||&raquo; text_text_color=&raquo;#666666&#8243; text_font_size=&raquo;18px&raquo; text_line_height=&raquo;1.4em&raquo; header_font=&raquo;||||||||&raquo; header_3_font=&raquo;||||||||&raquo; text_orientation=&raquo;center&raquo;]<\/p>\n<p>I gamle dager i Manndalen ble barna ofte skremt med: \u201cDu f\u00e5r ikke lov \u00e5 g\u00e5 ut n\u00e5r det er m\u00f8rkt. Hvis du ikke lyr, kommer reven og tar deg, sa de voksne til barna. Kanskje var det derfor det var reven som skulle fange dem, og ikke ulven eller bj\u00f8rnen, som var farlige dyr, ogs\u00e5 i dag.\u00a0<\/p>\n<p>[\/et_pb_text][\/et_pb_column][\/et_pb_row][et_pb_row module_class=&raquo; et_pb_row_fullwidth&raquo; _builder_version=&raquo;3.25&#8243; width=&raquo;89%&raquo; width_tablet=&raquo;80%&raquo; width_phone=&raquo;&raquo; width_last_edited=&raquo;on|desktop&raquo; max_width=&raquo;89%&raquo; max_width_tablet=&raquo;80%&raquo; max_width_phone=&raquo;&raquo; max_width_last_edited=&raquo;on|desktop&raquo; module_alignment=&raquo;center&raquo; custom_padding=&raquo;27px|0px|0|0px|false|false&raquo; make_fullwidth=&raquo;on&raquo;][et_pb_column type=&raquo;4_4&#8243; _builder_version=&raquo;3.25&#8243; custom_padding=&raquo;|||&raquo; custom_padding__hover=&raquo;|||&raquo;][et_pb_text _builder_version=&raquo;3.27.4&#8243; text_font=&raquo;Josefin Slab||||||||&raquo; text_font_size=&raquo;19px&raquo; text_orientation=&raquo;justified&raquo;]<\/p>\n<p><span style=\"font-size: small\">Av Harry Solhaug \/ Giella siida, spr\u00e5ksenteret i K\u00e5fjord<\/span><\/p>\n<p>[\/et_pb_text][\/et_pb_column][\/et_pb_row][\/et_pb_section][et_pb_section fb_built=&raquo;1&#8243; inner_shadow=&raquo;on&raquo; specialty=&raquo;on&raquo; module_class=&raquo; et_pb_specialty_fullwidth&raquo; _builder_version=&raquo;3.22&#8243; inner_width=&raquo;89%&raquo; inner_width_tablet=&raquo;80%&raquo; inner_width_phone=&raquo;&raquo; inner_width_last_edited=&raquo;on|desktop&raquo; inner_max_width=&raquo;89%&raquo; inner_max_width_tablet=&raquo;80%&raquo; inner_max_width_phone=&raquo;&raquo; inner_max_width_last_edited=&raquo;on|desktop&raquo; custom_padding=&raquo;0|0px|0|0px|false|false&raquo; make_fullwidth=&raquo;on&raquo;][et_pb_column type=&raquo;1_3&#8243; _builder_version=&raquo;3.25&#8243; custom_padding=&raquo;|||&raquo; parallax__hover=&raquo;off&raquo; parallax_method__hover=&raquo;on&raquo; custom_padding__hover=&raquo;|||&raquo;][\/et_pb_column][et_pb_column type=&raquo;2_3&#8243; specialty_columns=&raquo;2&#8243; _builder_version=&raquo;3.25&#8243; custom_padding=&raquo;|||&raquo; parallax__hover=&raquo;off&raquo; parallax_method__hover=&raquo;on&raquo; custom_padding__hover=&raquo;|||&raquo;][et_pb_row_inner column_structure=&raquo;1_4,1_4,1_4,1_4&#8243; _builder_version=&raquo;3.25&#8243;][et_pb_column_inner type=&raquo;1_4&#8243; saved_specialty_column_type=&raquo;2_3&#8243; _builder_version=&raquo;3.25&#8243; custom_padding=&raquo;|||&raquo; parallax__hover=&raquo;off&raquo; parallax_method__hover=&raquo;on&raquo; custom_padding__hover=&raquo;|||&raquo;][\/et_pb_column_inner][et_pb_column_inner type=&raquo;1_4&#8243; saved_specialty_column_type=&raquo;2_3&#8243; _builder_version=&raquo;3.25&#8243; custom_padding=&raquo;|||&raquo; parallax__hover=&raquo;off&raquo; parallax_method__hover=&raquo;on&raquo; custom_padding__hover=&raquo;|||&raquo;][\/et_pb_column_inner][et_pb_column_inner type=&raquo;1_4&#8243; saved_specialty_column_type=&raquo;2_3&#8243; _builder_version=&raquo;3.25&#8243; custom_padding=&raquo;|||&raquo; parallax__hover=&raquo;off&raquo; parallax_method__hover=&raquo;on&raquo; custom_padding__hover=&raquo;|||&raquo;][\/et_pb_column_inner][et_pb_column_inner type=&raquo;1_4&#8243; saved_specialty_column_type=&raquo;2_3&#8243; _builder_version=&raquo;3.25&#8243; custom_padding=&raquo;|||&raquo; parallax__hover=&raquo;off&raquo; parallax_method__hover=&raquo;on&raquo; custom_padding__hover=&raquo;|||&raquo;][et_pb_button button_url=&raquo;@ET-DC@eyJkeW5hbWljIjp0cnVlLCJjb250ZW50IjoicG9zdF9saW5rX3VybF9wYWdlIiwic2V0dGluZ3MiOnsicG9zdF9pZCI6IjM4MTg2In19@&raquo; button_text=&raquo;Spill og aktiviteter&raquo; button_alignment=&raquo;left&raquo; _builder_version=&raquo;4.1&#8243; _dynamic_attributes=&raquo;button_url&raquo; custom_button=&raquo;on&raquo; button_text_size=&raquo;18px&raquo; button_text_color=&raquo;#ffffff&raquo; button_bg_color=&raquo;#e09900&#8243; button_border_width=&raquo;0px&raquo; button_border_radius=&raquo;10px&raquo; button_font=&raquo;Poiret One|700|||||||&raquo; button_icon=&raquo;%%19%%&raquo; button_icon_placement=&raquo;left&raquo; button_on_hover=&raquo;off&raquo; custom_margin=&raquo;25px|||&raquo; custom_padding=&raquo;10px|20px|10px|30px|true|false&raquo; box_shadow_style=&raquo;preset2&#8243; locked=&raquo;off&raquo; button_text_size__hover_enabled=&raquo;off&raquo; button_one_text_size__hover_enabled=&raquo;off&raquo; button_two_text_size__hover_enabled=&raquo;off&raquo; button_text_color__hover_enabled=&raquo;off&raquo; button_one_text_color__hover_enabled=&raquo;off&raquo; button_two_text_color__hover_enabled=&raquo;off&raquo; button_border_width__hover_enabled=&raquo;off&raquo; button_one_border_width__hover_enabled=&raquo;off&raquo; button_two_border_width__hover_enabled=&raquo;off&raquo; button_border_color__hover_enabled=&raquo;off&raquo; button_one_border_color__hover_enabled=&raquo;off&raquo; button_two_border_color__hover_enabled=&raquo;off&raquo; button_border_radius__hover_enabled=&raquo;off&raquo; button_one_border_radius__hover_enabled=&raquo;off&raquo; button_two_border_radius__hover_enabled=&raquo;off&raquo; button_letter_spacing__hover_enabled=&raquo;off&raquo; button_one_letter_spacing__hover_enabled=&raquo;off&raquo; button_two_letter_spacing__hover_enabled=&raquo;off&raquo; button_bg_color__hover_enabled=&raquo;off&raquo; button_one_bg_color__hover_enabled=&raquo;off&raquo; button_two_bg_color__hover_enabled=&raquo;off&raquo;][\/et_pb_button][\/et_pb_column_inner][\/et_pb_row_inner][\/et_pb_column][\/et_pb_section]<\/p>\n","protected":false},"excerpt":{"rendered":"<p>Riebang\u00e1rdi*p\u00e5 samisk*Riebang\u00e1rdi er en utelek er\u00a0hvor man skal\u00a0ber\u00f8re hverandre i en\u00a0labyrint tr\u00e5kket i sn\u00f8.\u00a0Man lekte riebang\u00e1rdi etter at den f\u00f8rste sn\u00f8en var kommet.Foto: \u00d8rjan Marakatt Bertelsen en lek hvor man skal ber\u00f8re hverandre i en labyrint tr\u00e5kket i sn\u00f8 stoagus mas bivdalit guhtet guimmideaset mosk\u00e1dagas (labyrinttas) mii lea ge\u0111giiguin dehe muohttagis r\u00e1hkaduvvon Man lekte riebang\u00e1rdi [&hellip;]<\/p>\n","protected":false},"author":1631,"featured_media":0,"parent":38186,"menu_order":0,"comment_status":"closed","ping_status":"closed","template":"","meta":{"_et_pb_use_builder":"on","_et_pb_old_content":"","_et_gb_content_width":"","footnotes":""},"class_list":["post-35402","page","type-page","status-publish","hentry"],"_links":{"self":[{"href":"https:\/\/result.uit.no\/reaidu\/wp-json\/wp\/v2\/pages\/35402","targetHints":{"allow":["GET"]}}],"collection":[{"href":"https:\/\/result.uit.no\/reaidu\/wp-json\/wp\/v2\/pages"}],"about":[{"href":"https:\/\/result.uit.no\/reaidu\/wp-json\/wp\/v2\/types\/page"}],"author":[{"embeddable":true,"href":"https:\/\/result.uit.no\/reaidu\/wp-json\/wp\/v2\/users\/1631"}],"replies":[{"embeddable":true,"href":"https:\/\/result.uit.no\/reaidu\/wp-json\/wp\/v2\/comments?post=35402"}],"version-history":[{"count":0,"href":"https:\/\/result.uit.no\/reaidu\/wp-json\/wp\/v2\/pages\/35402\/revisions"}],"up":[{"embeddable":true,"href":"https:\/\/result.uit.no\/reaidu\/wp-json\/wp\/v2\/pages\/38186"}],"wp:attachment":[{"href":"https:\/\/result.uit.no\/reaidu\/wp-json\/wp\/v2\/media?parent=35402"}],"curies":[{"name":"wp","href":"https:\/\/api.w.org\/{rel}","templated":true}]}}