{"id":716,"date":"2017-11-15T22:23:52","date_gmt":"2017-11-15T22:23:52","guid":{"rendered":"https:\/\/result.uit.no\/proted\/?page_id=716"},"modified":"2018-06-29T00:04:33","modified_gmt":"2018-06-28T22:04:33","slug":"masterveiledning","status":"publish","type":"page","link":"https:\/\/result.uit.no\/proted\/masterveiledning\/","title":{"rendered":"Masterveiledning"},"content":{"rendered":"<p>[et_pb_section fb_built=&raquo;1&#8243; fullwidth=&raquo;on&raquo; _builder_version=&raquo;3.0.47&#8243; transparent_background=&raquo;off&raquo;][et_pb_fullwidth_image src=&raquo;https:\/\/result.uit.no\/proted\/wp-content\/uploads\/sites\/45\/2017\/10\/Banner.jpg&raquo; admin_label=&raquo;Fullbreddes bilde&raquo; _builder_version=&raquo;3.0.47&#8243; use_border_color=&raquo;off&raquo; border_color=&raquo;#ffffff&raquo; border_width=&raquo;1px&raquo; border_style=&raquo;solid&raquo; animation=&raquo;off&raquo; saved_tabs=&raquo;all&raquo;] [\/et_pb_fullwidth_image][\/et_pb_section][et_pb_section fb_built=&raquo;1&#8243; specialty=&raquo;on&raquo; _builder_version=&raquo;3.0.47&#8243; transparent_background=&raquo;off&raquo; custom_padding=&raquo;0px|0px|0px|0px&raquo;][et_pb_column type=&raquo;3_4&#8243; specialty_columns=&raquo;3&#8243; _builder_version=&raquo;3.0.47&#8243; parallax=&raquo;off&raquo; parallax_method=&raquo;on&raquo;][et_pb_row_inner _builder_version=&raquo;3.0.47&#8243;][et_pb_column_inner type=&raquo;4_4&#8243; saved_specialty_column_type=&raquo;3_4&#8243; _builder_version=&raquo;3.0.47&#8243; box_shadow_position=&raquo;outer&raquo; parallax=&raquo;off&raquo; parallax_method=&raquo;on&raquo;][et_pb_text admin_label=&raquo;Text&raquo; _builder_version=&raquo;3.0.47&#8243; background_size=&raquo;initial&raquo; background_position=&raquo;top_left&raquo; background_repeat=&raquo;repeat&raquo; use_border_color=&raquo;off&raquo; border_style=&raquo;solid&raquo;]<\/p>\n<h2>L\u00e6re \u00e5 veilede &#8211; Masterveiledning<\/h2>\n<p>&nbsp;<\/p>\n<p>\u00a0<span style=\"font-size: 14px\">H\u00f8sten 2010 startet UiT Norges arktiske universitet Pilot i Nord som skulle gi en integrert, profesjonsrettet og forskningsbasert fem\u00e5rig master i l\u00e6rerutdanning for 1.-7. og 5.-10. trinn (IMA-LU 1-7 og 5-10). Innf\u00f8ringen av en fem\u00e5rig integrert master innbar en stor endring; fra en fire\u00e5rig grunnskolel\u00e6rerutdanning til \u00e5 veilede og uteksaminere over 60 masterstudenter i \u00e5ret (v\u00e5r 2015 &#8211; 65 studenter, v\u00e5r 2016 &#8211; 63 studenter).<\/span><\/p>\n<p>For \u00e5 m\u00f8te utfordringene denne endringen f\u00f8rte med seg, ble prosjektet <em>Kvalitet i masterveiledningen. Kollegabasert kompetanseutvikling for veiledere i IMA-LU 1-7 og 5-10<\/em> startet som et prosjekt i ProTed, innen utviklingsomr\u00e5de 4 Utdanningsledelse og studiekvalitet.<\/p>\n<p>Erfaringene med det f\u00f8rste kullet som skrev masteroppgave (v\u00e5r 2015) viste utfordringer b\u00e5de for studieadministrasjon og -organisering, for studentene og for veilederne.\u00a0<\/p>\n<p>Det var behov for \u00e5 utvikle administrative rutiner og for \u00e5 utvikle organiseringen av studiet og veiledningen. B\u00e5de studenter og veiledere uttrykte behov for et mer enhetlig og forutsigbart master\u00e5r med likere praksis mellom fagene i gjennomf\u00f8ringen av masterveiledningen.<\/p>\n<p>&nbsp;<\/p>\n<p>De overordnede hovedm\u00e5lene for prosjektet var derfor:\u00a0<\/p>\n<p>1. \u00c5 utvikle et mer forutsigbart og enhetlig l\u00f8p for studentene<br \/>2. \u00c5 utvikle veilederkompetansen til masterveilederne og samtidig styrke profesjonsfellesskapet blant veilederne<\/p>\n<p>&nbsp;<\/p>\n<p><span style=\"font-size: 14px\">Knyttet til <strong>m\u00e5lsetting 1<\/strong> ble det lagt vekt p\u00e5 \u00e5 utvikle et design av master\u00e5ret for studentene slik at studentene f\u00e5r en opplevelse av sammenheng gjennom studie\u00e5ret og gjennom det fem\u00e5rige masterl\u00f8pet. Det har blitt<\/span><\/p>\n<ul>\n<li>utviklet \u00e5rshjul for master\u00e5ret\u00a0<\/li>\n<li>utviklet rutinebeskrivelser (blant annet ny veilederkontrakt, retningslinjer for datainnsamling\/kontakt med skoler, kriterier for prosjektskisse og for masteroppgave)<\/li>\n<li>oppnevnt en koordinator p\u00e5 hvert program (i perioden 2015-2017 Kristin E. Bj\u00f8rndal p\u00e5 IMA-LU 1-7 og Kari-Anne S\u00e6ther p\u00e5 IMA-LU 5-10) som har ansvar for \u00e5 planlegge og organisere alle fellessamlinger og m\u00f8ter, og v\u00e6re bindeledd mellom studieledelsen og veiledergruppa.<\/li>\n<li>oppnevnt en fagkoordinator p\u00e5 hvert fag. Fagkoordinatorene har ansvar for \u00e5 koordinere arbeidet i de ulike fagene som \u00e5 planlegge innholdet i de fagvise samlingene med studentene og pr\u00f8ve ut ulike m\u00e5ter \u00e5 organisere veiledningen p\u00e5. De har ogs\u00e5 at hatt ansvar for fordeling av veiledere og for m\u00f8teinnkallinger og annen kommunikasjon og samarbeid internt i faggruppa.<\/li>\n<li>organisert fellessamlinger for alle studentene og veilederne. Begge studie\u00e5rene har det v\u00e6rt to oppstartsdager i januar (Vedlegg 2) og tre halvdags samlinger etterfulgt av veiledning i faggruppe p\u00e5 v\u00e5ren. H\u00f8sten 2016 var det i tillegg tre totimers samlinger p\u00e5 h\u00f8sten.<\/li>\n<li>arrangert samlinger etter \u00f8nske fra studentene, blant annet EndNote-kurs og kurs om kvalitativ tekstanalyse v\u00e5r 2016<\/li>\n<li>endret emneplan\/eksamensform og organisering av metodeemnet v\u00e5ren 4. \u00e5r for bedre sammenheng mellom ulike deler av utdanningen og samtidig revidert emneplanene for masteroppgaven. Endringene trer i kraft fra v\u00e5ren 2017.<\/li>\n<\/ul>\n<p>&nbsp;<\/p>\n<p><span style=\"font-size: 14px\">Knyttet til <strong>m\u00e5lsetting 2<\/strong>: \u00ab\u00c5 utvikle veilederkompetansen til masterveilederne og samtidig styrke profesjonsfellesskapet blant veilederne\u00bb har vi pr\u00f8vd ut ulike m\u00e5ter \u00e5 drive kollektiv kunnskapsutvikling gjennom \u00e5 utvikle et profesjonsfellesskap blant masterveilederne. Grupper av veiledere har pr\u00f8vd ut ulike former for kollektiv veiledning, og vi har pr\u00f8vd \u00e5 legge til rette for kollegabasert kompetanseutvikling gjennom involvering og erfaringsdeling. Vi har blant annet hatt:<\/p>\n<p><\/span><\/p>\n<ul>\n<li>m\u00f8te for alle veiledere ved oppstart av studie\u00e5ret og evalueringsm\u00f8te ved slutten<\/li>\n<li>dialogm\u00f8ter for \u00e5 dr\u00f8fte aktuelle veilederutfordringer og for erfaringsdeling (4 gjennom studie\u00e5ret). P\u00e5 disse m\u00f8tene er veilederne invitert til \u00e5 komme med innspill om aktuelle veilederutfordringer<\/li>\n<li>heldagsseminar \u00abVeiledning av forskningsbaserte masteroppgaver\u00bb med professor Kari Smith 29.01.2016<\/li>\n<li>lesegrupper. Ulike grupper leste og diskuterte John W. Creswell: Research design: qualitative, quantitative, and mixed methods approaches som senere ble pensum p\u00e5 studentenes metodekurs\u00a0<\/li>\n<\/ul>\n<p>[\/et_pb_text][\/et_pb_column_inner][\/et_pb_row_inner][\/et_pb_column][et_pb_column type=&raquo;1_4&#8243; _builder_version=&raquo;3.0.47&#8243; parallax=&raquo;off&raquo; parallax_method=&raquo;on&raquo;][\/et_pb_column][\/et_pb_section]<\/p>\n","protected":false},"excerpt":{"rendered":"<p>L\u00e6re \u00e5 veilede &#8211; Masterveiledning &nbsp; \u00a0H\u00f8sten 2010 startet UiT Norges arktiske universitet Pilot i Nord som skulle gi en integrert, profesjonsrettet og forskningsbasert fem\u00e5rig master i l\u00e6rerutdanning for 1.-7. og 5.-10. trinn (IMA-LU 1-7 og 5-10). Innf\u00f8ringen av en fem\u00e5rig integrert master innbar en stor endring; fra en fire\u00e5rig grunnskolel\u00e6rerutdanning til \u00e5 veilede og [&hellip;]<\/p>\n","protected":false},"author":1078,"featured_media":0,"parent":0,"menu_order":0,"comment_status":"closed","ping_status":"closed","template":"","meta":{"_et_pb_use_builder":"on","_et_pb_old_content":"<h2>Masterveiledning ved UiT<\/h2>\r\nDenne siden er under oppbygging og mer informasjon kommer.","_et_gb_content_width":"","footnotes":""},"class_list":["post-716","page","type-page","status-publish","hentry"],"_links":{"self":[{"href":"https:\/\/result.uit.no\/proted\/wp-json\/wp\/v2\/pages\/716","targetHints":{"allow":["GET"]}}],"collection":[{"href":"https:\/\/result.uit.no\/proted\/wp-json\/wp\/v2\/pages"}],"about":[{"href":"https:\/\/result.uit.no\/proted\/wp-json\/wp\/v2\/types\/page"}],"author":[{"embeddable":true,"href":"https:\/\/result.uit.no\/proted\/wp-json\/wp\/v2\/users\/1078"}],"replies":[{"embeddable":true,"href":"https:\/\/result.uit.no\/proted\/wp-json\/wp\/v2\/comments?post=716"}],"version-history":[{"count":0,"href":"https:\/\/result.uit.no\/proted\/wp-json\/wp\/v2\/pages\/716\/revisions"}],"wp:attachment":[{"href":"https:\/\/result.uit.no\/proted\/wp-json\/wp\/v2\/media?parent=716"}],"curies":[{"name":"wp","href":"https:\/\/api.w.org\/{rel}","templated":true}]}}