{"id":476,"date":"2017-10-19T09:51:03","date_gmt":"2017-10-19T08:51:03","guid":{"rendered":"https:\/\/result.uit.no\/proted\/?page_id=476"},"modified":"2021-02-04T12:01:44","modified_gmt":"2021-02-04T11:01:44","slug":"pilot-i-nord","status":"publish","type":"page","link":"https:\/\/result.uit.no\/proted\/pilot-i-nord\/","title":{"rendered":"Pilot i Nord"},"content":{"rendered":"<p>[et_pb_section fb_built=&raquo;1&#8243; fullwidth=&raquo;on&raquo; _builder_version=&raquo;3.22&#8243; transparent_background=&raquo;off&raquo;][et_pb_fullwidth_image src=&raquo;https:\/\/result.uit.no\/proted\/wp-content\/uploads\/sites\/45\/2017\/10\/Banner.jpg&raquo; admin_label=&raquo;Fullbreddes bilde&raquo; _builder_version=&raquo;3.0.87&#8243; animation=&raquo;off&raquo; use_border_color=&raquo;off&raquo; border_color=&raquo;#ffffff&raquo; border_width=&raquo;1px&raquo; border_style=&raquo;solid&raquo; saved_tabs=&raquo;all&raquo;] [\/et_pb_fullwidth_image][\/et_pb_section][et_pb_section fb_built=&raquo;1&#8243; specialty=&raquo;on&raquo; _builder_version=&raquo;3.22&#8243; custom_padding=&raquo;27px|0px|0px|0px&raquo; transparent_background=&raquo;off&raquo;][et_pb_column type=&raquo;3_4&#8243; specialty_columns=&raquo;3&#8243; _builder_version=&raquo;3.25&#8243; custom_padding=&raquo;|||&raquo; custom_padding__hover=&raquo;|||&raquo;][et_pb_row_inner _builder_version=&raquo;3.25&#8243; custom_padding=&raquo;0px|0px|29.6875px|0px&raquo;][et_pb_column_inner saved_specialty_column_type=&raquo;3_4&#8243; _builder_version=&raquo;3.25&#8243; custom_padding=&raquo;|||&raquo; custom_padding__hover=&raquo;|||&raquo;][et_pb_text _builder_version=&raquo;3.27.4&#8243; background_size=&raquo;initial&raquo; background_position=&raquo;top_left&raquo; background_repeat=&raquo;repeat&raquo; use_border_color=&raquo;off&raquo; border_style=&raquo;solid&raquo;]<\/p>\n<h1>Pilot i Nord:\u00a0Profesjonelle l\u00e6rere p\u00e5 alle trinn<\/h1>\n<h4>&#8211; Integrert, differensiert og forskningsbasert l\u00e6rerutdanning<\/h4>\n<p><strong>Bakgrunn<br \/>\n<\/strong>H\u00f8sten 2007 s\u00f8kte\u00a0<span style=\"font-size: 14px;background-color: #ffffff\">H\u00f8gskolen i Troms\u00f8 (HiT\u00f8) og Universitetet i Troms\u00f8\u00a0(UiT) til Kunnskapsdepartementet om fusjon. Ved \u00e5 fusjonere de to enhetene var det \u00f8nskelig \u00e5 utvikle en helt ny og helhetlig l\u00e6rerutdanning\u00a0for hele det 18-\u00e5rige utdanningsl\u00f8pet fra barnehage til og med videreg\u00e5ende oppl\u00e6ring.\u00a0I f\u00f8rste omgang var det \u00f8nskelig \u00e5 fokusere p\u00e5 viderutvikling av allmenl\u00e6rerutdanningen, men pilot-prosjektet m\u00e5tte\u00a0ha en innretning som gir den god tilpasning mot b\u00e5de f\u00f8rskolel\u00e6rerutdanninga, fagl\u00e6rerutdanningene og l\u00e6rerutdanninga for ungdomstrinnet og den videreg\u00e5ende skole. Dette for \u00e5 skape en helhetlig profil som ga god sammenheng.\u00a0 \u00a0<\/span><\/p>\n<p>Det f\u00f8rste steget mot en ny l\u00e6rerutdanning ble derfor \u00e5\u00a0nedsette en arbeidsgruppe med utelukkende eksterne medlemmer som gjennom tett dialog med\u00a0fagmilj\u00f8ene ved UiT og HiT\u00f8 skulle fremlegge en ny modell for l\u00e6rerutdanning p\u00e5\u00a0grunnskolen (1-10). Hensikten med den nye modellen var \u00e5 skape en \u00f8kt satsning p\u00e5 \u00f8kt faglighet, bedre profesjonsinnretning og en bedre praksis. Hvorvidt den nye utdanningen skulle v\u00e6re i form av 5 \u00e5rig integrert master eller en mastergrad med masterp\u00e5bygning (3 + 2 \u00e5r) var det opp til arbeidsgruppa \u00e5 avgj\u00f8re.<\/p>\n<p><strong>L\u00f8fte av l\u00e6rerutdanningens status<br \/>\n<\/strong>Etter mye planlegging og vurdering\u00a0startet Universitetet i Troms\u00f8 opp med de integrerte l\u00e6rerutdanningsprogrammene &laquo;master i l\u00e6rerutdanning for 1. \u2013 7. trinn&raquo; og &laquo;master i l\u00e6rerutdanning for 5. \u2013 10. trinn&raquo; h\u00f8sten 2010.<\/p>\n<p>Innf\u00f8ring av integrert master i l\u00e6rerutdanning innebar at studentene i st\u00f8rre grad enn\u00a0tidligere skulle fordype seg i fag og at fagkunnskapen skulle l\u00f8ftes opp p\u00e5 et h\u00f8yere niv\u00e5. Dette stilte st\u00f8rre krav til praksisskoler og til veiledere i praksis da et sentralt element i Pilot i Nord var mer og bedre praksis. Man \u00f8nsket \u00e5 f\u00e5 til en bedre kobling mellom praksis og teori, praksisskole og utdanningsinstitusjon og FoU og praksis. Denne tankegangen er hentet fra medisinutdanningen, der studiene og praksisene sees i tett sammenheng, og der praksisinstitusjon og l\u00e6ringsinstitusjon er koblet tett sammen. Praksisskolene kan s\u00f8ke om \u00e5 bli universitetsskoler. Disse praksisskolene m\u00e5 tilfredsstille en rekke kriterier f\u00f8r en avtale om \u00e5 v\u00e6re universitetsskole kan inng\u00e5s. Kriterier skal tilfredsstille KDs kompetansekrav og identifisere seg som en partner i l\u00e6rerutdanningene. Skolene m\u00e5 ogs\u00e5 v\u00e6re foregangsskoler p\u00e5 spesielle omr\u00e5der og ha en tydelig pedagogisk og faglig profil. Det stilles samtidig krav om at veiledere m\u00e5 ha mastergrad og god faglig kompetanse, og at skolen m\u00e5 ha ressurser innenfor sentrale skolefag og pedagogiske satsningsomr\u00e5der. Skolene f\u00e5r ogs\u00e5 tildelt midler til kvalifisering av l\u00e6rere i universitetsskolene, og de skal legge til rette for at studentene skal engasjere seg aktivt og for studentenes feltarbeid. De inng\u00e5r i nettverk med andre praksisskoler for \u00e5 dele erfaringer om l\u00e6ring og praksis, og samarbeider tett med Troms\u00f8 kommune. Det blir alts\u00e5 gjort avtaler b\u00e5de med praksisskoler og med universitetsskoler. P\u00e5 sikt h\u00e5per man at alle skolene skal kunne kvalifisere seg som universitetsskoler. Universitetet i Troms\u00f8 tror at strengere krav til praksisskoler\/universitetsskoler, og en tettere kobling mellom praksis og studier vil b\u00e5de bidra til \u00e5 bedre kompetansen til l\u00e6rerstudentene, samtidig som at det gir et solid kvalitetsl\u00f8ft og skjerping til skolene i Troms\u00f8-omr\u00e5det. Og det er ikke tilfeldig at man har benyttet seg av en s\u00e5kalt \u201dklinikktenkning\u201d ogs\u00e5 i l\u00e6rerutdanningen. M\u00e5lsetning er nemlig at l\u00e6rerstudiet skal f\u00e5 samme status som medisinstudiet.<\/p>\n<p><strong>Veien videre<br \/>\n<\/strong>De f\u00f8rste studentene med integrert master p\u00e5 l\u00e6rerutdanningen ble uteksaminert h\u00f8sten 2015. I de neste fem \u00e5rene skal disse f\u00f8lges i et forskningsprosjekt som skal se p\u00e5 effekten av \u00e5 ha en mastergrad i en l\u00e6rerhverdag.<\/p>\n<p><a href=\"..\/category\/pilot-i-nord\/\">\u00a0Klikk her for nyheter tilknyttet &laquo;Pilot i Nord&raquo;<\/a><\/p>\n<p>[\/et_pb_text][\/et_pb_column_inner][\/et_pb_row_inner][\/et_pb_column][et_pb_column type=&raquo;1_4&#8243; _builder_version=&raquo;3.25&#8243; custom_padding=&raquo;|||&raquo; custom_padding__hover=&raquo;|||&raquo;][\/et_pb_column][\/et_pb_section]<\/p>\n","protected":false},"excerpt":{"rendered":"<p>Pilot i Nord:\u00a0Profesjonelle l\u00e6rere p\u00e5 alle trinn &#8211; Integrert, differensiert og forskningsbasert l\u00e6rerutdanning Bakgrunn H\u00f8sten 2007 s\u00f8kte\u00a0H\u00f8gskolen i Troms\u00f8 (HiT\u00f8) og Universitetet i Troms\u00f8\u00a0(UiT) til Kunnskapsdepartementet om fusjon. Ved \u00e5 fusjonere de to enhetene var det \u00f8nskelig \u00e5 utvikle en helt ny og helhetlig l\u00e6rerutdanning\u00a0for hele det 18-\u00e5rige utdanningsl\u00f8pet fra barnehage til og med videreg\u00e5ende [&hellip;]<\/p>\n","protected":false},"author":1078,"featured_media":0,"parent":0,"menu_order":0,"comment_status":"closed","ping_status":"closed","template":"","meta":{"_et_pb_use_builder":"on","_et_pb_old_content":"","_et_gb_content_width":"","footnotes":""},"class_list":["post-476","page","type-page","status-publish","hentry"],"_links":{"self":[{"href":"https:\/\/result.uit.no\/proted\/wp-json\/wp\/v2\/pages\/476","targetHints":{"allow":["GET"]}}],"collection":[{"href":"https:\/\/result.uit.no\/proted\/wp-json\/wp\/v2\/pages"}],"about":[{"href":"https:\/\/result.uit.no\/proted\/wp-json\/wp\/v2\/types\/page"}],"author":[{"embeddable":true,"href":"https:\/\/result.uit.no\/proted\/wp-json\/wp\/v2\/users\/1078"}],"replies":[{"embeddable":true,"href":"https:\/\/result.uit.no\/proted\/wp-json\/wp\/v2\/comments?post=476"}],"version-history":[{"count":0,"href":"https:\/\/result.uit.no\/proted\/wp-json\/wp\/v2\/pages\/476\/revisions"}],"wp:attachment":[{"href":"https:\/\/result.uit.no\/proted\/wp-json\/wp\/v2\/media?parent=476"}],"curies":[{"name":"wp","href":"https:\/\/api.w.org\/{rel}","templated":true}]}}