{"id":2390,"date":"2020-12-30T00:44:52","date_gmt":"2020-12-29T23:44:52","guid":{"rendered":"https:\/\/result.uit.no\/proted\/?page_id=2390"},"modified":"2021-01-21T15:20:06","modified_gmt":"2021-01-21T14:20:06","slug":"masteroppgaver","status":"publish","type":"page","link":"https:\/\/result.uit.no\/proted\/masteroppgaver\/","title":{"rendered":"Masteroppgaver"},"content":{"rendered":"<p>[et_pb_section fb_built=&raquo;1&#8243; fullwidth=&raquo;on&raquo; _builder_version=&raquo;3.22&#8243;][et_pb_fullwidth_image src=&raquo;https:\/\/result.uit.no\/proted\/wp-content\/uploads\/sites\/45\/2017\/10\/Banner.jpg&raquo; admin_label=&raquo;Fullbreddes bilde&raquo; _builder_version=&raquo;3.0.87&#8243; animation=&raquo;off&raquo; use_border_color=&raquo;off&raquo; border_color=&raquo;#ffffff&raquo; border_width=&raquo;1px&raquo; border_style=&raquo;solid&raquo; saved_tabs=&raquo;all&raquo;] [\/et_pb_fullwidth_image][\/et_pb_section][et_pb_section fb_built=&raquo;1&#8243; _builder_version=&raquo;4.1&#8243;][et_pb_row _builder_version=&raquo;4.1&#8243; custom_margin=&raquo;|auto||64px||&raquo;][et_pb_column type=&raquo;4_4&#8243; _builder_version=&raquo;4.1&#8243;][et_pb_text _builder_version=&raquo;4.1&#8243;]<\/p>\n<h2>Masteroppgaver og metodebruk p\u00e5 grunnskolel\u00e6rerutdanningen ved UiT<\/h2>\n<p><strong>\u00a0<\/strong><\/p>\n<p><strong>Beskrivelse av forskningsprosjektet og form\u00e5l:<\/strong><\/p>\n<div class=\"nyhArtikkel\">\n<p>Siden 2015 har UiT Norges arktiske universitet uteksaminert alle sine grunnskolel\u00e6rere med mastergrad og n\u00e5 kommer resten av landet etter. I den forbindelse er det startet et forskningsprosjekt den hensikt \u00e5 se p\u00e5 variasjon og retning i l\u00e6rerstudentenes forskningsvalg. Vi har fokusert p\u00e5 f\u00f8lgende problemstillinger:<\/p>\n<ul>\n<li>Hvilke tema unders\u00f8kes og hvilken tiln\u00e6rming velger studentene?\u00a0<\/li>\n<li>Hvilke metoder for datainnsamling er valgt?<\/li>\n<\/ul>\n<p>Omfanget av studien er alle offentlig publiserte og best\u00e5tte masteroppgaver som er avgitt p\u00e5 grunnskolel\u00e6rerutdanningene ved UiT Norges arktiske universitet siden 2015.\u00a0<\/p>\n<p><strong><br \/>Ansvarlig for prosjektet:<br \/><\/strong><span>Prosjektet ledes av\u00a0f<\/span><span>\u00f8rsteamanuensis\u00a0<\/span><span>Ove Gunnar Drageset og u<\/span><span>niversitetslektor\u00a0<\/span><span>Kari-Anne S\u00e6ther ved Institutt for l\u00e6rerutdanning og pedagogikk ved UiT Norges arktiske universitet. I tillegg bidrar r\u00e5dgiver Silje Sivertsvik ved samme institutt med oppdatering av databasen.\u00a0<\/span><\/p>\n<p><em><\/em><\/p>\n<p><strong>Datagrunnlag &#8211; Hvorfor er din oppgave inkludert?<br \/><\/strong><span>Datagrunnlaget for dette forskningsprosjektet er alle\u00a0<\/span><a href=\"https:\/\/munin.uit.no\/handle\/10037\/8169\" target=\"_blank\" rel=\"noopener noreferrer\">mastergradsoppgaver fra\u00a0l\u00e6rerutdanning 1.-7. trinn<\/a><span> og <\/span><a href=\"https:\/\/munin.uit.no\/handle\/10037\/8170\" target=\"_blank\" rel=\"noopener noreferrer\">mastergradsoppgaver i fagdidaktikk for l\u00e6rere<\/a><span> (5.-10. trinn) som ligger offentlig tilgjengelig p\u00e5 UiTs vitenarkiv <\/span><a href=\"https:\/\/munin.uit.no\/\" target=\"_blank\" rel=\"noopener noreferrer\">Munin<\/a><span>. Databasen oppdateres hvert semester slik at alle oppgaver fra v\u00e5ren 2015 til dags dato er inkludert. Alle oppgavene som er publisert p\u00e5 Munin er best\u00e5tt. Videre har alle studentene som har levert inn masteroppgaven f\u00e5tt <\/span><span>reservasjonsmuligheter fra \u00e5 publisere oppgaven offentlig p\u00e5 nett\u00a0<\/span><span>f.eks. p\u00e5 bakgrunn av sensitivt innhold. Det er med andre ord ikke unders\u00f8kt eventuelle oppgaver som er unntatt offentlighet.V<\/span><\/p>\n<p>Om du har avlagt og best\u00e5tt mastergradsoppgaven p\u00e5 l\u00e6rerutdanningen ved ILP\/UiT, samt at den er offentlig publisert p\u00e5 munin, er din oppgave inkludert i forskningsprosjektet. N\u00e5r arbeidet med databasen startet var 186 oppgaver inkludert, mens pr.\u00a0<span>h\u00f8stsemesteret 2020 er det offentliggjort over 300 oppgaver. Siden oppgavene er offentliggjort og vi ikke samler annen informasjon enn det som finnes i munin har det ikke v\u00e6rt ansett som n\u00f8dvendig \u00e5 innhente tillatelser fra hver enkelt for \u00e5 bruke dette materialet.\u00a0 \u00a0<\/span><\/p>\n<p><strong><br \/>Hva inneb\u00e6rer prosjektet for deltakerne:<br \/><\/strong><span>Prosjektets metode kan etter d<\/span><span>e nasjonale forskningsetiske komiteene defineres som internettforskning da datagrunnlaget er publisert p\u00e5 internett. informasjonen vi samler inn er:\u00a0<\/span><\/p>\n<ul>\n<li>hvilket \u00e5r oppgaven ble innlevert (Vi <strong>skiller ikke<\/strong> mellom ordin\u00e6r eller utsatt innleveringsfrist. Vi registrerer heller <strong>ikke<\/strong>\u00a0om oppgaven er skrevet p\u00e5 normert tid eller lengre).<\/li>\n<li>kj\u00f8nn<\/li>\n<li>emnekode<\/li>\n<li>Oppgavens tittel<\/li>\n<li>problemstilling<\/li>\n<li>tiln\u00e6rming (f.eks. intervju, sp\u00f8rreunders\u00f8kelse, aksjon eller observasjon)<\/li>\n<li>kilde (f.eks. l\u00e6rere fra 3. kl. p\u00e5 to skoler, elever fra 5. og 6. kl., studenter, dokumenter, osv)<\/li>\n<li>mengde\/omfang (f.eks. antall klasser\/elever\/dokumenter\/ eller hvor mange timer som er brukt til observasjon eller aksjon)\u00a0<\/li>\n<\/ul>\n<p>Databasen er felles for begge studieretningene.\u00a0<\/p>\n<p>Utover informasjonen som innhentes fra <a href=\"http:\/\/www.munin.uit.no\">www.munin.uit.no<\/a>\u00a0er det ikke n\u00f8dvendig med ytterligere deltakelse fra kandidaten(e) som skrev oppgaven.\u00a0<\/p>\n<p><span><\/span><\/p>\n<p><strong>Frivillig deltakelse<br \/><\/strong><span>Du kan n\u00e5r som helst protestere mot at du inkluderes i dette forskningsprosjektet ved \u00e5 kontakte <a href=\"mailto:silje.sivertsvik@uit.no\">Silje Sivertsvik.<\/a>\u00a0Du trenger ikke \u00e5 oppgi noen grunn til at du ikke \u00f8nsker \u00e5 bli inkludert og det vil ikke ha noen negative konsekvenser for deg hvis du velger \u00e5 trekke deg.\u00a0Om du trekker deg vil all informasjonen rundt din oppgave vil da bli slettet fra databasen.\u00a0<\/span><span style=\"font-size: 14px\">\u00a0<\/span><\/p>\n<p><strong><br \/>Ditt personvern \u2013 hvordan vi oppbevarer og bruker dine opplysninger<br \/><\/strong>Vi vil bare bruke opplysningene om deg til form\u00e5lene vi har fortalt om p\u00e5 denne siden. Vi behandler opplysningene konfidensielt og i samsvar med personvernregelverket.\u00a0<\/p>\n<p>Opplysningene som er sammenfattet i databasen vil kun brukes internt ved ILP\/UiT og da hovedsakelig av prosjektgruppa som best\u00e5r av f\u00f8rsteamanuensis\u00a0Ove Gunnar Drageset og universitetslektor\u00a0Kari-Anne S\u00e6ther. I tillegg bidrar r\u00e5dgiver Silje Sivertsvik med \u00e5 oppdatere databasen. Databasen eksisterer som en excel-fil som er lagret p\u00e5 Onedrive som er ansett som en sikker\u00a0<span>skytjeneste for b\u00e5de \u00e5pen, intern og fortrolig informasjon.\u00a0<\/span><\/p>\n<p>Ingen av informasjonen som er samlet inn anses som\u00a0sensitive personopplysninger og det er heller ikke registrert kandidatens navn i databasen. Som poengtert over samler vi ikke inn noen annen informasjon (f.eks. tidsbruk eller karakterer) da det ikke er relevant for studien.\u00a0Det er heller ikke studiens hensikt \u00e5 se p\u00e5 enkeltarbeid s\u00e5 det vil ikke v\u00e6re mulig for andre \u00e5 gjenkjenne en bestemt masteroppgave\/deltaker i fremtidige publikasjoner.\u00a0<\/p>\n<p><strong><br \/>Hva skjer med opplysningene dine n\u00e5r vi avslutter forskningsprosjektet?<br \/><\/strong>Etter prosjektets slutt vil registeret bli oppbevart videre, men ikke oppdatert videre.\u00a0<\/p>\n<p><strong><br \/>Dine rettigheter<br \/><\/strong>S\u00e5 lenge du kan identifiseres i datamaterialet, har du rett til:<\/p>\n<ul>\n<li><span style=\"font-size: 14px\">\u00e5 protestere<\/span><\/li>\n<li>innsyn i hvilke personopplysninger som er registrert om deg<\/li>\n<li>\u00e5 f\u00e5 rettet personopplysninger om deg,<\/li>\n<li>\u00e5 f\u00e5 slettet personopplysninger om deg, og<\/li>\n<li>\u00e5 sende klage til Datatilsynet om behandlingen av dine personopplysninger\u00a0<\/li>\n<\/ul>\n<p><strong><br \/>Hva gir oss rett til \u00e5 behandle personopplysninger om deg?<br \/><\/strong><span>Vi behandler opplysninger om deg fordi forskningsprosjektet er vurdert \u00e5 v\u00e6re i allmennhetens interesse, men du har anledning til \u00e5 protestere eller trekke deg dersom du ikke \u00f8nsker \u00e5 delta i prosjektet.\u00a0<\/span><\/p>\n<p>P\u00e5 oppdrag fra institutt for l\u00e6rerutdanning og pedagogikk ved UiT Norges arktiske universitet\u00a0har NSD \u2013 Norsk senter for forskningsdata AS vurdert at behandlingen av personopplysninger i dette prosjektet er i samsvar med personvernregelverket.<\/p>\n<p><strong style=\"font-size: 14px\"><br \/>Hvor kan jeg finne ut mer?<\/strong><\/p>\n<p>Hvis du har sp\u00f8rsm\u00e5l til studien, eller \u00f8nsker \u00e5 benytte deg av dine rettigheter, ta kontakt med:<\/p>\n<ul>\n<li>Institutt for l\u00e6rerutdanning og pedagogikk (ILP) ved prosjektansvarlig Ove Gunnar Drageset: epost\u00a0<a href=\"mailto:ove.gunnar.drageset@uit.no\">ove.gunnar.drageset@uit.no,<\/a>\u00a0tlf. 77660274.\u00a0<\/li>\n<li>Databaseansvarlig Silje Sivertsvik: epost <a href=\"mailto:silje.sivertsvik@uit.no\">silje.sivertsvik@uit.no,<\/a> tlf. 77660768\u00a0<\/li>\n<li>Personvernombud ved UiT Joakim Bakkevold: epost <a href=\"mailto:personvernombud@uit.no\">personvernombud@uit.no<\/a>, tlf\u00a0<span>77646322.\u00a0\u00a0<\/span><\/li>\n<\/ul>\n<p>&nbsp;<\/p>\n<p>Hvis du har sp\u00f8rsm\u00e5l knyttet til NSD sin vurdering av prosjektet, kan du ta kontakt med:<br \/><span style=\"font-size: 14px\">NSD \u2013 Norsk senter for forskningsdata AS p\u00e5 epost (<\/span><a href=\"mailto:personverntjenester@nsd.no\" style=\"font-size: 14px\">personverntjenester@nsd.no<\/a><span style=\"font-size: 14px\">) eller p\u00e5 telefon: 55 58 21 17.<\/span><\/p>\n<p><span style=\"font-size: 14px\"><\/span><\/p>\n<\/div>\n<p>[\/et_pb_text][\/et_pb_column][\/et_pb_row][\/et_pb_section]<\/p>\n","protected":false},"excerpt":{"rendered":"<p>Masteroppgaver og metodebruk p\u00e5 grunnskolel\u00e6rerutdanningen ved UiT \u00a0 Beskrivelse av forskningsprosjektet og form\u00e5l: Siden 2015 har UiT Norges arktiske universitet uteksaminert alle sine grunnskolel\u00e6rere med mastergrad og n\u00e5 kommer resten av landet etter. I den forbindelse er det startet et forskningsprosjekt den hensikt \u00e5 se p\u00e5 variasjon og retning i l\u00e6rerstudentenes forskningsvalg. Vi har fokusert [&hellip;]<\/p>\n","protected":false},"author":1078,"featured_media":0,"parent":0,"menu_order":0,"comment_status":"closed","ping_status":"closed","template":"","meta":{"_et_pb_use_builder":"on","_et_pb_old_content":"","_et_gb_content_width":"","footnotes":""},"class_list":["post-2390","page","type-page","status-publish","hentry"],"_links":{"self":[{"href":"https:\/\/result.uit.no\/proted\/wp-json\/wp\/v2\/pages\/2390","targetHints":{"allow":["GET"]}}],"collection":[{"href":"https:\/\/result.uit.no\/proted\/wp-json\/wp\/v2\/pages"}],"about":[{"href":"https:\/\/result.uit.no\/proted\/wp-json\/wp\/v2\/types\/page"}],"author":[{"embeddable":true,"href":"https:\/\/result.uit.no\/proted\/wp-json\/wp\/v2\/users\/1078"}],"replies":[{"embeddable":true,"href":"https:\/\/result.uit.no\/proted\/wp-json\/wp\/v2\/comments?post=2390"}],"version-history":[{"count":0,"href":"https:\/\/result.uit.no\/proted\/wp-json\/wp\/v2\/pages\/2390\/revisions"}],"wp:attachment":[{"href":"https:\/\/result.uit.no\/proted\/wp-json\/wp\/v2\/media?parent=2390"}],"curies":[{"name":"wp","href":"https:\/\/api.w.org\/{rel}","templated":true}]}}