{"id":2,"date":"2017-09-27T08:58:48","date_gmt":"2017-09-27T07:58:48","guid":{"rendered":"https:\/\/result.uit.no\/proted\/?page_id=2"},"modified":"2022-02-24T10:08:19","modified_gmt":"2022-02-24T09:08:19","slug":"sample-page","status":"publish","type":"page","link":"https:\/\/result.uit.no\/proted\/","title":{"rendered":"Front"},"content":{"rendered":"<p>[et_pb_section fb_built=&raquo;1&#8243; fullwidth=&raquo;on&raquo; admin_label=&raquo;Seksjon&raquo; _builder_version=&raquo;3.22&#8243; custom_padding=&raquo;0px|0px|0px|0px&raquo; transparent_background=&raquo;off&raquo; global_colors_info=&raquo;{}&raquo;][et_pb_fullwidth_image src=&raquo;https:\/\/result.uit.no\/proted\/wp-content\/uploads\/sites\/45\/2017\/10\/Banner.jpg&raquo; admin_label=&raquo;Fullbreddes bilde&raquo; _builder_version=&raquo;3.0.87&#8243; animation=&raquo;off&raquo; use_border_color=&raquo;off&raquo; border_color=&raquo;#ffffff&raquo; border_width=&raquo;1px&raquo; border_style=&raquo;solid&raquo; global_colors_info=&raquo;{}&raquo;][\/et_pb_fullwidth_image][\/et_pb_section][et_pb_section fb_built=&raquo;1&#8243; specialty=&raquo;on&raquo; admin_label=&raquo;section&raquo; _builder_version=&raquo;3.22&#8243; custom_padding=&raquo;0px|0px|0px|0px&raquo; transparent_background=&raquo;off&raquo; global_colors_info=&raquo;{}&raquo;][et_pb_column type=&raquo;3_4&#8243; specialty_columns=&raquo;3&#8243; _builder_version=&raquo;3.25&#8243; custom_padding=&raquo;|||&raquo; global_colors_info=&raquo;{}&raquo; parallax__hover=&raquo;off&raquo; parallax_method__hover=&raquo;on&raquo; custom_padding__hover=&raquo;|||&raquo;][et_pb_row_inner admin_label=&raquo;row_inner&raquo; _builder_version=&raquo;3.25&#8243; custom_padding=&raquo;51px|0px|0px|0px&raquo; global_colors_info=&raquo;{}&raquo;][et_pb_column_inner saved_specialty_column_type=&raquo;3_4&#8243; _builder_version=&raquo;3.25&#8243; custom_padding=&raquo;|||&raquo; global_colors_info=&raquo;{}&raquo; parallax__hover=&raquo;off&raquo; parallax_method__hover=&raquo;on&raquo; custom_padding__hover=&raquo;|||&raquo;][et_pb_text admin_label=&raquo;Tekst&raquo; _builder_version=&raquo;3.27.4&#8243; background_size=&raquo;initial&raquo; background_position=&raquo;top_left&raquo; background_repeat=&raquo;repeat&raquo; custom_padding=&raquo;1px|||||&raquo; use_border_color=&raquo;off&raquo; border_style=&raquo;solid&raquo; global_colors_info=&raquo;{}&raquo;]<\/p>\n<h1><strong>ProTed ved UiT &#8211; Norges arktiske universitet\u00a0<\/strong><\/h1>\n<p>[\/et_pb_text][et_pb_text admin_label=&raquo;Tekst&raquo; _builder_version=&raquo;4.1&#8243; background_size=&raquo;initial&raquo; background_position=&raquo;top_left&raquo; background_repeat=&raquo;repeat&raquo; custom_margin=&raquo;||42px|||&raquo; use_border_color=&raquo;off&raquo; border_style=&raquo;solid&raquo; global_colors_info=&raquo;{}&raquo;]<\/p>\n<p style=\"font-size: 16px;margin-bottom: 5px;padding-bottom: 0px;max-width: none;color: #444444;font-family: Arial, Helvetica, sans-serif;background-color: #ffffff\">ProTed &#8211; Senter for fremragende l\u00e6rerutdanning\u00a0er Norges f\u00f8rste\u00a0<a style=\"font-size: 16px;color: #2771bb\" href=\"https:\/\/diku.no\/ressurser-og-verktoey\/sentre-for-fremragende-utdanning-sfu\">senter for fremragende utdanning<\/a>. Senteret er drevet sammen med <a href=\"https:\/\/www.uv.uio.no\/proted\/\">Universitetet i Oslo<\/a> og har som h<span style=\"background-color: #ffffff;color: #444444;font-family: Arial, Helvetica, sans-serif;font-size: 16px\">ovedm\u00e5l \u00e5\u00a0utvikle integrerte l\u00e6rerutdanninger. Med integrasjon sikter vi til et helhetlig studiedesign som forener\u00a0vitenskapsfag, profesjonsfag, undervisningsfag, teori og praksis.\u00a0<\/span><\/p>\n<p style=\"font-size: 16px;margin-bottom: 5px;padding-bottom: 0px;max-width: none;color: #444444;font-family: Arial, Helvetica, sans-serif;background-color: #ffffff\"><span style=\"background-color: #ffffff;color: #444444;font-family: Arial, Helvetica, sans-serif;font-size: 16px\">\u00a0<\/span><\/p>\n<p>[\/et_pb_text][et_pb_text admin_label=&raquo;Tekst&raquo; _builder_version=&raquo;3.27.4&#8243; background_size=&raquo;initial&raquo; background_position=&raquo;top_left&raquo; background_repeat=&raquo;repeat&raquo; use_border_color=&raquo;off&raquo; border_style=&raquo;solid&raquo; global_colors_info=&raquo;{}&raquo; min_height=&raquo;4.4px&raquo;][\/et_pb_text][\/et_pb_column_inner][\/et_pb_row_inner][\/et_pb_column][et_pb_column type=&raquo;1_4&#8243; _builder_version=&raquo;3.25&#8243; custom_padding=&raquo;|||&raquo; global_colors_info=&raquo;{}&raquo; parallax__hover=&raquo;off&raquo; parallax_method__hover=&raquo;on&raquo; custom_padding__hover=&raquo;|||&raquo;][et_pb_text disabled_on=&raquo;on|on|off&raquo; admin_label=&raquo;Tekst&raquo; _builder_version=&raquo;3.27.4&#8243; text_line_height=&raquo;1em&raquo; background_size=&raquo;initial&raquo; background_position=&raquo;top_left&raquo; background_repeat=&raquo;repeat&raquo; text_orientation=&raquo;center&raquo; module_alignment=&raquo;center&raquo; use_border_color=&raquo;off&raquo; border_style=&raquo;solid&raquo; global_colors_info=&raquo;{}&raquo;]I partnerskap med<\/p>\n<p class=\"et-fb-mce-line-break-holder\" style=\"font-size: 16px;margin-bottom: 5px;padding-bottom: 0px;max-width: none;color: #444444;font-family: Arial, Helvetica, sans-serif;background-color: #ffffff\">[\/et_pb_text][et_pb_image src=&raquo;https:\/\/result.uit.no\/proted\/wp-content\/uploads\/sites\/45\/2017\/10\/UiO_Segl_A.png&raquo; url=&raquo;https:\/\/www.uv.uio.no\/proted\/&raquo; url_new_window=&raquo;on&raquo; align=&raquo;center&raquo; align_tablet=&raquo;center&raquo; align_phone=&raquo;&raquo; align_last_edited=&raquo;on|desktop&raquo; disabled_on=&raquo;on|on|off&raquo; admin_label=&raquo;Bilde&raquo; _builder_version=&raquo;3.23&#8243; max_width=&raquo;200px&raquo; animation=&raquo;off&raquo; use_border_color=&raquo;off&raquo; border_color=&raquo;#ffffff&raquo; border_width=&raquo;1px&raquo; border_style=&raquo;solid&raquo; sticky=&raquo;off&raquo; global_colors_info=&raquo;{}&raquo;][\/et_pb_image][\/et_pb_column][\/et_pb_section][et_pb_section fb_built=&raquo;1&#8243; _builder_version=&raquo;4.1&#8243; global_colors_info=&raquo;{}&raquo;][et_pb_row _builder_version=&raquo;4.1&#8243; global_colors_info=&raquo;{}&raquo;][et_pb_column type=&raquo;4_4&#8243; _builder_version=&raquo;4.1&#8243; global_colors_info=&raquo;{}&raquo;][et_pb_text _builder_version=&raquo;4.14.8&#8243; hover_enabled=&raquo;0&#8243; global_colors_info=&raquo;{}&raquo; sticky_enabled=&raquo;0&#8243;]<\/p>\n<h2><strong>Velkommen til mastertorg 28.02.2022!\u00a0<\/strong><\/h2>\n<p>28. februar 2022 er det duket for Mastertorg ved ILP p\u00e5 campus Breivika i Troms\u00f8. Torget er \u00e5pent for alle s\u00e5 ta gjerne en tur innom mellom kl 11 og 13.<\/p>\n<p>Det vil bli 10 deltakende skoler, deriblant b\u00e5de universitetsskoler og andre skoler fra Troms og Finnmark. <a href=\"https:\/\/result.uit.no\/proted\/mastertorg-skoler-2022\/\">Se oversikt og beskrivelse av skolene her.<\/a><\/p>\n<p>Mastertorget er en arena hvor skolene f\u00e5r m\u00f8te v\u00e5re fjerde\u00e5rsstudenter som er i startfasen med sin masteroppgave. Skolene presenterer sine utviklingsomr\u00e5der, noe skolen har spesiell interesse for, noe de er skikkelig gode p\u00e5. Tanken er at en slik kontakt kan inspirere studentene i valg av tema for sine masteroppgaver.<\/p>\n<p>[\/et_pb_text][\/et_pb_column][\/et_pb_row][\/et_pb_section][et_pb_section fb_built=&raquo;1&#8243; admin_label=&raquo;section&raquo; _builder_version=&raquo;3.22&#8243; custom_padding=&raquo;0px|0px|0px|0px&raquo; transparent_background=&raquo;off&raquo; global_colors_info=&raquo;{}&raquo;][et_pb_row admin_label=&raquo;row&raquo; _builder_version=&raquo;3.25&#8243; background_size=&raquo;initial&raquo; background_position=&raquo;top_left&raquo; background_repeat=&raquo;repeat&raquo; custom_padding=&raquo;0|0px|0px|0px|false|false&raquo; global_colors_info=&raquo;{}&raquo;][et_pb_column type=&raquo;4_4&#8243; _builder_version=&raquo;3.25&#8243; custom_padding=&raquo;|||&raquo; global_colors_info=&raquo;{}&raquo; custom_padding__hover=&raquo;|||&raquo;][et_pb_text admin_label=&raquo;Tekst&raquo; _builder_version=&raquo;3.27.4&#8243; background_size=&raquo;initial&raquo; background_position=&raquo;top_left&raquo; background_repeat=&raquo;repeat&raquo; use_border_color=&raquo;off&raquo; border_style=&raquo;solid&raquo; global_colors_info=&raquo;{}&raquo;][\/et_pb_text][et_pb_text admin_label=&raquo;Tekst&raquo; _builder_version=&raquo;3.27.4&#8243; background_size=&raquo;initial&raquo; background_position=&raquo;top_left&raquo; background_repeat=&raquo;repeat&raquo; use_border_color=&raquo;off&raquo; border_style=&raquo;solid&raquo; global_colors_info=&raquo;{}&raquo;]<\/p>\n<h2><strong>V\u00e5re prosjekter<\/strong><\/h2>\n<p>Her er noen av v\u00e5re prosjekter. For komplett oversikt g\u00e5 til <a href=\"prosjekter\/\">prosjektoversikten<\/a>.<\/p>\n<p class=\"et-fb-mce-line-break-holder\" style=\"font-size: 16px;margin-bottom: 5px;padding-bottom: 0px;max-width: none;color: #444444;font-family: Arial, Helvetica, sans-serif;background-color: #ffffff\">[\/et_pb_text][\/et_pb_column][\/et_pb_row][et_pb_row column_structure=&raquo;1_3,1_3,1_3&#8243; custom_padding_last_edited=&raquo;on|phone&raquo; admin_label=&raquo;row&raquo; _builder_version=&raquo;3.25&#8243; background_size=&raquo;initial&raquo; background_position=&raquo;top_left&raquo; background_repeat=&raquo;repeat&raquo; width=&raquo;85%&raquo; max_width=&raquo;85%&raquo; custom_margin=&raquo;|||&raquo; custom_margin_last_edited=&raquo;off|desktop&raquo; custom_padding=&raquo;20px|0px|0px|&raquo; custom_padding_tablet=&raquo;|250px||100px&raquo; custom_padding_phone=&raquo;|100px||0px&raquo; use_custom_width=&raquo;on&raquo; width_unit=&raquo;off&raquo; custom_width_percent=&raquo;85%&raquo; global_colors_info=&raquo;{}&raquo;][et_pb_column type=&raquo;1_3&#8243; _builder_version=&raquo;3.25&#8243; custom_padding=&raquo;|||&raquo; global_colors_info=&raquo;{}&raquo; custom_padding__hover=&raquo;|||&raquo;][et_pb_image src=&raquo;https:\/\/result.uit.no\/proted\/wp-content\/uploads\/sites\/45\/2017\/11\/USPIT.jpg&raquo; url=&raquo;https:\/\/result.uit.no\/proted\/universitetsskoleprosjeketet\/&raquo; show_bottom_space=&raquo;off&raquo; align=&raquo;center&raquo; align_tablet=&raquo;center&raquo; align_phone=&raquo;&raquo; align_last_edited=&raquo;on|desktop&raquo; admin_label=&raquo;Bilde&raquo; _builder_version=&raquo;4.1&#8243; max_width=&raquo;300px&raquo; max_width_tablet=&raquo;&raquo; max_width_phone=&raquo;250px&raquo; max_width_last_edited=&raquo;on|phone&raquo; custom_margin=&raquo;|||&raquo; border_width_all=&raquo;2px&raquo; border_color_all=&raquo;#a0b6bc&raquo; border_style_all=&raquo;inset&raquo; animation=&raquo;off&raquo; use_border_color=&raquo;on&raquo; border_color=&raquo;#a0b6bc&raquo; border_width=&raquo;2px&raquo; border_style=&raquo;inset&raquo; sticky=&raquo;on&raquo; global_colors_info=&raquo;{}&raquo;][\/et_pb_image][et_pb_text admin_label=&raquo;Tekst&raquo; _builder_version=&raquo;3.27.4&#8243; text_line_height=&raquo;1.3em&raquo; background_color=&raquo;#ffffff&raquo; background_size=&raquo;initial&raquo; background_position=&raquo;top_left&raquo; background_repeat=&raquo;repeat&raquo; custom_margin=&raquo;|||&raquo; use_border_color=&raquo;off&raquo; border_style=&raquo;solid&raquo; global_colors_info=&raquo;{}&raquo;]<\/p>\n<p style=\"text-align: center\"><a href=\"universitetsskoleprosjeketet\/\"><span style=\"color: #000000\"><strong>Universitetsskoleprosjektet<\/strong><\/span><\/a><\/p>\n<p style=\"text-align: center\"><span style=\"background-color: #ffffff;font-size: 13px;color: #000000\">Universitetsskoleprosjektet baserer seg p\u00e5 ideen om at det skal stilles \u00f8kte krav til samhandlingen mellom universitetets l\u00e6rerutdanning og universitetsskolene, enn til tradisjonelle praksis-skoler.\u00a0<\/span><span style=\"text-align: left;font-size: 13px\"><span style=\"color: #000000\">M\u00e5let er\u00a0et\u00a0tett samarbeid mellom kommunen, universitetet og skoler.\u00a0<\/span><\/span><\/p>\n<p class=\"et-fb-mce-line-break-holder\" style=\"font-size: 16px;margin-bottom: 5px;padding-bottom: 0px;max-width: none;color: #444444;font-family: Arial, Helvetica, sans-serif;background-color: #ffffff\">[\/et_pb_text][\/et_pb_column][et_pb_column type=&raquo;1_3&#8243; _builder_version=&raquo;4.1&#8243; global_colors_info=&raquo;{}&raquo;][et_pb_image src=&raquo;https:\/\/result.uit.no\/proted\/wp-content\/uploads\/sites\/45\/2017\/10\/1-uit-23.jpg&raquo; url=&raquo;https:\/\/result.uit.no\/proted\/studentintensive-laeringsformer\/&raquo; show_bottom_space=&raquo;off&raquo; align_tablet=&raquo;center&raquo; align_phone=&raquo;&raquo; align_last_edited=&raquo;on|desktop&raquo; admin_label=&raquo;Bilde&raquo; _builder_version=&raquo;4.1&#8243; width=&raquo;300px&raquo; max_width_tablet=&raquo;100%&raquo; max_width_phone=&raquo;&raquo; max_width_last_edited=&raquo;on|tablet&raquo; module_alignment=&raquo;center&raquo; custom_margin=&raquo;|||&raquo; border_width_all=&raquo;2px&raquo; border_color_all=&raquo;#a0b6bc&raquo; border_style_all=&raquo;inset&raquo; animation=&raquo;off&raquo; use_border_color=&raquo;on&raquo; border_color=&raquo;#a0b6bc&raquo; border_width=&raquo;2px&raquo; border_style=&raquo;inset&raquo; sticky=&raquo;on&raquo; global_colors_info=&raquo;{}&raquo;][\/et_pb_image][et_pb_text admin_label=&raquo;Tekst&raquo; _builder_version=&raquo;3.27.4&#8243; text_line_height=&raquo;1.3em&raquo; background_color=&raquo;#ffffff&raquo; background_size=&raquo;initial&raquo; background_position=&raquo;top_left&raquo; background_repeat=&raquo;repeat&raquo; text_orientation=&raquo;center&raquo; module_alignment=&raquo;center&raquo; custom_margin=&raquo;|0px|0px|0px&raquo; use_border_color=&raquo;off&raquo; border_style=&raquo;solid&raquo; global_colors_info=&raquo;{}&raquo;]<a href=\"studentintensive-laeringsformer\/\"><strong><span style=\"color: #000000\">Studentintensive l\u00e6ringsformer (STIL)<\/span><\/strong><\/a><\/p>\n<p style=\"text-align: center\"><span style=\"color: #000000\"><strong>\u00a0<\/strong><\/span><span style=\"background-color: #ffffff;font-size: small;color: #000000\"><strong style=\"font-size: 13px\">\u00a0<\/strong><\/span><span style=\"background-color: #ffffff;font-size: small;color: #000000\">Frafall i l\u00f8pet av l\u00e6rerutdanningen eller i de f\u00f8rste \u00e5r som ny l\u00e6rer er et problem b\u00e5de i Norge og internasjonalt. V\u00e5rt m\u00e5l er \u00e5 utfordrer studentene p\u00e5 en ny og positiv m\u00e5te.<\/span><\/p>\n<p class=\"et-fb-mce-line-break-holder\" style=\"font-size: 16px;margin-bottom: 5px;padding-bottom: 0px;max-width: none;color: #444444;font-family: Arial, Helvetica, sans-serif;background-color: #ffffff\">[\/et_pb_text][\/et_pb_column][et_pb_column type=&raquo;1_3&#8243; _builder_version=&raquo;4.1&#8243; global_colors_info=&raquo;{}&raquo;][et_pb_image src=&raquo;https:\/\/result.uit.no\/proted\/wp-content\/uploads\/sites\/45\/2020\/04\/GIBOSTAD073A9962copy.jpg&raquo; url=&raquo;https:\/\/result.uit.no\/proted\/mastertorg\/&raquo; show_bottom_space=&raquo;off&raquo; align=&raquo;center&raquo; align_tablet=&raquo;center&raquo; align_phone=&raquo;&raquo; align_last_edited=&raquo;on|desktop&raquo; admin_label=&raquo;Bilde&raquo; _builder_version=&raquo;4.1&#8243; max_width=&raquo;300px&raquo; max_width_tablet=&raquo;300px&raquo; max_width_phone=&raquo;250px&raquo; max_width_last_edited=&raquo;on|phone&raquo; min_height=&raquo;196px&raquo; custom_margin=&raquo;||-1px|||&raquo; border_width_all=&raquo;2px&raquo; border_color_all=&raquo;#a0b6bc&raquo; border_style_all=&raquo;inset&raquo; animation=&raquo;off&raquo; use_border_color=&raquo;on&raquo; border_color=&raquo;#a0b6bc&raquo; border_width=&raquo;2px&raquo; border_style=&raquo;inset&raquo; sticky=&raquo;on&raquo; global_colors_info=&raquo;{}&raquo;][\/et_pb_image][et_pb_text admin_label=&raquo;Tekst&raquo; _builder_version=&raquo;4.1&#8243; text_line_height=&raquo;1.3em&raquo; background_color=&raquo;#ffffff&raquo; background_size=&raquo;initial&raquo; background_position=&raquo;top_left&raquo; background_repeat=&raquo;repeat&raquo; text_orientation=&raquo;center&raquo; module_alignment=&raquo;center&raquo; custom_margin=&raquo;|0px|0px|0px&raquo; use_border_color=&raquo;off&raquo; border_style=&raquo;solid&raquo; global_colors_info=&raquo;{}&raquo;]<\/p>\n<p style=\"text-align: center\"><a href=\"https:\/\/result.uit.no\/proted\/mastertorg\/\"><strong><span style=\"color: #000000\">Mastertorg<\/span><\/strong><\/a><\/p>\n<p style=\"text-align: center\"><span style=\"font-size: small\"><span style=\"color: #000000\">\u00a0\u00a0Det er viktig at studentene har kontakt med skolene n\u00e5r det gjelder valg av tema for masteroppgavene sine og velger noe som det kan v\u00e6re aktuelt i praksisfeltet. For \u00e5 gj\u00f8re kontakten mellom studenter og skoler lettere har vi arrangert mastertorg siden 2018.<\/span><\/span><\/p>\n<p class=\"et-fb-mce-line-break-holder\" style=\"font-size: 16px;margin-bottom: 5px;padding-bottom: 0px;max-width: none;color: #444444;font-family: Arial, Helvetica, sans-serif;background-color: #ffffff\">\n<p>[\/et_pb_text][et_pb_text admin_label=&raquo;Tekst&raquo; _builder_version=&raquo;3.27.4&#8243; background_size=&raquo;initial&raquo; background_position=&raquo;top_left&raquo; background_repeat=&raquo;repeat&raquo; use_border_color=&raquo;off&raquo; border_style=&raquo;solid&raquo; global_colors_info=&raquo;{}&raquo;][\/et_pb_text][\/et_pb_column][\/et_pb_row][et_pb_row _builder_version=&raquo;4.1&#8243; custom_margin=&raquo;|auto|-8px|auto||&raquo; custom_padding=&raquo;||3px|||&raquo; global_colors_info=&raquo;{}&raquo;][et_pb_column type=&raquo;4_4&#8243; _builder_version=&raquo;4.1&#8243; global_colors_info=&raquo;{}&raquo;][et_pb_text _builder_version=&raquo;4.1&#8243; global_colors_info=&raquo;{}&raquo;]<\/p>\n<p>I tillegg er ProTed ogs\u00e5 n\u00e6rt knyttet til prosjektene Learning, assessment and boundary crossing in Teacher Education (LAB-TEd), Teacher education network (TEDNET) og Reaidu &#8211; Et verkt\u00f8y for undervisning i samiske tema.<span style=\"font-size: 14px\">\u00a0<\/span><\/p>\n<p>[\/et_pb_text][\/et_pb_column][\/et_pb_row][et_pb_row column_structure=&raquo;1_3,1_3,1_3&#8243; _builder_version=&raquo;4.1&#8243; min_height=&raquo;222px&raquo; custom_padding=&raquo;0px|||||&raquo; global_colors_info=&raquo;{}&raquo;][et_pb_column type=&raquo;1_3&#8243; _builder_version=&raquo;4.1&#8243; global_colors_info=&raquo;{}&raquo;][et_pb_image src=&raquo;https:\/\/result.uit.no\/proted\/wp-content\/uploads\/sites\/45\/2020\/03\/Capture.jpg&raquo; align=&raquo;center&raquo; _builder_version=&raquo;4.1&#8243; max_width=&raquo;120px&raquo; module_alignment=&raquo;right&raquo; custom_padding=&raquo;15px||||false|false&raquo; global_colors_info=&raquo;{}&raquo;][\/et_pb_image][\/et_pb_column][et_pb_column type=&raquo;1_3&#8243; _builder_version=&raquo;4.1&#8243; global_colors_info=&raquo;{}&raquo;][et_pb_image src=&raquo;https:\/\/result.uit.no\/proted\/wp-content\/uploads\/sites\/45\/2019\/03\/logo100r.jpg&raquo; _builder_version=&raquo;4.1&#8243; max_width=&raquo;120px&raquo; module_alignment=&raquo;center&raquo; global_colors_info=&raquo;{}&raquo;][\/et_pb_image][\/et_pb_column][et_pb_column type=&raquo;1_3&#8243; _builder_version=&raquo;4.1&#8243; global_colors_info=&raquo;{}&raquo;][et_pb_image src=&raquo;https:\/\/result.uit.no\/proted\/wp-content\/uploads\/sites\/45\/2020\/04\/Reaidu_oransje-1.png&raquo; _builder_version=&raquo;4.1&#8243; max_width=&raquo;120px&raquo; custom_padding=&raquo;49px||||false|false&raquo; global_colors_info=&raquo;{}&raquo;][\/et_pb_image][\/et_pb_column][\/et_pb_row][et_pb_row admin_label=&raquo;row&raquo; _builder_version=&raquo;3.25&#8243; background_size=&raquo;initial&raquo; background_position=&raquo;top_left&raquo; background_repeat=&raquo;repeat&raquo; custom_padding=&raquo;0px|0px|27px|0px&raquo; global_colors_info=&raquo;{}&raquo;][et_pb_column type=&raquo;4_4&#8243; _builder_version=&raquo;3.25&#8243; custom_padding=&raquo;|||&raquo; global_colors_info=&raquo;{}&raquo; custom_padding__hover=&raquo;|||&raquo;][et_pb_text admin_label=&raquo;Tekst&raquo; _builder_version=&raquo;3.27.4&#8243; background_size=&raquo;initial&raquo; background_position=&raquo;top_left&raquo; background_repeat=&raquo;repeat&raquo; use_border_color=&raquo;off&raquo; border_style=&raquo;solid&raquo; global_colors_info=&raquo;{}&raquo;]<\/p>\n<h3><strong>Siste nyheter:<\/strong><\/h3>\n<p class=\"et-fb-mce-line-break-holder\" style=\"font-size: 16px;margin-bottom: 5px;padding-bottom: 0px;max-width: none;color: #444444;font-family: Arial, Helvetica, sans-serif;background-color: #ffffff\">[\/et_pb_text][et_pb_blog posts_number=&raquo;2&#8243; include_categories=&raquo;14,15,13,16,12,32,all&raquo; meta_date=&raquo;j. M. Y&raquo; show_thumbnail=&raquo;off&raquo; show_more=&raquo;on&raquo; show_author=&raquo;off&raquo; show_categories=&raquo;off&raquo; show_pagination=&raquo;off&raquo; admin_label=&raquo;Blogg&raquo; _builder_version=&raquo;4.1&#8243; header_font_size=&raquo;16px&raquo; custom_padding=&raquo;|184px||14px||&raquo; use_border_color=&raquo;off&raquo; border_color=&raquo;#ffffff&raquo; border_width=&raquo;1px&raquo; border_style=&raquo;solid&raquo; use_dropshadow=&raquo;off&raquo; global_colors_info=&raquo;{}&raquo;][\/et_pb_blog][\/et_pb_column][\/et_pb_row][\/et_pb_section]<\/p>\n","protected":false},"excerpt":{"rendered":"<p>ProTed ved UiT &#8211; Norges arktiske universitet\u00a0ProTed &#8211; Senter for fremragende l\u00e6rerutdanning\u00a0er Norges f\u00f8rste\u00a0senter for fremragende utdanning. Senteret er drevet sammen med Universitetet i Oslo og har som hovedm\u00e5l \u00e5\u00a0utvikle integrerte l\u00e6rerutdanninger. Med integrasjon sikter vi til et helhetlig studiedesign som forener\u00a0vitenskapsfag, profesjonsfag, undervisningsfag, teori og praksis.\u00a0 \u00a0I partnerskap med Velkommen til mastertorg 28.02.2022!\u00a0 28. [&hellip;]<\/p>\n","protected":false},"author":1078,"featured_media":0,"parent":0,"menu_order":0,"comment_status":"closed","ping_status":"closed","template":"","meta":{"_et_pb_use_builder":"on","_et_pb_old_content":"<p>This is an example page. It's different from a blog post because it will stay in one place and will show up in your site navigation (in most themes). Most people start with an About page that introduces them to potential site visitors. It might say something like this:<\/p><blockquote><p>Hi there! I'm a bike messenger by day, aspiring actor by night, and this is my website. I live in Los Angeles, have a great dog named Jack, and I like pi\u00f1a coladas. (And gettin' caught in the rain.)<\/p><\/blockquote><p>...or something like this:<\/p><blockquote><p>The XYZ Doohickey Company was founded in 1971, and has been providing quality doohickeys to the public ever since. Located in Leicester City, XYZ employs over 2,000 people and does all kinds of awesome things for the Leicester community.<\/p><\/blockquote><p>As a new WordPress user, you should go to <a href=\"https:\/\/result.uit.no\/proted\/wp-admin\/\">your dashboard<\/a> to delete this page and create new pages for your content. Have fun!<\/p>","_et_gb_content_width":"","footnotes":""},"class_list":["post-2","page","type-page","status-publish","hentry"],"_links":{"self":[{"href":"https:\/\/result.uit.no\/proted\/wp-json\/wp\/v2\/pages\/2","targetHints":{"allow":["GET"]}}],"collection":[{"href":"https:\/\/result.uit.no\/proted\/wp-json\/wp\/v2\/pages"}],"about":[{"href":"https:\/\/result.uit.no\/proted\/wp-json\/wp\/v2\/types\/page"}],"author":[{"embeddable":true,"href":"https:\/\/result.uit.no\/proted\/wp-json\/wp\/v2\/users\/1078"}],"replies":[{"embeddable":true,"href":"https:\/\/result.uit.no\/proted\/wp-json\/wp\/v2\/comments?post=2"}],"version-history":[{"count":0,"href":"https:\/\/result.uit.no\/proted\/wp-json\/wp\/v2\/pages\/2\/revisions"}],"wp:attachment":[{"href":"https:\/\/result.uit.no\/proted\/wp-json\/wp\/v2\/media?parent=2"}],"curies":[{"name":"wp","href":"https:\/\/api.w.org\/{rel}","templated":true}]}}