{"id":158,"date":"2017-10-03T11:45:48","date_gmt":"2017-10-03T10:45:48","guid":{"rendered":"https:\/\/result.uit.no\/proted\/?page_id=158"},"modified":"2020-04-07T22:51:11","modified_gmt":"2020-04-07T20:51:11","slug":"nyheter","status":"publish","type":"page","link":"https:\/\/result.uit.no\/proted\/nyheter\/","title":{"rendered":"Nyheter"},"content":{"rendered":"<p>[et_pb_section fb_built=&raquo;1&#8243; fullwidth=&raquo;on&raquo; admin_label=&raquo;section&raquo; _builder_version=&raquo;3.22&#8243; transparent_background=&raquo;off&raquo;][et_pb_fullwidth_image src=&raquo;https:\/\/result.uit.no\/proted\/wp-content\/uploads\/sites\/45\/2017\/10\/Banner.jpg&raquo; admin_label=&raquo;Fullbreddes bilde&raquo; _builder_version=&raquo;3.0.87&#8243; animation=&raquo;off&raquo; use_border_color=&raquo;off&raquo; border_color=&raquo;#ffffff&raquo; border_width=&raquo;1px&raquo; border_style=&raquo;solid&raquo; saved_tabs=&raquo;all&raquo;] [\/et_pb_fullwidth_image][\/et_pb_section][et_pb_section fb_built=&raquo;1&#8243; admin_label=&raquo;section&raquo; _builder_version=&raquo;3.22&#8243; custom_padding=&raquo;0px|0px|54px|0px&raquo; transparent_background=&raquo;off&raquo;][et_pb_row column_structure=&raquo;2_3,1_3&#8243; admin_label=&raquo;row&raquo; _builder_version=&raquo;3.25&#8243; background_size=&raquo;initial&raquo; background_position=&raquo;top_left&raquo; background_repeat=&raquo;repeat&raquo; custom_padding=&raquo;27px|0px|0px|0px&raquo; min_height=&raquo;127px&raquo;][et_pb_column type=&raquo;2_3&#8243; _builder_version=&raquo;3.25&#8243; custom_padding=&raquo;|||&raquo; custom_padding__hover=&raquo;|||&raquo;][et_pb_text admin_label=&raquo;Tekst&raquo; _builder_version=&raquo;4.1&#8243; background_size=&raquo;initial&raquo; background_position=&raquo;top_left&raquo; background_repeat=&raquo;repeat&raquo; hover_enabled=&raquo;0&#8243; use_border_color=&raquo;off&raquo; border_style=&raquo;solid&raquo;]<\/p>\n<h2>Nyheter<\/h2>\n<p>Her har vi samlet nyhetssaker ang\u00e5ende ProTed ved UiT. Bruk navigasjonen til h\u00f8yre for \u00e5 sortere sakene etter tema.<\/p>\n<p>[\/et_pb_text][\/et_pb_column][et_pb_column type=&raquo;1_3&#8243; _builder_version=&raquo;3.25&#8243; custom_padding=&raquo;|||&raquo; custom_padding__hover=&raquo;|||&raquo;][\/et_pb_column][\/et_pb_row][et_pb_row column_structure=&raquo;3_4,1_4&#8243; admin_label=&raquo;row&raquo; _builder_version=&raquo;3.25&#8243; background_size=&raquo;initial&raquo; background_position=&raquo;top_left&raquo; background_repeat=&raquo;repeat&raquo; custom_padding=&raquo;30px|0px|27px|0px&raquo;][et_pb_column type=&raquo;3_4&#8243; _builder_version=&raquo;3.25&#8243; custom_padding=&raquo;|||&raquo; custom_padding__hover=&raquo;|||&raquo;][et_pb_blog posts_number=&raquo;6&#8243; include_categories=&raquo;all&raquo; meta_date=&raquo; j. M, Y&raquo; show_thumbnail=&raquo;off&raquo; show_more=&raquo;on&raquo; show_author=&raquo;off&raquo; admin_label=&raquo;Blogg&raquo; _builder_version=&raquo;4.1&#8243; header_text_color=&raquo;#000000&#8243; header_font_size=&raquo;21px&raquo; hover_enabled=&raquo;0&#8243; use_border_color=&raquo;off&raquo; border_color=&raquo;#ffffff&raquo; border_width=&raquo;1px&raquo; border_style=&raquo;solid&raquo; use_dropshadow=&raquo;off&raquo;] [\/et_pb_blog][\/et_pb_column][et_pb_column type=&raquo;1_4&#8243; _builder_version=&raquo;3.25&#8243; custom_padding=&raquo;|||&raquo; custom_padding__hover=&raquo;|||&raquo;][et_pb_sidebar show_border=&raquo;off&raquo; admin_label=&raquo;Kategorier&raquo; _builder_version=&raquo;3.0.74&#8243; header_font_size=&raquo;16px&raquo; body_font_size=&raquo;12px&raquo; body_line_height=&raquo;1.5em&raquo; remove_border=&raquo;on&raquo;] [\/et_pb_sidebar][\/et_pb_column][\/et_pb_row][\/et_pb_section]<\/p>\n","protected":false},"excerpt":{"rendered":"<p>Nyheter Her har vi samlet nyhetssaker ang\u00e5ende ProTed ved UiT. Bruk navigasjonen til h\u00f8yre for \u00e5 sortere sakene etter tema.<\/p>\n","protected":false},"author":1078,"featured_media":0,"parent":0,"menu_order":0,"comment_status":"closed","ping_status":"closed","template":"","meta":{"_et_pb_use_builder":"on","_et_pb_old_content":"","_et_gb_content_width":"","footnotes":""},"class_list":["post-158","page","type-page","status-publish","hentry"],"_links":{"self":[{"href":"https:\/\/result.uit.no\/proted\/wp-json\/wp\/v2\/pages\/158","targetHints":{"allow":["GET"]}}],"collection":[{"href":"https:\/\/result.uit.no\/proted\/wp-json\/wp\/v2\/pages"}],"about":[{"href":"https:\/\/result.uit.no\/proted\/wp-json\/wp\/v2\/types\/page"}],"author":[{"embeddable":true,"href":"https:\/\/result.uit.no\/proted\/wp-json\/wp\/v2\/users\/1078"}],"replies":[{"embeddable":true,"href":"https:\/\/result.uit.no\/proted\/wp-json\/wp\/v2\/comments?post=158"}],"version-history":[{"count":0,"href":"https:\/\/result.uit.no\/proted\/wp-json\/wp\/v2\/pages\/158\/revisions"}],"wp:attachment":[{"href":"https:\/\/result.uit.no\/proted\/wp-json\/wp\/v2\/media?parent=158"}],"curies":[{"name":"wp","href":"https:\/\/api.w.org\/{rel}","templated":true}]}}