{"id":1349,"date":"2019-03-02T00:39:02","date_gmt":"2019-03-01T23:39:02","guid":{"rendered":"https:\/\/result.uit.no\/proted\/?page_id=1349"},"modified":"2022-02-24T10:10:47","modified_gmt":"2022-02-24T09:10:47","slug":"mastertorg-skoler-2022","status":"publish","type":"page","link":"https:\/\/result.uit.no\/proted\/mastertorg-skoler-2022\/","title":{"rendered":"Mastertorg -Skoler 2022"},"content":{"rendered":"<p>[et_pb_section fb_built=&raquo;1&#8243; fullwidth=&raquo;on&raquo; _builder_version=&raquo;3.22&#8243; global_colors_info=&raquo;{}&raquo;][et_pb_fullwidth_image src=&raquo;https:\/\/result.uit.no\/proted\/wp-content\/uploads\/sites\/45\/2017\/10\/Banner.jpg&raquo; _builder_version=&raquo;3.0.87&#8243; animation=&raquo;off&raquo; use_border_color=&raquo;off&raquo; border_color=&raquo;#ffffff&raquo; border_width=&raquo;1px&raquo; border_style=&raquo;solid&raquo; saved_tabs=&raquo;all&raquo; global_colors_info=&raquo;{}&raquo;][\/et_pb_fullwidth_image][\/et_pb_section][et_pb_section fb_built=&raquo;1&#8243; _builder_version=&raquo;3.22&#8243; global_colors_info=&raquo;{}&raquo;][et_pb_row _builder_version=&raquo;3.25&#8243; global_colors_info=&raquo;{}&raquo;][et_pb_column type=&raquo;4_4&#8243; _builder_version=&raquo;3.25&#8243; custom_padding=&raquo;|||&raquo; global_colors_info=&raquo;{}&raquo; custom_padding__hover=&raquo;|||&raquo;][et_pb_text _builder_version=&raquo;4.14.8&#8243; global_colors_info=&raquo;{}&raquo;]<\/p>\n<p>28. februar 2022 er det duket for Mastertorg ved ILP p\u00e5 campus Breivika i Troms\u00f8. Torget er \u00e5pent for alle s\u00e5 ta gjerne en tur innom mellom kl 11 og 13.<\/p>\n<p>Det vil bli 10 deltakende skoler, deriblant b\u00e5de universitetsskoler og andre skoler fra Troms og Finnmark.<\/p>\n<p>Mastertorget er en arena hvor skolene f\u00e5r m\u00f8te v\u00e5re fjerde\u00e5rsstudenter som er i startfasen med sin masteroppgave. Skolene presenterer sine utviklingsomr\u00e5der, noe skolen har spesiell interesse for, noe de er skikkelig gode p\u00e5. Tanken er at en slik kontakt kan inspirere studentene i valg av tema for sine masteroppgaver.<\/p>\n<p>I feltet under kan du sortere skolene etter hvilken kommune de ligger i, klassetrinn og uthevede fokusomr\u00e5der. Ved \u00e5 klikke p\u00e5 skolens navn kan du lese mer om skolen og hva de arbeider med.<\/p>\n<p>[\/et_pb_text][\/et_pb_column][\/et_pb_row][et_pb_row _builder_version=&raquo;3.25&#8243; custom_padding=&raquo;28px|0px|28px|0px|false|false&raquo; global_colors_info=&raquo;{}&raquo;][et_pb_column type=&raquo;4_4&#8243; _builder_version=&raquo;3.25&#8243; custom_padding=&raquo;|||&raquo; global_colors_info=&raquo;{}&raquo; custom_padding__hover=&raquo;|||&raquo;][et_pb_filterable_portfolio fullwidth=&raquo;off&raquo; posts_number=&raquo;25&#8243; zoom_icon_color=&raquo;#2ea3f2&#8243; _builder_version=&raquo;3.17.3&#8243; title_text_color=&raquo;#000000&#8243; title_line_height=&raquo;1.3em&raquo; custom_padding=&raquo;0px||&raquo; global_colors_info=&raquo;{}&raquo;][\/et_pb_filterable_portfolio][\/et_pb_column][\/et_pb_row][\/et_pb_section]<\/p>\n","protected":false},"excerpt":{"rendered":"<p>28. februar 2022 er det duket for Mastertorg ved ILP p\u00e5 campus Breivika i Troms\u00f8. Torget er \u00e5pent for alle s\u00e5 ta gjerne en tur innom mellom kl 11 og 13. Det vil bli 10 deltakende skoler, deriblant b\u00e5de universitetsskoler og andre skoler fra Troms og Finnmark. Mastertorget er en arena hvor skolene f\u00e5r m\u00f8te [&hellip;]<\/p>\n","protected":false},"author":1078,"featured_media":0,"parent":0,"menu_order":0,"comment_status":"closed","ping_status":"closed","template":"","meta":{"_et_pb_use_builder":"on","_et_pb_old_content":"","_et_gb_content_width":"","footnotes":""},"class_list":["post-1349","page","type-page","status-publish","hentry"],"_links":{"self":[{"href":"https:\/\/result.uit.no\/proted\/wp-json\/wp\/v2\/pages\/1349","targetHints":{"allow":["GET"]}}],"collection":[{"href":"https:\/\/result.uit.no\/proted\/wp-json\/wp\/v2\/pages"}],"about":[{"href":"https:\/\/result.uit.no\/proted\/wp-json\/wp\/v2\/types\/page"}],"author":[{"embeddable":true,"href":"https:\/\/result.uit.no\/proted\/wp-json\/wp\/v2\/users\/1078"}],"replies":[{"embeddable":true,"href":"https:\/\/result.uit.no\/proted\/wp-json\/wp\/v2\/comments?post=1349"}],"version-history":[{"count":0,"href":"https:\/\/result.uit.no\/proted\/wp-json\/wp\/v2\/pages\/1349\/revisions"}],"wp:attachment":[{"href":"https:\/\/result.uit.no\/proted\/wp-json\/wp\/v2\/media?parent=1349"}],"curies":[{"name":"wp","href":"https:\/\/api.w.org\/{rel}","templated":true}]}}