{"id":1035,"date":"2018-04-27T11:25:55","date_gmt":"2018-04-27T09:25:55","guid":{"rendered":"https:\/\/result.uit.no\/proted\/?page_id=1035"},"modified":"2018-11-28T15:48:07","modified_gmt":"2018-11-28T14:48:07","slug":"livskvalitet-i-skolen-laerdommer-fra-forskningsprosjektet-trivsel-i-tromso","status":"publish","type":"page","link":"https:\/\/result.uit.no\/proted\/livskvalitet-i-skolen-laerdommer-fra-forskningsprosjektet-trivsel-i-tromso\/","title":{"rendered":"Livskvalitet i skolen &#8211; L\u00e6rdommer fra forskningsprosjektet Trivsel i Troms\u00f8"},"content":{"rendered":"<p>[et_pb_section fb_built=&raquo;1&#8243; fullwidth=&raquo;on&raquo; _builder_version=&raquo;3.0.98&#8243;][et_pb_fullwidth_image src=&raquo;https:\/\/result.uit.no\/proted\/wp-content\/uploads\/sites\/45\/2017\/10\/Banner.jpg&raquo; admin_label=&raquo;Fullbreddes bilde&raquo; _builder_version=&raquo;3.0.87&#8243; use_border_color=&raquo;off&raquo; border_color=&raquo;#ffffff&raquo; border_width=&raquo;1px&raquo; border_style=&raquo;solid&raquo; animation=&raquo;off&raquo; saved_tabs=&raquo;all&raquo;] [\/et_pb_fullwidth_image][\/et_pb_section][et_pb_section fb_built=&raquo;1&#8243; _builder_version=&raquo;3.0.98&#8243; custom_padding=&raquo;0px|0px|0|0px|false|false&raquo;][et_pb_row _builder_version=&raquo;3.0.98&#8243;][et_pb_column type=&raquo;4_4&#8243; _builder_version=&raquo;3.0.98&#8243; parallax=&raquo;off&raquo; parallax_method=&raquo;on&raquo;][et_pb_text _builder_version=&raquo;3.17.3&#8243;]<\/p>\n<p>&nbsp;<\/p>\n<h3><span><strong>Livskvalitet i skolen &#8211; L\u00e6rdommer fra forskningsprosjektet\u00a0<\/strong><\/span><em><strong>Trivsel i Troms\u00f8<\/strong><\/em><\/h3>\n<p><span>I 2012 startet prosjektet Trivsel i Troms\u00f8. Prosjektet er det st\u00f8rste forskningsprosjektet som har v\u00e6rt drevet i samarbeid med UiT og grunnskoler i Troms\u00f8, og er unikt i forhold til mengde data som er samlet inn, publisert forskning og medvirkning fra skolene som har deltatt. Mandag 19. november markerte vi at prosjektet var over med en stor dialogkonferanse sammen med de 6 deltagende skolene. Dagen startet med et str\u00e5lende foredrag av\u00a0<\/span>Trond Haukedal<span>\u00a0og deretter presentasjon av hovedres<\/span><span class=\"text_exposed_show\">ultater fra Gunstein Egeberg. Deretter ble de nesten 190 deltagere delt inn i mindre grupper, f\u00f8rst p\u00e5 tvers av skolene og senere sammen skolevis, for \u00e5 jobbe med sp\u00f8rsm\u00e5l. Gruppearbeidet ble avsluttet med at hver gruppe tegnet en plakat av et tiltak de vil gj\u00f8re eller allerede gj\u00f8r. Helt p\u00e5 tampen av dagen fikk vi ogs\u00e5 en avslutning fra Jon-Halvdan Lenning ved<span>\u00a0<\/span>Mobbeombudet i Troms. Vi er glade for at s\u00e5 mange har v\u00e6rt med p\u00e5 dette prosjektet siden 2012 og at s\u00e5 mange var med \u00e5 markerte dagen! Hva som skjer videre er ikke godt \u00e5 vite. <span>Trivsel i Troms\u00f8 har en enorm mengde data som prosjektleder Steinar Throvaldsen vil jobbe med i flere \u00e5r fremover. Det er ogs\u00e5 mye materiale for annen forskning og bruk i f.eks. mastergrader eller doktorgrader<\/span>. Hvem vet, kanskje blir det et Trivsel i Troms\u00f8 2 ogs\u00e5?<\/span><\/p>\n<p>&nbsp;<\/p>\n<h4><strong><span class=\"text_exposed_show\">Presentasjoner:<br \/><\/span><\/strong><\/h4>\n<p><a href=\"https:\/\/result.uit.no\/proted\/wp-content\/uploads\/sites\/45\/2018\/11\/Haukedal-presentasjon-.pdf\" target=\"_blank\" rel=\"noopener noreferrer\"><span class=\"text_exposed_show\">Trond Haukedal &#8211; Trivsel i skolen<\/span><\/a><strong><span class=\"text_exposed_show\"><br \/><\/span><\/strong><a href=\"https:\/\/result.uit.no\/proted\/wp-content\/uploads\/sites\/45\/2018\/11\/Egeberg-presentasjon.pdf\" target=\"_blank\" rel=\"noopener noreferrer\">Gunstein Egeberg &#8211; Trivsel i Troms\u00f8<\/a><br \/> <a href=\"https:\/\/result.uit.no\/proted\/wp-content\/uploads\/sites\/45\/2018\/11\/Presentasjon-mobbeombud-191118.pdf\" target=\"_blank\" rel=\"noopener noreferrer\">Jon-Halvdan Lemming &#8211; Mobbeombudet i Troms<\/a><\/p>\n<p><strong><span class=\"text_exposed_show\"><\/span><\/strong><\/p>\n<p><span class=\"text_exposed_show\"><\/span><\/p>\n<p><strong>Bilder fra dagen og av plakatene som ble laget. Klikk p\u00e5 bildene for \u00e5 forst\u00f8rre.<\/strong><\/p>\n<p>[\/et_pb_text][\/et_pb_column][\/et_pb_row][\/et_pb_section][et_pb_section fb_built=&raquo;1&#8243; _builder_version=&raquo;3.17.3&#8243;][et_pb_row _builder_version=&raquo;3.17.3&#8243;][et_pb_column type=&raquo;4_4&#8243; _builder_version=&raquo;3.17.3&#8243; parallax=&raquo;off&raquo; parallax_method=&raquo;on&raquo;][et_pb_gallery gallery_ids=&raquo;1230,1231,1229,1232,1233,1234,1235,1236,1237,1238,1239,1240,1241,1242,1243,1244,1245,1246,1247,1248,1249,1250,1251,1252,1253,1254,1255&#8243; posts_number=&raquo;28&#8243; show_title_and_caption=&raquo;off&raquo; show_pagination=&raquo;off&raquo; _builder_version=&raquo;3.17.3&#8243;][\/et_pb_gallery][\/et_pb_column][\/et_pb_row][\/et_pb_section]<\/p>\n","protected":false},"excerpt":{"rendered":"<p>&nbsp; Livskvalitet i skolen &#8211; L\u00e6rdommer fra forskningsprosjektet\u00a0Trivsel i Troms\u00f8 I 2012 startet prosjektet Trivsel i Troms\u00f8. Prosjektet er det st\u00f8rste forskningsprosjektet som har v\u00e6rt drevet i samarbeid med UiT og grunnskoler i Troms\u00f8, og er unikt i forhold til mengde data som er samlet inn, publisert forskning og medvirkning fra skolene som har deltatt. [&hellip;]<\/p>\n","protected":false},"author":1078,"featured_media":0,"parent":0,"menu_order":0,"comment_status":"closed","ping_status":"closed","template":"","meta":{"_et_pb_use_builder":"on","_et_pb_old_content":"","_et_gb_content_width":"","footnotes":""},"class_list":["post-1035","page","type-page","status-publish","hentry"],"_links":{"self":[{"href":"https:\/\/result.uit.no\/proted\/wp-json\/wp\/v2\/pages\/1035","targetHints":{"allow":["GET"]}}],"collection":[{"href":"https:\/\/result.uit.no\/proted\/wp-json\/wp\/v2\/pages"}],"about":[{"href":"https:\/\/result.uit.no\/proted\/wp-json\/wp\/v2\/types\/page"}],"author":[{"embeddable":true,"href":"https:\/\/result.uit.no\/proted\/wp-json\/wp\/v2\/users\/1078"}],"replies":[{"embeddable":true,"href":"https:\/\/result.uit.no\/proted\/wp-json\/wp\/v2\/comments?post=1035"}],"version-history":[{"count":0,"href":"https:\/\/result.uit.no\/proted\/wp-json\/wp\/v2\/pages\/1035\/revisions"}],"wp:attachment":[{"href":"https:\/\/result.uit.no\/proted\/wp-json\/wp\/v2\/media?parent=1035"}],"curies":[{"name":"wp","href":"https:\/\/api.w.org\/{rel}","templated":true}]}}