{"id":32429,"date":"2023-11-08T12:21:00","date_gmt":"2023-11-08T11:21:00","guid":{"rendered":"https:\/\/result.uit.no\/musicificium\/laerematerialer\/melodidiktater\/korte-diktater-uten-modulasjon\/"},"modified":"2024-02-23T19:28:31","modified_gmt":"2024-02-23T18:28:31","slug":"korte-diktater-uten-modulasjon","status":"publish","type":"page","link":"https:\/\/result.uit.no\/musicificium\/laerematerialer\/melodidiktater\/korte-diktater-uten-modulasjon\/","title":{"rendered":"Korte diktater uten modulasjon"},"content":{"rendered":"<p>[et_pb_section fb_built=&#8221;1&#8243; admin_label=&#8221;section&#8221; _builder_version=&#8221;4.16&#8243; global_colors_info=&#8221;{}&#8221;][et_pb_row column_structure=&#8221;3_5,2_5&#8243; admin_label=&#8221;row&#8221; _builder_version=&#8221;4.16&#8243; background_size=&#8221;initial&#8221; background_position=&#8221;top_left&#8221; background_repeat=&#8221;repeat&#8221; global_colors_info=&#8221;{}&#8221;][et_pb_column type=&#8221;3_5&#8243; _builder_version=&#8221;4.16&#8243; custom_padding=&#8221;|||&#8221; global_colors_info=&#8221;{}&#8221; custom_padding__hover=&#8221;|||&#8221;][et_pb_image src=&#8221;https:\/\/result.uit.no\/musicificium\/wp-content\/uploads\/sites\/35\/2023\/09\/Aurorabilde-Harmoniske-vendinger-2.jpg&#8221; title_text=&#8221;Aurorabilde Harmoniske vendinger 2&#8243; align=&#8221;right&#8221; align_tablet=&#8221;center&#8221; align_phone=&#8221;&#8221; align_last_edited=&#8221;on|desktop&#8221; _builder_version=&#8221;4.22.2&#8243; animation=&#8221;off&#8221; sticky=&#8221;off&#8221; use_border_color=&#8221;off&#8221; border_color=&#8221;#ffffff&#8221; border_style=&#8221;solid&#8221; global_colors_info=&#8221;{}&#8221;]&nbsp;<br \/>\n[\/et_pb_image][\/et_pb_column][et_pb_column type=&#8221;2_5&#8243; _builder_version=&#8221;4.16&#8243; custom_padding=&#8221;|||&#8221; global_colors_info=&#8221;{}&#8221; custom_padding__hover=&#8221;|||&#8221;][et_pb_text _builder_version=&#8221;4.24.2&#8243; _module_preset=&#8221;default&#8221; hover_enabled=&#8221;0&#8243; global_colors_info=&#8221;{}&#8221; sticky_enabled=&#8221;0&#8243;]<\/p>\n<p>Diktatene i denne modulen er ordnet progressivt med \u00f8kende toneomfang og vanskelighetsgrad. Diktatene f\u00f8lger samme progresjon som l\u00e6reboken &#8220;Med p\u00e5 notene&#8221; av Niels Eskild Johansen. Grete Vargeids bok &#8220;Flerstemnte prima vista-\u00f8velser&#8221; f\u00f8lger ogs\u00e5 samme progresjon, og er et godt supplementsmateriale til disse \u00f8velsene.<\/p>\n<p>[\/et_pb_text][et_pb_toggle title=&#8221;English introduction&#8221; _builder_version=&#8221;4.24.2&#8243; _module_preset=&#8221;default&#8221; hover_enabled=&#8221;0&#8243; global_colors_info=&#8221;{}&#8221; sticky_enabled=&#8221;0&#8243;]<\/p>\n<p>This module offers a collection of short dictations in major and minor keys. These dictations are arranged progressively, with increasing range and difficulty. They follow the same progression as the textbook &#8220;Med p\u00e5 notene&#8221; by Niels Eskild Johansen. Grete Vargeid&#8217;s book, &#8220;Flerstemnte prima vista-\u00f8velser,&#8221; also follows the same progression, making it a valuable supplementary material for these exercises.<\/p>\n<p>[\/et_pb_toggle][et_pb_toggle title=&#8221;Hvordan bruke diktatene\/ How to use the dictations&#8221; _builder_version=&#8221;4.24.2&#8243; _module_preset=&#8221;default&#8221; global_colors_info=&#8221;{}&#8221;]<\/p>\n<ol>\n<li>Start med \u00e5 lytte til melodien i en diktatoppgave. Imiter melodien til du kan den.<\/li>\n<li>Identifiser melodiens grunntone og starttone (trinntall).<\/li>\n<li>Syng melodien p\u00e5 trinntall.<\/li>\n<li>Ved behov: Noter melodiens rytme. F\u00f8r p\u00e5 melodiens trinntall over rytmenotasjonen.<\/li>\n<li>Noter melodien med noter i oppgitt toneart. Du kan utfordre deg selv med \u00e5 notere i ulike n\u00f8kler.<\/li>\n<\/ol>\n<p>Alternativ arbeidsm\u00e5te: Gj\u00f8r punkt 1-3 som beskrevet ovenfor.<\/p>\n<p>4. Med utgangspunkt i trinntallene, spill melodien p\u00e5 instrumentet ditt.<\/p>\n<p>5. Transponer til ulike tonearter. Spill i ulike registere.<\/p>\n<p>Diktatene kan ogs\u00e5 brukes som lese\u00f8velser: Finn grunntonen ved hjelp av et instrument eller en stemmegaffel og syng melodien. Lytt til lydfilen for \u00e5 kontrollere om du sang riktig.<\/p>\n<p>&nbsp;<\/p>\n<p><em>1. Start by listening to the melody in a dictation exercise and imitate it until you are familiar with it.<\/em><\/p>\n<p><em>2. Identify the melody&#8217;s tonic and starting note (scale number).<\/em><\/p>\n<p><em>3. Sing the melody on the scale numbers.<\/em><\/p>\n<p><em>4. If necessary, notate the melody&#8217;s rhythm and place the scale degree above the rhythm notation.<\/em><\/p>\n<p><em>5. Notate the melody using notes in the specified key. You can challenge yourself by notating in different keys.<\/em><\/p>\n<p><em>An alternative approach is to follow steps 1-3 as described above. Based on the scale degrees, play the melody on your instrument. Transpose to different keys and play in different registers.<\/em><\/p>\n<p><em>The dictations can also be used as reading exercises: Find the tonic using an instrument or a tuning fork and sing the melody. Listen to the audio file to check if you sang correctly.<\/em><\/p>\n<p>[\/et_pb_toggle][\/et_pb_column][\/et_pb_row][et_pb_row column_structure=&#8221;1_2,1_2&#8243; _builder_version=&#8221;4.23.1&#8243; _module_preset=&#8221;default&#8221; global_colors_info=&#8221;{}&#8221;][et_pb_column type=&#8221;1_2&#8243; _builder_version=&#8221;4.23.1&#8243; _module_preset=&#8221;default&#8221; global_colors_info=&#8221;{}&#8221;][et_pb_button button_url=&#8221;http:\/\/result.uit.no\/musicificium\/laerematerialer\/melodidiktater\/korte-diktater-uten-modulasjon\/fra-ledetone-til-fjerde-trinn-i-dur\/&#8221; button_text=&#8221;Niv\u00e5 1 i dur\/ Level 1 in major&#8221; _builder_version=&#8221;4.24.2&#8243; _module_preset=&#8221;default&#8221; hover_enabled=&#8221;0&#8243; global_colors_info=&#8221;{}&#8221; sticky_enabled=&#8221;0&#8243;][\/et_pb_button][et_pb_button button_url=&#8221;http:\/\/result.uit.no\/musicificium\/laerematerialer\/melodidiktater\/korte-diktater-uten-modulasjon\/fra-ledetone-til-fjerde-trinn-i-moll\/&#8221; button_text=&#8221;Niv\u00e5 1 i moll\/ Level 1 in minor&#8221; _builder_version=&#8221;4.24.2&#8243; _module_preset=&#8221;default&#8221; hover_enabled=&#8221;0&#8243; global_colors_info=&#8221;{}&#8221; sticky_enabled=&#8221;0&#8243;][\/et_pb_button][et_pb_button button_url=&#8221;http:\/\/result.uit.no\/musicificium\/laerematerialer\/melodidiktater\/korte-diktater-uten-modulasjon\/forbindelsen-5-1-i-dur-og-moll\/&#8221; button_text=&#8221;Niv\u00e5 2\/ Level 2&#8243; _builder_version=&#8221;4.24.2&#8243; _module_preset=&#8221;default&#8221; hover_enabled=&#8221;0&#8243; global_colors_info=&#8221;{}&#8221; sticky_enabled=&#8221;0&#8243;][\/et_pb_button][et_pb_button button_url=&#8221;http:\/\/result.uit.no\/musicificium\/laerematerialer\/melodidiktater\/korte-diktater-uten-modulasjon\/fra-kvint-til-kvint-i-dur\/&#8221; button_text=&#8221;Niv\u00e5 3 i dur\/ Level 3 in major&#8221; _builder_version=&#8221;4.24.2&#8243; _module_preset=&#8221;default&#8221; hover_enabled=&#8221;0&#8243; global_colors_info=&#8221;{}&#8221; sticky_enabled=&#8221;0&#8243;][\/et_pb_button][et_pb_button button_url=&#8221;http:\/\/result.uit.no\/musicificium\/laerematerialer\/melodidiktater\/korte-diktater-uten-modulasjon\/fra-kvint-til-kvint-i-moll\/&#8221; button_text=&#8221;Niv\u00e5 3 i moll\/ Level 3 in minor&#8221; _builder_version=&#8221;4.24.2&#8243; _module_preset=&#8221;default&#8221; hover_enabled=&#8221;0&#8243; global_colors_info=&#8221;{}&#8221; sticky_enabled=&#8221;0&#8243;][\/et_pb_button][et_pb_button button_url=&#8221;http:\/\/result.uit.no\/musicificium\/laerematerialer\/melodidiktater\/korte-diktater-uten-modulasjon\/fra-kvint-til-kvint-i-dur-2\/&#8221; button_text=&#8221;Niv\u00e5 4 i dur\/ Level 4 in major&#8221; _builder_version=&#8221;4.24.2&#8243; _module_preset=&#8221;default&#8221; hover_enabled=&#8221;0&#8243; global_colors_info=&#8221;{}&#8221; sticky_enabled=&#8221;0&#8243;][\/et_pb_button][\/et_pb_column][et_pb_column type=&#8221;1_2&#8243; _builder_version=&#8221;4.23.1&#8243; _module_preset=&#8221;default&#8221; global_colors_info=&#8221;{}&#8221;][et_pb_button button_url=&#8221;http:\/\/result.uit.no\/musicificium\/laerematerialer\/melodidiktater\/korte-diktater-uten-modulasjon\/varianter-av-mollskalaen\/&#8221; button_text=&#8221;Niv\u00e5 4 i moll\/ Level 4 in minor&#8221; _builder_version=&#8221;4.24.2&#8243; _module_preset=&#8221;default&#8221; hover_enabled=&#8221;0&#8243; global_colors_info=&#8221;{}&#8221; sticky_enabled=&#8221;0&#8243;][\/et_pb_button][et_pb_button button_url=&#8221;http:\/\/result.uit.no\/musicificium\/laerematerialer\/melodidiktater\/korte-diktater-uten-modulasjon\/sjette-trinn-over-grunntonen-i-moll\/&#8221; button_text=&#8221;Niv\u00e5 5 i moll\/ Level 5 in minor&#8221; _builder_version=&#8221;4.24.2&#8243; _module_preset=&#8221;default&#8221; hover_enabled=&#8221;0&#8243; global_colors_info=&#8221;{}&#8221; sticky_enabled=&#8221;0&#8243;][\/et_pb_button][et_pb_button button_url=&#8221;http:\/\/result.uit.no\/musicificium\/laerematerialer\/melodidiktater\/korte-diktater-uten-modulasjon\/sjette-trinn-over-grunntonen-i-dur\/&#8221; button_text=&#8221;Niv\u00e5 5 i dur\/ Level 5 in major&#8221; _builder_version=&#8221;4.24.2&#8243; _module_preset=&#8221;default&#8221; hover_enabled=&#8221;0&#8243; global_colors_info=&#8221;{}&#8221; sticky_enabled=&#8221;0&#8243;][\/et_pb_button][et_pb_button button_url=&#8221;http:\/\/result.uit.no\/musicificium\/laerematerialer\/melodidiktater\/korte-diktater-uten-modulasjon\/grunntonen-i-flere-oktaver-dur\/&#8221; button_text=&#8221;Niv\u00e5 6 i dur\/ Level 6 in major&#8221; _builder_version=&#8221;4.24.2&#8243; _module_preset=&#8221;default&#8221; hover_enabled=&#8221;0&#8243; global_colors_info=&#8221;{}&#8221; sticky_enabled=&#8221;0&#8243;][\/et_pb_button][et_pb_button button_url=&#8221;http:\/\/result.uit.no\/musicificium\/laerematerialer\/melodidiktater\/korte-diktater-uten-modulasjon\/grunntonen-i-flere-oktaver-moll\/&#8221; button_text=&#8221;Niv\u00e5 6 i moll\/ Level 6 in minor&#8221; _builder_version=&#8221;4.24.2&#8243; _module_preset=&#8221;default&#8221; hover_enabled=&#8221;0&#8243; global_colors_info=&#8221;{}&#8221; sticky_enabled=&#8221;0&#8243;][\/et_pb_button][et_pb_button button_url=&#8221;http:\/\/result.uit.no\/musicificium\/laerematerialer\/melodidiktater\/korte-diktater-uten-modulasjon\/skalafremmede-toner\/&#8221; button_text=&#8221;Niv\u00e5 7\/ Level 7&#8243; _builder_version=&#8221;4.24.2&#8243; _module_preset=&#8221;default&#8221; hover_enabled=&#8221;0&#8243; global_colors_info=&#8221;{}&#8221; sticky_enabled=&#8221;0&#8243;][\/et_pb_button][\/et_pb_column][\/et_pb_row][\/et_pb_section]<\/p>\n","protected":false},"excerpt":{"rendered":"<p>&nbsp; Diktatene i denne modulen er ordnet progressivt med \u00f8kende toneomfang og vanskelighetsgrad. Diktatene f\u00f8lger samme progresjon som l\u00e6reboken &#8220;Med p\u00e5 notene&#8221; av Niels Eskild Johansen. Grete Vargeids bok &#8220;Flerstemnte prima vista-\u00f8velser&#8221; f\u00f8lger ogs\u00e5 samme progresjon, og er et godt supplementsmateriale til disse \u00f8velsene.This module offers a collection of short dictations in major and minor [&hellip;]<\/p>\n","protected":false},"author":856,"featured_media":0,"parent":30400,"menu_order":3,"comment_status":"closed","ping_status":"closed","template":"","meta":{"_et_pb_use_builder":"on","_et_pb_old_content":"","_et_gb_content_width":"","iawp_total_views":1378,"footnotes":""},"class_list":["post-32429","page","type-page","status-publish","hentry"],"yoast_head":"<!-- This site is optimized with the Yoast SEO plugin v27.4 - https:\/\/yoast.com\/product\/yoast-seo-wordpress\/ -->\n<title>Korte diktater uten modulasjon - Musicificium<\/title>\n<meta name=\"robots\" content=\"index, follow, max-snippet:-1, max-image-preview:large, max-video-preview:-1\" \/>\n<link rel=\"canonical\" href=\"https:\/\/result.uit.no\/musicificium\/laerematerialer\/melodidiktater\/korte-diktater-uten-modulasjon\/\" \/>\n<script type=\"application\/ld+json\" class=\"yoast-schema-graph\">{\"@context\":\"https:\\\/\\\/schema.org\",\"@graph\":[{\"@type\":\"WebPage\",\"@id\":\"https:\\\/\\\/result.uit.no\\\/musicificium\\\/laerematerialer\\\/melodidiktater\\\/korte-diktater-uten-modulasjon\\\/\",\"url\":\"https:\\\/\\\/result.uit.no\\\/musicificium\\\/laerematerialer\\\/melodidiktater\\\/korte-diktater-uten-modulasjon\\\/\",\"name\":\"Korte diktater uten modulasjon - Musicificium\",\"isPartOf\":{\"@id\":\"https:\\\/\\\/result.uit.no\\\/musicificium\\\/#website\"},\"datePublished\":\"2023-11-08T11:21:00+00:00\",\"dateModified\":\"2024-02-23T18:28:31+00:00\",\"breadcrumb\":{\"@id\":\"https:\\\/\\\/result.uit.no\\\/musicificium\\\/laerematerialer\\\/melodidiktater\\\/korte-diktater-uten-modulasjon\\\/#breadcrumb\"},\"inLanguage\":\"en-GB\",\"potentialAction\":[{\"@type\":\"ReadAction\",\"target\":[\"https:\\\/\\\/result.uit.no\\\/musicificium\\\/laerematerialer\\\/melodidiktater\\\/korte-diktater-uten-modulasjon\\\/\"]}]},{\"@type\":\"BreadcrumbList\",\"@id\":\"https:\\\/\\\/result.uit.no\\\/musicificium\\\/laerematerialer\\\/melodidiktater\\\/korte-diktater-uten-modulasjon\\\/#breadcrumb\",\"itemListElement\":[{\"@type\":\"ListItem\",\"position\":1,\"name\":\"Home\",\"item\":\"https:\\\/\\\/result.uit.no\\\/musicificium\\\/\"},{\"@type\":\"ListItem\",\"position\":2,\"name\":\"Oppgavemateriale\",\"item\":\"https:\\\/\\\/result.uit.no\\\/musicificium\\\/laerematerialer\\\/\"},{\"@type\":\"ListItem\",\"position\":3,\"name\":\"Melodidiktater\",\"item\":\"https:\\\/\\\/result.uit.no\\\/musicificium\\\/laerematerialer\\\/melodidiktater\\\/\"},{\"@type\":\"ListItem\",\"position\":4,\"name\":\"Korte diktater uten modulasjon\"}]},{\"@type\":\"WebSite\",\"@id\":\"https:\\\/\\\/result.uit.no\\\/musicificium\\\/#website\",\"url\":\"https:\\\/\\\/result.uit.no\\\/musicificium\\\/\",\"name\":\"Musicificium\",\"description\":\"En inspirasjonsbank for geh\u00f8rundervisning!\",\"publisher\":{\"@id\":\"https:\\\/\\\/result.uit.no\\\/musicificium\\\/#organization\"},\"potentialAction\":[{\"@type\":\"SearchAction\",\"target\":{\"@type\":\"EntryPoint\",\"urlTemplate\":\"https:\\\/\\\/result.uit.no\\\/musicificium\\\/?s={search_term_string}\"},\"query-input\":{\"@type\":\"PropertyValueSpecification\",\"valueRequired\":true,\"valueName\":\"search_term_string\"}}],\"inLanguage\":\"en-GB\"},{\"@type\":\"Organization\",\"@id\":\"https:\\\/\\\/result.uit.no\\\/musicificium\\\/#organization\",\"name\":\"UiT\",\"url\":\"https:\\\/\\\/result.uit.no\\\/musicificium\\\/\",\"logo\":{\"@type\":\"ImageObject\",\"inLanguage\":\"en-GB\",\"@id\":\"https:\\\/\\\/result.uit.no\\\/musicificium\\\/#\\\/schema\\\/logo\\\/image\\\/\",\"url\":\"https:\\\/\\\/result.uit.no\\\/musicificium\\\/wp-content\\\/uploads\\\/sites\\\/35\\\/2024\\\/11\\\/UiT_Segl_Eng_Bla_960px.png\",\"contentUrl\":\"https:\\\/\\\/result.uit.no\\\/musicificium\\\/wp-content\\\/uploads\\\/sites\\\/35\\\/2024\\\/11\\\/UiT_Segl_Eng_Bla_960px.png\",\"width\":960,\"height\":960,\"caption\":\"UiT\"},\"image\":{\"@id\":\"https:\\\/\\\/result.uit.no\\\/musicificium\\\/#\\\/schema\\\/logo\\\/image\\\/\"}}]}<\/script>\n<!-- \/ Yoast SEO plugin. -->","yoast_head_json":{"title":"Korte diktater uten modulasjon - Musicificium","robots":{"index":"index","follow":"follow","max-snippet":"max-snippet:-1","max-image-preview":"max-image-preview:large","max-video-preview":"max-video-preview:-1"},"canonical":"https:\/\/result.uit.no\/musicificium\/laerematerialer\/melodidiktater\/korte-diktater-uten-modulasjon\/","schema":{"@context":"https:\/\/schema.org","@graph":[{"@type":"WebPage","@id":"https:\/\/result.uit.no\/musicificium\/laerematerialer\/melodidiktater\/korte-diktater-uten-modulasjon\/","url":"https:\/\/result.uit.no\/musicificium\/laerematerialer\/melodidiktater\/korte-diktater-uten-modulasjon\/","name":"Korte diktater uten modulasjon - Musicificium","isPartOf":{"@id":"https:\/\/result.uit.no\/musicificium\/#website"},"datePublished":"2023-11-08T11:21:00+00:00","dateModified":"2024-02-23T18:28:31+00:00","breadcrumb":{"@id":"https:\/\/result.uit.no\/musicificium\/laerematerialer\/melodidiktater\/korte-diktater-uten-modulasjon\/#breadcrumb"},"inLanguage":"en-GB","potentialAction":[{"@type":"ReadAction","target":["https:\/\/result.uit.no\/musicificium\/laerematerialer\/melodidiktater\/korte-diktater-uten-modulasjon\/"]}]},{"@type":"BreadcrumbList","@id":"https:\/\/result.uit.no\/musicificium\/laerematerialer\/melodidiktater\/korte-diktater-uten-modulasjon\/#breadcrumb","itemListElement":[{"@type":"ListItem","position":1,"name":"Home","item":"https:\/\/result.uit.no\/musicificium\/"},{"@type":"ListItem","position":2,"name":"Oppgavemateriale","item":"https:\/\/result.uit.no\/musicificium\/laerematerialer\/"},{"@type":"ListItem","position":3,"name":"Melodidiktater","item":"https:\/\/result.uit.no\/musicificium\/laerematerialer\/melodidiktater\/"},{"@type":"ListItem","position":4,"name":"Korte diktater uten modulasjon"}]},{"@type":"WebSite","@id":"https:\/\/result.uit.no\/musicificium\/#website","url":"https:\/\/result.uit.no\/musicificium\/","name":"Musicificium","description":"En inspirasjonsbank for geh\u00f8rundervisning!","publisher":{"@id":"https:\/\/result.uit.no\/musicificium\/#organization"},"potentialAction":[{"@type":"SearchAction","target":{"@type":"EntryPoint","urlTemplate":"https:\/\/result.uit.no\/musicificium\/?s={search_term_string}"},"query-input":{"@type":"PropertyValueSpecification","valueRequired":true,"valueName":"search_term_string"}}],"inLanguage":"en-GB"},{"@type":"Organization","@id":"https:\/\/result.uit.no\/musicificium\/#organization","name":"UiT","url":"https:\/\/result.uit.no\/musicificium\/","logo":{"@type":"ImageObject","inLanguage":"en-GB","@id":"https:\/\/result.uit.no\/musicificium\/#\/schema\/logo\/image\/","url":"https:\/\/result.uit.no\/musicificium\/wp-content\/uploads\/sites\/35\/2024\/11\/UiT_Segl_Eng_Bla_960px.png","contentUrl":"https:\/\/result.uit.no\/musicificium\/wp-content\/uploads\/sites\/35\/2024\/11\/UiT_Segl_Eng_Bla_960px.png","width":960,"height":960,"caption":"UiT"},"image":{"@id":"https:\/\/result.uit.no\/musicificium\/#\/schema\/logo\/image\/"}}]}},"_links":{"self":[{"href":"https:\/\/result.uit.no\/musicificium\/wp-json\/wp\/v2\/pages\/32429","targetHints":{"allow":["GET"]}}],"collection":[{"href":"https:\/\/result.uit.no\/musicificium\/wp-json\/wp\/v2\/pages"}],"about":[{"href":"https:\/\/result.uit.no\/musicificium\/wp-json\/wp\/v2\/types\/page"}],"author":[{"embeddable":true,"href":"https:\/\/result.uit.no\/musicificium\/wp-json\/wp\/v2\/users\/856"}],"replies":[{"embeddable":true,"href":"https:\/\/result.uit.no\/musicificium\/wp-json\/wp\/v2\/comments?post=32429"}],"version-history":[{"count":0,"href":"https:\/\/result.uit.no\/musicificium\/wp-json\/wp\/v2\/pages\/32429\/revisions"}],"up":[{"embeddable":true,"href":"https:\/\/result.uit.no\/musicificium\/wp-json\/wp\/v2\/pages\/30400"}],"wp:attachment":[{"href":"https:\/\/result.uit.no\/musicificium\/wp-json\/wp\/v2\/media?parent=32429"}],"curies":[{"name":"wp","href":"https:\/\/api.w.org\/{rel}","templated":true}]}}