{"id":30535,"date":"2023-09-24T18:19:29","date_gmt":"2023-09-24T16:19:29","guid":{"rendered":"https:\/\/result.uit.no\/musicificium\/laerematerialer\/melodidiktater\/diktater-i-durtonearter-med-modulasjon\/"},"modified":"2024-03-18T14:04:24","modified_gmt":"2024-03-18T13:04:24","slug":"diktater-i-durtonearter-med-modulasjon","status":"publish","type":"page","link":"https:\/\/result.uit.no\/musicificium\/laerematerialer\/melodidiktater\/diktater-i-durtonearter-med-modulasjon\/","title":{"rendered":"Diktater i durtonearter med modulasjon"},"content":{"rendered":"<p>[et_pb_section fb_built=&#8221;1&#8243; admin_label=&#8221;section&#8221; _builder_version=&#8221;4.16&#8243; global_colors_info=&#8221;{}&#8221;][et_pb_row column_structure=&#8221;3_5,2_5&#8243; admin_label=&#8221;row&#8221; _builder_version=&#8221;4.16&#8243; background_size=&#8221;initial&#8221; background_position=&#8221;top_left&#8221; background_repeat=&#8221;repeat&#8221; global_colors_info=&#8221;{}&#8221;][et_pb_column type=&#8221;3_5&#8243; _builder_version=&#8221;4.16&#8243; custom_padding=&#8221;|||&#8221; global_colors_info=&#8221;{}&#8221; custom_padding__hover=&#8221;|||&#8221;][et_pb_image src=&#8221;https:\/\/result.uit.no\/musicificium\/wp-content\/uploads\/sites\/35\/2023\/09\/Aurorabilde-Harmoniske-vendinger-2.jpg&#8221; title_text=&#8221;Aurorabilde Harmoniske vendinger 2&#8243; align=&#8221;right&#8221; align_tablet=&#8221;center&#8221; align_phone=&#8221;&#8221; align_last_edited=&#8221;on|desktop&#8221; _builder_version=&#8221;4.22.2&#8243; animation=&#8221;off&#8221; sticky=&#8221;off&#8221; use_border_color=&#8221;off&#8221; border_color=&#8221;#ffffff&#8221; border_style=&#8221;solid&#8221; global_colors_info=&#8221;{}&#8221;]&nbsp;<br \/>\n[\/et_pb_image][\/et_pb_column][et_pb_column type=&#8221;2_5&#8243; _builder_version=&#8221;4.16&#8243; custom_padding=&#8221;|||&#8221; global_colors_info=&#8221;{}&#8221; custom_padding__hover=&#8221;|||&#8221;][et_pb_text _builder_version=&#8221;4.24.2&#8243; _module_preset=&#8221;default&#8221; global_colors_info=&#8221;{}&#8221;]<\/p>\n<p>Kommer i 2024:<\/p>\n<p>Her finner du tonale diktater i dursats med modulasjon. Diktatene er ordnet progressivt med \u00f8kende vanskelighetsgrad.<\/p>\n<p>I starten av hvert avsnitt finner du \u00f8vingsdiktater innspilt p\u00e5 piano. Rett under hver diktat ligger fasiten.<\/p>\n<p>Hvert avsnitt inneholder ogs\u00e5 et utvalg diktater til innspilt musikk. Til disse diktatene f\u00f8lger det et arbeidsark som kan lastes ned og skrives ut. Fasit til de innspilte diktatene ligger nederst p\u00e5 siden.<\/p>\n<p>[\/et_pb_text][et_pb_toggle title=&#8221;English introduction&#8221; _builder_version=&#8221;4.24.2&#8243; _module_preset=&#8221;default&#8221; global_colors_info=&#8221;{}&#8221;]<\/p>\n<p>Coming in 2024:<\/p>\n<p>This module presents tonal dictations in major keys with modulation. These dictations are arranged progressively, increasing in difficulty. Each section begins with practice dictations recorded on the piano, followed by the corresponding answer key. Additionally, each section includes a selection of dictations set to recorded music. Accompanying these dictations is a downloadable and printable worksheet. The answer key for the recorded dictations can be found at the bottom of the page.<\/p>\n<p>[\/et_pb_toggle][\/et_pb_column][\/et_pb_row][et_pb_row _builder_version=&#8221;4.23.4&#8243; _module_preset=&#8221;default&#8221; global_colors_info=&#8221;{}&#8221;][et_pb_column type=&#8221;4_4&#8243; _builder_version=&#8221;4.23.4&#8243; _module_preset=&#8221;default&#8221; global_colors_info=&#8221;{}&#8221;][et_pb_text _builder_version=&#8221;4.23.4&#8243; _module_preset=&#8221;default&#8221; global_colors_info=&#8221;{}&#8221;]<\/p>\n<h1>Modulasjon til tonikaparallell<\/h1>\n<p>[\/et_pb_text][\/et_pb_column][\/et_pb_row][et_pb_row column_structure=&#8221;1_3,1_3,1_3&#8243; _builder_version=&#8221;4.23.4&#8243; _module_preset=&#8221;default&#8221; global_colors_info=&#8221;{}&#8221;][et_pb_column type=&#8221;1_3&#8243; _builder_version=&#8221;4.23.4&#8243; _module_preset=&#8221;default&#8221; global_colors_info=&#8221;{}&#8221;][et_pb_text _builder_version=&#8221;4.24.0&#8243; _module_preset=&#8221;default&#8221; global_colors_info=&#8221;{}&#8221;]<\/p>\n<p><iframe title=\"Men G\u00e5r Jag \u00d6ver \u00c4ngarna\" width=\"1080\" height=\"810\" src=\"https:\/\/www.youtube.com\/embed\/C4et0O5rwEI?start=71&#038;feature=oembed\"  allow=\"accelerometer; autoplay; clipboard-write; encrypted-media; gyroscope; picture-in-picture; web-share\" allowfullscreen><\/iframe><\/p>\n<p>[\/et_pb_text][et_pb_toggle title=&#8221;Oppgavemateriale&#8221; _builder_version=&#8221;4.24.0&#8243; _module_preset=&#8221;default&#8221; global_colors_info=&#8221;{}&#8221;]<\/p>\n<p><a href=\"https:\/\/result.uit.no\/musicificium\/wp-content\/uploads\/sites\/35\/2024\/02\/Melodidiktat-Men-gar-jag-over-engarna-Tp.pdf\" rel=\"attachment noopener wp-att-34042\" target=\"_blank\">Arbeidsark<\/a><\/p>\n<p>&nbsp;<\/p>\n<p>[\/et_pb_toggle][\/et_pb_column][et_pb_column type=&#8221;1_3&#8243; _builder_version=&#8221;4.23.4&#8243; _module_preset=&#8221;default&#8221; global_colors_info=&#8221;{}&#8221;][\/et_pb_column][et_pb_column type=&#8221;1_3&#8243; _builder_version=&#8221;4.23.4&#8243; _module_preset=&#8221;default&#8221; global_colors_info=&#8221;{}&#8221;][\/et_pb_column][\/et_pb_row][et_pb_row _builder_version=&#8221;4.23.4&#8243; _module_preset=&#8221;default&#8221; global_colors_info=&#8221;{}&#8221;][et_pb_column type=&#8221;4_4&#8243; _builder_version=&#8221;4.23.4&#8243; _module_preset=&#8221;default&#8221; global_colors_info=&#8221;{}&#8221;][et_pb_text _builder_version=&#8221;4.23.4&#8243; _module_preset=&#8221;default&#8221; global_colors_info=&#8221;{}&#8221;]<\/p>\n<h1>Modulasjon til dominant<\/h1>\n<p>[\/et_pb_text][\/et_pb_column][\/et_pb_row][et_pb_row column_structure=&#8221;1_3,1_3,1_3&#8243; _builder_version=&#8221;4.23.4&#8243; _module_preset=&#8221;default&#8221; global_colors_info=&#8221;{}&#8221;][et_pb_column type=&#8221;1_3&#8243; _builder_version=&#8221;4.23.4&#8243; _module_preset=&#8221;default&#8221; global_colors_info=&#8221;{}&#8221;][et_pb_text _builder_version=&#8221;4.23.4&#8243; _module_preset=&#8221;default&#8221; global_colors_info=&#8221;{}&#8221;]<\/p>\n<p><iframe title=\"Ingrids Vise, &#039;Og R\u00e6ven Laa Under Birkerod&#039; (Ingrid&#039;s Song, &#039;And The Fox Lay Under A Great...\" width=\"1080\" height=\"810\" src=\"https:\/\/www.youtube.com\/embed\/hGbaoxLEHRA?feature=oembed\"  allow=\"accelerometer; autoplay; clipboard-write; encrypted-media; gyroscope; picture-in-picture; web-share\" allowfullscreen><\/iframe><\/p>\n<p>[\/et_pb_text][et_pb_toggle title=&#8221;Oppgavemateriale&#8221; _builder_version=&#8221;4.24.2&#8243; _module_preset=&#8221;default&#8221; global_colors_info=&#8221;{}&#8221;]<\/p>\n<p><a href=\"https:\/\/result.uit.no\/musicificium\/wp-content\/uploads\/sites\/35\/2024\/01\/Melodidiktat-til-kapittel-Ingrids-vise-mod-D-1.pdf\" rel=\"attachment noopener wp-att-33717\" target=\"_blank\">Arbeidsark\/ worksheet<\/a><\/p>\n<p>&nbsp;<\/p>\n<p>[\/et_pb_toggle][\/et_pb_column][et_pb_column type=&#8221;1_3&#8243; _builder_version=&#8221;4.23.4&#8243; _module_preset=&#8221;default&#8221; global_colors_info=&#8221;{}&#8221;][et_pb_text _builder_version=&#8221;4.24.2&#8243; _module_preset=&#8221;default&#8221; global_colors_info=&#8221;{}&#8221;]<\/p>\n<p><iframe title=\"Clarinet Concerto in A Major, K. 622: II. Adagio\" width=\"1080\" height=\"810\" src=\"https:\/\/www.youtube.com\/embed\/J4ocVFqn7CY?feature=oembed\"  allow=\"accelerometer; autoplay; clipboard-write; encrypted-media; gyroscope; picture-in-picture; web-share\" allowfullscreen><\/iframe><\/p>\n<p>[\/et_pb_text][et_pb_toggle title=&#8221;Oppgavemateriale&#8221; _builder_version=&#8221;4.24.2&#8243; _module_preset=&#8221;default&#8221; global_colors_info=&#8221;{}&#8221;]<\/p>\n<p><a href=\"https:\/\/result.uit.no\/musicificium\/wp-content\/uploads\/sites\/35\/2024\/03\/Melodidiktat-mod-dominant-Mozart-klarinettkonsert.pdf\" rel=\"attachment noopener wp-att-34868\" target=\"_blank\">Arbeidsark\/ worksheet<\/a><\/p>\n<p>&nbsp;<\/p>\n<p>[\/et_pb_toggle][\/et_pb_column][et_pb_column type=&#8221;1_3&#8243; _builder_version=&#8221;4.23.4&#8243; _module_preset=&#8221;default&#8221; global_colors_info=&#8221;{}&#8221;][et_pb_text _builder_version=&#8221;4.24.2&#8243; _module_preset=&#8221;default&#8221; global_colors_info=&#8221;{}&#8221;]<\/p>\n<p><iframe title=\"Schubert: Minnelied, D. 429\" width=\"1080\" height=\"810\" src=\"https:\/\/www.youtube.com\/embed\/hG_BXCCAoz4?feature=oembed\"  allow=\"accelerometer; autoplay; clipboard-write; encrypted-media; gyroscope; picture-in-picture; web-share\" allowfullscreen><\/iframe><\/p>\n<p>[\/et_pb_text][et_pb_toggle title=&#8221;Oppgaveark&#8221; _builder_version=&#8221;4.24.2&#8243; _module_preset=&#8221;default&#8221; global_colors_info=&#8221;{}&#8221;]<\/p>\n<p><a href=\"https:\/\/result.uit.no\/musicificium\/wp-content\/uploads\/sites\/35\/2024\/03\/Melodidiktat-mod-dominant-Minnelied-1.pdf\" rel=\"attachment noopener wp-att-34907\" target=\"_blank\">Oppgaveark\/ Worksheet<\/a>\u00a0<\/p>\n<p>[\/et_pb_toggle][\/et_pb_column][\/et_pb_row][et_pb_row _builder_version=&#8221;4.23.4&#8243; _module_preset=&#8221;default&#8221; global_colors_info=&#8221;{}&#8221;][et_pb_column type=&#8221;4_4&#8243; _builder_version=&#8221;4.23.4&#8243; _module_preset=&#8221;default&#8221; global_colors_info=&#8221;{}&#8221;][et_pb_text _builder_version=&#8221;4.23.4&#8243; _module_preset=&#8221;default&#8221; global_colors_info=&#8221;{}&#8221;]<\/p>\n<h1>Modulasjon til subdominantparallell<\/h1>\n<p>[\/et_pb_text][\/et_pb_column][\/et_pb_row][et_pb_row column_structure=&#8221;1_3,1_3,1_3&#8243; _builder_version=&#8221;4.23.4&#8243; _module_preset=&#8221;default&#8221; global_colors_info=&#8221;{}&#8221;][et_pb_column type=&#8221;1_3&#8243; _builder_version=&#8221;4.23.4&#8243; _module_preset=&#8221;default&#8221; global_colors_info=&#8221;{}&#8221;][et_pb_text _builder_version=&#8221;4.24.2&#8243; _module_preset=&#8221;default&#8221; global_colors_info=&#8221;{}&#8221;]<\/p>\n<p><iframe title=\"Susanna M\u00e4lkki -  Schubert: Symphony No. 8 in B Minor, D. 759 &quot;Unfinished&quot;\" width=\"1080\" height=\"608\" src=\"https:\/\/www.youtube.com\/embed\/8jAuNekIzJQ?start=85&#038;feature=oembed\"  allow=\"accelerometer; autoplay; clipboard-write; encrypted-media; gyroscope; picture-in-picture; web-share\" allowfullscreen><\/iframe><\/p>\n<p>[\/et_pb_text][et_pb_toggle title=&#8221;Oppgavemateriale&#8221; _builder_version=&#8221;4.24.2&#8243; _module_preset=&#8221;default&#8221; global_colors_info=&#8221;{}&#8221;]<\/p>\n<p><a href=\"https:\/\/result.uit.no\/musicificium\/wp-content\/uploads\/sites\/35\/2024\/03\/Schubert-8.-til-Sp.pdf\" rel=\"attachment noopener wp-att-34901\" target=\"_blank\">Oppgaveark<\/a><\/p>\n<p>&nbsp;<\/p>\n<p>[\/et_pb_toggle][\/et_pb_column][et_pb_column type=&#8221;1_3&#8243; _builder_version=&#8221;4.23.4&#8243; _module_preset=&#8221;default&#8221; global_colors_info=&#8221;{}&#8221;][\/et_pb_column][et_pb_column type=&#8221;1_3&#8243; _builder_version=&#8221;4.23.4&#8243; _module_preset=&#8221;default&#8221; global_colors_info=&#8221;{}&#8221;][\/et_pb_column][\/et_pb_row][et_pb_row _builder_version=&#8221;4.23.4&#8243; _module_preset=&#8221;default&#8221; global_colors_info=&#8221;{}&#8221;][et_pb_column type=&#8221;4_4&#8243; _builder_version=&#8221;4.23.4&#8243; _module_preset=&#8221;default&#8221; global_colors_info=&#8221;{}&#8221;][et_pb_text _builder_version=&#8221;4.23.4&#8243; _module_preset=&#8221;default&#8221; global_colors_info=&#8221;{}&#8221;]<\/p>\n<h1>Modulasjon til dominantparallell<\/h1>\n<p>[\/et_pb_text][\/et_pb_column][\/et_pb_row][et_pb_row column_structure=&#8221;1_3,1_3,1_3&#8243; _builder_version=&#8221;4.23.4&#8243; _module_preset=&#8221;default&#8221; global_colors_info=&#8221;{}&#8221;][et_pb_column type=&#8221;1_3&#8243; _builder_version=&#8221;4.23.4&#8243; _module_preset=&#8221;default&#8221; global_colors_info=&#8221;{}&#8221;][\/et_pb_column][et_pb_column type=&#8221;1_3&#8243; _builder_version=&#8221;4.23.4&#8243; _module_preset=&#8221;default&#8221; global_colors_info=&#8221;{}&#8221;][\/et_pb_column][et_pb_column type=&#8221;1_3&#8243; _builder_version=&#8221;4.23.4&#8243; _module_preset=&#8221;default&#8221; global_colors_info=&#8221;{}&#8221;][\/et_pb_column][\/et_pb_row][et_pb_row _builder_version=&#8221;4.23.4&#8243; _module_preset=&#8221;default&#8221; global_colors_info=&#8221;{}&#8221;][et_pb_column type=&#8221;4_4&#8243; _builder_version=&#8221;4.23.4&#8243; _module_preset=&#8221;default&#8221; global_colors_info=&#8221;{}&#8221;][et_pb_text _builder_version=&#8221;4.23.4&#8243; _module_preset=&#8221;default&#8221; global_colors_info=&#8221;{}&#8221;]<\/p>\n<h1>Modulasjon til subdominant<\/h1>\n<p>[\/et_pb_text][\/et_pb_column][\/et_pb_row][et_pb_row column_structure=&#8221;1_3,1_3,1_3&#8243; _builder_version=&#8221;4.23.4&#8243; _module_preset=&#8221;default&#8221; global_colors_info=&#8221;{}&#8221;][et_pb_column type=&#8221;1_3&#8243; _builder_version=&#8221;4.23.4&#8243; _module_preset=&#8221;default&#8221; global_colors_info=&#8221;{}&#8221;][\/et_pb_column][et_pb_column type=&#8221;1_3&#8243; _builder_version=&#8221;4.23.4&#8243; _module_preset=&#8221;default&#8221; global_colors_info=&#8221;{}&#8221;][\/et_pb_column][et_pb_column type=&#8221;1_3&#8243; _builder_version=&#8221;4.23.4&#8243; _module_preset=&#8221;default&#8221; global_colors_info=&#8221;{}&#8221;][\/et_pb_column][\/et_pb_row][et_pb_row _builder_version=&#8221;4.23.4&#8243; _module_preset=&#8221;default&#8221; global_colors_info=&#8221;{}&#8221;][et_pb_column type=&#8221;4_4&#8243; _builder_version=&#8221;4.23.4&#8243; _module_preset=&#8221;default&#8221; global_colors_info=&#8221;{}&#8221;][et_pb_text _builder_version=&#8221;4.23.4&#8243; _module_preset=&#8221;default&#8221; global_colors_info=&#8221;{}&#8221;]<\/p>\n<h1>Blandede modulasjoner<\/h1>\n<p>[\/et_pb_text][\/et_pb_column][\/et_pb_row][et_pb_row column_structure=&#8221;1_3,1_3,1_3&#8243; _builder_version=&#8221;4.23.4&#8243; _module_preset=&#8221;default&#8221; global_colors_info=&#8221;{}&#8221;][et_pb_column type=&#8221;1_3&#8243; _builder_version=&#8221;4.23.4&#8243; _module_preset=&#8221;default&#8221; global_colors_info=&#8221;{}&#8221;][\/et_pb_column][et_pb_column type=&#8221;1_3&#8243; _builder_version=&#8221;4.23.4&#8243; _module_preset=&#8221;default&#8221; global_colors_info=&#8221;{}&#8221;][\/et_pb_column][et_pb_column type=&#8221;1_3&#8243; _builder_version=&#8221;4.23.4&#8243; _module_preset=&#8221;default&#8221; global_colors_info=&#8221;{}&#8221;][\/et_pb_column][\/et_pb_row][et_pb_row column_structure=&#8221;1_2,1_2&#8243; _builder_version=&#8221;4.23.4&#8243; _module_preset=&#8221;default&#8221; global_colors_info=&#8221;{}&#8221;][et_pb_column type=&#8221;1_2&#8243; _builder_version=&#8221;4.23.4&#8243; _module_preset=&#8221;default&#8221; global_colors_info=&#8221;{}&#8221;][et_pb_toggle title=&#8221;Fasiter&#8221; _builder_version=&#8221;4.24.2&#8243; _module_preset=&#8221;default&#8221; hover_enabled=&#8221;0&#8243; global_colors_info=&#8221;{}&#8221; sticky_enabled=&#8221;0&#8243;]<\/p>\n<p><a href=\"https:\/\/result.uit.no\/musicificium\/wp-content\/uploads\/sites\/35\/2024\/01\/Melodidiktat-til-kapittel-Ingrids-vise-mod-D-fasit-1.pdf\" rel=\"attachment noopener wp-att-33714\" target=\"_blank\">Fasit Ingrids vise<\/a><\/p>\n<p><a href=\"https:\/\/result.uit.no\/musicificium\/wp-content\/uploads\/sites\/35\/2024\/03\/Melodidiktat-mod-dominant-Mozart-klarinettkonsert-fasit.pdf\" rel=\"attachment noopener wp-att-34904\" target=\"_blank\">Mozart klarinettkonsert<\/a><\/p>\n<p><a href=\"https:\/\/result.uit.no\/musicificium\/wp-content\/uploads\/sites\/35\/2024\/03\/Melodidiktat-mod-dominant-Minnelied-fasit.pdf\" rel=\"attachment noopener wp-att-34910\" target=\"_blank\">Minnelied<\/a><\/p>\n<p><a href=\"https:\/\/result.uit.no\/musicificium\/wp-content\/uploads\/sites\/35\/2024\/03\/Schubert-8.-til-Sp-fasit.pdf\" rel=\"attachment noopener wp-att-34897\" target=\"_blank\">Fasit Schuberts ufullendte<\/a><\/p>\n<p>&nbsp;<\/p>\n<p>&nbsp;<\/p>\n<p>[\/et_pb_toggle][\/et_pb_column][et_pb_column type=&#8221;1_2&#8243; _builder_version=&#8221;4.23.4&#8243; _module_preset=&#8221;default&#8221; global_colors_info=&#8221;{}&#8221;][\/et_pb_column][\/et_pb_row][\/et_pb_section]<\/p>\n","protected":false},"excerpt":{"rendered":"<p>&nbsp; Kommer i 2024: Her finner du tonale diktater i dursats med modulasjon. Diktatene er ordnet progressivt med \u00f8kende vanskelighetsgrad. I starten av hvert avsnitt finner du \u00f8vingsdiktater innspilt p\u00e5 piano. Rett under hver diktat ligger fasiten. Hvert avsnitt inneholder ogs\u00e5 et utvalg diktater til innspilt musikk. Til disse diktatene f\u00f8lger det et arbeidsark som [&hellip;]<\/p>\n","protected":false},"author":856,"featured_media":0,"parent":30400,"menu_order":1,"comment_status":"closed","ping_status":"closed","template":"","meta":{"_et_pb_use_builder":"on","_et_pb_old_content":"","_et_gb_content_width":"","iawp_total_views":182,"footnotes":""},"class_list":["post-30535","page","type-page","status-publish","hentry"],"yoast_head":"<!-- This site is optimized with the Yoast SEO plugin v27.4 - https:\/\/yoast.com\/product\/yoast-seo-wordpress\/ -->\n<title>Diktater i durtonearter med modulasjon - Musicificium<\/title>\n<meta name=\"robots\" content=\"index, follow, max-snippet:-1, max-image-preview:large, max-video-preview:-1\" \/>\n<link rel=\"canonical\" href=\"https:\/\/result.uit.no\/musicificium\/laerematerialer\/melodidiktater\/diktater-i-durtonearter-med-modulasjon\/\" \/>\n<script type=\"application\/ld+json\" class=\"yoast-schema-graph\">{\"@context\":\"https:\\\/\\\/schema.org\",\"@graph\":[{\"@type\":\"WebPage\",\"@id\":\"https:\\\/\\\/result.uit.no\\\/musicificium\\\/laerematerialer\\\/melodidiktater\\\/diktater-i-durtonearter-med-modulasjon\\\/\",\"url\":\"https:\\\/\\\/result.uit.no\\\/musicificium\\\/laerematerialer\\\/melodidiktater\\\/diktater-i-durtonearter-med-modulasjon\\\/\",\"name\":\"Diktater i durtonearter med modulasjon - Musicificium\",\"isPartOf\":{\"@id\":\"https:\\\/\\\/result.uit.no\\\/musicificium\\\/#website\"},\"datePublished\":\"2023-09-24T16:19:29+00:00\",\"dateModified\":\"2024-03-18T13:04:24+00:00\",\"breadcrumb\":{\"@id\":\"https:\\\/\\\/result.uit.no\\\/musicificium\\\/laerematerialer\\\/melodidiktater\\\/diktater-i-durtonearter-med-modulasjon\\\/#breadcrumb\"},\"inLanguage\":\"en-GB\",\"potentialAction\":[{\"@type\":\"ReadAction\",\"target\":[\"https:\\\/\\\/result.uit.no\\\/musicificium\\\/laerematerialer\\\/melodidiktater\\\/diktater-i-durtonearter-med-modulasjon\\\/\"]}]},{\"@type\":\"BreadcrumbList\",\"@id\":\"https:\\\/\\\/result.uit.no\\\/musicificium\\\/laerematerialer\\\/melodidiktater\\\/diktater-i-durtonearter-med-modulasjon\\\/#breadcrumb\",\"itemListElement\":[{\"@type\":\"ListItem\",\"position\":1,\"name\":\"Home\",\"item\":\"https:\\\/\\\/result.uit.no\\\/musicificium\\\/\"},{\"@type\":\"ListItem\",\"position\":2,\"name\":\"Oppgavemateriale\",\"item\":\"https:\\\/\\\/result.uit.no\\\/musicificium\\\/laerematerialer\\\/\"},{\"@type\":\"ListItem\",\"position\":3,\"name\":\"Melodidiktater\",\"item\":\"https:\\\/\\\/result.uit.no\\\/musicificium\\\/laerematerialer\\\/melodidiktater\\\/\"},{\"@type\":\"ListItem\",\"position\":4,\"name\":\"Diktater i durtonearter med modulasjon\"}]},{\"@type\":\"WebSite\",\"@id\":\"https:\\\/\\\/result.uit.no\\\/musicificium\\\/#website\",\"url\":\"https:\\\/\\\/result.uit.no\\\/musicificium\\\/\",\"name\":\"Musicificium\",\"description\":\"En inspirasjonsbank for geh\u00f8rundervisning!\",\"publisher\":{\"@id\":\"https:\\\/\\\/result.uit.no\\\/musicificium\\\/#organization\"},\"potentialAction\":[{\"@type\":\"SearchAction\",\"target\":{\"@type\":\"EntryPoint\",\"urlTemplate\":\"https:\\\/\\\/result.uit.no\\\/musicificium\\\/?s={search_term_string}\"},\"query-input\":{\"@type\":\"PropertyValueSpecification\",\"valueRequired\":true,\"valueName\":\"search_term_string\"}}],\"inLanguage\":\"en-GB\"},{\"@type\":\"Organization\",\"@id\":\"https:\\\/\\\/result.uit.no\\\/musicificium\\\/#organization\",\"name\":\"UiT\",\"url\":\"https:\\\/\\\/result.uit.no\\\/musicificium\\\/\",\"logo\":{\"@type\":\"ImageObject\",\"inLanguage\":\"en-GB\",\"@id\":\"https:\\\/\\\/result.uit.no\\\/musicificium\\\/#\\\/schema\\\/logo\\\/image\\\/\",\"url\":\"https:\\\/\\\/result.uit.no\\\/musicificium\\\/wp-content\\\/uploads\\\/sites\\\/35\\\/2024\\\/11\\\/UiT_Segl_Eng_Bla_960px.png\",\"contentUrl\":\"https:\\\/\\\/result.uit.no\\\/musicificium\\\/wp-content\\\/uploads\\\/sites\\\/35\\\/2024\\\/11\\\/UiT_Segl_Eng_Bla_960px.png\",\"width\":960,\"height\":960,\"caption\":\"UiT\"},\"image\":{\"@id\":\"https:\\\/\\\/result.uit.no\\\/musicificium\\\/#\\\/schema\\\/logo\\\/image\\\/\"}}]}<\/script>\n<!-- \/ Yoast SEO plugin. -->","yoast_head_json":{"title":"Diktater i durtonearter med modulasjon - Musicificium","robots":{"index":"index","follow":"follow","max-snippet":"max-snippet:-1","max-image-preview":"max-image-preview:large","max-video-preview":"max-video-preview:-1"},"canonical":"https:\/\/result.uit.no\/musicificium\/laerematerialer\/melodidiktater\/diktater-i-durtonearter-med-modulasjon\/","schema":{"@context":"https:\/\/schema.org","@graph":[{"@type":"WebPage","@id":"https:\/\/result.uit.no\/musicificium\/laerematerialer\/melodidiktater\/diktater-i-durtonearter-med-modulasjon\/","url":"https:\/\/result.uit.no\/musicificium\/laerematerialer\/melodidiktater\/diktater-i-durtonearter-med-modulasjon\/","name":"Diktater i durtonearter med modulasjon - Musicificium","isPartOf":{"@id":"https:\/\/result.uit.no\/musicificium\/#website"},"datePublished":"2023-09-24T16:19:29+00:00","dateModified":"2024-03-18T13:04:24+00:00","breadcrumb":{"@id":"https:\/\/result.uit.no\/musicificium\/laerematerialer\/melodidiktater\/diktater-i-durtonearter-med-modulasjon\/#breadcrumb"},"inLanguage":"en-GB","potentialAction":[{"@type":"ReadAction","target":["https:\/\/result.uit.no\/musicificium\/laerematerialer\/melodidiktater\/diktater-i-durtonearter-med-modulasjon\/"]}]},{"@type":"BreadcrumbList","@id":"https:\/\/result.uit.no\/musicificium\/laerematerialer\/melodidiktater\/diktater-i-durtonearter-med-modulasjon\/#breadcrumb","itemListElement":[{"@type":"ListItem","position":1,"name":"Home","item":"https:\/\/result.uit.no\/musicificium\/"},{"@type":"ListItem","position":2,"name":"Oppgavemateriale","item":"https:\/\/result.uit.no\/musicificium\/laerematerialer\/"},{"@type":"ListItem","position":3,"name":"Melodidiktater","item":"https:\/\/result.uit.no\/musicificium\/laerematerialer\/melodidiktater\/"},{"@type":"ListItem","position":4,"name":"Diktater i durtonearter med modulasjon"}]},{"@type":"WebSite","@id":"https:\/\/result.uit.no\/musicificium\/#website","url":"https:\/\/result.uit.no\/musicificium\/","name":"Musicificium","description":"En inspirasjonsbank for geh\u00f8rundervisning!","publisher":{"@id":"https:\/\/result.uit.no\/musicificium\/#organization"},"potentialAction":[{"@type":"SearchAction","target":{"@type":"EntryPoint","urlTemplate":"https:\/\/result.uit.no\/musicificium\/?s={search_term_string}"},"query-input":{"@type":"PropertyValueSpecification","valueRequired":true,"valueName":"search_term_string"}}],"inLanguage":"en-GB"},{"@type":"Organization","@id":"https:\/\/result.uit.no\/musicificium\/#organization","name":"UiT","url":"https:\/\/result.uit.no\/musicificium\/","logo":{"@type":"ImageObject","inLanguage":"en-GB","@id":"https:\/\/result.uit.no\/musicificium\/#\/schema\/logo\/image\/","url":"https:\/\/result.uit.no\/musicificium\/wp-content\/uploads\/sites\/35\/2024\/11\/UiT_Segl_Eng_Bla_960px.png","contentUrl":"https:\/\/result.uit.no\/musicificium\/wp-content\/uploads\/sites\/35\/2024\/11\/UiT_Segl_Eng_Bla_960px.png","width":960,"height":960,"caption":"UiT"},"image":{"@id":"https:\/\/result.uit.no\/musicificium\/#\/schema\/logo\/image\/"}}]}},"_links":{"self":[{"href":"https:\/\/result.uit.no\/musicificium\/wp-json\/wp\/v2\/pages\/30535","targetHints":{"allow":["GET"]}}],"collection":[{"href":"https:\/\/result.uit.no\/musicificium\/wp-json\/wp\/v2\/pages"}],"about":[{"href":"https:\/\/result.uit.no\/musicificium\/wp-json\/wp\/v2\/types\/page"}],"author":[{"embeddable":true,"href":"https:\/\/result.uit.no\/musicificium\/wp-json\/wp\/v2\/users\/856"}],"replies":[{"embeddable":true,"href":"https:\/\/result.uit.no\/musicificium\/wp-json\/wp\/v2\/comments?post=30535"}],"version-history":[{"count":0,"href":"https:\/\/result.uit.no\/musicificium\/wp-json\/wp\/v2\/pages\/30535\/revisions"}],"up":[{"embeddable":true,"href":"https:\/\/result.uit.no\/musicificium\/wp-json\/wp\/v2\/pages\/30400"}],"wp:attachment":[{"href":"https:\/\/result.uit.no\/musicificium\/wp-json\/wp\/v2\/media?parent=30535"}],"curies":[{"name":"wp","href":"https:\/\/api.w.org\/{rel}","templated":true}]}}